{"id":1380,"date":"2020-07-27T11:20:16","date_gmt":"2020-07-27T11:20:16","guid":{"rendered":"http:\/\/humananimalstudies.net\/?page_id=1380"},"modified":"2026-02-05T11:59:28","modified_gmt":"2026-02-05T11:59:28","slug":"stray-dogs-and-cats-at-praia-de-faro-social-relationship-between-human-and-non-human","status":"publish","type":"page","link":"http:\/\/humananimalstudies.net\/en\/stray-dogs-and-cats-at-praia-de-faro-social-relationship-between-human-and-non-human\/","title":{"rendered":"Stray dogs and cats at Praia de Faro"},"content":{"rendered":"<div data-elementor-type=\"wp-post\" data-elementor-id=\"1380\" class=\"elementor elementor-1380\">\n\t\t\t\t\t\t<section class=\"elementor-section elementor-top-section elementor-element elementor-element-d3db319 elementor-section-boxed elementor-section-height-default elementor-section-height-default\" data-id=\"d3db319\" data-element_type=\"section\">\n\t\t\t\t\t\t<div class=\"elementor-container elementor-column-gap-default\">\n\t\t\t\t\t<div class=\"elementor-column elementor-col-100 elementor-top-column elementor-element elementor-element-330f757\" data-id=\"330f757\" data-element_type=\"column\">\n\t\t\t<div class=\"elementor-widget-wrap elementor-element-populated\">\n\t\t\t\t\t\t<div class=\"elementor-element elementor-element-f8f0410 elementor-widget elementor-widget-image\" data-id=\"f8f0410\" data-element_type=\"widget\" data-widget_type=\"image.default\">\n\t\t\t\t<div class=\"elementor-widget-container\">\n\t\t\t\t\t\t\t\t\t\t\t\t\t<img fetchpriority=\"high\" decoding=\"async\" width=\"768\" height=\"1150\" src=\"https:\/\/humananimalstudies.net\/wp-content\/uploads\/2020\/07\/shallow-focus-photo-of-brown-dog-sitting-on-seashore-2252316-1-768x1150.jpg\" class=\"attachment-medium_large size-medium_large wp-image-1384\" alt=\"\" srcset=\"https:\/\/humananimalstudies.net\/wp-content\/uploads\/2020\/07\/shallow-focus-photo-of-brown-dog-sitting-on-seashore-2252316-1-768x1150.jpg 768w, https:\/\/humananimalstudies.net\/wp-content\/uploads\/2020\/07\/shallow-focus-photo-of-brown-dog-sitting-on-seashore-2252316-1-200x300.jpg 200w, https:\/\/humananimalstudies.net\/wp-content\/uploads\/2020\/07\/shallow-focus-photo-of-brown-dog-sitting-on-seashore-2252316-1-684x1024.jpg 684w, https:\/\/humananimalstudies.net\/wp-content\/uploads\/2020\/07\/shallow-focus-photo-of-brown-dog-sitting-on-seashore-2252316-1.jpg 1920w\" sizes=\"(max-width: 768px) 100vw, 768px\" \/>\t\t\t\t\t\t\t\t\t\t\t\t\t<\/div>\n\t\t\t\t<\/div>\n\t\t\t\t<div class=\"elementor-element elementor-element-ce367e5 elementor-widget elementor-widget-heading\" data-id=\"ce367e5\" data-element_type=\"widget\" data-widget_type=\"heading.default\">\n\t\t\t\t<div class=\"elementor-widget-container\">\n\t\t\t<h2 class=\"elementor-heading-title elementor-size-default\">Stray dogs and cats at Praia de Faro: Human-nonhuman social relationships<\/h2>\t\t<\/div>\n\t\t\t\t<\/div>\n\t\t\t\t\t<\/div>\n\t\t<\/div>\n\t\t\t\t\t<\/div>\n\t\t<\/section>\n\t\t\t\t<section class=\"elementor-section elementor-top-section elementor-element elementor-element-a8e3a8a elementor-section-boxed elementor-section-height-default elementor-section-height-default\" data-id=\"a8e3a8a\" data-element_type=\"section\">\n\t\t\t\t\t\t<div class=\"elementor-container elementor-column-gap-default\">\n\t\t\t\t\t<div class=\"elementor-column elementor-col-100 elementor-top-column elementor-element elementor-element-20150e9\" data-id=\"20150e9\" data-element_type=\"column\">\n\t\t\t<div class=\"elementor-widget-wrap elementor-element-populated\">\n\t\t\t\t\t\t<div class=\"elementor-element elementor-element-b3e3e87 elementor-widget elementor-widget-text-editor\" data-id=\"b3e3e87\" data-element_type=\"widget\" data-widget_type=\"text-editor.default\">\n\t\t\t\t<div class=\"elementor-widget-container\">\n\t\t\t\t\t\t\t<p class=\" translation-block\">The international organization <em>Change for animals foundation<\/em> and the portuguese association <em>Animais de rua<\/em> developed (2013-2018) a project of vaccination, sterilization, improvement of the health and welfare of dogs and cats at the Praia de Faro, in Algarve. Indeed, the most part of these animals had health problems, the majority were strays and a lot of them chained or limited in confined and unhealthy areas. The two principal goals of this project are to understand the social phenomena of the stray dogs and cats at Praia de Faro and the relationship between people and their dogs and cats, as well as with stray animals. The theoretical problems invoked call for the knowledge of the animal studies or human-animal studies (HAS), in the anglo-saxon version and the <em>relations anthropozoologiques<\/em> (RAZ) in the french version.<\/p><p>This study is based on the data of the 4 applications (November 2013, N= 151, August 2014, N=150;  October 2014, N= 124, June 2015, N=83) of a survey done by Change for Animals Foundation. However, because we don\u2019t have a random sample, it is not possible to generalize these results to all the population of Praia de Faro. Moreover, as the survey did not follow a time series design, it is not possible to compare the answers before and after intervention. This does not mean that these results are not revealing, from a sociological and exploratory perspective.<\/p><p>For the first time in Portugal, this project will give an approach of the social problem of the stray cats and dogs, according to the following survey goals: 1. Examine attitudes towards animals at Praia de Faro 2. Ownership behaviour: a) How\/where are owned cats\/dogs kept; b) Why are owned cats\/dogs kept; c) State of knowledge regarding basic cat\/dog care; d) Barriers to providing adequate care 3. Determine what the \u201cproblem\u201d with cats\/dogs is, as expressed by individuals 4. Determine perception of stray animals; try to assess tolerance for cats\/dogs on street; willingness to take action (as owner or by stander).<\/p><p><strong>Keywords: stray animals; dogs; cats; animal studies; animal welfare.<\/strong><\/p>\t\t\t\t\t\t<\/div>\n\t\t\t\t<\/div>\n\t\t\t\t\t<\/div>\n\t\t<\/div>\n\t\t\t\t\t<\/div>\n\t\t<\/section>\n\t\t\t\t<section class=\"elementor-section elementor-top-section elementor-element elementor-element-e55aedc elementor-section-boxed elementor-section-height-default elementor-section-height-default\" data-id=\"e55aedc\" data-element_type=\"section\">\n\t\t\t\t\t\t<div class=\"elementor-container elementor-column-gap-default\">\n\t\t\t\t\t<div class=\"elementor-column elementor-col-100 elementor-top-column elementor-element elementor-element-e6e043f\" data-id=\"e6e043f\" data-element_type=\"column\">\n\t\t\t<div class=\"elementor-widget-wrap elementor-element-populated\">\n\t\t\t\t\t\t<div class=\"elementor-element elementor-element-95481b2 elementor-widget elementor-widget-image\" data-id=\"95481b2\" data-element_type=\"widget\" data-widget_type=\"image.default\">\n\t\t\t\t<div class=\"elementor-widget-container\">\n\t\t\t\t\t\t\t\t\t\t<figure class=\"wp-caption\">\n\t\t\t\t\t\t\t\t\t\t<img decoding=\"async\" width=\"300\" height=\"222\" src=\"https:\/\/humananimalstudies.net\/wp-content\/uploads\/2019\/01\/foto-teresa-site-300x222.png\" class=\"attachment-medium size-medium wp-image-370\" alt=\"\" srcset=\"https:\/\/humananimalstudies.net\/wp-content\/uploads\/2019\/01\/foto-teresa-site-300x222.png 300w, https:\/\/humananimalstudies.net\/wp-content\/uploads\/2019\/01\/foto-teresa-site.png 500w\" sizes=\"(max-width: 300px) 100vw, 300px\" \/>\t\t\t\t\t\t\t\t\t\t\t<figcaption class=\"widget-image-caption wp-caption-text\">PI: Teresa L\u00edbano Monteiro<\/figcaption>\n\t\t\t\t\t\t\t\t\t\t<\/figure>\n\t\t\t\t\t\t\t<\/div>\n\t\t\t\t<\/div>\n\t\t\t\t\t<\/div>\n\t\t<\/div>\n\t\t\t\t\t<\/div>\n\t\t<\/section>\n\t\t\t\t<\/div>","protected":false},"excerpt":{"rendered":"<p>Stray dogs and cats at Praia de Faro: Human-nonhuman social relationships A organiza\u00e7\u00e3o internacional Change for animals foundation e a associa\u00e7\u00e3o portuguesa Animais de rua desenvolveram (2013-2018) um projeto de vacina\u00e7\u00e3o, esteriliza\u00e7\u00e3o, melhoria da sa\u00fade e bem-estar de c\u00e3es e gatos na Praia de Faro, no Algarve. De facto, a maioria destes animais tinha problemas [&hellip;]<\/p>","protected":false},"author":1,"featured_media":0,"parent":0,"menu_order":0,"comment_status":"closed","ping_status":"closed","template":"","meta":{"_links_to":"","_links_to_target":""},"_links":{"self":[{"href":"http:\/\/humananimalstudies.net\/en\/wp-json\/wp\/v2\/pages\/1380"}],"collection":[{"href":"http:\/\/humananimalstudies.net\/en\/wp-json\/wp\/v2\/pages"}],"about":[{"href":"http:\/\/humananimalstudies.net\/en\/wp-json\/wp\/v2\/types\/page"}],"author":[{"embeddable":true,"href":"http:\/\/humananimalstudies.net\/en\/wp-json\/wp\/v2\/users\/1"}],"replies":[{"embeddable":true,"href":"http:\/\/humananimalstudies.net\/en\/wp-json\/wp\/v2\/comments?post=1380"}],"version-history":[{"count":8,"href":"http:\/\/humananimalstudies.net\/en\/wp-json\/wp\/v2\/pages\/1380\/revisions"}],"predecessor-version":[{"id":5048,"href":"http:\/\/humananimalstudies.net\/en\/wp-json\/wp\/v2\/pages\/1380\/revisions\/5048"}],"wp:attachment":[{"href":"http:\/\/humananimalstudies.net\/en\/wp-json\/wp\/v2\/media?parent=1380"}],"curies":[{"name":"wp","href":"https:\/\/api.w.org\/{rel}","templated":true}]}}