{"id":3599,"date":"2023-05-05T16:13:32","date_gmt":"2023-05-05T16:13:32","guid":{"rendered":"http:\/\/humananimalstudies.net\/?page_id=3599"},"modified":"2023-09-06T12:02:29","modified_gmt":"2023-09-06T12:02:29","slug":"multispecies-climate-change-education","status":"publish","type":"page","link":"http:\/\/humananimalstudies.net\/en\/multispecies-climate-change-education\/","title":{"rendered":"Multispecies Climate Change Education"},"content":{"rendered":"<div data-elementor-type=\"wp-post\" data-elementor-id=\"3599\" class=\"elementor elementor-3599\">\n\t\t\t\t\t\t<section class=\"elementor-section elementor-top-section elementor-element elementor-element-d23b776 elementor-hidden-desktop elementor-hidden-tablet elementor-hidden-mobile elementor-section-boxed elementor-section-height-default elementor-section-height-default\" data-id=\"d23b776\" data-element_type=\"section\" data-settings=\"{&quot;background_background&quot;:&quot;classic&quot;}\">\n\t\t\t\t\t\t\t<div class=\"elementor-background-overlay\"><\/div>\n\t\t\t\t\t\t\t<div class=\"elementor-container elementor-column-gap-default\">\n\t\t\t\t\t<div class=\"elementor-column elementor-col-100 elementor-top-column elementor-element elementor-element-a471fad\" data-id=\"a471fad\" data-element_type=\"column\">\n\t\t\t<div class=\"elementor-widget-wrap\">\n\t\t\t\t\t\t\t<\/div>\n\t\t<\/div>\n\t\t\t\t\t<\/div>\n\t\t<\/section>\n\t\t\t\t<section class=\"elementor-section elementor-top-section elementor-element elementor-element-255ebc1 elementor-section-boxed elementor-section-height-default elementor-section-height-default\" data-id=\"255ebc1\" data-element_type=\"section\">\n\t\t\t\t\t\t<div class=\"elementor-container elementor-column-gap-default\">\n\t\t\t\t\t<div class=\"elementor-column elementor-col-100 elementor-top-column elementor-element elementor-element-515582e\" data-id=\"515582e\" data-element_type=\"column\">\n\t\t\t<div class=\"elementor-widget-wrap elementor-element-populated\">\n\t\t\t\t\t\t<div class=\"elementor-element elementor-element-08fa611 elementor-widget elementor-widget-image\" data-id=\"08fa611\" data-element_type=\"widget\" data-widget_type=\"image.default\">\n\t\t\t\t<div class=\"elementor-widget-container\">\n\t\t\t\t\t\t\t\t\t\t\t\t\t<img fetchpriority=\"high\" decoding=\"async\" width=\"812\" height=\"542\" src=\"https:\/\/humananimalstudies.net\/wp-content\/uploads\/2023\/05\/jo-anne-mcarthur-Q2S0bd8cmjI-unsplash-1-1024x683.jpg\" class=\"attachment-large size-large wp-image-3602\" alt=\"\" srcset=\"https:\/\/humananimalstudies.net\/wp-content\/uploads\/2023\/05\/jo-anne-mcarthur-Q2S0bd8cmjI-unsplash-1-1024x683.jpg 1024w, https:\/\/humananimalstudies.net\/wp-content\/uploads\/2023\/05\/jo-anne-mcarthur-Q2S0bd8cmjI-unsplash-1-300x200.jpg 300w, https:\/\/humananimalstudies.net\/wp-content\/uploads\/2023\/05\/jo-anne-mcarthur-Q2S0bd8cmjI-unsplash-1-768x512.jpg 768w, https:\/\/humananimalstudies.net\/wp-content\/uploads\/2023\/05\/jo-anne-mcarthur-Q2S0bd8cmjI-unsplash-1-1536x1024.jpg 1536w, https:\/\/humananimalstudies.net\/wp-content\/uploads\/2023\/05\/jo-anne-mcarthur-Q2S0bd8cmjI-unsplash-1-2048x1365.jpg 2048w, https:\/\/humananimalstudies.net\/wp-content\/uploads\/2023\/05\/jo-anne-mcarthur-Q2S0bd8cmjI-unsplash-1-18x12.jpg 18w\" sizes=\"(max-width: 812px) 100vw, 812px\" \/>\t\t\t\t\t\t\t\t\t\t\t\t\t<\/div>\n\t\t\t\t<\/div>\n\t\t\t\t\t<\/div>\n\t\t<\/div>\n\t\t\t\t\t<\/div>\n\t\t<\/section>\n\t\t\t\t<section class=\"elementor-section elementor-top-section elementor-element elementor-element-2eb6831e elementor-section-boxed elementor-section-height-default elementor-section-height-default\" data-id=\"2eb6831e\" data-element_type=\"section\">\n\t\t\t\t\t\t<div class=\"elementor-container elementor-column-gap-default\">\n\t\t\t\t\t<div class=\"elementor-column elementor-col-100 elementor-top-column elementor-element elementor-element-8fd77\" data-id=\"8fd77\" data-element_type=\"column\">\n\t\t\t<div class=\"elementor-widget-wrap elementor-element-populated\">\n\t\t\t\t\t\t<div class=\"elementor-element elementor-element-1cdddfb elementor-widget elementor-widget-heading\" data-id=\"1cdddfb\" data-element_type=\"widget\" data-widget_type=\"heading.default\">\n\t\t\t\t<div class=\"elementor-widget-container\">\n\t\t\t<h2 class=\"elementor-heading-title elementor-size-default\">Photo by Jo-Anne McArthur on Unsplash<\/h2>\t\t<\/div>\n\t\t\t\t<\/div>\n\t\t\t\t<div class=\"elementor-element elementor-element-aaf8380 elementor-widget elementor-widget-heading\" data-id=\"aaf8380\" data-element_type=\"widget\" data-widget_type=\"heading.default\">\n\t\t\t\t<div class=\"elementor-widget-container\">\n\t\t\t<h2 class=\"elementor-heading-title elementor-size-default\">Multispecies Climate Change Education<\/h2>\t\t<\/div>\n\t\t\t\t<\/div>\n\t\t\t\t<div class=\"elementor-element elementor-element-13d29341 elementor-widget elementor-widget-text-editor\" data-id=\"13d29341\" data-element_type=\"widget\" data-widget_type=\"text-editor.default\">\n\t\t\t\t<div class=\"elementor-widget-container\">\n\t\t\t\t\t\t\t<p><!-- wp:paragraph --><\/p>\n<p>PI: Maria Helena Saari<\/p>\n<p><strong>Multispecies Climate Change Education<\/strong> is an interdisciplinary research project exploring how multispecies perspectives could be better integrated into different facets of environmental education, including in disaster risk reduction and climate change education. Through a multidimensional approach that includes policy mapping and development of animal-inclusive pedagogies, the project explores how education could better attend to including multispecies perspectives in our understandings and analysis of climate change and sustainability. The project works in collaboration with the <a href=\"https:\/\/humananimalstudies.net\/en\/liminal-becomings\/\">\"Liminal Becomings: reframing human-animal relations in natural disasters\". [CEECIND\/02719\/2017]\",<\/a> and is made possible with mobility funding granted by the <a href=\"https:\/\/www.oulu.fi\/en\/research\/arctic-interactions-resilience-and-global-change\/biodiverse-anthropocenes\">Biodiverse Anthropocenes Research Program of the University of Oulu<\/a>.<\/p>\n<p>As part of the project, a pilot multispecies climate change education workshop is carried out in collaboration with a public school in Lisbon, where students explore diverse climate change events in Portugal from multispecies perspectives, meaning taking into consideration the interests of humans, animals, and nature. Animals are among the most vulnerable populations affected by the events, but are often overlooked in media coverage, public debate, policy, and emergency responses. Using a humane education-inspired pedagogical approach, the workshop aims to explore the causes and effects of natural disasters and specific environmental events in Portugal and explores possible ways of sustainable coexistence between humans and animals in the aftermath of disasters. Other educational activities of the project include exploring human-animal relations from diverse perspectives, including in relation to cultural practices and food systems.<\/p>\n<p><!-- \/wp:paragraph --><\/p>\n<p><!-- wp:paragraph --><\/p>\n<p><!-- \/wp:paragraph --><\/p>\t\t\t\t\t\t<\/div>\n\t\t\t\t<\/div>\n\t\t\t\t\t<\/div>\n\t\t<\/div>\n\t\t\t\t\t<\/div>\n\t\t<\/section>\n\t\t\t\t<section class=\"elementor-section elementor-top-section elementor-element elementor-element-e840c27 elementor-section-boxed elementor-section-height-default elementor-section-height-default\" data-id=\"e840c27\" data-element_type=\"section\">\n\t\t\t\t\t\t<div class=\"elementor-container elementor-column-gap-default\">\n\t\t\t\t\t<div class=\"elementor-column elementor-col-100 elementor-top-column elementor-element elementor-element-9fa6d58\" data-id=\"9fa6d58\" data-element_type=\"column\" data-settings=\"{&quot;background_background&quot;:&quot;classic&quot;}\">\n\t\t\t<div class=\"elementor-widget-wrap elementor-element-populated\">\n\t\t\t\t\t\t<div class=\"elementor-element elementor-element-40dda5b elementor-widget__width-initial elementor-widget elementor-widget-image\" data-id=\"40dda5b\" data-element_type=\"widget\" data-widget_type=\"image.default\">\n\t\t\t\t<div class=\"elementor-widget-container\">\n\t\t\t\t\t\t\t\t\t\t\t\t\t<img decoding=\"async\" src=\"https:\/\/humananimalstudies.net\/wp-content\/uploads\/elementor\/thumbs\/Maria_ICS-1-psmvldob5famfo5n6q2xiihhdtm7ucvyp9z43us5zw.jpg\" title=\"Maria_ICS (1)\" alt=\"Maria_ICS (1)\" loading=\"lazy\" \/>\t\t\t\t\t\t\t\t\t\t\t\t\t<\/div>\n\t\t\t\t<\/div>\n\t\t\t\t<div class=\"elementor-element elementor-element-824facb elementor-widget elementor-widget-spacer\" data-id=\"824facb\" data-element_type=\"widget\" data-widget_type=\"spacer.default\">\n\t\t\t\t<div class=\"elementor-widget-container\">\n\t\t\t\t\t<div class=\"elementor-spacer\">\n\t\t\t<div class=\"elementor-spacer-inner\"><\/div>\n\t\t<\/div>\n\t\t\t\t<\/div>\n\t\t\t\t<\/div>\n\t\t\t\t<div class=\"elementor-element elementor-element-6bd6c15 elementor-widget elementor-widget-heading\" data-id=\"6bd6c15\" data-element_type=\"widget\" data-widget_type=\"heading.default\">\n\t\t\t\t<div class=\"elementor-widget-container\">\n\t\t\t<h2 class=\"elementor-heading-title elementor-size-large\">Maria Saari<\/h2>\t\t<\/div>\n\t\t\t\t<\/div>\n\t\t\t\t<div class=\"elementor-element elementor-element-bb32d4a elementor-widget elementor-widget-heading\" data-id=\"bb32d4a\" data-element_type=\"widget\" data-widget_type=\"heading.default\">\n\t\t\t\t<div class=\"elementor-widget-container\">\n\t\t\t<h2 class=\"elementor-heading-title elementor-size-xl\">Postdoctoral Research Fellow, University of Oulu \n\n<\/h2>\t\t<\/div>\n\t\t\t\t<\/div>\n\t\t\t\t<div class=\"elementor-element elementor-element-7c2d695 elementor-widget elementor-widget-toggle\" data-id=\"7c2d695\" data-element_type=\"widget\" data-widget_type=\"toggle.default\">\n\t\t\t\t<div class=\"elementor-widget-container\">\n\t\t\t\t\t<div class=\"elementor-toggle\">\n\t\t\t\t\t\t\t<div class=\"elementor-toggle-item\">\n\t\t\t\t\t<div id=\"elementor-tab-title-1301\" class=\"elementor-tab-title\" data-tab=\"1\" role=\"button\" aria-controls=\"elementor-tab-content-1301\" aria-expanded=\"false\">\n\t\t\t\t\t\t\t\t\t\t\t\t<span class=\"elementor-toggle-icon elementor-toggle-icon-left\" aria-hidden=\"true\">\n\t\t\t\t\t\t\t\t\t\t\t\t\t\t\t<span class=\"elementor-toggle-icon-closed\"><i class=\"fas fa-angle-down\"><\/i><\/span>\n\t\t\t\t\t\t\t\t<span class=\"elementor-toggle-icon-opened\"><i class=\"elementor-toggle-icon-opened fas fa-angle-up\"><\/i><\/span>\n\t\t\t\t\t\t\t\t\t\t\t\t\t<\/span>\n\t\t\t\t\t\t\t\t\t\t\t\t<a class=\"elementor-toggle-title\" tabindex=\"0\">Bio<\/a>\n\t\t\t\t\t<\/div>\n\n\t\t\t\t\t<div id=\"elementor-tab-content-1301\" class=\"elementor-tab-content elementor-clearfix\" data-tab=\"1\" role=\"region\" aria-labelledby=\"elementor-tab-title-1301\"><p><span lang=\"EN-GB\">Maria Helena Saari<\/span> is a Postdoctoral Research Fellow at the Faculty of Education at the University of Oulu and Visiting Scholar at the Human-Animal Studies Hub. She is currently Co-Leader of the Envisioning Sustainability Research Hub of the Biodiverse Anthropocenes Research Program and Chair of the Finnish Critical Animal Studies Network (CASFinland). She was awarded\u00a0<em>the Senior Animal Law Researcher Award<\/em>\u00a0by the International Centre for Animal Law &amp; Policy (ICALP) for her doctoral thesis \u2018Animals as stakeholders in education: Towards an educational reform for interspecies sustainability\u2019. Her interdisciplinary research focuses on animals in education (policy and pedagogy), interspecies sustainability and justice, environmental education, and animal law. She coordinates and teaches undergraduate courses on environmental education and multispecies childhood studies. Prior to her research career, Maria worked in the field of education in teaching and leadership roles. At HAS-Hub, Maria is researching multispecies environmental education (policy and pedagogy), with a focus on human-animal relations in the realm of the climate crisis and disasters, as well as developing educational activities on a variety of topics related to human-animal relations and sustainability.<\/p><\/div>\n\t\t\t\t<\/div>\n\t\t\t\t\t\t\t\t<\/div>\n\t\t\t\t<\/div>\n\t\t\t\t<\/div>\n\t\t\t\t\t<\/div>\n\t\t<\/div>\n\t\t\t\t\t<\/div>\n\t\t<\/section>\n\t\t\t\t<\/div>","protected":false},"excerpt":{"rendered":"<p>Photo by Jo-Anne McArthur on Unsplash Multispecies Climate Change Education PI: Maria Helena Saari Multispecies Climate Change Education \u00e9 um projeto de investiga\u00e7\u00e3o interdisciplinar que explora a forma como as perspetivas multiesp\u00e9cies podem ser melhor integradas em diferentes facetas da educa\u00e7\u00e3o ambiental, incluindo a redu\u00e7\u00e3o do risco de cat\u00e1strofes e a educa\u00e7\u00e3o para as altera\u00e7\u00f5es [&hellip;]<\/p>","protected":false},"author":1,"featured_media":0,"parent":0,"menu_order":0,"comment_status":"closed","ping_status":"closed","template":"elementor_header_footer","meta":{"_links_to":"","_links_to_target":""},"_links":{"self":[{"href":"http:\/\/humananimalstudies.net\/en\/wp-json\/wp\/v2\/pages\/3599"}],"collection":[{"href":"http:\/\/humananimalstudies.net\/en\/wp-json\/wp\/v2\/pages"}],"about":[{"href":"http:\/\/humananimalstudies.net\/en\/wp-json\/wp\/v2\/types\/page"}],"author":[{"embeddable":true,"href":"http:\/\/humananimalstudies.net\/en\/wp-json\/wp\/v2\/users\/1"}],"replies":[{"embeddable":true,"href":"http:\/\/humananimalstudies.net\/en\/wp-json\/wp\/v2\/comments?post=3599"}],"version-history":[{"count":41,"href":"http:\/\/humananimalstudies.net\/en\/wp-json\/wp\/v2\/pages\/3599\/revisions"}],"predecessor-version":[{"id":3882,"href":"http:\/\/humananimalstudies.net\/en\/wp-json\/wp\/v2\/pages\/3599\/revisions\/3882"}],"wp:attachment":[{"href":"http:\/\/humananimalstudies.net\/en\/wp-json\/wp\/v2\/media?parent=3599"}],"curies":[{"name":"wp","href":"https:\/\/api.w.org\/{rel}","templated":true}]}}