{"id":3673,"date":"2023-05-09T16:08:35","date_gmt":"2023-05-09T16:08:35","guid":{"rendered":"http:\/\/humananimalstudies.net\/?page_id=3673"},"modified":"2024-10-17T17:18:00","modified_gmt":"2024-10-17T17:18:00","slug":"outros-eventos","status":"publish","type":"page","link":"http:\/\/humananimalstudies.net\/en\/outros-eventos\/","title":{"rendered":"Other Events"},"content":{"rendered":"<div data-elementor-type=\"wp-page\" data-elementor-id=\"3673\" class=\"elementor elementor-3673\">\n\t\t\t\t\t\t<section class=\"elementor-section elementor-top-section elementor-element elementor-element-655a8ee6 elementor-section-content-middle elementor-section-boxed elementor-section-height-default elementor-section-height-default\" data-id=\"655a8ee6\" data-element_type=\"section\">\n\t\t\t\t\t\t<div class=\"elementor-container elementor-column-gap-no\">\n\t\t\t\t\t<div class=\"elementor-column elementor-col-50 elementor-top-column elementor-element elementor-element-23b3e424\" data-id=\"23b3e424\" data-element_type=\"column\">\n\t\t\t<div class=\"elementor-widget-wrap elementor-element-populated\">\n\t\t\t\t\t\t<div class=\"elementor-element elementor-element-138b9a0 elementor-widget elementor-widget-image\" data-id=\"138b9a0\" data-element_type=\"widget\" data-widget_type=\"image.default\">\n\t\t\t\t<div class=\"elementor-widget-container\">\n\t\t\t\t\t\t\t\t\t\t\t\t\t\t<a href=\"https:\/\/www.ics.ulisboa.pt\/sites\/ics.ulisboa.pt\/files\/events\/cartaz\/cartaz-roda-conversa-22-10.jpg\" data-elementor-open-lightbox=\"yes\" data-e-action-hash=\"#elementor-action%3Aaction%3Dlightbox%26settings%3DW10%3D\">\n\t\t\t\t\t\t\t<img decoding=\"async\" src=\"https:\/\/www.ics.ulisboa.pt\/sites\/ics.ulisboa.pt\/files\/events\/cartaz\/cartaz-roda-conversa-22-10.jpg\" title=\"\" alt=\"\" loading=\"lazy\" \/>\t\t\t\t\t\t\t\t<\/a>\n\t\t\t\t\t\t\t\t\t\t\t\t\t<\/div>\n\t\t\t\t<\/div>\n\t\t\t\t\t<\/div>\n\t\t<\/div>\n\t\t\t\t<div class=\"elementor-column elementor-col-50 elementor-top-column elementor-element elementor-element-51e9009\" data-id=\"51e9009\" data-element_type=\"column\">\n\t\t\t<div class=\"elementor-widget-wrap elementor-element-populated\">\n\t\t\t\t\t\t<div class=\"elementor-element elementor-element-48520f1 elementor-widget elementor-widget-heading\" data-id=\"48520f1\" data-element_type=\"widget\" data-widget_type=\"heading.default\">\n\t\t\t\t<div class=\"elementor-widget-container\">\n\t\t\t<h4 class=\"elementor-heading-title elementor-size-default\">Roundtable Discussion<\/h4>\t\t<\/div>\n\t\t\t\t<\/div>\n\t\t\t\t<div class=\"elementor-element elementor-element-22b6fce3 elementor-widget elementor-widget-text-editor\" data-id=\"22b6fce3\" data-element_type=\"widget\" data-widget_type=\"text-editor.default\">\n\t\t\t\t<div class=\"elementor-widget-container\">\n\t\t\t\t\t\t\t<h4><strong>The origin of fire and the possibility of controlling fire in land clearing<\/strong><\/h4>\n<p>We will be listening to Jos\u00e9 Carlos Almeida Cruz, Piratapuia, Indigenous Anthropologist, PhD student at PPGAS Manaus and Visiting Researcher at ICS-Ulisboa and the EDGES project, who will talk to us about \u201cthe origin of fire and the possibility of controlling fire in slash-and-burn agriculture.\u201d From his perspective, based on what the UFAM (Manaus) Indigenous Student Group has called \u201cindigenous reflexivity,\u201d anthropologist Jos\u00e9 Carlos Cruz, himself a Piratapuia, will reflect on the intervention of certain animals in the origin of fire and the ways in which the Tukano groups in the Amazon\u2014one of the most important groups and preserved regions of the Brazilian Amazon\u2014control fire.<\/p>\n<p>The discussion group brought together members of the European project EDGES: Entangling Indigenous Knowledges in Universities and the project ABIDE: Animal Abidings: recovering from disasters in more-than-human communities (ID 101043231), funded by the @ERC \u2013 European Research Council, including principal investigators Susana Viegas (EDGES) and Ver\u00f3nica Policarpo (ABIDE); disaster risk specialist, including fire, geographer Jos\u00e9 Lu\u00eds Z\u00eazere; as well as other members of the two projects, where the issue of fire and animals intertwines. The proposal is to informally weave ideas from those that will be suggested to us in the presentation by indigenous anthropologist Jos\u00e9 Carlos Cruz.<\/p>\t\t\t\t\t\t<\/div>\n\t\t\t\t<\/div>\n\t\t\t\t\t<\/div>\n\t\t<\/div>\n\t\t\t\t\t<\/div>\n\t\t<\/section>\n\t\t\t\t<section class=\"elementor-section elementor-top-section elementor-element elementor-element-1c43425 elementor-section-content-middle elementor-section-boxed elementor-section-height-default elementor-section-height-default\" data-id=\"1c43425\" data-element_type=\"section\">\n\t\t\t\t\t\t<div class=\"elementor-container elementor-column-gap-no\">\n\t\t\t\t\t<div class=\"elementor-column elementor-col-50 elementor-top-column elementor-element elementor-element-c30e605\" data-id=\"c30e605\" data-element_type=\"column\">\n\t\t\t<div class=\"elementor-widget-wrap elementor-element-populated\">\n\t\t\t\t\t\t<div class=\"elementor-element elementor-element-08fd69a elementor-widget elementor-widget-image\" data-id=\"08fd69a\" data-element_type=\"widget\" data-widget_type=\"image.default\">\n\t\t\t\t<div class=\"elementor-widget-container\">\n\t\t\t\t\t\t\t\t\t\t\t\t\t<img fetchpriority=\"high\" decoding=\"async\" width=\"2364\" height=\"2600\" src=\"https:\/\/humananimalstudies.net\/wp-content\/uploads\/2022\/09\/Convite_CLAN_inteiro_03_fct-01.png\" class=\"attachment-full size-full wp-image-3350\" alt=\"\" srcset=\"https:\/\/humananimalstudies.net\/wp-content\/uploads\/2022\/09\/Convite_CLAN_inteiro_03_fct-01.png 2364w, https:\/\/humananimalstudies.net\/wp-content\/uploads\/2022\/09\/Convite_CLAN_inteiro_03_fct-01-273x300.png 273w, https:\/\/humananimalstudies.net\/wp-content\/uploads\/2022\/09\/Convite_CLAN_inteiro_03_fct-01-931x1024.png 931w, https:\/\/humananimalstudies.net\/wp-content\/uploads\/2022\/09\/Convite_CLAN_inteiro_03_fct-01-768x845.png 768w, https:\/\/humananimalstudies.net\/wp-content\/uploads\/2022\/09\/Convite_CLAN_inteiro_03_fct-01-1397x1536.png 1397w, https:\/\/humananimalstudies.net\/wp-content\/uploads\/2022\/09\/Convite_CLAN_inteiro_03_fct-01-1862x2048.png 1862w, https:\/\/humananimalstudies.net\/wp-content\/uploads\/2022\/09\/Convite_CLAN_inteiro_03_fct-01-11x12.png 11w\" sizes=\"(max-width: 2364px) 100vw, 2364px\" \/>\t\t\t\t\t\t\t\t\t\t\t\t\t<\/div>\n\t\t\t\t<\/div>\n\t\t\t\t\t<\/div>\n\t\t<\/div>\n\t\t\t\t<div class=\"elementor-column elementor-col-50 elementor-top-column elementor-element elementor-element-f46ff87\" data-id=\"f46ff87\" data-element_type=\"column\">\n\t\t\t<div class=\"elementor-widget-wrap elementor-element-populated\">\n\t\t\t\t\t\t<div class=\"elementor-element elementor-element-0c8f49e elementor-widget elementor-widget-heading\" data-id=\"0c8f49e\" data-element_type=\"widget\" data-widget_type=\"heading.default\">\n\t\t\t\t<div class=\"elementor-widget-container\">\n\t\t\t<h4 class=\"elementor-heading-title elementor-size-default\">CLAN Party<\/h4>\t\t<\/div>\n\t\t\t\t<\/div>\n\t\t\t\t<div class=\"elementor-element elementor-element-0282adf elementor-widget elementor-widget-text-editor\" data-id=\"0282adf\" data-element_type=\"widget\" data-widget_type=\"text-editor.default\">\n\t\t\t\t<div class=\"elementor-widget-container\">\n\t\t\t\t\t\t\t<p>+INFO CLAN project: <a href=\"http:\/\/humananimalstudies.net\/en\/clan\/\">http:\/\/humananimalstudies.net\/pt\/clan\/<\/a><\/p>\t\t\t\t\t\t<\/div>\n\t\t\t\t<\/div>\n\t\t\t\t\t<\/div>\n\t\t<\/div>\n\t\t\t\t\t<\/div>\n\t\t<\/section>\n\t\t\t\t<\/div>","protected":false},"excerpt":{"rendered":"<p>Roda de Conversa A origem do fogo e a possibilidade de controle do fogo na queimada de ro\u00e7a Estaremos \u00e0 escuta de Jos\u00e9 Carlos Almeida Cruz, Piratapuia, Antrop\u00f3logo ind\u00edgena, Doutorando do PPGAS Manaus e Investigador Visitante no ICS-Ulisboa e projecto EDGES, que ir\u00e1 falar-nos sobre a \u201ca origem do fogo e a possibilidade de controle [&hellip;]<\/p>","protected":false},"author":1,"featured_media":0,"parent":0,"menu_order":0,"comment_status":"closed","ping_status":"closed","template":"","meta":{"_links_to":"","_links_to_target":""},"_links":{"self":[{"href":"http:\/\/humananimalstudies.net\/en\/wp-json\/wp\/v2\/pages\/3673"}],"collection":[{"href":"http:\/\/humananimalstudies.net\/en\/wp-json\/wp\/v2\/pages"}],"about":[{"href":"http:\/\/humananimalstudies.net\/en\/wp-json\/wp\/v2\/types\/page"}],"author":[{"embeddable":true,"href":"http:\/\/humananimalstudies.net\/en\/wp-json\/wp\/v2\/users\/1"}],"replies":[{"embeddable":true,"href":"http:\/\/humananimalstudies.net\/en\/wp-json\/wp\/v2\/comments?post=3673"}],"version-history":[{"count":47,"href":"http:\/\/humananimalstudies.net\/en\/wp-json\/wp\/v2\/pages\/3673\/revisions"}],"predecessor-version":[{"id":4778,"href":"http:\/\/humananimalstudies.net\/en\/wp-json\/wp\/v2\/pages\/3673\/revisions\/4778"}],"wp:attachment":[{"href":"http:\/\/humananimalstudies.net\/en\/wp-json\/wp\/v2\/media?parent=3673"}],"curies":[{"name":"wp","href":"https:\/\/api.w.org\/{rel}","templated":true}]}}