{"id":3692,"date":"2023-05-11T15:39:44","date_gmt":"2023-05-11T15:39:44","guid":{"rendered":"http:\/\/humananimalstudies.net\/?page_id=3692"},"modified":"2026-02-05T10:54:46","modified_gmt":"2026-02-05T10:54:46","slug":"abide","status":"publish","type":"page","link":"http:\/\/humananimalstudies.net\/en\/abide\/","title":{"rendered":"ABIDE"},"content":{"rendered":"<div data-elementor-type=\"wp-post\" data-elementor-id=\"3692\" class=\"elementor elementor-3692\">\n\t\t\t\t\t\t<section class=\"elementor-section elementor-top-section elementor-element elementor-element-2eb6831e elementor-section-boxed elementor-section-height-default elementor-section-height-default\" data-id=\"2eb6831e\" data-element_type=\"section\">\n\t\t\t\t\t\t<div class=\"elementor-container elementor-column-gap-default\">\n\t\t\t\t\t<div class=\"elementor-column elementor-col-100 elementor-top-column elementor-element elementor-element-8fd77\" data-id=\"8fd77\" data-element_type=\"column\">\n\t\t\t<div class=\"elementor-widget-wrap elementor-element-populated\">\n\t\t\t\t\t\t<div class=\"elementor-element elementor-element-aaf8380 elementor-widget elementor-widget-heading\" data-id=\"aaf8380\" data-element_type=\"widget\" data-widget_type=\"heading.default\">\n\t\t\t\t<div class=\"elementor-widget-container\">\n\t\t\t<h2 class=\"elementor-heading-title elementor-size-default\"><b>ABIDE<\/b><\/h2>\t\t<\/div>\n\t\t\t\t<\/div>\n\t\t\t\t<div class=\"elementor-element elementor-element-7add4ee elementor-widget elementor-widget-heading\" data-id=\"7add4ee\" data-element_type=\"widget\" data-widget_type=\"heading.default\">\n\t\t\t\t<div class=\"elementor-widget-container\">\n\t\t\t<h2 class=\"elementor-heading-title elementor-size-default\"><b>A<\/b>nimal A<b>B<\/b>idings: recover<b>I<\/b>ng from <b>D<\/b>isast<b>E<\/b>rs in more-than-human communities<\/h2>\t\t<\/div>\n\t\t\t\t<\/div>\n\t\t\t\t<div class=\"elementor-element elementor-element-6ccb382 elementor-widget elementor-widget-heading\" data-id=\"6ccb382\" data-element_type=\"widget\" data-widget_type=\"heading.default\">\n\t\t\t\t<div class=\"elementor-widget-container\">\n\t\t\t<h2 class=\"elementor-heading-title elementor-size-default\">ERC Consolidator Grant 2021<\/h2>\t\t<\/div>\n\t\t\t\t<\/div>\n\t\t\t\t<div class=\"elementor-element elementor-element-13d29341 elementor-widget elementor-widget-text-editor\" data-id=\"13d29341\" data-element_type=\"widget\" data-widget_type=\"text-editor.default\">\n\t\t\t\t<div class=\"elementor-widget-container\">\n\t\t\t\t\t\t\t<p><!-- wp:paragraph --><\/p>\n<p><strong>Principal Investigator<\/strong>: Ver\u00f3nica Policarpo<\/p>\n<p><b>Host institution<\/b>: Instituto de Ci\u00eancias Sociais, Universidade de Lisboa<\/p>\n<p><strong>Project duration<\/strong>: 01.05.2023-30.04.2028<\/p>\n<p><b>Website: <a href=\"https:\/\/abide.ics.ulisboa.pt\/\">abide.ics.ulisboa.pt<\/a><\/b><\/p>\n<p><!-- \/wp:paragraph --><\/p>\n<p><!-- wp:paragraph --><\/p>\n<p>\u00a0<\/p>\n<p><!-- \/wp:paragraph --><\/p>\t\t\t\t\t\t<\/div>\n\t\t\t\t<\/div>\n\t\t\t\t<section class=\"elementor-section elementor-inner-section elementor-element elementor-element-47f3e54 elementor-section-boxed elementor-section-height-default elementor-section-height-default\" data-id=\"47f3e54\" data-element_type=\"section\" data-settings=\"{&quot;background_background&quot;:&quot;classic&quot;}\">\n\t\t\t\t\t\t<div class=\"elementor-container elementor-column-gap-default\">\n\t\t\t\t\t<div class=\"elementor-column elementor-col-100 elementor-inner-column elementor-element elementor-element-0046c76\" data-id=\"0046c76\" data-element_type=\"column\">\n\t\t\t<div class=\"elementor-widget-wrap elementor-element-populated\">\n\t\t\t\t\t\t<div class=\"elementor-element elementor-element-1997d6f elementor-widget elementor-widget-text-editor\" data-id=\"1997d6f\" data-element_type=\"widget\" data-widget_type=\"text-editor.default\">\n\t\t\t\t<div class=\"elementor-widget-container\">\n\t\t\t\t\t\t\t<p class=\" translation-block\">What and how can we learn from animals about recovering from disasters? How can we <em>hear<\/em> them in their own terms, <em>translate<\/em> their stories, and include their <em>perspectives<\/em>, in human knowledge about disasters? This project explores the resilience of <em>multispecies communities<\/em>, and their capacities for healing and bouncing back from disasters, through the point of view of nonhuman animals. It departs from the current context of acute climate crisis, which sets the stage for Dantesque scenarios of impending climate-driven disasters such as wildfires, floods, tornados and hurricanes, with related extensive loss of both human and nonhuman lives, liveable dwellings and species extinction. Focusing on wildfires as disasters which challenge previous expert knowledge due to climate change and human exploitation of natural resources, we propose to compare three countries where wildfires have taken on increasingly critical proportions every year: Brazil, Australia and Portugal. We address a species gap in our knowledge of disasters, and wildfires in particular, by exploring the possibilities of learning <em>with<\/em> animals how to live and cope with extreme change and uncertainty in wildfire-prone areas. Drawing on contributions from sociologists, anthropologists, ethologists, biologists and geographers, ABIDE aims at <em>attuning to<\/em>, <em>translating<\/em> and <em>including<\/em> the <em>perspectives, experiences<\/em> and <em>stories<\/em> of animals into our knowledge of how multispecies communities can better recover from the traumatic experience of wildfires. In the end, we seek to build the foundations for a <em>new interdisciplinary framework for addressing<\/em> humans\u2019 and animals\u2019 ability to <em>build and abide<\/em> in multispecies communities that are more resilient to wildfires and other disasters. In so doing, we aspire to identify the landmarks of a <em>post-species episteme<\/em>, and thus push forward the frontiers of knowledge of human-animal relations, as well as contribute to a more-than-human governance of disasters.<\/p>\t\t\t\t\t\t<\/div>\n\t\t\t\t<\/div>\n\t\t\t\t<div class=\"elementor-element elementor-element-ee675a7 elementor-widget elementor-widget-image\" data-id=\"ee675a7\" data-element_type=\"widget\" data-widget_type=\"image.default\">\n\t\t\t\t<div class=\"elementor-widget-container\">\n\t\t\t\t\t\t\t\t\t\t\t\t\t<img fetchpriority=\"high\" decoding=\"async\" width=\"1367\" height=\"643\" src=\"https:\/\/humananimalstudies.net\/wp-content\/uploads\/2023\/12\/Logo-Abide-RED.png\" class=\"attachment-full size-full wp-image-4010\" alt=\"\" srcset=\"https:\/\/humananimalstudies.net\/wp-content\/uploads\/2023\/12\/Logo-Abide-RED.png 1367w, https:\/\/humananimalstudies.net\/wp-content\/uploads\/2023\/12\/Logo-Abide-RED-300x141.png 300w, https:\/\/humananimalstudies.net\/wp-content\/uploads\/2023\/12\/Logo-Abide-RED-1024x482.png 1024w, https:\/\/humananimalstudies.net\/wp-content\/uploads\/2023\/12\/Logo-Abide-RED-768x361.png 768w, https:\/\/humananimalstudies.net\/wp-content\/uploads\/2023\/12\/Logo-Abide-RED-18x8.png 18w\" sizes=\"(max-width: 1367px) 100vw, 1367px\" \/>\t\t\t\t\t\t\t\t\t\t\t\t\t<\/div>\n\t\t\t\t<\/div>\n\t\t\t\t\t<\/div>\n\t\t<\/div>\n\t\t\t\t\t<\/div>\n\t\t<\/section>\n\t\t\t\t\t<\/div>\n\t\t<\/div>\n\t\t\t\t\t<\/div>\n\t\t<\/section>\n\t\t\t\t<section class=\"elementor-section elementor-top-section elementor-element elementor-element-e840c27 elementor-section-boxed elementor-section-height-default elementor-section-height-default\" data-id=\"e840c27\" data-element_type=\"section\">\n\t\t\t\t\t\t<div class=\"elementor-container elementor-column-gap-default\">\n\t\t\t\t\t<div class=\"elementor-column elementor-col-100 elementor-top-column elementor-element elementor-element-9fa6d58\" data-id=\"9fa6d58\" data-element_type=\"column\" data-settings=\"{&quot;background_background&quot;:&quot;classic&quot;}\">\n\t\t\t<div class=\"elementor-widget-wrap elementor-element-populated\">\n\t\t\t\t\t\t<div class=\"elementor-element elementor-element-824facb elementor-widget elementor-widget-spacer\" data-id=\"824facb\" data-element_type=\"widget\" data-widget_type=\"spacer.default\">\n\t\t\t\t<div class=\"elementor-widget-container\">\n\t\t\t\t\t<div class=\"elementor-spacer\">\n\t\t\t<div class=\"elementor-spacer-inner\"><\/div>\n\t\t<\/div>\n\t\t\t\t<\/div>\n\t\t\t\t<\/div>\n\t\t\t\t<div class=\"elementor-element elementor-element-d83c9a8 elementor-widget elementor-widget-text-editor\" data-id=\"d83c9a8\" data-element_type=\"widget\" data-widget_type=\"text-editor.default\">\n\t\t\t\t<div class=\"elementor-widget-container\">\n\t\t\t\t\t\t\t<p><!-- wp:paragraph --><\/p>\n<p><!-- \/wp:paragraph --><\/p>\n<p><!-- wp:paragraph --><\/p>\n<p>Funded by the European Union <a href=\"https:\/\/cordis.europa.eu\/project\/id\/101043231\">(ERC, ABIDE, Grant agreement ID: 101043231)<\/a>. Views and opinions expressed are however those of the author(s) only and do not necessarily reflect those of the European Union or the European Research Council Executive Agency. Neither the European Union nor the granting authority can be held responsible for them.<\/p>\n<p><!-- \/wp:paragraph --><\/p>\t\t\t\t\t\t<\/div>\n\t\t\t\t<\/div>\n\t\t\t\t<section class=\"elementor-section elementor-inner-section elementor-element elementor-element-09bb8e6 elementor-section-boxed elementor-section-height-default elementor-section-height-default\" data-id=\"09bb8e6\" data-element_type=\"section\">\n\t\t\t\t\t\t<div class=\"elementor-container elementor-column-gap-default\">\n\t\t\t\t\t<div class=\"elementor-column elementor-col-33 elementor-inner-column elementor-element elementor-element-7e7436d\" data-id=\"7e7436d\" data-element_type=\"column\">\n\t\t\t<div class=\"elementor-widget-wrap elementor-element-populated\">\n\t\t\t\t\t\t<div class=\"elementor-element elementor-element-a75d3fc elementor-widget elementor-widget-image\" data-id=\"a75d3fc\" data-element_type=\"widget\" data-widget_type=\"image.default\">\n\t\t\t\t<div class=\"elementor-widget-container\">\n\t\t\t\t\t\t\t\t\t\t\t\t\t<img decoding=\"async\" width=\"300\" height=\"124\" src=\"https:\/\/humananimalstudies.net\/wp-content\/uploads\/2023\/05\/LOGO_ERC-FLAG_EU_s-fund-300x124.png\" class=\"attachment-medium size-medium wp-image-3696\" alt=\"\" srcset=\"https:\/\/humananimalstudies.net\/wp-content\/uploads\/2023\/05\/LOGO_ERC-FLAG_EU_s-fund-300x124.png 300w, https:\/\/humananimalstudies.net\/wp-content\/uploads\/2023\/05\/LOGO_ERC-FLAG_EU_s-fund-1024x425.png 1024w, https:\/\/humananimalstudies.net\/wp-content\/uploads\/2023\/05\/LOGO_ERC-FLAG_EU_s-fund-768x319.png 768w, https:\/\/humananimalstudies.net\/wp-content\/uploads\/2023\/05\/LOGO_ERC-FLAG_EU_s-fund-1536x637.png 1536w, https:\/\/humananimalstudies.net\/wp-content\/uploads\/2023\/05\/LOGO_ERC-FLAG_EU_s-fund-2048x850.png 2048w, https:\/\/humananimalstudies.net\/wp-content\/uploads\/2023\/05\/LOGO_ERC-FLAG_EU_s-fund-18x7.png 18w\" sizes=\"(max-width: 300px) 100vw, 300px\" \/>\t\t\t\t\t\t\t\t\t\t\t\t\t<\/div>\n\t\t\t\t<\/div>\n\t\t\t\t\t<\/div>\n\t\t<\/div>\n\t\t\t\t<div class=\"elementor-column elementor-col-33 elementor-inner-column elementor-element elementor-element-55def22\" data-id=\"55def22\" data-element_type=\"column\">\n\t\t\t<div class=\"elementor-widget-wrap elementor-element-populated\">\n\t\t\t\t\t\t<div class=\"elementor-element elementor-element-8a70c7f elementor-widget elementor-widget-image\" data-id=\"8a70c7f\" data-element_type=\"widget\" data-widget_type=\"image.default\">\n\t\t\t\t<div class=\"elementor-widget-container\">\n\t\t\t\t\t\t\t\t\t\t\t\t\t<img decoding=\"async\" width=\"300\" height=\"222\" src=\"https:\/\/humananimalstudies.net\/wp-content\/uploads\/2019\/01\/logo-ics-300-300x222.png\" class=\"attachment-medium size-medium wp-image-356\" alt=\"\" srcset=\"https:\/\/humananimalstudies.net\/wp-content\/uploads\/2019\/01\/logo-ics-300-300x222.png 300w, https:\/\/humananimalstudies.net\/wp-content\/uploads\/2019\/01\/logo-ics-300-768x568.png 768w, https:\/\/humananimalstudies.net\/wp-content\/uploads\/2019\/01\/logo-ics-300-1024x758.png 1024w, https:\/\/humananimalstudies.net\/wp-content\/uploads\/2019\/01\/logo-ics-300.png 1350w\" sizes=\"(max-width: 300px) 100vw, 300px\" \/>\t\t\t\t\t\t\t\t\t\t\t\t\t<\/div>\n\t\t\t\t<\/div>\n\t\t\t\t\t<\/div>\n\t\t<\/div>\n\t\t\t\t<div class=\"elementor-column elementor-col-33 elementor-inner-column elementor-element elementor-element-8af88b0\" data-id=\"8af88b0\" data-element_type=\"column\">\n\t\t\t<div class=\"elementor-widget-wrap elementor-element-populated\">\n\t\t\t\t\t\t<div class=\"elementor-element elementor-element-434c1e5 elementor-widget elementor-widget-image\" data-id=\"434c1e5\" data-element_type=\"widget\" data-widget_type=\"image.default\">\n\t\t\t\t<div class=\"elementor-widget-container\">\n\t\t\t\t\t\t\t\t\t\t\t\t\t<img loading=\"lazy\" decoding=\"async\" width=\"300\" height=\"222\" src=\"https:\/\/humananimalstudies.net\/wp-content\/uploads\/2019\/01\/logo-ulisboa-300-300x222.png\" class=\"attachment-medium size-medium wp-image-353\" alt=\"\" srcset=\"https:\/\/humananimalstudies.net\/wp-content\/uploads\/2019\/01\/logo-ulisboa-300-300x222.png 300w, https:\/\/humananimalstudies.net\/wp-content\/uploads\/2019\/01\/logo-ulisboa-300-768x568.png 768w, https:\/\/humananimalstudies.net\/wp-content\/uploads\/2019\/01\/logo-ulisboa-300-1024x758.png 1024w, https:\/\/humananimalstudies.net\/wp-content\/uploads\/2019\/01\/logo-ulisboa-300.png 1350w\" sizes=\"(max-width: 300px) 100vw, 300px\" \/>\t\t\t\t\t\t\t\t\t\t\t\t\t<\/div>\n\t\t\t\t<\/div>\n\t\t\t\t\t<\/div>\n\t\t<\/div>\n\t\t\t\t\t<\/div>\n\t\t<\/section>\n\t\t\t\t\t<\/div>\n\t\t<\/div>\n\t\t\t\t\t<\/div>\n\t\t<\/section>\n\t\t\t\t<section class=\"elementor-section elementor-top-section elementor-element elementor-element-670acbb elementor-section-boxed elementor-section-height-default elementor-section-height-default\" data-id=\"670acbb\" data-element_type=\"section\">\n\t\t\t\t\t\t<div class=\"elementor-container elementor-column-gap-default\">\n\t\t\t\t\t<div class=\"elementor-column elementor-col-100 elementor-top-column elementor-element elementor-element-cff691d\" data-id=\"cff691d\" data-element_type=\"column\" data-settings=\"{&quot;background_background&quot;:&quot;classic&quot;}\">\n\t\t\t<div class=\"elementor-widget-wrap elementor-element-populated\">\n\t\t\t\t\t\t<div class=\"elementor-element elementor-element-4b0b1b4 elementor-widget__width-initial elementor-widget elementor-widget-image\" data-id=\"4b0b1b4\" data-element_type=\"widget\" data-widget_type=\"image.default\">\n\t\t\t\t<div class=\"elementor-widget-container\">\n\t\t\t\t\t\t\t\t\t\t\t\t\t<img loading=\"lazy\" decoding=\"async\" width=\"1453\" height=\"1453\" src=\"https:\/\/humananimalstudies.net\/wp-content\/uploads\/2023\/12\/Veronica_cut.jpg\" class=\"attachment-full size-full wp-image-4053\" alt=\"\" srcset=\"https:\/\/humananimalstudies.net\/wp-content\/uploads\/2023\/12\/Veronica_cut.jpg 1453w, https:\/\/humananimalstudies.net\/wp-content\/uploads\/2023\/12\/elementor\/thumbs\/Veronica_cut-qh0ibvz8k0pvrk66b1kqd1vfhebb3wl2yamb44lnlk.jpg 300w, https:\/\/humananimalstudies.net\/wp-content\/uploads\/2023\/12\/Veronica_cut-1024x1024.jpg 1024w, https:\/\/humananimalstudies.net\/wp-content\/uploads\/2023\/12\/elementor\/thumbs\/Veronica_cut-qh0ibvz6q8j8cjxkoo9z6xlvxdzv49ri4lqjw0vtjw.jpg 150w, https:\/\/humananimalstudies.net\/wp-content\/uploads\/2023\/12\/Veronica_cut-768x768.jpg 768w, https:\/\/humananimalstudies.net\/wp-content\/uploads\/2023\/12\/Veronica_cut-12x12.jpg 12w, https:\/\/humananimalstudies.net\/wp-content\/uploads\/2023\/12\/elementor\/thumbs\/Veronica_cut-qh0ibvz7c5xg5k0fw4pk8z12g23og5dd2i14yq4fkg.jpg 200w\" sizes=\"(max-width: 1453px) 100vw, 1453px\" \/>\t\t\t\t\t\t\t\t\t\t\t\t\t<\/div>\n\t\t\t\t<\/div>\n\t\t\t\t<div class=\"elementor-element elementor-element-f24660e elementor-widget elementor-widget-spacer\" data-id=\"f24660e\" data-element_type=\"widget\" data-widget_type=\"spacer.default\">\n\t\t\t\t<div class=\"elementor-widget-container\">\n\t\t\t\t\t<div class=\"elementor-spacer\">\n\t\t\t<div class=\"elementor-spacer-inner\"><\/div>\n\t\t<\/div>\n\t\t\t\t<\/div>\n\t\t\t\t<\/div>\n\t\t\t\t<div class=\"elementor-element elementor-element-d002a6d elementor-widget elementor-widget-heading\" data-id=\"d002a6d\" data-element_type=\"widget\" data-widget_type=\"heading.default\">\n\t\t\t\t<div class=\"elementor-widget-container\">\n\t\t\t<h2 class=\"elementor-heading-title elementor-size-large\">Ver\u00f3nica Policarpo<\/h2>\t\t<\/div>\n\t\t\t\t<\/div>\n\t\t\t\t<div class=\"elementor-element elementor-element-12de606 elementor-widget elementor-widget-heading\" data-id=\"12de606\" data-element_type=\"widget\" data-widget_type=\"heading.default\">\n\t\t\t\t<div class=\"elementor-widget-container\">\n\t\t\t<h2 class=\"elementor-heading-title elementor-size-xl\">ICS-ULisboa<\/h2>\t\t<\/div>\n\t\t\t\t<\/div>\n\t\t\t\t<div class=\"elementor-element elementor-element-504aab2 elementor-widget elementor-widget-toggle\" data-id=\"504aab2\" data-element_type=\"widget\" data-widget_type=\"toggle.default\">\n\t\t\t\t<div class=\"elementor-widget-container\">\n\t\t\t\t\t<div class=\"elementor-toggle\">\n\t\t\t\t\t\t\t<div class=\"elementor-toggle-item\">\n\t\t\t\t\t<div id=\"elementor-tab-title-8411\" class=\"elementor-tab-title\" data-tab=\"1\" role=\"button\" aria-controls=\"elementor-tab-content-8411\" aria-expanded=\"false\">\n\t\t\t\t\t\t\t\t\t\t\t\t<span class=\"elementor-toggle-icon elementor-toggle-icon-left\" aria-hidden=\"true\">\n\t\t\t\t\t\t\t\t\t\t\t\t\t\t\t<span class=\"elementor-toggle-icon-closed\"><i class=\"fas fa-angle-down\"><\/i><\/span>\n\t\t\t\t\t\t\t\t<span class=\"elementor-toggle-icon-opened\"><i class=\"elementor-toggle-icon-opened fas fa-angle-up\"><\/i><\/span>\n\t\t\t\t\t\t\t\t\t\t\t\t\t<\/span>\n\t\t\t\t\t\t\t\t\t\t\t\t<a class=\"elementor-toggle-title\" tabindex=\"0\">Bio<\/a>\n\t\t\t\t\t<\/div>\n\n\t\t\t\t\t<div id=\"elementor-tab-content-8411\" class=\"elementor-tab-content elementor-clearfix\" data-tab=\"1\" role=\"region\" aria-labelledby=\"elementor-tab-title-8411\"><p>Ver\u00f3nica is a senior researcher at the Institute of Social Sciences of the University of Lisboa (ICS-ULisboa), in the field of Human-Animal Studies. Her current research interests are focused on human-animal relationships and the construction of daily practices and bonds between human and non-human animals. She is interested in a more-than-human approach in which all living beings are considered as active collaborators in the co-construction of shared worlds. In 2022 Ver\u00f3nica was granted with an ERC Consolidator Grant to develop the project ABIDE \u2013 Animal Abidings: recovering from disasters in more-than-human communities (ERC, ABIDE, Grant agreement ID: 101043231, 2023-2028) . At ICS-ULisboa, Ver\u00f3nica coordinates, within this field of studies: the Human-Animal Studies Hub, with the support of the Animals &amp; Society Institute and its International Development Award; the post-graduate course \u201cAnimais e Sociedade\u201d; the \u201cAnimal Wonder \u2013 Reading Group on Human-Animal Studies; and the Webinar \u201cThe Post-Human Animal\u201d. Previous projects addressed the media coverage of the situation of animals in disasters (\u201cLiminal Becomings: reframing human-animal relationships in disasters\u201d (CEECIND\/02719\/2017); and the relationships between children and companion animals ( \u201cCLAN \u2013 Children-Animal\u2019s Friendships: challenging boundaries between humans and non-humans in contemporary societies\u201d (PTDC\/SOC 28415\/2017).<\/p>\n<p>Link:\u00a0<a href=\"https:\/\/www.ics.ulisboa.pt\/en\/pessoa\/veronica-policarpo\">https:\/\/www.ics.ulisboa.pt\/en\/pessoa\/veronica-policarpo<\/a><\/p>\n<p>ORCID:\u00a0<a href=\"http:\/\/orcid.org\/0000-0002-9245-1057\">http:\/\/orcid.org\/0000-0002-9245-1057<\/a><\/p>\n<p>CI\u00caNCIA VITAE:\u00a0<a href=\"https:\/\/www.cienciavitae.pt\/C211-DB67-6F6F\">https:\/\/www.cienciavitae.pt\/\/C211-DB67-6F6F<\/a><\/p>\n<p>Twitter:\u00a0@VMPolicarpo<\/p><\/div>\n\t\t\t\t<\/div>\n\t\t\t\t\t\t\t\t<\/div>\n\t\t\t\t<\/div>\n\t\t\t\t<\/div>\n\t\t\t\t<div class=\"elementor-element elementor-element-cc21161 elementor-view-default elementor-widget elementor-widget-icon\" data-id=\"cc21161\" data-element_type=\"widget\" data-widget_type=\"icon.default\">\n\t\t\t\t<div class=\"elementor-widget-container\">\n\t\t\t\t\t<div class=\"elementor-icon-wrapper\">\n\t\t\t<a class=\"elementor-icon\" href=\"https:\/\/veronicapolicarpo.net\/\">\n\t\t\t<i aria-hidden=\"true\" class=\"fab fa-wordpress\"><\/i>\t\t\t<\/a>\n\t\t<\/div>\n\t\t\t\t<\/div>\n\t\t\t\t<\/div>\n\t\t\t\t\t<\/div>\n\t\t<\/div>\n\t\t\t\t\t<\/div>\n\t\t<\/section>\n\t\t\t\t<\/div>","protected":false},"excerpt":{"rendered":"<p>ABIDE Animal ABidings: recoverIng from DisastErs in more-than-human communities ERC Consolidator Grant 2021 Investigadora Principal: Ver\u00f3nica Policarpo Institui\u00e7\u00e3o: Instituto de Ci\u00eancias Sociais, Universidade de Lisboa Dura\u00e7\u00e3o do projeto: 01.05.2023-30.04.2028 Website: abide.ics.ulisboa.pt \u00a0 O que e como podemos aprender com os animais sobre a recupera\u00e7\u00e3o de desastres? Como \u00e9 que n\u00f3s podemos&nbsp;ouvi-los nos seus pr\u00f3prios termos, [&hellip;]<\/p>","protected":false},"author":1,"featured_media":0,"parent":0,"menu_order":0,"comment_status":"closed","ping_status":"closed","template":"elementor_header_footer","meta":{"_links_to":"","_links_to_target":""},"_links":{"self":[{"href":"http:\/\/humananimalstudies.net\/en\/wp-json\/wp\/v2\/pages\/3692"}],"collection":[{"href":"http:\/\/humananimalstudies.net\/en\/wp-json\/wp\/v2\/pages"}],"about":[{"href":"http:\/\/humananimalstudies.net\/en\/wp-json\/wp\/v2\/types\/page"}],"author":[{"embeddable":true,"href":"http:\/\/humananimalstudies.net\/en\/wp-json\/wp\/v2\/users\/1"}],"replies":[{"embeddable":true,"href":"http:\/\/humananimalstudies.net\/en\/wp-json\/wp\/v2\/comments?post=3692"}],"version-history":[{"count":63,"href":"http:\/\/humananimalstudies.net\/en\/wp-json\/wp\/v2\/pages\/3692\/revisions"}],"predecessor-version":[{"id":5038,"href":"http:\/\/humananimalstudies.net\/en\/wp-json\/wp\/v2\/pages\/3692\/revisions\/5038"}],"wp:attachment":[{"href":"http:\/\/humananimalstudies.net\/en\/wp-json\/wp\/v2\/media?parent=3692"}],"curies":[{"name":"wp","href":"https:\/\/api.w.org\/{rel}","templated":true}]}}