{"id":3846,"date":"2023-06-20T14:56:04","date_gmt":"2023-06-20T14:56:04","guid":{"rendered":"http:\/\/humananimalstudies.net\/?page_id=3846"},"modified":"2023-06-20T15:13:15","modified_gmt":"2023-06-20T15:13:15","slug":"animais-e-organizacoes","status":"publish","type":"page","link":"http:\/\/humananimalstudies.net\/en\/animais-e-organizacoes\/","title":{"rendered":"Animals and Organizations"},"content":{"rendered":"<div data-elementor-type=\"wp-post\" data-elementor-id=\"3846\" class=\"elementor elementor-3846\">\n\t\t\t\t\t\t<section class=\"elementor-section elementor-top-section elementor-element elementor-element-d23b776 elementor-hidden-mobile elementor-section-height-full elementor-section-stretched elementor-section-boxed elementor-section-height-default elementor-section-items-middle\" data-id=\"d23b776\" data-element_type=\"section\" data-settings=\"{&quot;background_background&quot;:&quot;classic&quot;,&quot;stretch_section&quot;:&quot;section-stretched&quot;}\">\n\t\t\t\t\t\t\t<div class=\"elementor-background-overlay\"><\/div>\n\t\t\t\t\t\t\t<div class=\"elementor-container elementor-column-gap-default\">\n\t\t\t\t\t<div class=\"elementor-column elementor-col-100 elementor-top-column elementor-element elementor-element-a471fad\" data-id=\"a471fad\" data-element_type=\"column\">\n\t\t\t<div class=\"elementor-widget-wrap\">\n\t\t\t\t\t\t\t<\/div>\n\t\t<\/div>\n\t\t\t\t\t<\/div>\n\t\t<\/section>\n\t\t\t\t<section class=\"elementor-section elementor-top-section elementor-element elementor-element-255ebc1 elementor-section-boxed elementor-section-height-default elementor-section-height-default\" data-id=\"255ebc1\" data-element_type=\"section\">\n\t\t\t\t\t\t<div class=\"elementor-container elementor-column-gap-default\">\n\t\t\t\t\t<div class=\"elementor-column elementor-col-100 elementor-top-column elementor-element elementor-element-515582e\" data-id=\"515582e\" data-element_type=\"column\">\n\t\t\t<div class=\"elementor-widget-wrap\">\n\t\t\t\t\t\t\t<\/div>\n\t\t<\/div>\n\t\t\t\t\t<\/div>\n\t\t<\/section>\n\t\t\t\t<section class=\"elementor-section elementor-top-section elementor-element elementor-element-2eb6831e elementor-section-boxed elementor-section-height-default elementor-section-height-default\" data-id=\"2eb6831e\" data-element_type=\"section\">\n\t\t\t\t\t\t<div class=\"elementor-container elementor-column-gap-default\">\n\t\t\t\t\t<div class=\"elementor-column elementor-col-100 elementor-top-column elementor-element elementor-element-8fd77\" data-id=\"8fd77\" data-element_type=\"column\">\n\t\t\t<div class=\"elementor-widget-wrap elementor-element-populated\">\n\t\t\t\t\t\t<div class=\"elementor-element elementor-element-08fa611 elementor-hidden-desktop elementor-hidden-tablet elementor-widget elementor-widget-image\" data-id=\"08fa611\" data-element_type=\"widget\" data-widget_type=\"image.default\">\n\t\t\t\t<div class=\"elementor-widget-container\">\n\t\t\t\t\t\t\t\t\t\t\t\t\t<img fetchpriority=\"high\" decoding=\"async\" width=\"812\" height=\"542\" src=\"https:\/\/humananimalstudies.net\/wp-content\/uploads\/2023\/06\/pexels-jeff-vinluan-8640437-1024x683.jpg\" class=\"attachment-large size-large wp-image-3849\" alt=\"\" srcset=\"https:\/\/humananimalstudies.net\/wp-content\/uploads\/2023\/06\/pexels-jeff-vinluan-8640437-1024x683.jpg 1024w, https:\/\/humananimalstudies.net\/wp-content\/uploads\/2023\/06\/pexels-jeff-vinluan-8640437-300x200.jpg 300w, https:\/\/humananimalstudies.net\/wp-content\/uploads\/2023\/06\/pexels-jeff-vinluan-8640437-768x512.jpg 768w, https:\/\/humananimalstudies.net\/wp-content\/uploads\/2023\/06\/pexels-jeff-vinluan-8640437-1536x1024.jpg 1536w, https:\/\/humananimalstudies.net\/wp-content\/uploads\/2023\/06\/pexels-jeff-vinluan-8640437-2048x1365.jpg 2048w, https:\/\/humananimalstudies.net\/wp-content\/uploads\/2023\/06\/pexels-jeff-vinluan-8640437-18x12.jpg 18w\" sizes=\"(max-width: 812px) 100vw, 812px\" \/>\t\t\t\t\t\t\t\t\t\t\t\t\t<\/div>\n\t\t\t\t<\/div>\n\t\t\t\t<div class=\"elementor-element elementor-element-aaf8380 elementor-widget elementor-widget-heading\" data-id=\"aaf8380\" data-element_type=\"widget\" data-widget_type=\"heading.default\">\n\t\t\t\t<div class=\"elementor-widget-container\">\n\t\t\t<h2 class=\"elementor-heading-title elementor-size-default\">Animals and Organizations<\/h2>\t\t<\/div>\n\t\t\t\t<\/div>\n\t\t\t\t<div class=\"elementor-element elementor-element-13d29341 elementor-widget elementor-widget-text-editor\" data-id=\"13d29341\" data-element_type=\"widget\" data-widget_type=\"text-editor.default\">\n\t\t\t\t<div class=\"elementor-widget-container\">\n\t\t\t\t\t\t\t<p><!-- wp:paragraph --><\/p>\n<p>PI: Leticia Fantinel<\/p>\n<p><!-- \/wp:paragraph --><\/p>\n<p><!-- wp:paragraph --><\/p>\n<p>This research line aims to study the relationships between humans and other animals, mediated by organizational practices or forms\/structures, whether they are private, public, or social organizations. In seeking to develop and explore connections between <em>Human-Animal Studies<\/em> (HAS) and Management and Organization Studies (MOS), the line also aims to bring together theoretical and methodological perspectives at the intersections between the fields of study, as well as to challenge animal instrumentalization and objectification in both theories and organizational settings. Its purpose is to bring together researchers and projects that focus on the multiple ways in which animals and organizations relate to each other, thereby contributing to the understanding and transformation of human-animal relationships.<\/p>\n<p><!-- \/wp:paragraph --><\/p>\t\t\t\t\t\t<\/div>\n\t\t\t\t<\/div>\n\t\t\t\t\t<\/div>\n\t\t<\/div>\n\t\t\t\t\t<\/div>\n\t\t<\/section>\n\t\t\t\t<section class=\"elementor-section elementor-top-section elementor-element elementor-element-e840c27 elementor-section-boxed elementor-section-height-default elementor-section-height-default\" data-id=\"e840c27\" data-element_type=\"section\">\n\t\t\t\t\t\t<div class=\"elementor-container elementor-column-gap-default\">\n\t\t\t\t\t<div class=\"elementor-column elementor-col-100 elementor-top-column elementor-element elementor-element-9fa6d58\" data-id=\"9fa6d58\" data-element_type=\"column\" data-settings=\"{&quot;background_background&quot;:&quot;classic&quot;}\">\n\t\t\t<div class=\"elementor-widget-wrap elementor-element-populated\">\n\t\t\t\t\t\t<div class=\"elementor-element elementor-element-40dda5b elementor-widget__width-initial elementor-widget elementor-widget-image\" data-id=\"40dda5b\" data-element_type=\"widget\" data-widget_type=\"image.default\">\n\t\t\t\t<div class=\"elementor-widget-container\">\n\t\t\t\t\t\t\t\t\t\t\t\t\t<img decoding=\"async\" src=\"https:\/\/humananimalstudies.net\/wp-content\/uploads\/elementor\/thumbs\/foto-leticia-po7xmi86izbgmne67jasb3cf86evtaecl44s0di53w.jpeg\" title=\"foto leticia\" alt=\"foto leticia\" loading=\"lazy\" \/>\t\t\t\t\t\t\t\t\t\t\t\t\t<\/div>\n\t\t\t\t<\/div>\n\t\t\t\t<div class=\"elementor-element elementor-element-824facb elementor-widget elementor-widget-spacer\" data-id=\"824facb\" data-element_type=\"widget\" data-widget_type=\"spacer.default\">\n\t\t\t\t<div class=\"elementor-widget-container\">\n\t\t\t\t\t<div class=\"elementor-spacer\">\n\t\t\t<div class=\"elementor-spacer-inner\"><\/div>\n\t\t<\/div>\n\t\t\t\t<\/div>\n\t\t\t\t<\/div>\n\t\t\t\t<div class=\"elementor-element elementor-element-6bd6c15 elementor-widget elementor-widget-heading\" data-id=\"6bd6c15\" data-element_type=\"widget\" data-widget_type=\"heading.default\">\n\t\t\t\t<div class=\"elementor-widget-container\">\n\t\t\t<h2 class=\"elementor-heading-title elementor-size-large\">Leticia Fantinel<\/h2>\t\t<\/div>\n\t\t\t\t<\/div>\n\t\t\t\t<div class=\"elementor-element elementor-element-bb32d4a elementor-widget elementor-widget-heading\" data-id=\"bb32d4a\" data-element_type=\"widget\" data-widget_type=\"heading.default\">\n\t\t\t\t<div class=\"elementor-widget-container\">\n\t\t\t<h2 class=\"elementor-heading-title elementor-size-xl\">Professor, Federal University of Esp\u00edrito Santo\n<\/h2>\t\t<\/div>\n\t\t\t\t<\/div>\n\t\t\t\t<div class=\"elementor-element elementor-element-7c2d695 elementor-widget elementor-widget-toggle\" data-id=\"7c2d695\" data-element_type=\"widget\" data-widget_type=\"toggle.default\">\n\t\t\t\t<div class=\"elementor-widget-container\">\n\t\t\t\t\t<div class=\"elementor-toggle\">\n\t\t\t\t\t\t\t<div class=\"elementor-toggle-item\">\n\t\t\t\t\t<div id=\"elementor-tab-title-1301\" class=\"elementor-tab-title\" data-tab=\"1\" role=\"button\" aria-controls=\"elementor-tab-content-1301\" aria-expanded=\"false\">\n\t\t\t\t\t\t\t\t\t\t\t\t<span class=\"elementor-toggle-icon elementor-toggle-icon-left\" aria-hidden=\"true\">\n\t\t\t\t\t\t\t\t\t\t\t\t\t\t\t<span class=\"elementor-toggle-icon-closed\"><i class=\"fas fa-angle-down\"><\/i><\/span>\n\t\t\t\t\t\t\t\t<span class=\"elementor-toggle-icon-opened\"><i class=\"elementor-toggle-icon-opened fas fa-angle-up\"><\/i><\/span>\n\t\t\t\t\t\t\t\t\t\t\t\t\t<\/span>\n\t\t\t\t\t\t\t\t\t\t\t\t<a class=\"elementor-toggle-title\" tabindex=\"0\">Bio<\/a>\n\t\t\t\t\t<\/div>\n\n\t\t\t\t\t<div id=\"elementor-tab-content-1301\" class=\"elementor-tab-content elementor-clearfix\" data-tab=\"1\" role=\"region\" aria-labelledby=\"elementor-tab-title-1301\"><p>Leticia Fantinel is a professor at the Department and Postgraduate Program in Administration in the Federal University of Esp\u00edrito Santo, Brazil. PhD in Business Administration (Federal University of Bahia, Brazil, with internship at Paris IX University, France), Master and Bachelor in Business Administration (Federal University of Rio Grande do Sul, Brazil). Coordinator of the Study Group on Symbolism and Daily Practices in Organizations - GESIP\/UFES. Coordinator of Work Group \"Organizational and socio-environmental dynamics in the Anthropocene\" at the Association for Research in Administration in Brazil (Anpad). Her research interests include: relationships between animals and organizations, organizational practices involving non-human beings, multispecies studies. Between 2022 and 2023, Let\u00edcia is a Visiting Researcher at the HAS-Hub and ICS-ULisboa, where she develops a post-doctoral research in collaboration with project Liminal Becomings: reframing human-animal relations in natural disasters. [CEECIND\/02719\/2017].\u00a0<em>\"Liminal Becomings: reframing human-animal relations in natural disasters\". [CEECIND\/02719\/2017]\",\u00a0<\/em>[CEECIND\/02719\/2017].<\/p><\/div>\n\t\t\t\t<\/div>\n\t\t\t\t\t\t\t\t<\/div>\n\t\t\t\t<\/div>\n\t\t\t\t<\/div>\n\t\t\t\t\t<\/div>\n\t\t<\/div>\n\t\t\t\t\t<\/div>\n\t\t<\/section>\n\t\t\t\t<\/div>","protected":false},"excerpt":{"rendered":"<p>Animais e Organiza\u00e7\u00f5es PI: Leticia Fantinel Esta linha de investiga\u00e7\u00e3o tem por objetivo estudar as rela\u00e7\u00f5es entre humanos e outros animais, mediadas por pr\u00e1ticas ou formas\/estruturas organizativas, quer sejam privadas, p\u00fablicas ou da\/na sociedade civil. Na busca por desenvolver e explorar conex\u00f5es entre os Human-Animal Studies e os Estudos em Organiza\u00e7\u00f5es e Gest\u00e3o, a linha [&hellip;]<\/p>","protected":false},"author":1,"featured_media":0,"parent":0,"menu_order":0,"comment_status":"closed","ping_status":"closed","template":"elementor_header_footer","meta":{"_links_to":"","_links_to_target":""},"_links":{"self":[{"href":"http:\/\/humananimalstudies.net\/en\/wp-json\/wp\/v2\/pages\/3846"}],"collection":[{"href":"http:\/\/humananimalstudies.net\/en\/wp-json\/wp\/v2\/pages"}],"about":[{"href":"http:\/\/humananimalstudies.net\/en\/wp-json\/wp\/v2\/types\/page"}],"author":[{"embeddable":true,"href":"http:\/\/humananimalstudies.net\/en\/wp-json\/wp\/v2\/users\/1"}],"replies":[{"embeddable":true,"href":"http:\/\/humananimalstudies.net\/en\/wp-json\/wp\/v2\/comments?post=3846"}],"version-history":[{"count":5,"href":"http:\/\/humananimalstudies.net\/en\/wp-json\/wp\/v2\/pages\/3846\/revisions"}],"predecessor-version":[{"id":3852,"href":"http:\/\/humananimalstudies.net\/en\/wp-json\/wp\/v2\/pages\/3846\/revisions\/3852"}],"wp:attachment":[{"href":"http:\/\/humananimalstudies.net\/en\/wp-json\/wp\/v2\/media?parent=3846"}],"curies":[{"name":"wp","href":"https:\/\/api.w.org\/{rel}","templated":true}]}}