{"id":4034,"date":"2023-12-18T20:11:43","date_gmt":"2023-12-18T20:11:43","guid":{"rendered":"https:\/\/humananimalstudies.net\/?page_id=4034"},"modified":"2026-02-04T17:01:36","modified_gmt":"2026-02-04T17:01:36","slug":"premios-e-distincoes","status":"publish","type":"page","link":"http:\/\/humananimalstudies.net\/en\/premios-e-distincoes\/","title":{"rendered":"Prizes and Distinctions"},"content":{"rendered":"<div data-elementor-type=\"wp-page\" data-elementor-id=\"4034\" class=\"elementor elementor-4034\">\n\t\t\t\t\t\t<section class=\"elementor-section elementor-top-section elementor-element elementor-element-296e1ed elementor-section-boxed elementor-section-height-default elementor-section-height-default\" data-id=\"296e1ed\" data-element_type=\"section\">\n\t\t\t\t\t\t<div class=\"elementor-container elementor-column-gap-default\">\n\t\t\t\t\t<div class=\"elementor-column elementor-col-100 elementor-top-column elementor-element elementor-element-6a7f613\" data-id=\"6a7f613\" data-element_type=\"column\">\n\t\t\t<div class=\"elementor-widget-wrap elementor-element-populated\">\n\t\t\t\t\t\t<div class=\"elementor-element elementor-element-44a8406 elementor-invisible elementor-widget elementor-widget-heading\" data-id=\"44a8406\" data-element_type=\"widget\" data-settings=\"{&quot;_animation&quot;:&quot;fadeIn&quot;}\" data-widget_type=\"heading.default\">\n\t\t\t\t<div class=\"elementor-widget-container\">\n\t\t\t<h1 class=\"elementor-heading-title elementor-size-default\">AWARDS AND DISCTINCTIONS<\/h1>\t\t<\/div>\n\t\t\t\t<\/div>\n\t\t\t\t\t<\/div>\n\t\t<\/div>\n\t\t\t\t\t<\/div>\n\t\t<\/section>\n\t\t\t\t<section class=\"elementor-section elementor-top-section elementor-element elementor-element-58040cb elementor-section-boxed elementor-section-height-default elementor-section-height-default\" data-id=\"58040cb\" data-element_type=\"section\">\n\t\t\t\t\t\t<div class=\"elementor-container elementor-column-gap-default\">\n\t\t\t\t\t<div class=\"elementor-column elementor-col-100 elementor-top-column elementor-element elementor-element-a498588\" data-id=\"a498588\" data-element_type=\"column\">\n\t\t\t<div class=\"elementor-widget-wrap elementor-element-populated\">\n\t\t\t\t\t\t<div class=\"elementor-element elementor-element-93c65e9 elementor-widget elementor-widget-spacer\" data-id=\"93c65e9\" data-element_type=\"widget\" data-widget_type=\"spacer.default\">\n\t\t\t\t<div class=\"elementor-widget-container\">\n\t\t\t\t\t<div class=\"elementor-spacer\">\n\t\t\t<div class=\"elementor-spacer-inner\"><\/div>\n\t\t<\/div>\n\t\t\t\t<\/div>\n\t\t\t\t<\/div>\n\t\t\t\t\t<\/div>\n\t\t<\/div>\n\t\t\t\t\t<\/div>\n\t\t<\/section>\n\t\t\t\t<section class=\"elementor-section elementor-top-section elementor-element elementor-element-0cc0dc7 elementor-section-content-middle elementor-section-boxed elementor-section-height-default elementor-section-height-default\" data-id=\"0cc0dc7\" data-element_type=\"section\" data-settings=\"{&quot;background_background&quot;:&quot;classic&quot;}\">\n\t\t\t\t\t\t\t<div class=\"elementor-background-overlay\"><\/div>\n\t\t\t\t\t\t\t<div class=\"elementor-container elementor-column-gap-no\">\n\t\t\t\t\t<div class=\"elementor-column elementor-col-100 elementor-top-column elementor-element elementor-element-a344711\" data-id=\"a344711\" data-element_type=\"column\">\n\t\t\t<div class=\"elementor-widget-wrap elementor-element-populated\">\n\t\t\t\t\t\t<div class=\"elementor-element elementor-element-7a367fa elementor-widget elementor-widget-image\" data-id=\"7a367fa\" data-element_type=\"widget\" data-widget_type=\"image.default\">\n\t\t\t\t<div class=\"elementor-widget-container\">\n\t\t\t\t\t\t\t\t\t\t\t\t\t<img fetchpriority=\"high\" decoding=\"async\" width=\"1280\" height=\"720\" src=\"https:\/\/humananimalstudies.net\/wp-content\/uploads\/2020\/08\/Foto-P\u00e9mio-Erics-Final.png\" class=\"attachment-full size-full wp-image-1392\" alt=\"\" srcset=\"https:\/\/humananimalstudies.net\/wp-content\/uploads\/2020\/08\/Foto-P\u00e9mio-Erics-Final.png 1280w, https:\/\/humananimalstudies.net\/wp-content\/uploads\/2020\/08\/Foto-P\u00e9mio-Erics-Final-300x169.png 300w, https:\/\/humananimalstudies.net\/wp-content\/uploads\/2020\/08\/Foto-P\u00e9mio-Erics-Final-768x432.png 768w, https:\/\/humananimalstudies.net\/wp-content\/uploads\/2020\/08\/Foto-P\u00e9mio-Erics-Final-1024x576.png 1024w\" sizes=\"(max-width: 1280px) 100vw, 1280px\" \/>\t\t\t\t\t\t\t\t\t\t\t\t\t<\/div>\n\t\t\t\t<\/div>\n\t\t\t\t<div class=\"elementor-element elementor-element-a4aaeaf elementor-widget elementor-widget-heading\" data-id=\"a4aaeaf\" data-element_type=\"widget\" data-widget_type=\"heading.default\">\n\t\t\t\t<div class=\"elementor-widget-container\">\n\t\t\t<h3 class=\"elementor-heading-title elementor-size-default\">Award for Est\u00edmulo e Reconhecimento da Internacionaliza\u00e7\u00e3o em Ci\u00eancias Sociais (Award ERICS) - 2020 Edition<\/h3>\t\t<\/div>\n\t\t\t\t<\/div>\n\t\t\t\t<section class=\"elementor-section elementor-inner-section elementor-element elementor-element-7b3d274 elementor-section-boxed elementor-section-height-default elementor-section-height-default\" data-id=\"7b3d274\" data-element_type=\"section\">\n\t\t\t\t\t\t<div class=\"elementor-container elementor-column-gap-default\">\n\t\t\t\t\t<div class=\"elementor-column elementor-col-50 elementor-inner-column elementor-element elementor-element-7dda7ef\" data-id=\"7dda7ef\" data-element_type=\"column\">\n\t\t\t<div class=\"elementor-widget-wrap elementor-element-populated\">\n\t\t\t\t\t\t<div class=\"elementor-element elementor-element-a0c0d94 elementor-widget elementor-widget-text-editor\" data-id=\"a0c0d94\" data-element_type=\"widget\" data-widget_type=\"text-editor.default\">\n\t\t\t\t<div class=\"elementor-widget-container\">\n\t\t\t\t\t\t\t<p>The Human-Animal Studies Hub - To create and foster Human-Animal Studies in Portugal, was distiguished with the ERICS award - Est\u00edmulo e Reconhecimento da Internacionaliza\u00e7\u00e3o em Ci\u00eancias Sociais, 2020 edition, from the Social Sciences Institute.  The jury awarded HAS-Hub the prize in the category of internationally funded research projects, recognising the quality and relevance of the fundamental or applied research carried out in this project.\u00a0<\/p>\t\t\t\t\t\t<\/div>\n\t\t\t\t<\/div>\n\t\t\t\t\t<\/div>\n\t\t<\/div>\n\t\t\t\t<div class=\"elementor-column elementor-col-50 elementor-inner-column elementor-element elementor-element-2fedabe\" data-id=\"2fedabe\" data-element_type=\"column\">\n\t\t\t<div class=\"elementor-widget-wrap elementor-element-populated\">\n\t\t\t\t\t\t<div class=\"elementor-element elementor-element-85a4ac1 elementor-widget elementor-widget-text-editor\" data-id=\"85a4ac1\" data-element_type=\"widget\" data-widget_type=\"text-editor.default\">\n\t\t\t\t<div class=\"elementor-widget-container\">\n\t\t\t\t\t\t\t<p>The coordination and the entire HAS-Hub team are delighted with this award, believing that it recognises the presence and importance of Human-Animal Studies in Portuguese scientific research, particularly at the Institute of Social Sciences, where the Hub is based. Thank you very much!<\/p>\t\t\t\t\t\t<\/div>\n\t\t\t\t<\/div>\n\t\t\t\t\t<\/div>\n\t\t<\/div>\n\t\t\t\t\t<\/div>\n\t\t<\/section>\n\t\t\t\t\t<\/div>\n\t\t<\/div>\n\t\t\t\t\t<\/div>\n\t\t<\/section>\n\t\t\t\t<section class=\"elementor-section elementor-top-section elementor-element elementor-element-c6a672f elementor-section-content-middle elementor-section-boxed elementor-section-height-default elementor-section-height-default\" data-id=\"c6a672f\" data-element_type=\"section\" data-settings=\"{&quot;background_background&quot;:&quot;classic&quot;}\">\n\t\t\t\t\t\t\t<div class=\"elementor-background-overlay\"><\/div>\n\t\t\t\t\t\t\t<div class=\"elementor-container elementor-column-gap-no\">\n\t\t\t\t\t<div class=\"elementor-column elementor-col-100 elementor-top-column elementor-element elementor-element-bf1bb83\" data-id=\"bf1bb83\" data-element_type=\"column\">\n\t\t\t<div class=\"elementor-widget-wrap elementor-element-populated\">\n\t\t\t\t\t\t<div class=\"elementor-element elementor-element-17425ed elementor-widget elementor-widget-image\" data-id=\"17425ed\" data-element_type=\"widget\" data-widget_type=\"image.default\">\n\t\t\t\t<div class=\"elementor-widget-container\">\n\t\t\t\t\t\t\t\t\t\t\t\t\t<img decoding=\"async\" width=\"5184\" height=\"3456\" src=\"https:\/\/humananimalstudies.net\/wp-content\/uploads\/2019\/06\/Gafanhoto-post\u00e9r-hub.png\" class=\"attachment-full size-full wp-image-946\" alt=\"\" srcset=\"https:\/\/humananimalstudies.net\/wp-content\/uploads\/2019\/06\/Gafanhoto-post\u00e9r-hub.png 5184w, https:\/\/humananimalstudies.net\/wp-content\/uploads\/2019\/06\/Gafanhoto-post\u00e9r-hub-300x200.png 300w, https:\/\/humananimalstudies.net\/wp-content\/uploads\/2019\/06\/Gafanhoto-post\u00e9r-hub-768x512.png 768w, https:\/\/humananimalstudies.net\/wp-content\/uploads\/2019\/06\/Gafanhoto-post\u00e9r-hub-1024x683.png 1024w\" sizes=\"(max-width: 5184px) 100vw, 5184px\" \/>\t\t\t\t\t\t\t\t\t\t\t\t\t<\/div>\n\t\t\t\t<\/div>\n\t\t\t\t<div class=\"elementor-element elementor-element-02356b5 elementor-widget elementor-widget-heading\" data-id=\"02356b5\" data-element_type=\"widget\" data-widget_type=\"heading.default\">\n\t\t\t\t<div class=\"elementor-widget-container\">\n\t\t\t<h3 class=\"elementor-heading-title elementor-size-default\">HAS International Development Program Award<\/h3>\t\t<\/div>\n\t\t\t\t<\/div>\n\t\t\t\t<div class=\"elementor-element elementor-element-9163d11 elementor-widget elementor-widget-image\" data-id=\"9163d11\" data-element_type=\"widget\" data-widget_type=\"image.default\">\n\t\t\t\t<div class=\"elementor-widget-container\">\n\t\t\t\t\t\t\t\t\t\t\t\t\t<img decoding=\"async\" width=\"300\" height=\"68\" src=\"https:\/\/humananimalstudies.net\/wp-content\/uploads\/2019\/06\/asi-logo-300x68.png\" class=\"attachment-medium size-medium wp-image-942\" alt=\"\" srcset=\"https:\/\/humananimalstudies.net\/wp-content\/uploads\/2019\/06\/asi-logo-300x68.png 300w, https:\/\/humananimalstudies.net\/wp-content\/uploads\/2019\/06\/asi-logo.png 520w\" sizes=\"(max-width: 300px) 100vw, 300px\" \/>\t\t\t\t\t\t\t\t\t\t\t\t\t<\/div>\n\t\t\t\t<\/div>\n\t\t\t\t<section class=\"elementor-section elementor-inner-section elementor-element elementor-element-8729548 elementor-section-boxed elementor-section-height-default elementor-section-height-default\" data-id=\"8729548\" data-element_type=\"section\">\n\t\t\t\t\t\t<div class=\"elementor-container elementor-column-gap-default\">\n\t\t\t\t\t<div class=\"elementor-column elementor-col-50 elementor-inner-column elementor-element elementor-element-4c76861\" data-id=\"4c76861\" data-element_type=\"column\">\n\t\t\t<div class=\"elementor-widget-wrap elementor-element-populated\">\n\t\t\t\t\t\t<div class=\"elementor-element elementor-element-c28b760 elementor-widget elementor-widget-text-editor\" data-id=\"c28b760\" data-element_type=\"widget\" data-widget_type=\"text-editor.default\">\n\t\t\t\t<div class=\"elementor-widget-container\">\n\t\t\t\t\t\t\t<p class=\" translation-block\">The Animal &amp; Society Institute awarded the HAS Hub @ICS-ULisboa with the 2019-2020 HAS International Development Program Award. The Animal &amp; Society Institute already helped co-organize an international Summer School in HAS during the first week of June 2019. This summer school counted with the presence of several students and lecturers from all around the world. The summer school also had the privilege of having the Program Director for Human-Animal Studies at the Animals and Society Institute, Margo DeMello as the invited keynote speaker.<\/p>\t\t\t\t\t\t<\/div>\n\t\t\t\t<\/div>\n\t\t\t\t\t<\/div>\n\t\t<\/div>\n\t\t\t\t<div class=\"elementor-column elementor-col-50 elementor-inner-column elementor-element elementor-element-826d342\" data-id=\"826d342\" data-element_type=\"column\">\n\t\t\t<div class=\"elementor-widget-wrap elementor-element-populated\">\n\t\t\t\t\t\t<div class=\"elementor-element elementor-element-d563591 elementor-widget elementor-widget-text-editor\" data-id=\"d563591\" data-element_type=\"widget\" data-widget_type=\"text-editor.default\">\n\t\t\t\t<div class=\"elementor-widget-container\">\n\t\t\t\t\t\t\t<p>This award will also help fund:<br \/>\u2022\tThe organization of the first national post-graduate course in HAS<br \/>\u2022\tThe organization of an international conference<br \/>\u2022\tThe publication of a handbook in HAS, in Portuguese<\/p>\t\t\t\t\t\t<\/div>\n\t\t\t\t<\/div>\n\t\t\t\t\t<\/div>\n\t\t<\/div>\n\t\t\t\t\t<\/div>\n\t\t<\/section>\n\t\t\t\t\t<\/div>\n\t\t<\/div>\n\t\t\t\t\t<\/div>\n\t\t<\/section>\n\t\t\t\t<section class=\"elementor-section elementor-top-section elementor-element elementor-element-7c62e01 elementor-section-boxed elementor-section-height-default elementor-section-height-default\" data-id=\"7c62e01\" data-element_type=\"section\">\n\t\t\t\t\t\t<div class=\"elementor-container elementor-column-gap-default\">\n\t\t\t\t\t<div class=\"elementor-column elementor-col-100 elementor-top-column elementor-element elementor-element-0705832\" data-id=\"0705832\" data-element_type=\"column\">\n\t\t\t<div class=\"elementor-widget-wrap\">\n\t\t\t\t\t\t\t<\/div>\n\t\t<\/div>\n\t\t\t\t\t<\/div>\n\t\t<\/section>\n\t\t\t\t<\/div>","protected":false},"excerpt":{"rendered":"<p>PR\u00c9MIOS E DISTIN\u00c7\u00d5ES Pr\u00e9mio Est\u00edmulo e Reconhecimento da Internacionaliza\u00e7\u00e3o em Ci\u00eancias Sociais (Pr\u00e9mio ERICS) &#8211; edi\u00e7\u00e3o 2020 O Human-Animal Studies Hub &#8211; To create and foster Human-Animal Studies in Portugal, foi distinguido com o pr\u00e9mio ERICS &#8211; Est\u00edmulo e Reconhecimento da Internacionaliza\u00e7\u00e3o em Ci\u00eancias Sociais, edi\u00e7\u00e3o 2020, do Instituto de Ci\u00eancias Sociais. O j\u00fari atribuiu [&hellip;]<\/p>","protected":false},"author":1,"featured_media":0,"parent":0,"menu_order":0,"comment_status":"closed","ping_status":"closed","template":"","meta":{"_links_to":"","_links_to_target":""},"_links":{"self":[{"href":"http:\/\/humananimalstudies.net\/en\/wp-json\/wp\/v2\/pages\/4034"}],"collection":[{"href":"http:\/\/humananimalstudies.net\/en\/wp-json\/wp\/v2\/pages"}],"about":[{"href":"http:\/\/humananimalstudies.net\/en\/wp-json\/wp\/v2\/types\/page"}],"author":[{"embeddable":true,"href":"http:\/\/humananimalstudies.net\/en\/wp-json\/wp\/v2\/users\/1"}],"replies":[{"embeddable":true,"href":"http:\/\/humananimalstudies.net\/en\/wp-json\/wp\/v2\/comments?post=4034"}],"version-history":[{"count":16,"href":"http:\/\/humananimalstudies.net\/en\/wp-json\/wp\/v2\/pages\/4034\/revisions"}],"predecessor-version":[{"id":5028,"href":"http:\/\/humananimalstudies.net\/en\/wp-json\/wp\/v2\/pages\/4034\/revisions\/5028"}],"wp:attachment":[{"href":"http:\/\/humananimalstudies.net\/en\/wp-json\/wp\/v2\/media?parent=4034"}],"curies":[{"name":"wp","href":"https:\/\/api.w.org\/{rel}","templated":true}]}}