{"id":573,"date":"2019-04-01T11:11:44","date_gmt":"2019-04-01T11:11:44","guid":{"rendered":"http:\/\/humananimalstudies.net\/?page_id=573"},"modified":"2023-05-09T15:08:43","modified_gmt":"2023-05-09T15:08:43","slug":"sobre-o-has","status":"publish","type":"page","link":"http:\/\/humananimalstudies.net\/en\/sobre-o-has\/","title":{"rendered":"About HAS"},"content":{"rendered":"<div data-elementor-type=\"wp-page\" data-elementor-id=\"573\" class=\"elementor elementor-573\">\n\t\t\t\t\t\t<section class=\"elementor-section elementor-top-section elementor-element elementor-element-6319fe2 elementor-section-boxed elementor-section-height-default elementor-section-height-default\" data-id=\"6319fe2\" data-element_type=\"section\">\n\t\t\t\t\t\t<div class=\"elementor-container elementor-column-gap-default\">\n\t\t\t\t\t<div class=\"elementor-column elementor-col-100 elementor-top-column elementor-element elementor-element-0b5e824\" data-id=\"0b5e824\" data-element_type=\"column\">\n\t\t\t<div class=\"elementor-widget-wrap elementor-element-populated\">\n\t\t\t\t\t\t<div class=\"elementor-element elementor-element-2dd590d elementor-invisible elementor-widget elementor-widget-heading\" data-id=\"2dd590d\" data-element_type=\"widget\" data-settings=\"{&quot;_animation&quot;:&quot;fadeIn&quot;}\" data-widget_type=\"heading.default\">\n\t\t\t\t<div class=\"elementor-widget-container\">\n\t\t\t<h1 class=\"elementor-heading-title elementor-size-default\">SOBRE O  HAS<\/h1>\t\t<\/div>\n\t\t\t\t<\/div>\n\t\t\t\t\t<\/div>\n\t\t<\/div>\n\t\t\t\t\t<\/div>\n\t\t<\/section>\n\t\t\t\t<section class=\"elementor-section elementor-top-section elementor-element elementor-element-3568f931 elementor-section-boxed elementor-section-height-default elementor-section-height-default\" data-id=\"3568f931\" data-element_type=\"section\">\n\t\t\t\t\t\t<div class=\"elementor-container elementor-column-gap-default\">\n\t\t\t\t\t<div class=\"elementor-column elementor-col-100 elementor-top-column elementor-element elementor-element-433d7067\" data-id=\"433d7067\" data-element_type=\"column\">\n\t\t\t<div class=\"elementor-widget-wrap elementor-element-populated\">\n\t\t\t\t\t\t<div class=\"elementor-element elementor-element-5046d208 elementor-widget elementor-widget-text-editor\" data-id=\"5046d208\" data-element_type=\"widget\" data-widget_type=\"text-editor.default\">\n\t\t\t\t<div class=\"elementor-widget-container\">\n\t\t\t\t\t\t\t<p><!-- wp:paragraph --><\/p>\n<p>Non-human animals are ubiquitous in human lives and spaces. However, they are often overlooked and made invisible. This invisibility has increasingly been questioned, as over the last four decades, the so-called animal turn has brought the complex and contradictory relationship that humans develop with non-human animals to the forefront of the scientific and political debate.<\/p>\n<p><!-- \/wp:paragraph --><!-- wp:paragraph --><\/p>\n<p>This movement was two-fold. On the one hand, it focused on the need to (re)think sustainable and healthy ways of feeding an increasingly growing world population. On the other hand, it stemmed in part from social forces such as the animal rights\u2019 movement, or the scientific community, following the 2012 signature of the <a href=\"http:\/\/fcmconference.org\/img\/CambridgeDeclarationOnConsciousness.pdf\">Declaration of Cambridge<\/a>, which acknowledged the existence of animal\u2019s suffering and conscience.<\/p>\n<p><!-- \/wp:paragraph --><!-- wp:paragraph --><\/p>\n<p>These movements put additional pressure on the need to look after animal welfare and prevent animal suffering. As a result, the animal question has been acknowledged as a central topic in the study of humans\u2019 lives, in topics as different as agricultural and biotechnological production of animals, food, clothing and other consumer practices, kinship and family lives, children\u2019s worlds, education, art and popular culture, among others. This has called for a redefinition of our way of looking at the human\/non-human bond, to encompass the worlds of non-human animals and the specificities of their relations with humans and the habitats they live in (natural and human-made).<\/p>\n<p><!-- \/wp:paragraph --><!-- wp:paragraph --><\/p>\n<p>The ubiquity of animals in human lives has hence unveiled their embeddedness in social dynamics once thought to be exclusively human: social inequalities and oppression, crime and abuse, the distribution in space and differences between rural and urban, consumption, leisure and culture, science and experimentation, and social and political life.<\/p>\n<p><!-- \/wp:paragraph --><!-- wp:paragraph --><\/p>\n<p>The\u00a0<strong>HAS Hub@ICS-ULisboa<\/strong><em><strong>\u00a0<\/strong><\/em>aims at tackling the relations between human and non-human animals, looked at as a\u00a0<strong>naturecultures<\/strong>. Non-human animals are considered actors in full right, active and decisive in the co-production of the\u00a0<strong>hybrid communities<\/strong>, inhabited by both humans and nonhumans. It comprises researchers with diverse backgrounds (sociology, anthropology, social psychology, psychology, biology, geography, among others), institutions, interests and fields of research.\u00a0<\/p>\n<p><!-- \/wp:paragraph --><!-- wp:paragraph --><\/p>\n<p>---\u00a0<a href=\"https:\/\/liferesearchgroup.wordpress.com\/\" target=\"_blank\" rel=\"noreferrer noopener\">----<\/a>----\u00a0<a href=\"https:\/\/ambienteterritoriosociedade-ics.org\/\" target=\"_blank\" rel=\"noreferrer noopener\">----<\/a>----<\/p>\n<p><!-- \/wp:paragraph --><!-- wp:paragraph --><\/p>\n<p><!-- \/wp:paragraph --><\/p>\t\t\t\t\t\t<\/div>\n\t\t\t\t<\/div>\n\t\t\t\t\t<\/div>\n\t\t<\/div>\n\t\t\t\t\t<\/div>\n\t\t<\/section>\n\t\t\t\t<\/div>","protected":false},"excerpt":{"rendered":"<p>SOBRE O HAS Os animais n\u00e3o humanos encontram-se presentes em todas as esferas da vida humana, seus tempos e espa\u00e7os. Apesar disso, t\u00eam sido frequentemente ignorados e tornados invis\u00edveis. Esta invisibilidade tem sido progressivamente questionada, na medida em que, ao longo das \u00faltimas quatro d\u00e9cadas, a chamada &#8220;viragem animal&#8221; trouxe as rela\u00e7\u00f5es complexas e contradit\u00f3rias [&hellip;]<\/p>","protected":false},"author":1,"featured_media":0,"parent":0,"menu_order":0,"comment_status":"closed","ping_status":"closed","template":"","meta":{"_links_to":"","_links_to_target":""},"_links":{"self":[{"href":"http:\/\/humananimalstudies.net\/en\/wp-json\/wp\/v2\/pages\/573"}],"collection":[{"href":"http:\/\/humananimalstudies.net\/en\/wp-json\/wp\/v2\/pages"}],"about":[{"href":"http:\/\/humananimalstudies.net\/en\/wp-json\/wp\/v2\/types\/page"}],"author":[{"embeddable":true,"href":"http:\/\/humananimalstudies.net\/en\/wp-json\/wp\/v2\/users\/1"}],"replies":[{"embeddable":true,"href":"http:\/\/humananimalstudies.net\/en\/wp-json\/wp\/v2\/comments?post=573"}],"version-history":[{"count":29,"href":"http:\/\/humananimalstudies.net\/en\/wp-json\/wp\/v2\/pages\/573\/revisions"}],"predecessor-version":[{"id":3653,"href":"http:\/\/humananimalstudies.net\/en\/wp-json\/wp\/v2\/pages\/573\/revisions\/3653"}],"wp:attachment":[{"href":"http:\/\/humananimalstudies.net\/en\/wp-json\/wp\/v2\/media?parent=573"}],"curies":[{"name":"wp","href":"https:\/\/api.w.org\/{rel}","templated":true}]}}