{"id":639,"date":"2019-04-05T09:47:23","date_gmt":"2019-04-05T09:47:23","guid":{"rendered":"http:\/\/humananimalstudies.net\/?page_id=639"},"modified":"2026-02-05T12:33:31","modified_gmt":"2026-02-05T12:33:31","slug":"sustainmeals","status":"publish","type":"page","link":"http:\/\/humananimalstudies.net\/en\/sustainmeals\/","title":{"rendered":"Sustainmeals"},"content":{"rendered":"<div data-elementor-type=\"wp-post\" data-elementor-id=\"639\" class=\"elementor elementor-639\">\n\t\t\t\t\t\t<section class=\"elementor-section elementor-top-section elementor-element elementor-element-697ed5c8 elementor-section-boxed elementor-section-height-default elementor-section-height-default\" data-id=\"697ed5c8\" data-element_type=\"section\">\n\t\t\t\t\t\t<div class=\"elementor-container elementor-column-gap-default\">\n\t\t\t\t\t<div class=\"elementor-column elementor-col-100 elementor-top-column elementor-element elementor-element-5ec8be0c\" data-id=\"5ec8be0c\" data-element_type=\"column\">\n\t\t\t<div class=\"elementor-widget-wrap elementor-element-populated\">\n\t\t\t\t\t\t<div class=\"elementor-element elementor-element-4f487dc9 elementor-widget elementor-widget-text-editor\" data-id=\"4f487dc9\" data-element_type=\"widget\" data-widget_type=\"text-editor.default\">\n\t\t\t\t<div class=\"elementor-widget-container\">\n\t\t\t\t\t\t\t<!-- wp:paragraph -->\n<h4><strong>Sustainable School Meals [SUSTAINMEALS] \u2013 Unlocking the potential of the public plate towards a large scale transition to plant-based meals in schools<\/strong><\/h4>\n<!-- \/wp:paragraph --><!-- wp:paragraph -->\n<p>PI: Jo\u00e3o Gra\u00e7a<\/p>\n<!-- \/wp:paragraph --><!-- wp:paragraph -->\n<p>SUSTAINMEALS adopts an integrated approach to promote a large-scale, nationwide shift towards more healthy and sustainable plant-based meals, focusing both on individual consumer-level variables and on shared context-based variables. It has two main proximal objectives. The first is to expand knowledge on how to encourage students and empower service providers in large-scale catering\/meal-contexts to shift to more healthy and sustainable plant-based meals. The second is to design and test an evidence-based toolkit that translates this knowledge into practice.<\/p>\n<!-- \/wp:paragraph -->\t\t\t\t\t\t<\/div>\n\t\t\t\t<\/div>\n\t\t\t\t\t<\/div>\n\t\t<\/div>\n\t\t\t\t\t<\/div>\n\t\t<\/section>\n\t\t\t\t<section class=\"elementor-section elementor-top-section elementor-element elementor-element-1d89b34 elementor-section-boxed elementor-section-height-default elementor-section-height-default\" data-id=\"1d89b34\" data-element_type=\"section\">\n\t\t\t\t\t\t<div class=\"elementor-container elementor-column-gap-default\">\n\t\t\t\t\t<div class=\"elementor-column elementor-col-100 elementor-top-column elementor-element elementor-element-2659c2d\" data-id=\"2659c2d\" data-element_type=\"column\">\n\t\t\t<div class=\"elementor-widget-wrap elementor-element-populated\">\n\t\t\t\t\t\t<div class=\"elementor-element elementor-element-72f0129 elementor-widget elementor-widget-image\" data-id=\"72f0129\" data-element_type=\"widget\" data-widget_type=\"image.default\">\n\t\t\t\t<div class=\"elementor-widget-container\">\n\t\t\t\t\t\t\t\t\t\t\t\t\t\t<a href=\"https:\/\/www.sustainmeals.org\/\">\n\t\t\t\t\t\t\t<img fetchpriority=\"high\" decoding=\"async\" width=\"768\" height=\"261\" src=\"https:\/\/humananimalstudies.net\/wp-content\/uploads\/2020\/03\/Logo-SM_full-768x261.png\" class=\"attachment-medium_large size-medium_large wp-image-1145\" alt=\"\" srcset=\"https:\/\/humananimalstudies.net\/wp-content\/uploads\/2020\/03\/Logo-SM_full-768x261.png 768w, https:\/\/humananimalstudies.net\/wp-content\/uploads\/2020\/03\/Logo-SM_full-300x102.png 300w, https:\/\/humananimalstudies.net\/wp-content\/uploads\/2020\/03\/Logo-SM_full-1024x348.png 1024w\" sizes=\"(max-width: 768px) 100vw, 768px\" \/>\t\t\t\t\t\t\t\t<\/a>\n\t\t\t\t\t\t\t\t\t\t\t\t\t<\/div>\n\t\t\t\t<\/div>\n\t\t\t\t\t<\/div>\n\t\t<\/div>\n\t\t\t\t\t<\/div>\n\t\t<\/section>\n\t\t\t\t<\/div>","protected":false},"excerpt":{"rendered":"<p>Sustainable School Meals [SUSTAINMEALS] &#8211; O Potencial das cantinas p\u00fablicas na transi\u00e7\u00e3o em larga escala para refei\u00e7\u00f5es de origem vegetal nas escolas IP: Jo\u00e3o Gra\u00e7a SUSTAINMEALS adota uma abordagem integrada para promover uma mudan\u00e7a em grande escala, a n\u00edvel nacional, para refei\u00e7\u00f5es \u00e0 base de plantas mais saud\u00e1veis e sustent\u00e1veis, com foco tanto em vari\u00e1veis [&hellip;]<\/p>","protected":false},"author":1,"featured_media":0,"parent":0,"menu_order":0,"comment_status":"closed","ping_status":"closed","template":"","meta":{"_links_to":"","_links_to_target":""},"_links":{"self":[{"href":"http:\/\/humananimalstudies.net\/en\/wp-json\/wp\/v2\/pages\/639"}],"collection":[{"href":"http:\/\/humananimalstudies.net\/en\/wp-json\/wp\/v2\/pages"}],"about":[{"href":"http:\/\/humananimalstudies.net\/en\/wp-json\/wp\/v2\/types\/page"}],"author":[{"embeddable":true,"href":"http:\/\/humananimalstudies.net\/en\/wp-json\/wp\/v2\/users\/1"}],"replies":[{"embeddable":true,"href":"http:\/\/humananimalstudies.net\/en\/wp-json\/wp\/v2\/comments?post=639"}],"version-history":[{"count":7,"href":"http:\/\/humananimalstudies.net\/en\/wp-json\/wp\/v2\/pages\/639\/revisions"}],"predecessor-version":[{"id":5054,"href":"http:\/\/humananimalstudies.net\/en\/wp-json\/wp\/v2\/pages\/639\/revisions\/5054"}],"wp:attachment":[{"href":"http:\/\/humananimalstudies.net\/en\/wp-json\/wp\/v2\/media?parent=639"}],"curies":[{"name":"wp","href":"https:\/\/api.w.org\/{rel}","templated":true}]}}