{"id":744,"date":"2019-04-08T12:07:01","date_gmt":"2019-04-08T12:07:01","guid":{"rendered":"http:\/\/humananimalstudies.net\/?page_id=744"},"modified":"2023-05-09T15:11:43","modified_gmt":"2023-05-09T15:11:43","slug":"visao","status":"publish","type":"page","link":"http:\/\/humananimalstudies.net\/en\/visao\/","title":{"rendered":"Vision"},"content":{"rendered":"<div data-elementor-type=\"wp-page\" data-elementor-id=\"744\" class=\"elementor elementor-744\">\n\t\t\t\t\t\t<section class=\"elementor-section elementor-top-section elementor-element elementor-element-65ce2cb elementor-section-boxed elementor-section-height-default elementor-section-height-default\" data-id=\"65ce2cb\" data-element_type=\"section\">\n\t\t\t\t\t\t<div class=\"elementor-container elementor-column-gap-default\">\n\t\t\t\t\t<div class=\"elementor-column elementor-col-100 elementor-top-column elementor-element elementor-element-ea1edd5\" data-id=\"ea1edd5\" data-element_type=\"column\">\n\t\t\t<div class=\"elementor-widget-wrap elementor-element-populated\">\n\t\t\t\t\t\t<div class=\"elementor-element elementor-element-fe610e6 elementor-invisible elementor-widget elementor-widget-heading\" data-id=\"fe610e6\" data-element_type=\"widget\" data-settings=\"{&quot;_animation&quot;:&quot;fadeIn&quot;}\" data-widget_type=\"heading.default\">\n\t\t\t\t<div class=\"elementor-widget-container\">\n\t\t\t<h1 class=\"elementor-heading-title elementor-size-default\">VISION<\/h1>\t\t<\/div>\n\t\t\t\t<\/div>\n\t\t\t\t\t<\/div>\n\t\t<\/div>\n\t\t\t\t\t<\/div>\n\t\t<\/section>\n\t\t\t\t<section class=\"elementor-section elementor-top-section elementor-element elementor-element-50054632 elementor-section-boxed elementor-section-height-default elementor-section-height-default\" data-id=\"50054632\" data-element_type=\"section\">\n\t\t\t\t\t\t<div class=\"elementor-container elementor-column-gap-default\">\n\t\t\t\t\t<div class=\"elementor-column elementor-col-100 elementor-top-column elementor-element elementor-element-7f6bc726\" data-id=\"7f6bc726\" data-element_type=\"column\">\n\t\t\t<div class=\"elementor-widget-wrap elementor-element-populated\">\n\t\t\t\t\t\t<div class=\"elementor-element elementor-element-232cd5c4 elementor-widget elementor-widget-text-editor\" data-id=\"232cd5c4\" data-element_type=\"widget\" data-widget_type=\"text-editor.default\">\n\t\t\t\t<div class=\"elementor-widget-container\">\n\t\t\t\t\t\t\t<p><!-- wp:paragraph --><\/p>\n<p>To contribute to the construction of a \u201cmore-than-human\u201d paradigm of thought and action, in which interspecies relations may be addressed as a <em>continuum<\/em>, considering all living beings as bearers of equivalent rights, to be respected, and thus committing to diminish their suffering.<\/p>\n<p><!-- \/wp:paragraph --><\/p>\t\t\t\t\t\t<\/div>\n\t\t\t\t<\/div>\n\t\t\t\t\t<\/div>\n\t\t<\/div>\n\t\t\t\t\t<\/div>\n\t\t<\/section>\n\t\t\t\t<\/div>","protected":false},"excerpt":{"rendered":"<p>VIS\u00c3O Contribuir para a constru\u00e7\u00e3o de um paradigma de pensamento e a\u00e7\u00e3o \u201cmore-than-human\u201d, em que as rela\u00e7\u00f5es inter-esp\u00e9cies sejam pensadas a partir de um continuum, considerando todos os seres vivos como portadores de direitos equivalentes, a ser respeitados, e assim concorrendo para diminuir o seu sofrimento.<\/p>","protected":false},"author":1,"featured_media":0,"parent":0,"menu_order":0,"comment_status":"closed","ping_status":"closed","template":"","meta":{"_links_to":"","_links_to_target":""},"_links":{"self":[{"href":"http:\/\/humananimalstudies.net\/en\/wp-json\/wp\/v2\/pages\/744"}],"collection":[{"href":"http:\/\/humananimalstudies.net\/en\/wp-json\/wp\/v2\/pages"}],"about":[{"href":"http:\/\/humananimalstudies.net\/en\/wp-json\/wp\/v2\/types\/page"}],"author":[{"embeddable":true,"href":"http:\/\/humananimalstudies.net\/en\/wp-json\/wp\/v2\/users\/1"}],"replies":[{"embeddable":true,"href":"http:\/\/humananimalstudies.net\/en\/wp-json\/wp\/v2\/comments?post=744"}],"version-history":[{"count":12,"href":"http:\/\/humananimalstudies.net\/en\/wp-json\/wp\/v2\/pages\/744\/revisions"}],"predecessor-version":[{"id":3659,"href":"http:\/\/humananimalstudies.net\/en\/wp-json\/wp\/v2\/pages\/744\/revisions\/3659"}],"wp:attachment":[{"href":"http:\/\/humananimalstudies.net\/en\/wp-json\/wp\/v2\/media?parent=744"}],"curies":[{"name":"wp","href":"https:\/\/api.w.org\/{rel}","templated":true}]}}