{"id":80,"date":"2018-12-26T14:03:41","date_gmt":"2018-12-26T14:03:41","guid":{"rendered":"http:\/\/humananimalstudies.net\/?page_id=80"},"modified":"2021-10-15T20:13:35","modified_gmt":"2021-10-15T20:13:35","slug":"publicacoes","status":"publish","type":"page","link":"http:\/\/humananimalstudies.net\/en\/publicacoes\/","title":{"rendered":"Publications"},"content":{"rendered":"<div data-elementor-type=\"wp-page\" data-elementor-id=\"80\" class=\"elementor elementor-80\">\n\t\t\t\t\t\t<section class=\"elementor-section elementor-top-section elementor-element elementor-element-21c389dd elementor-section-boxed elementor-section-height-default elementor-section-height-default\" data-id=\"21c389dd\" data-element_type=\"section\">\n\t\t\t\t\t\t<div class=\"elementor-container elementor-column-gap-default\">\n\t\t\t\t\t<div class=\"elementor-column elementor-col-100 elementor-top-column elementor-element elementor-element-1ac4f2c9\" data-id=\"1ac4f2c9\" data-element_type=\"column\">\n\t\t\t<div class=\"elementor-widget-wrap elementor-element-populated\">\n\t\t\t\t\t\t<div class=\"elementor-element elementor-element-59e89396 elementor-widget elementor-widget-text-editor\" data-id=\"59e89396\" data-element_type=\"widget\" data-widget_type=\"text-editor.default\">\n\t\t\t\t<div class=\"elementor-widget-container\">\n\t\t\t\t\t\t\t<p><!-- wp:paragraph --><\/p>\n<p>Antoine\u00a0Dor\u00e9, J\u00e9r\u00f4me\u00a0Mich<strong>a<\/strong>lon\u00a0and Teresa L\u00edbano\u00a0Monteiro, \u00ab\u00a0<strong>The Place and Effect of Animals in Families<\/strong>\u00a0\u00bb,\u00a0<em>Enfances Familles G\u00e9n\u00e9rations<\/em>\u00a0[Online], 32\u00a0|\u00a02019, Online since 15 May 2019, connection on 07 November 2019. URL: <a href=\"https:\/\/journals.openedition.org\/efg\/8073\">http:\/\/journals.openedition.org\/efg\/8073<\/a><\/p>\n<p><!-- \/wp:paragraph --><\/p>\n<p><!-- wp:paragraph --><\/p>\n<p>Brighenti AM and Pavoni A (2018) Urban Animals \u2013 Domestic, Stray and Wild. Notes from a bear repopulation project in the Alps, in\u00a0Society &amp; Animals\u00a026(6): 576-597<\/p>\n<p><!-- \/wp:paragraph --><\/p>\n<p><!-- wp:paragraph --><\/p>\n<p>Brighenti AM and Pavoni A, eds. (forthcoming 2020) Urban Animals \u2013Geographies and Ecologies of Proximities, Contemporary Social Science<\/p>\n<p><!-- \/wp:paragraph --><\/p>\n<p><!-- wp:paragraph --><\/p>\n<p>Brighenti AM and Pavoni A, eds. (2016) \u2018Urban Animals\u2019.\u00a0Lo Squaderno: Explorations in Space and Society\u00a042<\/p>\n<p><!-- \/wp:paragraph --><\/p>\n<p><!-- wp:paragraph --><\/p>\n<p>Cordeiro-Rodrigues, L. and Chimakonam, J. (2021). <strong>The South African Land Question in Light of Nelson Mandela\u2019s Political Thought<\/strong>. (Forthcoming in\u00a0<em>African Studies<\/em>) (SSCI)<\/p>\n<p><!-- \/wp:paragraph --><\/p>\n<p><!-- wp:paragraph --><\/p>\n<p>Cordeiro-Rodrigues, L., 2020. <strong>Multicultural Rights and Bullfighting in a Portuguese context<\/strong> (Forthcoming in<em>\u00a0Society &amp; Animals<\/em>) (SCI\/SSCI)<\/p>\n<p><!-- \/wp:paragraph --><\/p>\n<p><!-- wp:paragraph --><\/p>\n<p>Cordeiro-Rodrigues, L. (2020). <strong>The Ethics of Prioritization and Advocacy Dilemmas: Bullfighting or Veganism?<\/strong> (Forthcoming in\u00a0<em>South African Journal of Philosophy)<\/em>\u00a0(AHCI)<\/p>\n<p><!-- \/wp:paragraph --><\/p>\n<p><!-- wp:paragraph --><\/p>\n<p>\u00a0Cordeiro-Rodrigues, L. 2019. <strong>White Normativity, Animal Advocacy and PETA\u2019s Campaigns<\/strong>\u00a0<em>Ethnicities<\/em>\u00a0(Online first) (SSCI)<\/p>\n<p><!-- \/wp:paragraph --><\/p>\n<p><!-- wp:paragraph --><\/p>\n<p>Cordeiro-Rodrigues, L. 2019. <strong>South African Animal Legislation and Marxist Philosophy of Law<\/strong>.\u00a0<em>Cultura International Journal of Philosophy of Culture and Axiology<\/em>). 16.1, pp. 23-38. (AHCI)<\/p>\n<p><!-- \/wp:paragraph --><\/p>\n<p><!-- wp:paragraph --><\/p>\n<p>Cordeiro-Rodrigues, L. 2018. <strong>Animal Abolitionism Revisited: Neo-Colonialism and Morally Unjustified Burdens<\/strong>. Journal of Agricultural and Environmental Ethics. 31(4), pp.499\u2013510.(AHCI\/SSCI\/SCI).<\/p>\n<p><!-- \/wp:paragraph --><\/p>\n<p><!-- wp:paragraph --><\/p>\n<p>Cordeiro-Rodrigues, L. 2018.<strong> Killing a bull with bare hands: Ukweshwama and Zulu cultural accommodation<\/strong>.\u00a0<em>Anthropozoologica<\/em>. 53(16), pp.187\u2013194. (AHCI\/SSCI)<\/p>\n<p><!-- \/wp:paragraph --><\/p>\n<p><!-- wp:paragraph --><\/p>\n<p>Cordeiro-Rodrigues, L. and Mitchell, L., eds., 2017. <strong>Animals, Race, and Multiculturalism<\/strong>. 1st ed. 2017 edition. Palgrave Macmillan.<\/p>\n<p><!-- \/wp:paragraph --><\/p>\n<p><!-- wp:paragraph --><\/p>\n<p>Cordeiro-Rodrigues, L. 2017. <strong>Understanding the Impact of the AETA on Animal Advocacy<\/strong>.\u00a0<em>Environmental Ethics<\/em>, 39 (4) 355-375. (SSCI)<\/p>\n<p><!-- \/wp:paragraph --><\/p>\n<p><!-- wp:paragraph --><\/p>\n<p>Cordeiro-Rodrigues, L., 2017. <strong>Animal Abolitionism and \u2018Racism without Racists\u2019<\/strong>.\u00a0<em>Journal of Agricultural and Environmental Ethics,<\/em>\u00a030 (6), 745\u2013764. (AHCI\/SSCI\/SCI)<\/p>\n<p><!-- \/wp:paragraph --><\/p>\n<p><!-- wp:paragraph --><\/p>\n<p>Cordeiro-Rodrigues, L. and Achino, E., 2017. A<strong> Case Study on Moral Disengagement and Rationalization in the Context of Portuguese Bullfighting<\/strong>.<em>\u00a0Polish Sociological Review<\/em>, 3 (199), 315\u2013327. (SSCI)<\/p>\n<p><!-- \/wp:paragraph --><\/p>\n<p><!-- wp:paragraph --><\/p>\n<p>Cordeiro-Rodrigues, L., and Olivier, A. 2017. <strong>Racism, Speciesism and Suffering<\/strong>. In Cordeiro-Rodrigues, L. and Mitchell, L., eds., 2017. Animals, Race, and Multiculturalism. 1st ed. 2017 edition. Palgrave Macmillan, 30-57<\/p>\n<p><!-- \/wp:paragraph --><\/p>\n<p><!-- wp:paragraph --><\/p>\n<p>Cordeiro-Rodrigues, L. and Mitchell, L., 2017.<strong> Introduction<\/strong>. In Cordeiro-Rodrigues, L. and Mitchell, L., eds., 2017. Animals, Race, and Multiculturalism. 1st ed. 2017 edition. Palgrave Macmillan, 1-10.<\/p>\n<p><!-- \/wp:paragraph --><\/p>\n<p><!-- wp:paragraph --><\/p>\n<p>Cordeiro-Rodrigues, L., 2017. N<strong>onhuman Animal Metaphors and the Reinforcement of Homophobia and Heterosexism<\/strong>. In Nibert, D., ed., 2017. Animal Oppression and Capitalism. Praeger., 50-78<\/p>\n<p><!-- \/wp:paragraph --><\/p>\n<p><!-- wp:paragraph --><\/p>\n<p>Cordeiro-Rodrigues, L.C., 2016. T<strong>he strengths and shortcomings of the ideology and praxis of total liberation<\/strong>.\u00a0<em>Social Movement Studies<\/em>, 15 (4), 431\u2013433. (SSCI)<\/p>\n<p><!-- \/wp:paragraph --><\/p>\n<p><!-- wp:paragraph --><\/p>\n<p>Cordeiro-Rodrigues, L., 2015. <strong>Hidden and Unintended Racism and Speciesism in the Portuguese Animal Rights Movement: The Case of Bullfighting<\/strong>.\u00a0<em>Theoria<\/em>, 62 (144), 1\u201318. (ECI)<\/p>\n<p><!-- \/wp:paragraph --><\/p>\n<p><!-- wp:paragraph --><\/p>\n<p>Cordeiro-Rodrigues, L. 2015. <strong>Tensions between Animal Rights and Multicultural Rights in the Philosophy of Will Kymlicka and Sue Donaldson<\/strong>.<em>\u00a0The Journal of Critical Animal Studies<\/em>, 13 (1), 1-40).<\/p>\n<p><!-- \/wp:paragraph --><\/p>\n<p><!-- wp:paragraph --><\/p>\n<p>Fernandes, M. L., Soares, F., Fraz\u00e3o-Moreira, A., and Queiroz, A. I. (2016). <strong>Living with the Beast: Wolves and Humans through Portuguese Literature<\/strong>. Anthrozo\u00f6s, 29(1): 5-20.<\/p>\n<p><!-- \/wp:paragraph --><\/p>\n<p><!-- wp:paragraph --><\/p>\n<p>Fonseca, R. P. (2017). A antropomorfiza\u00e7\u00e3o de animais n\u00e3o humanos na publicidade portuguesa: o caso de \u2018A vaca que ri\u2019. Revista Cr\u00edtica de Ci\u00eancias Sociais. 112, 25-42. Available in <a href=\"http:\/\/www.scielo.mec.pt\/scielo.php?script=sci_abstract&amp;pid=S2182-74352017000100002&amp;lng=pt&amp;nrm=iso\">http:\/\/www.scielo.mec.pt\/scielo.php?script=sci_abstract&amp;pid=S2182-74352017000100002&amp;lng=pt&amp;nrm=iso<\/a><\/p>\n<p><!-- \/wp:paragraph --><\/p>\n<p><!-- wp:paragraph --><\/p>\n<p>Fonseca, R. P. (2017). A constru\u00e7\u00e3o de masculinidades atrav\u00e9s da &#8216;carne vermelha&#8217;: dois casos de estudo na publicidade portuguesa. Tropos: Comunica\u00e7\u00e3o Sociedade e Cultura. 6 (2), 1-18. Available in <a href=\"http:\/\/periodicos.ufac.br\/revista\/index.php\/tropos\/article\/view\/1529\">http:\/\/periodicos.ufac.br\/revista\/index.php\/tropos\/article\/view\/1529<\/a><\/p>\n<p><!-- \/wp:paragraph --><\/p>\n<p><!-- wp:paragraph --><\/p>\n<p>Fonseca, Rui Pedro (2018). A vaca que n\u00e3o ri. Animais, carne e leite bovino na cultura dominante. Lisboa. Livros Horizonte <a href=\"https:\/\/www.bertrand.pt\/livro\/a-vaca-que-nao-ri-rui-pedro-fonseca\/22307106\">https:\/\/www.bertrand.pt\/livro\/a-vaca-que-nao-ri-rui-pedro-fonseca\/22307106<\/a><\/p>\n<p><!-- \/wp:paragraph --><\/p>\n<p><!-- wp:paragraph --><\/p>\n<p>Fonseca, R. P. (2018). Perpetuando a invisibilidade e a mitifica\u00e7\u00e3o de animais em uma cole\u00e7\u00e3o de livros infantis. Estudos de Sociologia. 23 (44), 233-252, available in <a href=\"https:\/\/periodicos.fclar.unesp.br\/estudos\/article\/view\/10873\">https:\/\/periodicos.fclar.unesp.br\/estudos\/article\/view\/10873<\/a><\/p>\n<p><!-- \/wp:paragraph --><\/p>\n<p><!-- wp:paragraph --><\/p>\n<p>Monteiro, Teresa L\u00edbano (2016) <strong>Encounters: In what ways can a dog change family and personal life?<\/strong> Research paper. Available in <a href=\"http:\/\/www.inter-disciplinary.net\/probing-the-boundaries\/wpcontent\/uploads\/2016\/08\/MONTEIRO-Teresa-AH3-dpaper.pdf\">http:\/\/www.inter-disciplinary.net\/probing-the-boundaries\/wpcontent\/uploads\/2016\/08\/MONTEIRO-Teresa-AH3-dpaper.pdf<\/a><\/p>\n<p><!-- \/wp:paragraph --><\/p>\n<p><!-- wp:paragraph --><\/p>\n<p>Oliveira, A. V., Gomes, C., and Soares, F. (eds.) (2017) <strong>As Rapinas Nocturnas na Cultura Popular Portuguesa \u2013 pequenas hist\u00f3rias<\/strong>. S.l.: Associa\u00e7\u00e3o ALDEIA, STRI, and Erithacus.<\/p>\n<p><!-- \/wp:paragraph --><\/p>\n<p><!-- wp:paragraph --><\/p>\n<p>Policarpo, Ver\u00f3nica (2020).\u00a0<strong>\u201c<strong>Quem tem animais, tem espa\u00e7o dentro de si<\/strong>\u201d\u00a0<\/strong><em><strong>Life Research Group Blog,\u00a0<\/strong><\/em><strong>ICS Lisboa<\/strong>,\u00a0<br \/><a href=\"https:\/\/liferesearchgroup.wordpress.com\/2020\/06\/04\/\">https:\/\/liferesearchgroup.wordpress.com\/2020\/06\/04\/<\/a> <em>\u00a0, 4 de Junho<\/em><\/p>\n<p><!-- \/wp:paragraph --><\/p>\n<p><!-- wp:paragraph --><\/p>\n<p>Policarpo, Ver\u00f3nica (2019), Perder um animal-companheiro: rituais e pr\u00e1ticas sociais de luto [To lose a companion animal: rituals and social practices of mourning]. In: R. Santos, M. Barbosa &amp; A. Barbosa (Eds.),\u00a0<strong>Perda, luto e animais de companhia \u2013 Estudos multidisciplinares<\/strong>. Lisboa: Faculdade de Medicina da Universidade de Lisboa (in press).<\/p>\n<p><!-- \/wp:paragraph --><\/p>\n<p><!-- wp:paragraph --><\/p>\n<p>Policarpo, Ver\u00f3nica,Monteiro, Teresa L., Truninger, Monica, Almeida, Ana N. &amp; Rodrigues, Leonor B.(2018) A life of their own: children, animals and sustainable development, in Delicado, Ana, Sousa, Lu\u00eds &amp; Domingos, N. (2018) <strong>Changing Societies: Legacies and Challenges: Sustainability,<\/strong> Lisboa, Imprensa de Ci\u00eancias Sociais. In: <a href=\"https:\/\/www.ics.ulisboa.pt\/books\/book3\/ch08.pdf\">https:\/\/www.ics.ulisboa.pt\/books\/book3\/ch08.pdf<\/a> .<\/p>\n<p><!-- \/wp:paragraph --><\/p>\n<p><!-- wp:paragraph --><\/p>\n<p>Policarpo, Ver\u00f3nica, Barbosa, Miguel &amp; Santos, Ricardo (2018), Vidas de Humanos com Animais: que relev\u00e2ncia nas ci\u00eancias sociais? [Human lives with animals: what\u2019s the relevance for the social sciences?] <strong>Life Research Group Blog, ICS-Lisboa<\/strong>, <a href=\"https:\/\/liferesearchgroup.wordpress.com\/2018\/05\/17\">https:\/\/liferesearchgroup.wordpress.com\/2018\/05\/17<\/a>, 17 de Maio.<\/p>\n<p><!-- \/wp:paragraph --><\/p>\n<p><!-- wp:paragraph --><\/p>\n<p>Policarpo, Ver\u00f3nica; Tereno, Henrique (2019).\u00a0Posso dar a minha opini\u00e3o? Um focus group sobre humanos e outros animais.\u00a0<em><strong>Life Research Group Blog,\u00a0<\/strong><\/em><strong>ICS-Lisboa<\/strong>, <a href=\"https:\/\/liferesearchgroup.wordpress.com\/2019\/09\/12\/\">https:\/\/liferesearchgroup.wordpress.com\/2019\/09\/12\/<\/a><em>, \u00a012 de Setembro\u00a0<\/em><\/p>\n<p><!-- \/wp:paragraph --><\/p>\n<p><!-- wp:paragraph --><\/p>\n<p>Policarpo, Ver\u00f3nica (2018). The importance of being\u00a0Piloto. <strong>Yr Onomastegydd,<\/strong> <a href=\"https:\/\/yronomastegydd.wordpress.com\/2018\/10\/08\/the-importance-of-being-piloto\/\">https:\/\/yronomastegydd.wordpress.com\/2018\/10\/08\/the-importance-of-being-piloto\/<\/a><\/p>\n<p><!-- \/wp:paragraph --><\/p>\n<p><!-- wp:paragraph --><\/p>\n<p>Policarpo, Ver\u00f3nica (2019). (2019).\u00a0Tr\u00eas crian\u00e7as e um gato cego: crescer juntos, mas ao contr\u00e1rio, na casa da vida<strong>.<\/strong>\u00a0<em><strong>Life Research Group Blog<\/strong>,\u00a0<\/em>ICS-Lisboa<a href=\"https:\/\/liferesearchgroup.wordpress.com\/2019\/11\/07\/\">,<\/a><em><a href=\"https:\/\/liferesearchgroup.wordpress.com\/2019\/11\/07\/\">https:\/\/liferesearchgroup.wordpress.com\/2019\/11\/07\u00a0<\/a>07 de novembro<\/em><\/p>\n<p><!-- \/wp:paragraph --><\/p>\n<p><!-- wp:paragraph --><\/p>\n<p>Queiroz, A.I., and Soares, F. (2016). B<strong>irds in Portuguese literature<\/strong>. Environment and History, 22: 229\u2013254.<\/p>\n<p><!-- \/wp:paragraph --><\/p>\n<p><!-- wp:paragraph --><\/p>\n<p>Queiroz, A. I., Fernandes, M. L., and Soares, F. (2013).<strong> The Portuguese Literary Wolf<\/strong>, Digital Scholarship in the Humanities, 30 (3): 388-404.<\/p>\n<p><!-- \/wp:paragraph --><\/p>\n<p><!-- wp:paragraph --><\/p>\n<p>Soares, F. (2020) <a href=\"http:\/\/www.urbanfieldnaturalist.org\/stories\/soundscapes-of-lockdown\">Soundscapes of Lockdown<\/a>. <em>The Urban Field Naturalist Project<\/em>.<\/p>\n<p><!-- \/wp:paragraph --><\/p>\n<p><!-- wp:paragraph --><\/p>\n<p>Soares, F. (2020) <a href=\"https:\/\/www.wilder.pt\/cronicas\/andorinhoes-medonhos-ou-inocentes\/\">Andorinh\u00f5es: medonhos ou inocentes?<\/a><em> Wilder \u2013 Rewilding your days<\/em>.<\/p>\n<p><!-- \/wp:paragraph --><\/p>\n<p><!-- wp:paragraph --><\/p>\n<p>Soares,<br \/>F. (2020) <a href=\"https:\/\/www.wilder.pt\/cronicas\/nos-pauis-as-narcejas\/\">Nos<br \/>pauis, \u00e0s narcejas<\/a>. <em>Wilder \u2013 Rewilding your days<\/em>.<\/p>\n<p><!-- \/wp:paragraph --><\/p>\n<p><!-- wp:paragraph --><\/p>\n<p>Truninger, M. &amp; Horta, A., (2017), School meals and the rural idyll: children&#8217;s engagements with animals, plants and other nature. In: Miele, M.; Higgins, V.; Bj\u00f8rkhaug, H.; Truninger, M. (eds), <strong>Rural Change and Global Processes<\/strong>, Emerald Books.<\/p>\n<p><!-- \/wp:paragraph --><\/p>\t\t\t\t\t\t<\/div>\n\t\t\t\t<\/div>\n\t\t\t\t\t<\/div>\n\t\t<\/div>\n\t\t\t\t\t<\/div>\n\t\t<\/section>\n\t\t\t\t<\/div>","protected":false},"excerpt":{"rendered":"<p>Antoine\u00a0Dor\u00e9, J\u00e9r\u00f4me\u00a0Michalon\u00a0and Teresa L\u00edbano\u00a0Monteiro, \u00ab\u00a0The Place and Effect of Animals in Families\u00a0\u00bb,\u00a0Enfances Familles G\u00e9n\u00e9rations\u00a0[Online], 32\u00a0|\u00a02019, Online since 15 May 2019, connection on 07 November 2019. URL: http:\/\/journals.openedition.org\/efg\/8073 Brighenti AM and Pavoni A (2018) Urban Animals \u2013 Domestic, Stray and Wild. Notes from a bear repopulation project in the Alps, in\u00a0Society &amp; Animals\u00a026(6): 576-597 Brighenti AM [&hellip;]<\/p>","protected":false},"author":1,"featured_media":0,"parent":0,"menu_order":0,"comment_status":"closed","ping_status":"closed","template":"","meta":{"_links_to":"","_links_to_target":""},"_links":{"self":[{"href":"http:\/\/humananimalstudies.net\/en\/wp-json\/wp\/v2\/pages\/80"}],"collection":[{"href":"http:\/\/humananimalstudies.net\/en\/wp-json\/wp\/v2\/pages"}],"about":[{"href":"http:\/\/humananimalstudies.net\/en\/wp-json\/wp\/v2\/types\/page"}],"author":[{"embeddable":true,"href":"http:\/\/humananimalstudies.net\/en\/wp-json\/wp\/v2\/users\/1"}],"replies":[{"embeddable":true,"href":"http:\/\/humananimalstudies.net\/en\/wp-json\/wp\/v2\/comments?post=80"}],"version-history":[{"count":20,"href":"http:\/\/humananimalstudies.net\/en\/wp-json\/wp\/v2\/pages\/80\/revisions"}],"predecessor-version":[{"id":2176,"href":"http:\/\/humananimalstudies.net\/en\/wp-json\/wp\/v2\/pages\/80\/revisions\/2176"}],"wp:attachment":[{"href":"http:\/\/humananimalstudies.net\/en\/wp-json\/wp\/v2\/media?parent=80"}],"curies":[{"name":"wp","href":"https:\/\/api.w.org\/{rel}","templated":true}]}}