{"id":101,"date":"2018-12-26T14:09:44","date_gmt":"2018-12-26T14:09:44","guid":{"rendered":"http:\/\/humananimalstudies.net\/?page_id=101"},"modified":"2026-02-11T16:11:27","modified_gmt":"2026-02-11T16:11:27","slug":"workshops","status":"publish","type":"page","link":"http:\/\/humananimalstudies.net\/pt\/formacao\/workshops\/","title":{"rendered":"Workshops"},"content":{"rendered":"\t\t<div data-elementor-type=\"wp-post\" data-elementor-id=\"101\" class=\"elementor elementor-101\">\n\t\t\t\t\t\t<section class=\"elementor-section elementor-top-section elementor-element elementor-element-a5273c9 elementor-section-boxed elementor-section-height-default elementor-section-height-default\" data-id=\"a5273c9\" data-element_type=\"section\">\n\t\t\t\t\t\t<div class=\"elementor-container elementor-column-gap-default\">\n\t\t\t\t\t<div class=\"elementor-column elementor-col-100 elementor-top-column elementor-element elementor-element-10dc115\" data-id=\"10dc115\" data-element_type=\"column\">\n\t\t\t<div class=\"elementor-widget-wrap elementor-element-populated\">\n\t\t\t\t\t\t<div class=\"elementor-element elementor-element-3170f4e elementor-widget elementor-widget-image\" data-id=\"3170f4e\" data-element_type=\"widget\" data-widget_type=\"image.default\">\n\t\t\t\t<div class=\"elementor-widget-container\">\n\t\t\t\t\t\t\t\t\t\t\t\t\t<img fetchpriority=\"high\" decoding=\"async\" width=\"1280\" height=\"720\" src=\"https:\/\/humananimalstudies.net\/wp-content\/uploads\/2019\/07\/Diapositivo1.png\" class=\"attachment-full size-full wp-image-997\" alt=\"\" srcset=\"https:\/\/humananimalstudies.net\/wp-content\/uploads\/2019\/07\/Diapositivo1.png 1280w, https:\/\/humananimalstudies.net\/wp-content\/uploads\/2019\/07\/Diapositivo1-300x169.png 300w, https:\/\/humananimalstudies.net\/wp-content\/uploads\/2019\/07\/Diapositivo1-768x432.png 768w, https:\/\/humananimalstudies.net\/wp-content\/uploads\/2019\/07\/Diapositivo1-1024x576.png 1024w\" sizes=\"(max-width: 1280px) 100vw, 1280px\" \/>\t\t\t\t\t\t\t\t\t\t\t\t\t<\/div>\n\t\t\t\t<\/div>\n\t\t\t\t\t<\/div>\n\t\t<\/div>\n\t\t\t\t\t<\/div>\n\t\t<\/section>\n\t\t\t\t<section class=\"elementor-section elementor-top-section elementor-element elementor-element-150d6a1 elementor-section-boxed elementor-section-height-default elementor-section-height-default\" data-id=\"150d6a1\" data-element_type=\"section\">\n\t\t\t\t\t\t<div class=\"elementor-container elementor-column-gap-default\">\n\t\t\t\t\t<div class=\"elementor-column elementor-col-100 elementor-top-column elementor-element elementor-element-68a95df\" data-id=\"68a95df\" data-element_type=\"column\">\n\t\t\t<div class=\"elementor-widget-wrap elementor-element-populated\">\n\t\t\t\t\t\t<div class=\"elementor-element elementor-element-28e0eca elementor-widget elementor-widget-text-editor\" data-id=\"28e0eca\" data-element_type=\"widget\" data-widget_type=\"text-editor.default\">\n\t\t\t\t<div class=\"elementor-widget-container\">\n\t\t\t\t\t\t\t<p class=\"MsoNormal\" style=\"margin-bottom: .0001pt; text-align: center; line-height: normal;\" align=\"center\"><span lang=\"EN-GB\" style=\"font-size: 14.0pt; mso-bidi-font-size: 11.0pt; font-family: 'Arial Rounded MT Bold',sans-serif; color: #833c0b; mso-themecolor: accent2; mso-themeshade: 128; mso-ansi-language: EN-GB;\">CLAN \u2013 Children-Animals Friendships: <\/span><\/p><p class=\"MsoNormal\" style=\"margin-bottom: .0001pt; text-align: center; line-height: normal;\" align=\"center\"><span lang=\"EN-GB\" style=\"font-family: 'Arial Rounded MT Bold',sans-serif; color: #833c0b; mso-themecolor: accent2; mso-themeshade: 128; mso-ansi-language: EN-GB;\">Challenging boundaries between humans and non-humans in contemporary societies<\/span><\/p><p class=\"MsoNormal\" style=\"text-align: center;\" align=\"center\"><span style=\"font-size: 10.0pt; mso-bidi-font-size: 11.0pt; line-height: 107%; font-family: 'Arial Rounded MT Bold',sans-serif; color: #833c0b; mso-themecolor: accent2; mso-themeshade: 128; mso-ansi-language: PT;\">PTDC\/SOC 28415\/2017<\/span><\/p><p class=\"MsoNormal\" style=\"margin-bottom: .0001pt; text-align: center;\" align=\"center\"><span style=\"font-size: 10.0pt; mso-bidi-font-size: 11.0pt; line-height: 107%; font-family: 'Arial Rounded MT Bold',sans-serif; color: #833c0b; mso-themecolor: accent2; mso-themeshade: 128; mso-ansi-language: PT;\">Ver\u00f3nica Policarpo (PI) <\/span><\/p><p class=\"MsoNormal\" style=\"text-align: center;\" align=\"center\"><span style=\"font-size: 10.0pt; mso-bidi-font-size: 11.0pt; line-height: 107%; font-family: 'Arial Rounded MT Bold',sans-serif; color: #833c0b; mso-themecolor: accent2; mso-themeshade: 128; mso-ansi-language: PT;\">Ana Nunes de Almeida (Co-PI)<\/span><\/p><p class=\"MsoNormal\" style=\"text-align: right; line-height: normal;\" align=\"right\"><span style=\"font-size: 10.0pt; mso-bidi-font-size: 11.0pt; font-family: 'Arial Rounded MT Bold',sans-serif; color: #833c0b; mso-themecolor: accent2; mso-themeshade: 128; mso-ansi-language: PT;\">\u00a0<\/span><\/p><p class=\"MsoNormal\" style=\"text-align: center; line-height: normal;\" align=\"center\"><span lang=\"EN-GB\" style=\"font-size: 14.0pt; mso-bidi-font-size: 11.0pt; font-family: 'Arial Rounded MT Bold',sans-serif; color: #833c0b; mso-themecolor: accent2; mso-themeshade: 128; mso-ansi-language: EN-GB;\">Workshop sobre Comportamento Animal<\/span><\/p><p class=\"MsoNormal\" style=\"text-align: center; line-height: normal;\" align=\"center\"><span lang=\"EN-GB\" style=\"font-size: 14.0pt; mso-bidi-font-size: 11.0pt; font-family: 'Arial Rounded MT Bold',sans-serif; color: #833c0b; mso-themecolor: accent2; mso-themeshade: 128; mso-ansi-language: EN-GB;\">Funda\u00e7\u00e3o Change for Animals <\/span><\/p><p class=\"MsoNormal\" style=\"text-align: center; line-height: normal;\" align=\"center\"><span lang=\"EN-GB\" style=\"font-size: 14.0pt; mso-bidi-font-size: 11.0pt; font-family: 'Arial Rounded MT Bold',sans-serif; color: #833c0b; mso-themecolor: accent2; mso-themeshade: 128; mso-ansi-language: EN-GB;\">5 Setembro 2019 <\/span><\/p><p class=\"MsoNormal\" style=\"text-align: center; line-height: normal;\" align=\"center\"><span lang=\"EN-GB\" style=\"font-size: 14.0pt; mso-bidi-font-size: 11.0pt; font-family: 'Arial Rounded MT Bold',sans-serif; color: #833c0b; mso-themecolor: accent2; mso-themeshade: 128; mso-ansi-language: EN-GB;\">ICS-ULisboa<\/span><\/p>\t\t\t\t\t\t<\/div>\n\t\t\t\t<\/div>\n\t\t\t\t\t<\/div>\n\t\t<\/div>\n\t\t\t\t\t<\/div>\n\t\t<\/section>\n\t\t\t\t<section class=\"elementor-section elementor-top-section elementor-element elementor-element-f71ffc0 elementor-section-boxed elementor-section-height-default elementor-section-height-default\" data-id=\"f71ffc0\" data-element_type=\"section\">\n\t\t\t\t\t\t<div class=\"elementor-container elementor-column-gap-default\">\n\t\t\t\t\t<div class=\"elementor-column elementor-col-100 elementor-top-column elementor-element elementor-element-c221a21\" data-id=\"c221a21\" data-element_type=\"column\">\n\t\t\t<div class=\"elementor-widget-wrap elementor-element-populated\">\n\t\t\t\t\t\t<div class=\"elementor-element elementor-element-2d7537a elementor-arrows-position-inside elementor-pagination-position-outside elementor-widget elementor-widget-image-carousel\" data-id=\"2d7537a\" data-element_type=\"widget\" data-settings=\"{&quot;autoplay_speed&quot;:3000,&quot;navigation&quot;:&quot;both&quot;,&quot;autoplay&quot;:&quot;yes&quot;,&quot;pause_on_hover&quot;:&quot;yes&quot;,&quot;pause_on_interaction&quot;:&quot;yes&quot;,&quot;infinite&quot;:&quot;yes&quot;,&quot;speed&quot;:500}\" data-widget_type=\"image-carousel.default\">\n\t\t\t\t<div class=\"elementor-widget-container\">\n\t\t\t\t\t<div class=\"elementor-image-carousel-wrapper swiper\" dir=\"ltr\">\n\t\t\t<div class=\"elementor-image-carousel swiper-wrapper\" aria-live=\"off\">\n\t\t\t\t\t\t\t\t<div class=\"swiper-slide\" role=\"group\" aria-roledescription=\"slide\" aria-label=\"1 of 7\"><figure class=\"swiper-slide-inner\"><img decoding=\"async\" class=\"swiper-slide-image\" src=\"https:\/\/humananimalstudies.net\/wp-content\/uploads\/elementor\/thumbs\/adorable-affection-animal-614521-oay5hn2en23nzslytfk19jh2t6qc3hq8dm8l9ak3zc.jpg\" alt=\"adorable-affection-animal-614521\" \/><\/figure><\/div><div class=\"swiper-slide\" role=\"group\" aria-roledescription=\"slide\" aria-label=\"2 of 7\"><figure class=\"swiper-slide-inner\"><img decoding=\"async\" class=\"swiper-slide-image\" src=\"https:\/\/humananimalstudies.net\/wp-content\/uploads\/elementor\/thumbs\/animal-aquarium-betta-fish-942295-oay4ykw8200ckgao46ydpcml5woe0g26fa04xati5k.jpg\" alt=\"animal-aquarium-betta-fish-942295\" \/><\/figure><\/div><div class=\"swiper-slide\" role=\"group\" aria-roledescription=\"slide\" aria-label=\"3 of 7\"><figure class=\"swiper-slide-inner\"><img decoding=\"async\" class=\"swiper-slide-image\" src=\"https:\/\/humananimalstudies.net\/wp-content\/uploads\/elementor\/thumbs\/animal-avian-bird-416189-oay4yv8g56ei45vnftf9ys0np59fd4784p6h7ce694.jpg\" alt=\"animal-avian-bird-416189\" \/><\/figure><\/div><div class=\"swiper-slide\" role=\"group\" aria-roledescription=\"slide\" aria-label=\"4 of 7\"><figure class=\"swiper-slide-inner\"><img decoding=\"async\" class=\"swiper-slide-image\" src=\"https:\/\/humananimalstudies.net\/wp-content\/uploads\/elementor\/thumbs\/adorable-animal-black-2389073-oay4mc1x0p8vbc30meecpxvek718qeg2eo1euiz57s.jpg\" alt=\"adorable-animal-black-2389073\" \/><\/figure><\/div><div class=\"swiper-slide\" role=\"group\" aria-roledescription=\"slide\" aria-label=\"5 of 7\"><figure class=\"swiper-slide-inner\"><img decoding=\"async\" class=\"swiper-slide-image\" src=\"https:\/\/humananimalstudies.net\/wp-content\/uploads\/elementor\/thumbs\/black-cat-black-keyboard-cat-1049764-oay49jgzzvqdaeo1bvb5s63jhe3dypnlbcdhoxy1wo.jpg\" alt=\"black-cat-black-keyboard-cat-1049764\" \/><\/figure><\/div><div class=\"swiper-slide\" role=\"group\" aria-roledescription=\"slide\" aria-label=\"6 of 7\"><figure class=\"swiper-slide-inner\"><img decoding=\"async\" class=\"swiper-slide-image\" src=\"https:\/\/humananimalstudies.net\/wp-content\/uploads\/elementor\/thumbs\/canine-daylight-dog-533079-oay47vbbuhg0nd3f35b1cla1gqbwa30rr2mez8f8yw.jpg\" alt=\"canine-daylight-dog-533079\" \/><\/figure><\/div><div class=\"swiper-slide\" role=\"group\" aria-roledescription=\"slide\" aria-label=\"7 of 7\"><figure class=\"swiper-slide-inner\"><img decoding=\"async\" class=\"swiper-slide-image\" src=\"https:\/\/humananimalstudies.net\/wp-content\/uploads\/elementor\/thumbs\/animal-animal-photography-arm-2253805-oay5o6zwah2mxx39jrje5dxrwwfgriquy1zgpqualk.jpg\" alt=\"animal-animal-photography-arm-2253805\" \/><\/figure><\/div>\t\t\t<\/div>\n\t\t\t\t\t\t\t\t\t\t\t\t<div class=\"elementor-swiper-button elementor-swiper-button-prev\" role=\"button\" tabindex=\"0\">\n\t\t\t\t\t\t<i aria-hidden=\"true\" class=\"eicon-chevron-left\"><\/i>\t\t\t\t\t<\/div>\n\t\t\t\t\t<div class=\"elementor-swiper-button elementor-swiper-button-next\" role=\"button\" tabindex=\"0\">\n\t\t\t\t\t\t<i aria-hidden=\"true\" class=\"eicon-chevron-right\"><\/i>\t\t\t\t\t<\/div>\n\t\t\t\t\n\t\t\t\t\t\t\t\t\t<div class=\"swiper-pagination\"><\/div>\n\t\t\t\t\t\t\t\t\t<\/div>\n\t\t\t\t<\/div>\n\t\t\t\t<\/div>\n\t\t\t\t\t<\/div>\n\t\t<\/div>\n\t\t\t\t\t<\/div>\n\t\t<\/section>\n\t\t\t\t<section class=\"elementor-section elementor-top-section elementor-element elementor-element-52b19a3 elementor-section-boxed elementor-section-height-default elementor-section-height-default\" data-id=\"52b19a3\" data-element_type=\"section\">\n\t\t\t\t\t\t<div class=\"elementor-container elementor-column-gap-default\">\n\t\t\t\t\t<div class=\"elementor-column elementor-col-50 elementor-top-column elementor-element elementor-element-7238527\" data-id=\"7238527\" data-element_type=\"column\">\n\t\t\t<div class=\"elementor-widget-wrap elementor-element-populated\">\n\t\t\t\t\t\t<div class=\"elementor-element elementor-element-3ad69ad elementor-widget elementor-widget-text-editor\" data-id=\"3ad69ad\" data-element_type=\"widget\" data-widget_type=\"text-editor.default\">\n\t\t\t\t<div class=\"elementor-widget-container\">\n\t\t\t\t\t\t\t<p style=\"font-weight: 400;\">Objetivos e articula\u00e7\u00e3o com o projeto:<\/p><p style=\"font-weight: 400;\">O principal objetivo deste workshop \u00e9 fornecer \u00e0 equipa CLAN, principalmente aqueles que ir\u00e3o realizar trabalho de campo, as ferramentas essenciais para interpretar o comportamento dos Animais de Companhia.\u00a0<\/p><p style=\"font-weight: 400;\">Pretendemos:<\/p><p style=\"font-weight: 400;\">1) Identificar os principais indicadores de bem-estar nos animais de companhia, de acordo com as esp\u00e9cies;<\/p><p style=\"font-weight: 400;\">2) identificar os comportamentos principais dos animals em rela\u00e7\u00e3o aos seres humanos (cuidadores, visitantes regulares, visitantes ocasionais), de acordo com as esp\u00e9cies;<\/p><p style=\"font-weight: 400;\">3) identificar a complexidade do comportamento animal em rela\u00e7\u00e3o a outros animais na casa\/espa\u00e7o, de acordo com as esp\u00e9cies, bem como em rela\u00e7\u00e3o a elementos n\u00e3o humanos (espa\u00e7o dispon\u00edvel, objetos, etc.);<\/p><p style=\"font-weight: 400;\">4) Entender as especificidades, se houver, do comportamento animal nas rela\u00e7\u00f5es com crian\u00e7as.<\/p><p style=\"font-weight: 400;\">Estas informa\u00e7\u00f5es ir\u00e3o orientar a equipa CLAN nas visitas domiciliares. Elas tamb\u00e9m ser\u00e3o integradas numa grelha de observa\u00e7\u00e3o que os investigadores usar\u00e3o para descrever as intera\u00e7\u00f5es entre animais e humanos em casa.\u00a0<\/p>\t\t\t\t\t\t<\/div>\n\t\t\t\t<\/div>\n\t\t\t\t\t<\/div>\n\t\t<\/div>\n\t\t\t\t<div class=\"elementor-column elementor-col-50 elementor-top-column elementor-element elementor-element-c7329d0\" data-id=\"c7329d0\" data-element_type=\"column\">\n\t\t\t<div class=\"elementor-widget-wrap elementor-element-populated\">\n\t\t\t\t\t\t<div class=\"elementor-element elementor-element-4f26cbf elementor-widget elementor-widget-text-editor\" data-id=\"4f26cbf\" data-element_type=\"widget\" data-widget_type=\"text-editor.default\">\n\t\t\t\t<div class=\"elementor-widget-container\">\n\t\t\t\t\t\t\t<p><span style=\"color: #833c0b; font-family: 'Arial Rounded MT Bold', sans-serif; font-size: 14pt; text-align: center;\">Program<\/span><\/p>\n<p style=\"text-align: center;\" align=\"center\">\n<\/p><table style=\"height: 423px;\" border=\"1\" width=\"657\" cellspacing=\"0\" cellpadding=\"0\">\n<tbody>\n<tr>\n<td style=\"width: 67.5pt; border-top-width: 1pt; border-right-width: 1pt; border-bottom-width: 1pt; border-top-color: #ffc000; border-right-color: #ffc000; border-bottom-color: #ffc000; border-left: none; padding: 0cm 5.4pt;\" valign=\"top\" width=\"113\">\n<p style=\"margin-bottom: .0001pt; text-align: center; line-height: normal; mso-yfti-cnfc: 5;\" align=\"center\"><b><span lang=\"EN-GB\" style=\"font-size: 10.5pt; color: #833c0b; mso-themecolor: accent2; mso-themeshade: 128; mso-ansi-language: EN-GB;\">&nbsp;<\/span><\/b><\/p>\n<\/td>\n<td style=\"width: 393.2pt; border-top-width: 1pt; border-right-width: 1pt; border-bottom-width: 1pt; border-top-color: #ffc000; border-right-color: #ffc000; border-bottom-color: #ffc000; border-left: none; padding: 0cm 5.4pt;\" valign=\"top\" width=\"655\">\n<p style=\"margin-bottom: .0001pt; text-align: center; line-height: normal; mso-yfti-cnfc: 1;\" align=\"center\"><b><span lang=\"EN-GB\" style=\"font-size: 10.5pt; color: #833c0b; mso-themecolor: accent2; mso-themeshade: 128; mso-ansi-language: EN-GB;\">Quinta-feira, 5 de Setembro<\/span><\/b><\/p>\n<\/td>\n<\/tr>\n<tr>\n<td style=\"width: 67.5pt; border-top: none; border-bottom: none; border-left: none; border-right-width: 1pt; border-right-color: #ffc000; background: #fff2cc; padding: 0cm 5.4pt;\" valign=\"top\" width=\"113\">\n<p style=\"margin-bottom: .0001pt; line-height: normal; mso-yfti-cnfc: 68;\"><b><span lang=\"EN-GB\" style=\"font-size: 10.5pt; color: #833c0b; mso-themecolor: accent2; mso-themeshade: 128; mso-ansi-language: EN-GB;\">10h00-13h00<\/span><\/b><\/p>\n<\/td>\n<td style=\"width: 393.2pt; border-top: none; border-bottom: none; border-left: none; border-right-width: 1pt; border-right-color: #ffc000; background: #fff2cc; padding: 0cm 5.4pt;\" valign=\"top\" width=\"655\">\n<p style=\"margin-bottom: .0001pt; line-height: normal; mso-yfti-cnfc: 64;\"><span lang=\"EN-GB\" style=\"font-size: 10.5pt; color: #bf8f00; mso-themecolor: accent4; mso-themeshade: 191; mso-ansi-language: EN-GB;\">The 5 Liberties of Animal Welfare (John Webster)<\/span><\/p>\n<p style=\"margin-bottom: .0001pt; line-height: normal; mso-yfti-cnfc: 64;\"><span lang=\"EN-GB\" style=\"font-size: 10.5pt; color: #bf8f00; mso-themecolor: accent4; mso-themeshade: 191; mso-ansi-language: EN-GB;\">Bem-estar animal e animais de companhia<\/span><\/p>\n<p style=\"margin-bottom: .0001pt; line-height: normal; mso-yfti-cnfc: 64;\"><span lang=\"EN-GB\" style=\"font-size: 10.5pt; color: #bf8f00; mso-themecolor: accent4; mso-themeshade: 191; mso-ansi-language: EN-GB;\">O bem-estar das esp\u00e9cies mais prevalentes de animais de companhia: c\u00e3es e gatos.<\/span><\/p>\n<p style=\"margin-bottom: .0001pt; line-height: normal; mso-yfti-cnfc: 64;\"><span lang=\"EN-GB\" style=\"font-size: 10.5pt; color: #bf8f00; mso-themecolor: accent4; mso-themeshade: 191; mso-ansi-language: EN-GB;\">&nbsp;<\/span><\/p>\n<\/td>\n<\/tr>\n<tr>\n<td style=\"width: 67.5pt; border-top: none; border-bottom: none; border-left: none; border-right-width: 1pt; border-right-color: #ffc000; padding: 0cm 5.4pt;\" valign=\"top\" width=\"113\">\n<p style=\"margin-bottom: .0001pt; line-height: normal; mso-yfti-cnfc: 4;\"><b><span lang=\"EN-GB\" style=\"font-size: 10.5pt; color: #833c0b; mso-themecolor: accent2; mso-themeshade: 128; mso-ansi-language: EN-GB;\">13h00 \u2013 14h00<\/span><\/b><\/p>\n<\/td>\n<td style=\"width: 393.2pt; border-top: none; border-bottom: none; border-left: none; border-right-width: 1pt; border-right-color: #ffc000; padding: 0cm 5.4pt;\" valign=\"top\" width=\"655\">\n<p style=\"margin-bottom: .0001pt; line-height: normal;\"><font color=\"#bf8f00\"><span style=\"font-size: 14px;\"><i>Pausa para almo\u00e7o<\/i><\/span><\/font><\/p>\n<\/td>\n<\/tr>\n<tr>\n<td style=\"width: 67.5pt; border-top: none; border-left: none; border-bottom-width: 1pt; border-bottom-color: #ffc000; border-right-width: 1pt; border-right-color: #ffc000; background: #fff2cc; padding: 0cm 5.4pt;\" valign=\"top\" width=\"113\">\n<p style=\"margin-bottom: .0001pt; line-height: normal; mso-yfti-cnfc: 68;\"><b><span lang=\"EN-GB\" style=\"font-size: 10.5pt; color: #833c0b; mso-themecolor: accent2; mso-themeshade: 128; mso-ansi-language: EN-GB;\">14h00 -17h00<\/span><\/b><\/p>\n<\/td>\n<td style=\"width: 393.2pt; border-top: none; border-left: none; border-bottom-width: 1pt; border-bottom-color: #ffc000; border-right-width: 1pt; border-right-color: #ffc000; background: #fff2cc; padding: 0cm 5.4pt;\" valign=\"top\" width=\"655\">\n<p style=\"margin-bottom: .0001pt; line-height: normal; mso-yfti-cnfc: 64;\"><span lang=\"EN-GB\" style=\"font-size: 10.5pt; color: #bf8f00; mso-themecolor: accent4; mso-themeshade: 191; mso-ansi-language: EN-GB;\">Outras esp\u00e9cies. Exemplos gerais de grupos de esp\u00e9cies e comportamentos\/sinais comuns em rela\u00e7\u00e3o ao bem estar e as 5 liberdades<\/span><span style=\"color: #bf8f00; font-size: 10.5pt;\">. Esp\u00e9cies vs caracter\u00edsticas individuais: subjetividades individuais entre esp\u00e9cies.&nbsp;<\/span><\/p>\n<p style=\"margin-bottom: .0001pt; line-height: normal; mso-yfti-cnfc: 64;\">\n<\/p><p style=\"margin-bottom: .0001pt; line-height: normal; mso-yfti-cnfc: 64;\"><span lang=\"EN-GB\" style=\"font-size: 10.5pt; color: #bf8f00; mso-themecolor: accent4; mso-themeshade: 191; mso-ansi-language: EN-GB;\">O comportamento humano em rela\u00e7\u00e3o aos animais &#8211; a\u00e7\u00f5es comuns, comportamentos e intera\u00e7\u00f5es que as pessoas t\u00eam com os seus animais. O que \u00e9 que isto nos pode dizer acerca da perce\u00e7\u00e3o que a pessoa tem do animal?<\/span><\/p><\/td><\/tr><\/tbody><\/table>\t\t\t\t\t\t<\/div>\n\t\t\t\t<\/div>\n\t\t\t\t\t<\/div>\n\t\t<\/div>\n\t\t\t\t\t<\/div>\n\t\t<\/section>\n\t\t\t\t<section class=\"elementor-section elementor-top-section elementor-element elementor-element-25e18c1 elementor-section-boxed elementor-section-height-default elementor-section-height-default\" data-id=\"25e18c1\" data-element_type=\"section\">\n\t\t\t\t\t\t<div class=\"elementor-container elementor-column-gap-default\">\n\t\t\t\t\t<div class=\"elementor-column elementor-col-100 elementor-top-column elementor-element elementor-element-f73fd1c\" data-id=\"f73fd1c\" data-element_type=\"column\">\n\t\t\t<div class=\"elementor-widget-wrap\">\n\t\t\t\t\t\t\t<\/div>\n\t\t<\/div>\n\t\t\t\t\t<\/div>\n\t\t<\/section>\n\t\t\t\t<\/div>\n\t\t","protected":false},"excerpt":{"rendered":"<p>CLAN \u2013 Children-Animals Friendships: Challenging boundaries between humans and non-humans in contemporary societies PTDC\/SOC 28415\/2017 Ver\u00f3nica Policarpo (PI) Ana Nunes de Almeida (Co-PI) \u00a0 Workshop sobre Comportamento Animal Funda\u00e7\u00e3o Change for Animals 5 Setembro 2019 ICS-ULisboa Objetivos e articula\u00e7\u00e3o com o projeto: O principal objetivo deste workshop \u00e9 fornecer \u00e0 equipa CLAN, principalmente aqueles que [&hellip;]<\/p>\n","protected":false},"author":1,"featured_media":0,"parent":84,"menu_order":0,"comment_status":"closed","ping_status":"closed","template":"elementor_header_footer","meta":{"_links_to":"","_links_to_target":""},"_links":{"self":[{"href":"http:\/\/humananimalstudies.net\/pt\/wp-json\/wp\/v2\/pages\/101"}],"collection":[{"href":"http:\/\/humananimalstudies.net\/pt\/wp-json\/wp\/v2\/pages"}],"about":[{"href":"http:\/\/humananimalstudies.net\/pt\/wp-json\/wp\/v2\/types\/page"}],"author":[{"embeddable":true,"href":"http:\/\/humananimalstudies.net\/pt\/wp-json\/wp\/v2\/users\/1"}],"replies":[{"embeddable":true,"href":"http:\/\/humananimalstudies.net\/pt\/wp-json\/wp\/v2\/comments?post=101"}],"version-history":[{"count":14,"href":"http:\/\/humananimalstudies.net\/pt\/wp-json\/wp\/v2\/pages\/101\/revisions"}],"predecessor-version":[{"id":5119,"href":"http:\/\/humananimalstudies.net\/pt\/wp-json\/wp\/v2\/pages\/101\/revisions\/5119"}],"up":[{"embeddable":true,"href":"http:\/\/humananimalstudies.net\/pt\/wp-json\/wp\/v2\/pages\/84"}],"wp:attachment":[{"href":"http:\/\/humananimalstudies.net\/pt\/wp-json\/wp\/v2\/media?parent=101"}],"curies":[{"name":"wp","href":"https:\/\/api.w.org\/{rel}","templated":true}]}}