{"id":4116,"date":"2024-01-24T19:54:43","date_gmt":"2024-01-24T19:54:43","guid":{"rendered":"https:\/\/humananimalstudies.net\/?page_id=4116"},"modified":"2024-03-25T17:01:37","modified_gmt":"2024-03-25T17:01:37","slug":"1-o-projeto-clan","status":"publish","type":"page","link":"https:\/\/humananimalstudies.net\/en\/1-o-projeto-clan\/","title":{"rendered":"1. O Projeto CLAN"},"content":{"rendered":"<div data-elementor-type=\"wp-post\" data-elementor-id=\"4116\" class=\"elementor elementor-4116\">\n\t\t\t\t\t\t<section class=\"elementor-section elementor-top-section elementor-element elementor-element-67eab3d elementor-section-boxed elementor-section-height-default elementor-section-height-default\" data-id=\"67eab3d\" data-element_type=\"section\" data-settings=\"{&quot;background_background&quot;:&quot;classic&quot;}\">\n\t\t\t\t\t\t\t<div class=\"elementor-background-overlay\"><\/div>\n\t\t\t\t\t\t\t<div class=\"elementor-container elementor-column-gap-default\">\n\t\t\t\t\t<div class=\"elementor-column elementor-col-100 elementor-top-column elementor-element elementor-element-019f49e\" data-id=\"019f49e\" data-element_type=\"column\">\n\t\t\t<div class=\"elementor-widget-wrap elementor-element-populated\">\n\t\t\t\t\t\t<div class=\"elementor-element elementor-element-92ecc5e elementor-widget elementor-widget-heading\" data-id=\"92ecc5e\" data-element_type=\"widget\" data-widget_type=\"heading.default\">\n\t\t\t\t<div class=\"elementor-widget-container\">\n\t\t\t<h2 class=\"elementor-heading-title elementor-size-default\">1. O Projeto CLAN \n<\/h2>\t\t<\/div>\n\t\t\t\t<\/div>\n\t\t\t\t\t<\/div>\n\t\t<\/div>\n\t\t\t\t\t<\/div>\n\t\t<\/section>\n\t\t\t\t<section class=\"elementor-section elementor-top-section elementor-element elementor-element-3b4c161 elementor-section-boxed elementor-section-height-default elementor-section-height-default\" data-id=\"3b4c161\" data-element_type=\"section\" data-settings=\"{&quot;background_background&quot;:&quot;classic&quot;}\">\n\t\t\t\t\t\t\t<div class=\"elementor-background-overlay\"><\/div>\n\t\t\t\t\t\t\t<div class=\"elementor-container elementor-column-gap-default\">\n\t\t\t\t\t<div class=\"elementor-column elementor-col-100 elementor-top-column elementor-element elementor-element-8e55da3\" data-id=\"8e55da3\" data-element_type=\"column\" data-settings=\"{&quot;background_background&quot;:&quot;classic&quot;}\">\n\t\t\t<div class=\"elementor-widget-wrap elementor-element-populated\">\n\t\t\t\t\t\t<div class=\"elementor-element elementor-element-c4ee702 elementor-widget elementor-widget-text-editor\" data-id=\"c4ee702\" data-element_type=\"widget\" data-widget_type=\"text-editor.default\">\n\t\t\t\t<div class=\"elementor-widget-container\">\n\t\t\t\t\t\t\t<p><!-- wp:paragraph --><\/p>\n<p><b>Abstract<\/b><\/p>\n<p>How do children and pets build daily relationships that contribute to either challenging or reproducing dominant classificatory categories and established boundaries between human and non-human worlds?<\/p>\n<p>This project aims at exploring this question, drawing on some facts that have stimulated scientific curiosity around the topic: the contrast between normative changes related to animal rights\/protection and the massive numbers of errant and institutionalized dogs and cats, due to different forms of abuse and neglect; the dramatic drop of fertility rates, with children becoming rarer in number, along with their growing centrality in the family and parental investment in their education; homes that become 'technological playgrounds' where children learn and play, and a pet becomes an option for partisans of an 'experiential pedagogy', perceived as a way to retrieve a relationship with nature and the 'world we have lost'. Furthermore, since modernity, children and animals share time-lagged but similar processes of recognition as subjects of fundamental rights.<\/p>\n<p>Informed by a 'theory of practice' framework, and drawing on interdisciplinary literature (on childhood, friendship, affect, and human-animal studies), the project aims at studying the relationships between children and pets. It pays special attention to their affective practices, defined as forms of embodied meaning-making. It is suggested that children and pets co-produce the hybrid worlds they are embedded in, through practices that may either reproduce, or confront, the species barrier. It is hypothesized that, when these relationships are built in the way either of kinship, or of friendship, that barrier is challenged.<\/p>\n<p>More specific questions are: what are the dimensions (educational, instrumental, ludic) involved in practices between children and pets? How do these practices impact both on the child and the pet, namely to the development of mutual empathy? How do they contribute to drawing the boundaries of what is an 'animal', a 'pet', a 'child', or a 'friend'? How do they intertwine with parental education and caring practices, towards both the child and the pet, as well as the overall material arrangements of the household?<\/p>\n<p>Methodologically, the project follows a qualitative design. The unit of analysis is the relationship between the child and (the) pet(s) (cats\/dogs); children will be given a voice (and heard) and their relationship with pets observed in domestic context. The multi-method approach will comprise both visual and verbal data, collected via ethnography and direct observation, visual and participatory methods, and photo-eliciting interviews.<\/p>\n<p>The project develops a sociological perspective that has remained underexplored: the relevance of the child-pet relationship for both sides; and how it is built through affective practices. It is groundbreaking in Portuguese social sciences, and it contributes with an original context specific case study to the international literature.<\/p>\n<p>\u00a0<\/p>\n<p><!-- \/wp:paragraph --><\/p>\t\t\t\t\t\t<\/div>\n\t\t\t\t<\/div>\n\t\t\t\t\t<\/div>\n\t\t<\/div>\n\t\t\t\t\t<\/div>\n\t\t<\/section>\n\t\t\t\t<section class=\"elementor-section elementor-top-section elementor-element elementor-element-8669a01 elementor-section-boxed elementor-section-height-default elementor-section-height-default\" data-id=\"8669a01\" data-element_type=\"section\" data-settings=\"{&quot;background_background&quot;:&quot;classic&quot;}\">\n\t\t\t\t\t\t\t<div class=\"elementor-background-overlay\"><\/div>\n\t\t\t\t\t\t\t<div class=\"elementor-container elementor-column-gap-default\">\n\t\t\t\t\t<div class=\"elementor-column elementor-col-100 elementor-top-column elementor-element elementor-element-5f333a1\" data-id=\"5f333a1\" data-element_type=\"column\" data-settings=\"{&quot;background_background&quot;:&quot;classic&quot;}\">\n\t\t\t<div class=\"elementor-widget-wrap elementor-element-populated\">\n\t\t\t\t\t\t<div class=\"elementor-element elementor-element-dd5a600 elementor-widget elementor-widget-text-editor\" data-id=\"dd5a600\" data-element_type=\"widget\" data-widget_type=\"text-editor.default\">\n\t\t\t\t<div class=\"elementor-widget-container\">\n\t\t\t\t\t\t\t<p><!-- wp:paragraph --><\/p>\n<p><b>THEORETICAL FRAMEWORK <\/b><\/p>\n<p><span style=\"font-weight: 400;\">The project situates itself at the crossroads between Childhood Studies, Family Studies and Human-Animal Studies. Starting from a critical point of view of developmental perspectives on the relationships between children and animals (Lewinson, 1969; Melson, 2001; Fine 2010), the project focuses on three main axes:<\/span><\/p>\n<ol>\n<li><b>1. Foucauldian-inspired genealogical perspectives:<\/b><span>focus on power (or lack thereof) as relational, arising from multiple and intersectional discursive apparatuses; co-construction of the categories of child\/animal, childhood\/pethood, over time (Feuerstein et al., 2017; Flegel, 2017)<\/span><\/li>\n<li><b>2. Critical studies on children-animal relations:<\/b><span style=\"font-weight: 400;\"> violence and dominance; anthropopartial socialization, subjectification\/objectification (Stewart and Cole 2014; 2009)<\/span><\/li>\n<li><b>perspetiva sociol\u00f3gica e construtivista:<\/b><span style=\"font-weight: 400;\"> rela\u00e7\u00f5es e din\u00e2micas familiares, sendo as rela\u00e7\u00f5es entre crian\u00e7as e animais compreendidas no contexto social e relacional da vida das fam\u00edlias (Charles e Davies, 2008; Muldoon et al., 2014; Tipper, 2011a; Charles, 2016; Fox, 2006; Irvine e Cilia, 2017; Power, 2008; Shir-Vertesh, 2008).\u00a0<\/span><\/li>\n<\/ol>\n<p><span style=\"font-weight: 400;\">Based on the observation of child-animal practices, and children's photographic records of these interactions and their affective applications, the project also dialogued with <\/span><b>post-humanist perspectives on childhood and child-animal relationships<\/b><span style=\"font-weight: 400;\">, paying attention to the multisensory dimensions of multispecies relationships. (Young and Rautio, 2018; Latimer and Miele, 2013; Cutter-Mackenzie-Knowles et al., 2020; Malone, 2015; Taylor and Pacini-Ketchabaw, 2018; Hohti and Tammi, 2019).<\/span><\/p>\n<p><!-- \/wp:paragraph --><\/p>\t\t\t\t\t\t<\/div>\n\t\t\t\t<\/div>\n\t\t\t\t\t<\/div>\n\t\t<\/div>\n\t\t\t\t\t<\/div>\n\t\t<\/section>\n\t\t\t\t<section class=\"elementor-section elementor-top-section elementor-element elementor-element-90ceb19 elementor-section-boxed elementor-section-height-default elementor-section-height-default\" data-id=\"90ceb19\" data-element_type=\"section\" data-settings=\"{&quot;background_background&quot;:&quot;classic&quot;}\">\n\t\t\t\t\t\t\t<div class=\"elementor-background-overlay\"><\/div>\n\t\t\t\t\t\t\t<div class=\"elementor-container elementor-column-gap-default\">\n\t\t\t\t\t<div class=\"elementor-column elementor-col-100 elementor-top-column elementor-element elementor-element-1a0d290\" data-id=\"1a0d290\" data-element_type=\"column\" data-settings=\"{&quot;background_background&quot;:&quot;classic&quot;}\">\n\t\t\t<div class=\"elementor-widget-wrap elementor-element-populated\">\n\t\t\t\t\t\t<div class=\"elementor-element elementor-element-3479ad7 elementor-widget elementor-widget-text-editor\" data-id=\"3479ad7\" data-element_type=\"widget\" data-widget_type=\"text-editor.default\">\n\t\t\t\t<div class=\"elementor-widget-container\">\n\t\t\t\t\t\t\t<p><!-- wp:paragraph --><\/p>\n<p><strong>METHODOLOGY<br \/><\/strong><span style=\"font-weight: 400;\">Direct observation, in-depth interviews in the home, photo-eliciting interviews; visual methods (through photography).<\/span><\/p>\n<p><b>PHASE 1 \u2013 Direct observation, in-depth interviews in the home of the 24 selected families.<br \/><\/b><span style=\"font-weight: 400;\">24 families; 2 interviews (child+mother\/father); first observation of the animal and the home; first contact with the animals and their routines.<\/span><\/p>\n<p><b>PHASE 2 \u2013 Interviews with photo-elicitation to 12 of the 24 initial families.<\/b><\/p>\n<ul>\n<li>First visit to the 12 families (chosen amongst the initial 24): distribution of digital cameras and applied the photovoice technique in order to gather photos about what are the children\u2019s perspectives about the lives of their companion animals;<\/li>\n<li style=\"font-weight: 400;\" aria-level=\"1\"><span style=\"font-weight: 400;\">Second visit to the 12 families: Interviews with photo-elicitation based in the photographic portfolio built by the children; direct observation of the animals.<\/span><\/li>\n<\/ul>\n<p><b>PHASE 3 <\/b><b>\u2013 Workshops with families and stakeholders<br \/><\/b><span style=\"font-weight: 400;\">This activity had two main goals:\u00a0<\/span><\/p>\n<ul>\n<li><span style=\"font-weight: 400;\">Give back to the families (children and parents) some of the results found by the CLAN research team through the data gathered during fieldwork and during the project;<\/span><\/li>\n<li><span style=\"font-weight: 400;\">Gather relevant actors and professionals (veterinarians, psychologists, lawyers, social workers and politicians), with the aim of discussing some of the relevant axes found through the project results.<\/span><\/li>\n<\/ul>\n<p><!-- \/wp:paragraph --><\/p>\t\t\t\t\t\t<\/div>\n\t\t\t\t<\/div>\n\t\t\t\t\t<\/div>\n\t\t<\/div>\n\t\t\t\t\t<\/div>\n\t\t<\/section>\n\t\t\t\t<section class=\"elementor-section elementor-top-section elementor-element elementor-element-df2feca elementor-section-boxed elementor-section-height-default elementor-section-height-default\" data-id=\"df2feca\" data-element_type=\"section\" data-settings=\"{&quot;background_background&quot;:&quot;classic&quot;}\">\n\t\t\t\t\t\t\t<div class=\"elementor-background-overlay\"><\/div>\n\t\t\t\t\t\t\t<div class=\"elementor-container elementor-column-gap-default\">\n\t\t\t\t\t<div class=\"elementor-column elementor-col-100 elementor-top-column elementor-element elementor-element-198a6fe\" data-id=\"198a6fe\" data-element_type=\"column\" data-settings=\"{&quot;background_background&quot;:&quot;classic&quot;}\">\n\t\t\t<div class=\"elementor-widget-wrap elementor-element-populated\">\n\t\t\t\t\t\t<div class=\"elementor-element elementor-element-e7c7c5a elementor-widget elementor-widget-text-editor\" data-id=\"e7c7c5a\" data-element_type=\"widget\" data-widget_type=\"text-editor.default\">\n\t\t\t\t<div class=\"elementor-widget-container\">\n\t\t\t\t\t\t\t<p><!-- wp:paragraph --><\/p>\n<p><strong>SAMPLE SELECTION<\/strong><\/p>\n<p>24 families of the Lisbon Metropolitan Area<br \/>With 1 or more companion animals (being at least one of them a dog or a cat), for at least 6 months<br \/>With 1 or more children, aged between 8 and 14 years old (gender balanced)<br \/>Different family morphologies (couple with children, single parent families)<br \/>Different social contexts<br \/>3 different types of housing:<br \/>Urban apartment; city house, with backyard or garden; small farm.<\/p>\n<p><b>Animais do projeto CLAN<\/b><\/p>\n<p><!-- \/wp:paragraph --><\/p>\t\t\t\t\t\t<\/div>\n\t\t\t\t<\/div>\n\t\t\t\t<div class=\"elementor-element elementor-element-9d11810 elementor-widget__width-initial e-transform elementor-invisible elementor-widget elementor-widget-counter\" data-id=\"9d11810\" data-element_type=\"widget\" data-settings=\"{&quot;_animation&quot;:&quot;fadeIn&quot;,&quot;_transform_scale_effect&quot;:{&quot;unit&quot;:&quot;px&quot;,&quot;size&quot;:&quot;&quot;,&quot;sizes&quot;:[]},&quot;_transform_scale_effect_tablet&quot;:{&quot;unit&quot;:&quot;px&quot;,&quot;size&quot;:&quot;&quot;,&quot;sizes&quot;:[]},&quot;_transform_scale_effect_mobile&quot;:{&quot;unit&quot;:&quot;px&quot;,&quot;size&quot;:&quot;&quot;,&quot;sizes&quot;:[]}}\" data-widget_type=\"counter.default\">\n\t\t\t\t<div class=\"elementor-widget-container\">\n\t\t\t\t\t<div class=\"elementor-counter\">\n\t\t\t<div class=\"elementor-counter-title\">Cats<\/div>\t\t\t<div class=\"elementor-counter-number-wrapper\">\n\t\t\t\t<span class=\"elementor-counter-number-prefix\"><\/span>\n\t\t\t\t<span class=\"elementor-counter-number\" data-duration=\"2000\" data-to-value=\"22\" data-from-value=\"0\" data-delimiter=\",\">0<\/span>\n\t\t\t\t<span class=\"elementor-counter-number-suffix\"><\/span>\n\t\t\t<\/div>\n\t\t<\/div>\n\t\t\t\t<\/div>\n\t\t\t\t<\/div>\n\t\t\t\t<div class=\"elementor-element elementor-element-de98606 elementor-widget__width-initial elementor-invisible elementor-widget elementor-widget-counter\" data-id=\"de98606\" data-element_type=\"widget\" data-settings=\"{&quot;_animation&quot;:&quot;fadeIn&quot;,&quot;_animation_delay&quot;:500}\" data-widget_type=\"counter.default\">\n\t\t\t\t<div class=\"elementor-widget-container\">\n\t\t\t\t\t<div class=\"elementor-counter\">\n\t\t\t<div class=\"elementor-counter-title\">Dogs<\/div>\t\t\t<div class=\"elementor-counter-number-wrapper\">\n\t\t\t\t<span class=\"elementor-counter-number-prefix\"><\/span>\n\t\t\t\t<span class=\"elementor-counter-number\" data-duration=\"2000\" data-to-value=\"18\" data-from-value=\"0\" data-delimiter=\",\">0<\/span>\n\t\t\t\t<span class=\"elementor-counter-number-suffix\"><\/span>\n\t\t\t<\/div>\n\t\t<\/div>\n\t\t\t\t<\/div>\n\t\t\t\t<\/div>\n\t\t\t\t<div class=\"elementor-element elementor-element-e774141 elementor-widget__width-initial elementor-invisible elementor-widget elementor-widget-counter\" data-id=\"e774141\" data-element_type=\"widget\" data-settings=\"{&quot;_animation&quot;:&quot;fadeIn&quot;,&quot;_animation_delay&quot;:1000}\" data-widget_type=\"counter.default\">\n\t\t\t\t<div class=\"elementor-widget-container\">\n\t\t\t\t\t<div class=\"elementor-counter\">\n\t\t\t<div class=\"elementor-counter-title\">Fish<\/div>\t\t\t<div class=\"elementor-counter-number-wrapper\">\n\t\t\t\t<span class=\"elementor-counter-number-prefix\"><\/span>\n\t\t\t\t<span class=\"elementor-counter-number\" data-duration=\"2000\" data-to-value=\"8\" data-from-value=\"0\" data-delimiter=\",\">0<\/span>\n\t\t\t\t<span class=\"elementor-counter-number-suffix\"><\/span>\n\t\t\t<\/div>\n\t\t<\/div>\n\t\t\t\t<\/div>\n\t\t\t\t<\/div>\n\t\t\t\t<div class=\"elementor-element elementor-element-648f556 elementor-widget__width-initial elementor-invisible elementor-widget elementor-widget-counter\" data-id=\"648f556\" data-element_type=\"widget\" data-settings=\"{&quot;_animation&quot;:&quot;fadeIn&quot;,&quot;_animation_delay&quot;:2000}\" data-widget_type=\"counter.default\">\n\t\t\t\t<div class=\"elementor-widget-container\">\n\t\t\t\t\t<div class=\"elementor-counter\">\n\t\t\t<div class=\"elementor-counter-title\">Birds<\/div>\t\t\t<div class=\"elementor-counter-number-wrapper\">\n\t\t\t\t<span class=\"elementor-counter-number-prefix\"><\/span>\n\t\t\t\t<span class=\"elementor-counter-number\" data-duration=\"2000\" data-to-value=\"6\" data-from-value=\"0\" data-delimiter=\",\">0<\/span>\n\t\t\t\t<span class=\"elementor-counter-number-suffix\"><\/span>\n\t\t\t<\/div>\n\t\t<\/div>\n\t\t\t\t<\/div>\n\t\t\t\t<\/div>\n\t\t\t\t<div class=\"elementor-element elementor-element-ff0cf18 elementor-widget__width-initial elementor-invisible elementor-widget elementor-widget-counter\" data-id=\"ff0cf18\" data-element_type=\"widget\" data-settings=\"{&quot;_animation&quot;:&quot;fadeIn&quot;,&quot;_animation_delay&quot;:2500}\" data-widget_type=\"counter.default\">\n\t\t\t\t<div class=\"elementor-widget-container\">\n\t\t\t\t\t<div class=\"elementor-counter\">\n\t\t\t<div class=\"elementor-counter-title\">Turtles<\/div>\t\t\t<div class=\"elementor-counter-number-wrapper\">\n\t\t\t\t<span class=\"elementor-counter-number-prefix\"><\/span>\n\t\t\t\t<span class=\"elementor-counter-number\" data-duration=\"2000\" data-to-value=\"5\" data-from-value=\"0\" data-delimiter=\",\">0<\/span>\n\t\t\t\t<span class=\"elementor-counter-number-suffix\"><\/span>\n\t\t\t<\/div>\n\t\t<\/div>\n\t\t\t\t<\/div>\n\t\t\t\t<\/div>\n\t\t\t\t<div class=\"elementor-element elementor-element-e166be4 elementor-widget__width-initial elementor-invisible elementor-widget elementor-widget-counter\" data-id=\"e166be4\" data-element_type=\"widget\" data-settings=\"{&quot;_animation&quot;:&quot;fadeIn&quot;,&quot;_animation_delay&quot;:3000}\" data-widget_type=\"counter.default\">\n\t\t\t\t<div class=\"elementor-widget-container\">\n\t\t\t\t\t<div class=\"elementor-counter\">\n\t\t\t<div class=\"elementor-counter-title\">Guinea pigs<\/div>\t\t\t<div class=\"elementor-counter-number-wrapper\">\n\t\t\t\t<span class=\"elementor-counter-number-prefix\"><\/span>\n\t\t\t\t<span class=\"elementor-counter-number\" data-duration=\"2000\" data-to-value=\"3\" data-from-value=\"0\" data-delimiter=\",\">0<\/span>\n\t\t\t\t<span class=\"elementor-counter-number-suffix\"><\/span>\n\t\t\t<\/div>\n\t\t<\/div>\n\t\t\t\t<\/div>\n\t\t\t\t<\/div>\n\t\t\t\t<div class=\"elementor-element elementor-element-219113c elementor-widget__width-initial elementor-invisible elementor-widget elementor-widget-counter\" data-id=\"219113c\" data-element_type=\"widget\" data-settings=\"{&quot;_animation&quot;:&quot;fadeIn&quot;,&quot;_animation_delay&quot;:3500}\" data-widget_type=\"counter.default\">\n\t\t\t\t<div class=\"elementor-widget-container\">\n\t\t\t\t\t<div class=\"elementor-counter\">\n\t\t\t<div class=\"elementor-counter-title\">Rabbit<\/div>\t\t\t<div class=\"elementor-counter-number-wrapper\">\n\t\t\t\t<span class=\"elementor-counter-number-prefix\"><\/span>\n\t\t\t\t<span class=\"elementor-counter-number\" data-duration=\"2000\" data-to-value=\"1\" data-from-value=\"0\" data-delimiter=\",\">0<\/span>\n\t\t\t\t<span class=\"elementor-counter-number-suffix\"><\/span>\n\t\t\t<\/div>\n\t\t<\/div>\n\t\t\t\t<\/div>\n\t\t\t\t<\/div>\n\t\t\t\t\t<\/div>\n\t\t<\/div>\n\t\t\t\t\t<\/div>\n\t\t<\/section>\n\t\t\t\t<section class=\"elementor-section elementor-top-section elementor-element elementor-element-51025d6 elementor-section-boxed elementor-section-height-default elementor-section-height-default\" data-id=\"51025d6\" data-element_type=\"section\">\n\t\t\t\t\t\t<div class=\"elementor-container elementor-column-gap-default\">\n\t\t\t\t\t<div class=\"elementor-column elementor-col-100 elementor-top-column elementor-element elementor-element-acb392d\" data-id=\"acb392d\" data-element_type=\"column\">\n\t\t\t<div class=\"elementor-widget-wrap\">\n\t\t\t\t\t\t\t<\/div>\n\t\t<\/div>\n\t\t\t\t\t<\/div>\n\t\t<\/section>\n\t\t\t\t<\/div>","protected":false},"excerpt":{"rendered":"<p>1. O Projeto CLAN RESUMO De que forma crian\u00e7as e animais de companhia constroem rela\u00e7\u00f5es quotidianas que contribuem para desafiar, ou reproduzir, categorias dominantes e fronteiras estabelecidas entre mundos humanos e n\u00e3o humanos? Este projeto explora esta quest\u00e3o, a partir de alguns factos que t\u00eam estimulado a curiosidade cient\u00edfica em torno do t\u00f3pico: o contraste [&hellip;]<\/p>","protected":false},"author":1,"featured_media":0,"parent":0,"menu_order":0,"comment_status":"closed","ping_status":"closed","template":"elementor_header_footer","meta":{"_links_to":"","_links_to_target":""},"_links":{"self":[{"href":"https:\/\/humananimalstudies.net\/en\/wp-json\/wp\/v2\/pages\/4116"}],"collection":[{"href":"https:\/\/humananimalstudies.net\/en\/wp-json\/wp\/v2\/pages"}],"about":[{"href":"https:\/\/humananimalstudies.net\/en\/wp-json\/wp\/v2\/types\/page"}],"author":[{"embeddable":true,"href":"https:\/\/humananimalstudies.net\/en\/wp-json\/wp\/v2\/users\/1"}],"replies":[{"embeddable":true,"href":"https:\/\/humananimalstudies.net\/en\/wp-json\/wp\/v2\/comments?post=4116"}],"version-history":[{"count":29,"href":"https:\/\/humananimalstudies.net\/en\/wp-json\/wp\/v2\/pages\/4116\/revisions"}],"predecessor-version":[{"id":4453,"href":"https:\/\/humananimalstudies.net\/en\/wp-json\/wp\/v2\/pages\/4116\/revisions\/4453"}],"wp:attachment":[{"href":"https:\/\/humananimalstudies.net\/en\/wp-json\/wp\/v2\/media?parent=4116"}],"curies":[{"name":"wp","href":"https:\/\/api.w.org\/{rel}","templated":true}]}}