{"id":4143,"date":"2024-01-27T17:01:31","date_gmt":"2024-01-27T17:01:31","guid":{"rendered":"https:\/\/humananimalstudies.net\/?page_id=4143"},"modified":"2026-02-05T11:25:18","modified_gmt":"2026-02-05T11:25:18","slug":"2-resultados","status":"publish","type":"page","link":"https:\/\/humananimalstudies.net\/en\/2-resultados\/","title":{"rendered":"2. Results"},"content":{"rendered":"<div data-elementor-type=\"wp-post\" data-elementor-id=\"4143\" class=\"elementor elementor-4143\">\n\t\t\t\t\t\t<section class=\"elementor-section elementor-top-section elementor-element elementor-element-9453124 elementor-section-boxed elementor-section-height-default elementor-section-height-default\" data-id=\"9453124\" data-element_type=\"section\" data-settings=\"{&quot;background_background&quot;:&quot;classic&quot;}\">\n\t\t\t\t\t\t\t<div class=\"elementor-background-overlay\"><\/div>\n\t\t\t\t\t\t\t<div class=\"elementor-container elementor-column-gap-default\">\n\t\t\t\t\t<div class=\"elementor-column elementor-col-100 elementor-top-column elementor-element elementor-element-5032983\" data-id=\"5032983\" data-element_type=\"column\">\n\t\t\t<div class=\"elementor-widget-wrap elementor-element-populated\">\n\t\t\t\t\t\t<div class=\"elementor-element elementor-element-cc7b281 elementor-widget elementor-widget-heading\" data-id=\"cc7b281\" data-element_type=\"widget\" data-widget_type=\"heading.default\">\n\t\t\t\t<div class=\"elementor-widget-container\">\n\t\t\t<h2 class=\"elementor-heading-title elementor-size-default\">2. Results<\/h2>\t\t<\/div>\n\t\t\t\t<\/div>\n\t\t\t\t\t<\/div>\n\t\t<\/div>\n\t\t\t\t\t<\/div>\n\t\t<\/section>\n\t\t\t\t<section class=\"elementor-section elementor-top-section elementor-element elementor-element-430b0c0 elementor-section-boxed elementor-section-height-default elementor-section-height-default\" data-id=\"430b0c0\" data-element_type=\"section\">\n\t\t\t\t\t\t<div class=\"elementor-container elementor-column-gap-default\">\n\t\t\t\t\t<div class=\"elementor-column elementor-col-100 elementor-top-column elementor-element elementor-element-e8efadc\" data-id=\"e8efadc\" data-element_type=\"column\">\n\t\t\t<div class=\"elementor-widget-wrap elementor-element-populated\">\n\t\t\t\t\t\t<div class=\"elementor-element elementor-element-c05a856 elementor-widget elementor-widget-spacer\" data-id=\"c05a856\" data-element_type=\"widget\" data-widget_type=\"spacer.default\">\n\t\t\t\t<div class=\"elementor-widget-container\">\n\t\t\t\t\t<div class=\"elementor-spacer\">\n\t\t\t<div class=\"elementor-spacer-inner\"><\/div>\n\t\t<\/div>\n\t\t\t\t<\/div>\n\t\t\t\t<\/div>\n\t\t\t\t\t<\/div>\n\t\t<\/div>\n\t\t\t\t\t<\/div>\n\t\t<\/section>\n\t\t\t\t<section class=\"elementor-section elementor-top-section elementor-element elementor-element-221b226 elementor-section-boxed elementor-section-height-default elementor-section-height-default\" data-id=\"221b226\" data-element_type=\"section\" data-settings=\"{&quot;background_background&quot;:&quot;classic&quot;}\">\n\t\t\t\t\t\t\t<div class=\"elementor-background-overlay\"><\/div>\n\t\t\t\t\t\t\t<div class=\"elementor-container elementor-column-gap-default\">\n\t\t\t\t\t<div class=\"elementor-column elementor-col-100 elementor-top-column elementor-element elementor-element-63480f8\" data-id=\"63480f8\" data-element_type=\"column\" data-settings=\"{&quot;background_background&quot;:&quot;classic&quot;}\">\n\t\t\t<div class=\"elementor-widget-wrap elementor-element-populated\">\n\t\t\t\t\t\t<div class=\"elementor-element elementor-element-a10a99c elementor-widget elementor-widget-text-editor\" data-id=\"a10a99c\" data-element_type=\"widget\" data-widget_type=\"text-editor.default\">\n\t\t\t\t<div class=\"elementor-widget-container\">\n\t\t\t\t\t\t\t<p><!-- wp:paragraph --><\/p>\n<p><b>CLAN TAKE-HOME MESSAGES<\/b><\/p>\n<ol>\n<li><span style=\"font-weight: 400;\">Animals actively contribute to the construction of contemporary families: relational + affective<\/span><\/li>\n<li><span style=\"font-weight: 400;\">The animal is contributing to the child's development as a unique individual within the family dynamic; the same applies to other family members<br><\/span><\/li>\n<li><span style=\"font-weight: 400;\">Responsibility as an educational goal versus what happens in practice (reduced or non-existent participation of children in animal-related tasks; participation is very limited by a busy schedule)<\/span><\/li>\n<li><span style=\"font-weight: 400;\">Animals (indirectly) educate children as \u201cadults (responsible) in the making,\u201d since child-animal relationships create a universe that does not seem to be immediately or directly linked to school and \u201cschooling.\u201d And parents' values and educational goals in relation to animals do not translate into skills directly geared toward school.<\/span><\/li>\n<li><span style=\"font-weight: 400;\">Children's experiences do not always coincide with the (family) imagination surrounding companion animals: species, breeds, individuals.<\/span><\/li>\n<li><span style=\"font-weight: 400;\">Just as the \u201cfamilies we live with\u201d are different from the \u201cfamilies we live in,\u201d the animals children live with are different from those they have lived with (or live with) (imagined). This can lead to conflicts and challenges.<\/span>\n<ul>\n<li><span style=\"font-weight: 400;\">means that the dimension of the imaginary must be addressed, since it is fundamental to framing and shaping everyday practices with animals.<\/span><\/li>\n<li><span style=\"font-weight: 400;\">It also means that family memories and past experiences with animals should be analyzed, as they shape the family's imagination and choices.<br><\/span><\/li>\n<\/ul>\n<\/li>\n<li><span style=\"font-weight: 400;\">Photographing the animal was a way to get the children to pay attention to pets and reflect on their relationships with them<\/span>\n<ul>\n<li>\n<p><span style=\"font-weight: 400;\">This extends to the family's relationships with animals: children's reports are inclusive, as they encompass many different types of personal ties: extended family, friends, schoolmates, neighbors<br><\/span><span style=\"font-style: inherit; color: var( --e-global-color-text ); font-family: var( --e-global-typography-text-font-family ), Sans-serif;\">Children's visual narratives about the lives of animals show that sharing space is crucial, as family dynamics are marked by common spaces and activities (kitchen, dining table, bedroom and bed, living room and sofa, etc.)<\/span><\/p>\n<\/li>\n<\/ul>\n<\/li>\n<\/ol>\n<ul>\n<li style=\"list-style-type: none;\">&nbsp;<\/li>\n<\/ul>\n<p><!-- \/wp:paragraph --><\/p>\t\t\t\t\t\t<\/div>\n\t\t\t\t<\/div>\n\t\t\t\t\t<\/div>\n\t\t<\/div>\n\t\t\t\t\t<\/div>\n\t\t<\/section>\n\t\t\t\t<section class=\"elementor-section elementor-top-section elementor-element elementor-element-e416c1a elementor-section-content-middle elementor-section-boxed elementor-section-height-default elementor-section-height-default\" data-id=\"e416c1a\" data-element_type=\"section\" data-settings=\"{&quot;background_background&quot;:&quot;classic&quot;}\">\n\t\t\t\t\t\t<div class=\"elementor-container elementor-column-gap-no\">\n\t\t\t\t\t<div class=\"elementor-column elementor-col-100 elementor-top-column elementor-element elementor-element-bb76428\" data-id=\"bb76428\" data-element_type=\"column\">\n\t\t\t<div class=\"elementor-widget-wrap elementor-element-populated\">\n\t\t\t\t\t\t<div class=\"elementor-element elementor-element-5c34fc0 elementor-widget elementor-widget-image\" data-id=\"5c34fc0\" data-element_type=\"widget\" data-widget_type=\"image.default\">\n\t\t\t\t<div class=\"elementor-widget-container\">\n\t\t\t\t\t\t\t\t\t\t\t\t\t<img fetchpriority=\"high\" decoding=\"async\" width=\"2560\" height=\"1161\" src=\"https:\/\/humananimalstudies.net\/wp-content\/uploads\/2022\/08\/Banner_site_Gaivota_11_v11_twitter3-01-scaled.jpg\" class=\"attachment-full size-full wp-image-3292\" alt=\"\" srcset=\"https:\/\/humananimalstudies.net\/wp-content\/uploads\/2022\/08\/Banner_site_Gaivota_11_v11_twitter3-01-scaled.jpg 2560w, https:\/\/humananimalstudies.net\/wp-content\/uploads\/2022\/08\/Banner_site_Gaivota_11_v11_twitter3-01-300x136.jpg 300w, https:\/\/humananimalstudies.net\/wp-content\/uploads\/2022\/08\/Banner_site_Gaivota_11_v11_twitter3-01-1024x464.jpg 1024w, https:\/\/humananimalstudies.net\/wp-content\/uploads\/2022\/08\/Banner_site_Gaivota_11_v11_twitter3-01-768x348.jpg 768w, https:\/\/humananimalstudies.net\/wp-content\/uploads\/2022\/08\/Banner_site_Gaivota_11_v11_twitter3-01-1536x696.jpg 1536w, https:\/\/humananimalstudies.net\/wp-content\/uploads\/2022\/08\/Banner_site_Gaivota_11_v11_twitter3-01-2048x929.jpg 2048w, https:\/\/humananimalstudies.net\/wp-content\/uploads\/2022\/08\/Banner_site_Gaivota_11_v11_twitter3-01-18x8.jpg 18w\" sizes=\"(max-width: 2560px) 100vw, 2560px\" \/>\t\t\t\t\t\t\t\t\t\t\t\t\t<\/div>\n\t\t\t\t<\/div>\n\t\t\t\t<div class=\"elementor-element elementor-element-e596a60 elementor-widget elementor-widget-heading\" data-id=\"e596a60\" data-element_type=\"widget\" data-widget_type=\"heading.default\">\n\t\t\t\t<div class=\"elementor-widget-container\">\n\t\t\t<h3 class=\"elementor-heading-title elementor-size-default\">CLAN Conference <\/h3>\t\t<\/div>\n\t\t\t\t<\/div>\n\t\t\t\t<div class=\"elementor-element elementor-element-06ed137 elementor-widget elementor-widget-text-editor\" data-id=\"06ed137\" data-element_type=\"widget\" data-widget_type=\"text-editor.default\">\n\t\t\t\t<div class=\"elementor-widget-container\">\n\t\t\t\t\t\t\t<p>Friendship between children and animals<\/p>\t\t\t\t\t\t<\/div>\n\t\t\t\t<\/div>\n\t\t\t\t<section class=\"elementor-section elementor-inner-section elementor-element elementor-element-0cc569d elementor-section-boxed elementor-section-height-default elementor-section-height-default\" data-id=\"0cc569d\" data-element_type=\"section\">\n\t\t\t\t\t\t<div class=\"elementor-container elementor-column-gap-default\">\n\t\t\t\t\t<div class=\"elementor-column elementor-col-50 elementor-inner-column elementor-element elementor-element-d7e247b\" data-id=\"d7e247b\" data-element_type=\"column\">\n\t\t\t<div class=\"elementor-widget-wrap elementor-element-populated\">\n\t\t\t\t\t\t<div class=\"elementor-element elementor-element-9d78ee8 elementor-widget elementor-widget-text-editor\" data-id=\"9d78ee8\" data-element_type=\"widget\" data-widget_type=\"text-editor.default\">\n\t\t\t\t<div class=\"elementor-widget-container\">\n\t\t\t\t\t\t\t<p>The CLAN International Conference took place on September 22 and 23, 2022. This conference brought together invited experts in the field and researchers involved in the project to discuss the topic. On the first day, we delved into the theoretical reasoning behind the specificities of child-animal relationships and their status in the field. We also presented some of our results, putting them into perspective with the state of the art.<\/p>\t\t\t\t\t\t<\/div>\n\t\t\t\t<\/div>\n\t\t\t\t\t<\/div>\n\t\t<\/div>\n\t\t\t\t<div class=\"elementor-column elementor-col-50 elementor-inner-column elementor-element elementor-element-8b14538\" data-id=\"8b14538\" data-element_type=\"column\">\n\t\t\t<div class=\"elementor-widget-wrap elementor-element-populated\">\n\t\t\t\t\t\t<div class=\"elementor-element elementor-element-0c4c483 elementor-widget elementor-widget-text-editor\" data-id=\"0c4c483\" data-element_type=\"widget\" data-widget_type=\"text-editor.default\">\n\t\t\t\t<div class=\"elementor-widget-container\">\n\t\t\t\t\t\t\t<p>On the second day, we addressed one of the most important dimensions of the project: how to go beyond academia and reach wider audiences of all ages and backgrounds. We discussed how to engage and give back to participants. And how art and science can work together to communicate a multispecies, more-than-human approach that can have an impact on the well-being of children, animals, and families.<\/p>\t\t\t\t\t\t<\/div>\n\t\t\t\t<\/div>\n\t\t\t\t\t<\/div>\n\t\t<\/div>\n\t\t\t\t\t<\/div>\n\t\t<\/section>\n\t\t\t\t<div class=\"elementor-element elementor-element-fcefb6f elementor-align-left elementor-widget elementor-widget-button\" data-id=\"fcefb6f\" data-element_type=\"widget\" data-widget_type=\"button.default\">\n\t\t\t\t<div class=\"elementor-widget-container\">\n\t\t\t\t\t<div class=\"elementor-button-wrapper\">\n\t\t\t<a class=\"elementor-button elementor-button-link elementor-size-xs\" href=\"https:\/\/humananimalstudies.net\/en\/clan-final-conference\/\">\n\t\t\t\t\t\t<span class=\"elementor-button-content-wrapper\">\n\t\t\t\t\t\t<span class=\"elementor-button-icon\">\n\t\t\t\t<i aria-hidden=\"true\" class=\"fas fa-angle-double-right\"><\/i>\t\t\t<\/span>\n\t\t\t\t\t\t\t\t\t<span class=\"elementor-button-text\">CLAN Conference page<\/span>\n\t\t\t\t\t<\/span>\n\t\t\t\t\t<\/a>\n\t\t<\/div>\n\t\t\t\t<\/div>\n\t\t\t\t<\/div>\n\t\t\t\t<div class=\"elementor-element elementor-element-13d58bc elementor-align-left elementor-widget elementor-widget-button\" data-id=\"13d58bc\" data-element_type=\"widget\" data-widget_type=\"button.default\">\n\t\t\t\t<div class=\"elementor-widget-container\">\n\t\t\t\t\t<div class=\"elementor-button-wrapper\">\n\t\t\t<a class=\"elementor-button elementor-button-link elementor-size-xs\" href=\"https:\/\/www.youtube.com\/watch?v=7eI-estcF9Y\">\n\t\t\t\t\t\t<span class=\"elementor-button-content-wrapper\">\n\t\t\t\t\t\t<span class=\"elementor-button-icon\">\n\t\t\t\t<i aria-hidden=\"true\" class=\"fas fa-angle-double-right\"><\/i>\t\t\t<\/span>\n\t\t\t\t\t\t\t\t\t<span class=\"elementor-button-text\">RECORD - DAY 1<\/span>\n\t\t\t\t\t<\/span>\n\t\t\t\t\t<\/a>\n\t\t<\/div>\n\t\t\t\t<\/div>\n\t\t\t\t<\/div>\n\t\t\t\t<div class=\"elementor-element elementor-element-cf18724 elementor-align-left elementor-widget elementor-widget-button\" data-id=\"cf18724\" data-element_type=\"widget\" data-widget_type=\"button.default\">\n\t\t\t\t<div class=\"elementor-widget-container\">\n\t\t\t\t\t<div class=\"elementor-button-wrapper\">\n\t\t\t<a class=\"elementor-button elementor-button-link elementor-size-xs\" href=\"https:\/\/www.youtube.com\/watch?v=7eI-estcF9Y\">\n\t\t\t\t\t\t<span class=\"elementor-button-content-wrapper\">\n\t\t\t\t\t\t<span class=\"elementor-button-icon\">\n\t\t\t\t<i aria-hidden=\"true\" class=\"fas fa-angle-double-right\"><\/i>\t\t\t<\/span>\n\t\t\t\t\t\t\t\t\t<span class=\"elementor-button-text\">RECORD - DAY 2<\/span>\n\t\t\t\t\t<\/span>\n\t\t\t\t\t<\/a>\n\t\t<\/div>\n\t\t\t\t<\/div>\n\t\t\t\t<\/div>\n\t\t\t\t\t<\/div>\n\t\t<\/div>\n\t\t\t\t\t<\/div>\n\t\t<\/section>\n\t\t\t\t<section class=\"elementor-section elementor-top-section elementor-element elementor-element-62ad789 elementor-section-boxed elementor-section-height-default elementor-section-height-default\" data-id=\"62ad789\" data-element_type=\"section\">\n\t\t\t\t\t\t<div class=\"elementor-container elementor-column-gap-default\">\n\t\t\t\t\t<div class=\"elementor-column elementor-col-100 elementor-top-column elementor-element elementor-element-d2a08f9\" data-id=\"d2a08f9\" data-element_type=\"column\">\n\t\t\t<div class=\"elementor-widget-wrap elementor-element-populated\">\n\t\t\t\t\t\t<div class=\"elementor-element elementor-element-23e2581 elementor-widget elementor-widget-spacer\" data-id=\"23e2581\" data-element_type=\"widget\" data-widget_type=\"spacer.default\">\n\t\t\t\t<div class=\"elementor-widget-container\">\n\t\t\t\t\t<div class=\"elementor-spacer\">\n\t\t\t<div class=\"elementor-spacer-inner\"><\/div>\n\t\t<\/div>\n\t\t\t\t<\/div>\n\t\t\t\t<\/div>\n\t\t\t\t\t<\/div>\n\t\t<\/div>\n\t\t\t\t\t<\/div>\n\t\t<\/section>\n\t\t\t\t<section class=\"elementor-section elementor-top-section elementor-element elementor-element-9df629d elementor-section-stretched elementor-hidden-desktop elementor-hidden-tablet elementor-hidden-mobile elementor-section-boxed elementor-section-height-default elementor-section-height-default elementor-invisible\" data-id=\"9df629d\" data-element_type=\"section\" data-settings=\"{&quot;background_background&quot;:&quot;classic&quot;,&quot;stretch_section&quot;:&quot;section-stretched&quot;,&quot;animation&quot;:&quot;fadeIn&quot;}\">\n\t\t\t\t\t\t<div class=\"elementor-container elementor-column-gap-default\">\n\t\t\t\t\t<div class=\"elementor-column elementor-col-100 elementor-top-column elementor-element elementor-element-99eb534\" data-id=\"99eb534\" data-element_type=\"column\">\n\t\t\t<div class=\"elementor-widget-wrap elementor-element-populated\">\n\t\t\t\t\t\t<div class=\"elementor-element elementor-element-e709c87 elementor-widget elementor-widget-heading\" data-id=\"e709c87\" data-element_type=\"widget\" data-widget_type=\"heading.default\">\n\t\t\t\t<div class=\"elementor-widget-container\">\n\t\t\t<h4 class=\"elementor-heading-title elementor-size-default\">Teses | Projetos de Doutoramento<\/h4>\t\t<\/div>\n\t\t\t\t<\/div>\n\t\t\t\t<div class=\"elementor-element elementor-element-0ccadee elementor-widget__width-initial elementor-widget elementor-widget-accordion\" data-id=\"0ccadee\" data-element_type=\"widget\" data-widget_type=\"accordion.default\">\n\t\t\t\t<div class=\"elementor-widget-container\">\n\t\t\t\t\t<div class=\"elementor-accordion\">\n\t\t\t\t\t\t\t<div class=\"elementor-accordion-item\">\n\t\t\t\t\t<div id=\"elementor-tab-title-1341\" class=\"elementor-tab-title\" data-tab=\"1\" role=\"button\" aria-controls=\"elementor-tab-content-1341\" aria-expanded=\"false\">\n\t\t\t\t\t\t\t\t\t\t\t\t\t<span class=\"elementor-accordion-icon elementor-accordion-icon-left\" aria-hidden=\"true\">\n\t\t\t\t\t\t\t\t\t\t\t\t\t\t\t<span class=\"elementor-accordion-icon-closed\"><i class=\"fas fa-angle-down\"><\/i><\/span>\n\t\t\t\t\t\t\t\t<span class=\"elementor-accordion-icon-opened\"><i class=\"fas fa-angle-up\"><\/i><\/span>\n\t\t\t\t\t\t\t\t\t\t\t\t\t\t<\/span>\n\t\t\t\t\t\t\t\t\t\t\t\t<a class=\"elementor-accordion-title\" tabindex=\"0\">Building the Animal: Processes of categorization of nonhuman animals in children<\/a>\n\t\t\t\t\t<\/div>\n\t\t\t\t\t<div id=\"elementor-tab-content-1341\" class=\"elementor-tab-content elementor-clearfix\" data-tab=\"1\" role=\"region\" aria-labelledby=\"elementor-tab-title-1341\"><h6><span style=\"color: #808080;\">Autor: Henrique Tereno<\/span><\/h6>\n<p><strong><b>Programa Doutoral:<\/b> <\/strong><span style=\"font-weight: 400;\">Sociologia (OPENSOC)<\/span><\/p>\n<p><strong><b>Institui\u00e7\u00e3o:<\/b> <\/strong><span style=\"font-weight: 400;\">Instituto de Ci\u00eancias Sociais, Universidade de Lisboa<\/span><\/p>\n<p><strong><b>Orientadora:<\/b> <\/strong><span style=\"font-weight: 400;\">Ver\u00f3nica Policarpo<\/span><\/p>\n<h6><span style=\"color: #808080;\"><strong>T\u00edtulo:<\/strong> Building the Animal: Processes of categorization of nonhuman animals in children<\/span><\/h6>\n<p><strong>Resumo: <\/strong><\/p>\n<p>V<\/p>\n<p>\u00a0<\/p><\/div>\n\t\t\t\t<\/div>\n\t\t\t\t\t\t\t<div class=\"elementor-accordion-item\">\n\t\t\t\t\t<div id=\"elementor-tab-title-1342\" class=\"elementor-tab-title\" data-tab=\"2\" role=\"button\" aria-controls=\"elementor-tab-content-1342\" aria-expanded=\"false\">\n\t\t\t\t\t\t\t\t\t\t\t\t\t<span class=\"elementor-accordion-icon elementor-accordion-icon-left\" aria-hidden=\"true\">\n\t\t\t\t\t\t\t\t\t\t\t\t\t\t\t<span class=\"elementor-accordion-icon-closed\"><i class=\"fas fa-angle-down\"><\/i><\/span>\n\t\t\t\t\t\t\t\t<span class=\"elementor-accordion-icon-opened\"><i class=\"fas fa-angle-up\"><\/i><\/span>\n\t\t\t\t\t\t\t\t\t\t\t\t\t\t<\/span>\n\t\t\t\t\t\t\t\t\t\t\t\t<a class=\"elementor-accordion-title\" tabindex=\"0\">ALIVE | Human-Animal Living: Designing with families for more-than-human cohabitation<\/a>\n\t\t\t\t\t<\/div>\n\t\t\t\t\t<div id=\"elementor-tab-content-1342\" class=\"elementor-tab-content elementor-clearfix\" data-tab=\"2\" role=\"region\" aria-labelledby=\"elementor-tab-title-1342\"><h6><span style=\"color: #808080;\">Autor: Clara Ven\u00e2ncio<\/span><\/h6>\n<p><strong><b>Programa Doutoral:<\/b> <\/strong><span style=\"font-weight: 400;\">Design\u00a0<\/span><\/p>\n<p><strong><b>Institui\u00e7\u00e3o:<\/b> <\/strong><span style=\"font-weight: 400;\">Faculdade de Belas Artes, Universidade do Porto<\/span><\/p>\n<p><strong><b>Equipa de Orienta\u00e7\u00e3o:<\/b> <\/strong><span style=\"font-weight: 400;\">Ver\u00f3nica Policarpo<\/span><\/p>\n<h6><span style=\"color: #808080;\"><strong>T\u00edtulo:<\/strong> ALIVE | Human-Animal Living: Designing with families for more-than-human cohabitation<\/span><\/h6>\n<p><strong>Resumo: <\/strong><\/p>\n<p>X<\/p><\/div>\n\t\t\t\t<\/div>\n\t\t\t\t\t\t\t\t<\/div>\n\t\t\t\t<\/div>\n\t\t\t\t<\/div>\n\t\t\t\t\t<\/div>\n\t\t<\/div>\n\t\t\t\t\t<\/div>\n\t\t<\/section>\n\t\t\t\t<section class=\"elementor-section elementor-top-section elementor-element elementor-element-4a66672 elementor-section-boxed elementor-section-height-default elementor-section-height-default\" data-id=\"4a66672\" data-element_type=\"section\">\n\t\t\t\t\t\t<div class=\"elementor-container elementor-column-gap-default\">\n\t\t\t\t\t<div class=\"elementor-column elementor-col-100 elementor-top-column elementor-element elementor-element-12ae2b4\" data-id=\"12ae2b4\" data-element_type=\"column\">\n\t\t\t<div class=\"elementor-widget-wrap elementor-element-populated\">\n\t\t\t\t\t\t<div class=\"elementor-element elementor-element-70c2625 elementor-widget elementor-widget-spacer\" data-id=\"70c2625\" data-element_type=\"widget\" data-widget_type=\"spacer.default\">\n\t\t\t\t<div class=\"elementor-widget-container\">\n\t\t\t\t\t<div class=\"elementor-spacer\">\n\t\t\t<div class=\"elementor-spacer-inner\"><\/div>\n\t\t<\/div>\n\t\t\t\t<\/div>\n\t\t\t\t<\/div>\n\t\t\t\t\t<\/div>\n\t\t<\/div>\n\t\t\t\t\t<\/div>\n\t\t<\/section>\n\t\t\t\t<\/div>","protected":false},"excerpt":{"rendered":"<p>2. Resultados MENSAGENS IMPORTANTES DO CLAN Os animais contribuem ativamente para a constru\u00e7\u00e3o das fam\u00edlias contempor\u00e2neas: relacional + afetiva O animal est\u00e1 a contribuir para a constru\u00e7\u00e3o da crian\u00e7a, como um indiv\u00edduo singular, dentro da din\u00e2mica familiar; o mesmo tamb\u00e9m se aplica a outros membros da fam\u00edlia Responsabilidade como objetivo educativo versus o que acontece [&hellip;]<\/p>","protected":false},"author":1,"featured_media":0,"parent":0,"menu_order":0,"comment_status":"closed","ping_status":"closed","template":"elementor_header_footer","meta":{"_links_to":"","_links_to_target":""},"_links":{"self":[{"href":"https:\/\/humananimalstudies.net\/en\/wp-json\/wp\/v2\/pages\/4143"}],"collection":[{"href":"https:\/\/humananimalstudies.net\/en\/wp-json\/wp\/v2\/pages"}],"about":[{"href":"https:\/\/humananimalstudies.net\/en\/wp-json\/wp\/v2\/types\/page"}],"author":[{"embeddable":true,"href":"https:\/\/humananimalstudies.net\/en\/wp-json\/wp\/v2\/users\/1"}],"replies":[{"embeddable":true,"href":"https:\/\/humananimalstudies.net\/en\/wp-json\/wp\/v2\/comments?post=4143"}],"version-history":[{"count":25,"href":"https:\/\/humananimalstudies.net\/en\/wp-json\/wp\/v2\/pages\/4143\/revisions"}],"predecessor-version":[{"id":5045,"href":"https:\/\/humananimalstudies.net\/en\/wp-json\/wp\/v2\/pages\/4143\/revisions\/5045"}],"wp:attachment":[{"href":"https:\/\/humananimalstudies.net\/en\/wp-json\/wp\/v2\/media?parent=4143"}],"curies":[{"name":"wp","href":"https:\/\/api.w.org\/{rel}","templated":true}]}}