{"id":637,"date":"2019-04-05T09:47:03","date_gmt":"2019-04-05T09:47:03","guid":{"rendered":"http:\/\/humananimalstudies.net\/?page_id=637"},"modified":"2026-02-05T12:30:17","modified_gmt":"2026-02-05T12:30:17","slug":"advocating-plant-based-eating","status":"publish","type":"page","link":"https:\/\/humananimalstudies.net\/en\/advocating-plant-based-eating\/","title":{"rendered":"Advocating plant-based eating"},"content":{"rendered":"<div data-elementor-type=\"wp-post\" data-elementor-id=\"637\" class=\"elementor elementor-637\">\n\t\t\t\t\t\t<section class=\"elementor-section elementor-top-section elementor-element elementor-element-764ef17d elementor-section-boxed elementor-section-height-default elementor-section-height-default\" data-id=\"764ef17d\" data-element_type=\"section\">\n\t\t\t\t\t\t<div class=\"elementor-container elementor-column-gap-default\">\n\t\t\t\t\t<div class=\"elementor-column elementor-col-100 elementor-top-column elementor-element elementor-element-7e186d01\" data-id=\"7e186d01\" data-element_type=\"column\">\n\t\t\t<div class=\"elementor-widget-wrap elementor-element-populated\">\n\t\t\t\t\t\t<div class=\"elementor-element elementor-element-8f494a9 elementor-widget elementor-widget-text-editor\" data-id=\"8f494a9\" data-element_type=\"widget\" data-widget_type=\"text-editor.default\">\n\t\t\t\t<div class=\"elementor-widget-container\">\n\t\t\t\t\t\t\t<p><!-- wp:paragraph --><\/p>\n<h4><strong>Advocating plant-based eating. Which messages work best for whom, and why?<\/strong><\/h4>\n<p><!-- \/wp:paragraph --><\/p>\n<p><!-- wp:paragraph --><\/p>\n<p>PI: Jo\u00e3o Gra\u00e7a<\/p>\n<p><!-- \/wp:paragraph --><\/p>\n<p><!-- wp:paragraph --><\/p>\n<p>Drawing on a stage theory of behavior change with participants from three different countries in two continents, the purpose of this project is to provide evidence on which messages are most effective in promoting transitions to a plant-based diet.<\/p>\n<p><!-- \/wp:paragraph --><\/p>\t\t\t\t\t\t<\/div>\n\t\t\t\t<\/div>\n\t\t\t\t\t<\/div>\n\t\t<\/div>\n\t\t\t\t\t<\/div>\n\t\t<\/section>\n\t\t\t\t<\/div>","protected":false},"excerpt":{"rendered":"<p>Promovendo uma alimenta\u00e7\u00e3o \u00e0 base de vegetais. Quais mensagens funcionam melhor para quem e porqu\u00ea? IP: Jo\u00e3o Gra\u00e7a Com base numa teoria de est\u00e1gios da mudan\u00e7a de comportamento com participantes de tr\u00eas pa\u00edses diferentes em dois continentes, o objetivo deste projeto \u00e9 fornecer evid\u00eancias sobre quais mensagens s\u00e3o mais eficazes na promo\u00e7\u00e3o da transi\u00e7\u00e3o para [&hellip;]<\/p>","protected":false},"author":1,"featured_media":0,"parent":0,"menu_order":0,"comment_status":"closed","ping_status":"closed","template":"","meta":{"_links_to":"","_links_to_target":""},"_links":{"self":[{"href":"https:\/\/humananimalstudies.net\/en\/wp-json\/wp\/v2\/pages\/637"}],"collection":[{"href":"https:\/\/humananimalstudies.net\/en\/wp-json\/wp\/v2\/pages"}],"about":[{"href":"https:\/\/humananimalstudies.net\/en\/wp-json\/wp\/v2\/types\/page"}],"author":[{"embeddable":true,"href":"https:\/\/humananimalstudies.net\/en\/wp-json\/wp\/v2\/users\/1"}],"replies":[{"embeddable":true,"href":"https:\/\/humananimalstudies.net\/en\/wp-json\/wp\/v2\/comments?post=637"}],"version-history":[{"count":8,"href":"https:\/\/humananimalstudies.net\/en\/wp-json\/wp\/v2\/pages\/637\/revisions"}],"predecessor-version":[{"id":5051,"href":"https:\/\/humananimalstudies.net\/en\/wp-json\/wp\/v2\/pages\/637\/revisions\/5051"}],"wp:attachment":[{"href":"https:\/\/humananimalstudies.net\/en\/wp-json\/wp\/v2\/media?parent=637"}],"curies":[{"name":"wp","href":"https:\/\/api.w.org\/{rel}","templated":true}]}}