{"id":88,"date":"2018-12-26T14:05:38","date_gmt":"2018-12-26T14:05:38","guid":{"rendered":"http:\/\/humananimalstudies.net\/?page_id=88"},"modified":"2023-12-20T17:17:37","modified_gmt":"2023-12-20T17:17:37","slug":"parcerias","status":"publish","type":"page","link":"https:\/\/humananimalstudies.net\/en\/parcerias\/","title":{"rendered":"Partners"},"content":{"rendered":"<div data-elementor-type=\"wp-page\" data-elementor-id=\"88\" class=\"elementor elementor-88\">\n\t\t\t\t\t\t<section class=\"elementor-section elementor-top-section elementor-element elementor-element-a2fab0d elementor-section-boxed elementor-section-height-default elementor-section-height-default\" data-id=\"a2fab0d\" data-element_type=\"section\">\n\t\t\t\t\t\t<div class=\"elementor-container elementor-column-gap-default\">\n\t\t\t\t\t<div class=\"elementor-column elementor-col-100 elementor-top-column elementor-element elementor-element-8fcecd9\" data-id=\"8fcecd9\" data-element_type=\"column\">\n\t\t\t<div class=\"elementor-widget-wrap elementor-element-populated\">\n\t\t\t\t\t\t<div class=\"elementor-element elementor-element-b146753 elementor-invisible elementor-widget elementor-widget-heading\" data-id=\"b146753\" data-element_type=\"widget\" data-settings=\"{&quot;_animation&quot;:&quot;fadeIn&quot;}\" data-widget_type=\"heading.default\">\n\t\t\t\t<div class=\"elementor-widget-container\">\n\t\t\t<h1 class=\"elementor-heading-title elementor-size-default\">PARCERIAS<\/h1>\t\t<\/div>\n\t\t\t\t<\/div>\n\t\t\t\t<div class=\"elementor-element elementor-element-30ae896 elementor-widget elementor-widget-spacer\" data-id=\"30ae896\" data-element_type=\"widget\" data-widget_type=\"spacer.default\">\n\t\t\t\t<div class=\"elementor-widget-container\">\n\t\t\t\t\t<div class=\"elementor-spacer\">\n\t\t\t<div class=\"elementor-spacer-inner\"><\/div>\n\t\t<\/div>\n\t\t\t\t<\/div>\n\t\t\t\t<\/div>\n\t\t\t\t\t<\/div>\n\t\t<\/div>\n\t\t\t\t\t<\/div>\n\t\t<\/section>\n\t\t\t\t<section class=\"elementor-section elementor-top-section elementor-element elementor-element-8bedd48 elementor-section-boxed elementor-section-height-default elementor-section-height-default\" data-id=\"8bedd48\" data-element_type=\"section\">\n\t\t\t\t\t\t<div class=\"elementor-container elementor-column-gap-default\">\n\t\t\t\t\t<div class=\"elementor-column elementor-col-25 elementor-top-column elementor-element elementor-element-7f65a3e\" data-id=\"7f65a3e\" data-element_type=\"column\" data-settings=\"{&quot;background_background&quot;:&quot;classic&quot;}\">\n\t\t\t<div class=\"elementor-widget-wrap elementor-element-populated\">\n\t\t\t\t\t\t<div class=\"elementor-element elementor-element-4a96eb7 elementor-widget elementor-widget-image\" data-id=\"4a96eb7\" data-element_type=\"widget\" data-widget_type=\"image.default\">\n\t\t\t\t<div class=\"elementor-widget-container\">\n\t\t\t\t\t\t\t\t\t\t\t\t\t<img decoding=\"async\" width=\"300\" height=\"68\" src=\"https:\/\/humananimalstudies.net\/wp-content\/uploads\/2019\/06\/asi-logo-300x68.png\" class=\"attachment-medium size-medium wp-image-942\" alt=\"\" srcset=\"https:\/\/humananimalstudies.net\/wp-content\/uploads\/2019\/06\/asi-logo-300x68.png 300w, https:\/\/humananimalstudies.net\/wp-content\/uploads\/2019\/06\/asi-logo.png 520w\" sizes=\"(max-width: 300px) 100vw, 300px\" \/>\t\t\t\t\t\t\t\t\t\t\t\t\t<\/div>\n\t\t\t\t<\/div>\n\t\t\t\t<div class=\"elementor-element elementor-element-7d37050 elementor-widget elementor-widget-spacer\" data-id=\"7d37050\" data-element_type=\"widget\" data-widget_type=\"spacer.default\">\n\t\t\t\t<div class=\"elementor-widget-container\">\n\t\t\t\t\t<div class=\"elementor-spacer\">\n\t\t\t<div class=\"elementor-spacer-inner\"><\/div>\n\t\t<\/div>\n\t\t\t\t<\/div>\n\t\t\t\t<\/div>\n\t\t\t\t\t<\/div>\n\t\t<\/div>\n\t\t\t\t<div class=\"elementor-column elementor-col-25 elementor-top-column elementor-element elementor-element-712498f\" data-id=\"712498f\" data-element_type=\"column\">\n\t\t\t<div class=\"elementor-widget-wrap elementor-element-populated\">\n\t\t\t\t\t\t<div class=\"elementor-element elementor-element-815061f elementor-widget elementor-widget-image\" data-id=\"815061f\" data-element_type=\"widget\" data-widget_type=\"image.default\">\n\t\t\t\t<div class=\"elementor-widget-container\">\n\t\t\t\t\t\t\t\t\t\t\t\t\t<img decoding=\"async\" width=\"300\" height=\"99\" src=\"https:\/\/humananimalstudies.net\/wp-content\/uploads\/2019\/01\/logo_centro_bioetica_fmul-300x99.jpg\" class=\"attachment-medium size-medium wp-image-343\" alt=\"\" srcset=\"https:\/\/humananimalstudies.net\/wp-content\/uploads\/2019\/01\/logo_centro_bioetica_fmul-300x99.jpg 300w, https:\/\/humananimalstudies.net\/wp-content\/uploads\/2019\/01\/logo_centro_bioetica_fmul-768x253.jpg 768w, https:\/\/humananimalstudies.net\/wp-content\/uploads\/2019\/01\/logo_centro_bioetica_fmul-1024x337.jpg 1024w\" sizes=\"(max-width: 300px) 100vw, 300px\" \/>\t\t\t\t\t\t\t\t\t\t\t\t\t<\/div>\n\t\t\t\t<\/div>\n\t\t\t\t<div class=\"elementor-element elementor-element-3524128 elementor-widget elementor-widget-spacer\" data-id=\"3524128\" data-element_type=\"widget\" data-widget_type=\"spacer.default\">\n\t\t\t\t<div class=\"elementor-widget-container\">\n\t\t\t\t\t<div class=\"elementor-spacer\">\n\t\t\t<div class=\"elementor-spacer-inner\"><\/div>\n\t\t<\/div>\n\t\t\t\t<\/div>\n\t\t\t\t<\/div>\n\t\t\t\t\t<\/div>\n\t\t<\/div>\n\t\t\t\t<div class=\"elementor-column elementor-col-25 elementor-top-column elementor-element elementor-element-66e968a\" data-id=\"66e968a\" data-element_type=\"column\">\n\t\t\t<div class=\"elementor-widget-wrap elementor-element-populated\">\n\t\t\t\t\t\t<div class=\"elementor-element elementor-element-1f47396 elementor-widget elementor-widget-image\" data-id=\"1f47396\" data-element_type=\"widget\" data-widget_type=\"image.default\">\n\t\t\t\t<div class=\"elementor-widget-container\">\n\t\t\t\t\t\t\t\t\t\t\t\t\t<img decoding=\"async\" width=\"300\" height=\"112\" src=\"https:\/\/humananimalstudies.net\/wp-content\/uploads\/2019\/01\/TURKU_logo_EN_RGB-300x112.png\" class=\"attachment-medium size-medium wp-image-388\" alt=\"\" srcset=\"https:\/\/humananimalstudies.net\/wp-content\/uploads\/2019\/01\/TURKU_logo_EN_RGB-300x112.png 300w, https:\/\/humananimalstudies.net\/wp-content\/uploads\/2019\/01\/TURKU_logo_EN_RGB-768x286.png 768w, https:\/\/humananimalstudies.net\/wp-content\/uploads\/2019\/01\/TURKU_logo_EN_RGB.png 828w\" sizes=\"(max-width: 300px) 100vw, 300px\" \/>\t\t\t\t\t\t\t\t\t\t\t\t\t<\/div>\n\t\t\t\t<\/div>\n\t\t\t\t\t<\/div>\n\t\t<\/div>\n\t\t\t\t<div class=\"elementor-column elementor-col-25 elementor-top-column elementor-element elementor-element-a22a787\" data-id=\"a22a787\" data-element_type=\"column\">\n\t\t\t<div class=\"elementor-widget-wrap elementor-element-populated\">\n\t\t\t\t\t\t<div class=\"elementor-element elementor-element-3009749 elementor-widget elementor-widget-image\" data-id=\"3009749\" data-element_type=\"widget\" data-widget_type=\"image.default\">\n\t\t\t\t<div class=\"elementor-widget-container\">\n\t\t\t\t\t\t\t\t\t\t\t\t\t<img loading=\"lazy\" decoding=\"async\" width=\"300\" height=\"285\" src=\"https:\/\/humananimalstudies.net\/wp-content\/uploads\/2019\/01\/Uppsala_Universitet-logo-2E2D20E6B3-seeklogo.com_-2-300x285.png\" class=\"attachment-medium size-medium wp-image-510\" alt=\"\" \/>\t\t\t\t\t\t\t\t\t\t\t\t\t<\/div>\n\t\t\t\t<\/div>\n\t\t\t\t\t<\/div>\n\t\t<\/div>\n\t\t\t\t\t<\/div>\n\t\t<\/section>\n\t\t\t\t<section class=\"elementor-section elementor-top-section elementor-element elementor-element-a89f2b8 elementor-section-boxed elementor-section-height-default elementor-section-height-default\" data-id=\"a89f2b8\" data-element_type=\"section\">\n\t\t\t\t\t\t<div class=\"elementor-container elementor-column-gap-default\">\n\t\t\t\t\t<div class=\"elementor-column elementor-col-25 elementor-top-column elementor-element elementor-element-d5e0218\" data-id=\"d5e0218\" data-element_type=\"column\">\n\t\t\t<div class=\"elementor-widget-wrap elementor-element-populated\">\n\t\t\t\t\t\t<div class=\"elementor-element elementor-element-b7abc4d elementor-widget elementor-widget-image\" data-id=\"b7abc4d\" data-element_type=\"widget\" data-widget_type=\"image.default\">\n\t\t\t\t<div class=\"elementor-widget-container\">\n\t\t\t\t\t\t\t\t\t\t\t\t\t<img loading=\"lazy\" decoding=\"async\" width=\"251\" height=\"300\" src=\"https:\/\/humananimalstudies.net\/wp-content\/uploads\/2019\/04\/lobo-logo-251x300.jpg\" class=\"attachment-medium size-medium wp-image-605\" alt=\"\" srcset=\"https:\/\/humananimalstudies.net\/wp-content\/uploads\/2019\/04\/lobo-logo-251x300.jpg 251w, https:\/\/humananimalstudies.net\/wp-content\/uploads\/2019\/04\/lobo-logo-768x917.jpg 768w, https:\/\/humananimalstudies.net\/wp-content\/uploads\/2019\/04\/lobo-logo-858x1024.jpg 858w\" sizes=\"(max-width: 251px) 100vw, 251px\" \/>\t\t\t\t\t\t\t\t\t\t\t\t\t<\/div>\n\t\t\t\t<\/div>\n\t\t\t\t\t<\/div>\n\t\t<\/div>\n\t\t\t\t<div class=\"elementor-column elementor-col-25 elementor-top-column elementor-element elementor-element-3e2011f\" data-id=\"3e2011f\" data-element_type=\"column\">\n\t\t\t<div class=\"elementor-widget-wrap elementor-element-populated\">\n\t\t\t\t\t\t<div class=\"elementor-element elementor-element-57f1a79 elementor-widget elementor-widget-image\" data-id=\"57f1a79\" data-element_type=\"widget\" data-widget_type=\"image.default\">\n\t\t\t\t<div class=\"elementor-widget-container\">\n\t\t\t\t\t\t\t\t\t\t\t\t\t<img loading=\"lazy\" decoding=\"async\" width=\"300\" height=\"116\" src=\"https:\/\/humananimalstudies.net\/wp-content\/uploads\/2019\/04\/logo_vetcom_aldeia-300x116.png\" class=\"attachment-medium size-medium wp-image-607\" alt=\"\" srcset=\"https:\/\/humananimalstudies.net\/wp-content\/uploads\/2019\/04\/logo_vetcom_aldeia-300x116.png 300w, https:\/\/humananimalstudies.net\/wp-content\/uploads\/2019\/04\/logo_vetcom_aldeia-768x297.png 768w, https:\/\/humananimalstudies.net\/wp-content\/uploads\/2019\/04\/logo_vetcom_aldeia.png 800w\" sizes=\"(max-width: 300px) 100vw, 300px\" \/>\t\t\t\t\t\t\t\t\t\t\t\t\t<\/div>\n\t\t\t\t<\/div>\n\t\t\t\t\t<\/div>\n\t\t<\/div>\n\t\t\t\t<div class=\"elementor-column elementor-col-25 elementor-top-column elementor-element elementor-element-eed6761\" data-id=\"eed6761\" data-element_type=\"column\">\n\t\t\t<div class=\"elementor-widget-wrap elementor-element-populated\">\n\t\t\t\t\t\t<div class=\"elementor-element elementor-element-170d9e5 elementor-widget elementor-widget-image\" data-id=\"170d9e5\" data-element_type=\"widget\" data-widget_type=\"image.default\">\n\t\t\t\t<div class=\"elementor-widget-container\">\n\t\t\t\t\t\t\t\t\t\t\t\t\t<img loading=\"lazy\" decoding=\"async\" width=\"3511\" height=\"1999\" src=\"https:\/\/humananimalstudies.net\/wp-content\/uploads\/2023\/05\/EcoAmazonia_logo_cores-positivo-sem-margem.png\" class=\"attachment-full size-full wp-image-3830\" alt=\"\" srcset=\"https:\/\/humananimalstudies.net\/wp-content\/uploads\/2023\/05\/EcoAmazonia_logo_cores-positivo-sem-margem.png 3511w, https:\/\/humananimalstudies.net\/wp-content\/uploads\/2023\/05\/EcoAmazonia_logo_cores-positivo-sem-margem-300x171.png 300w, https:\/\/humananimalstudies.net\/wp-content\/uploads\/2023\/05\/EcoAmazonia_logo_cores-positivo-sem-margem-1024x583.png 1024w, https:\/\/humananimalstudies.net\/wp-content\/uploads\/2023\/05\/EcoAmazonia_logo_cores-positivo-sem-margem-768x437.png 768w, https:\/\/humananimalstudies.net\/wp-content\/uploads\/2023\/05\/EcoAmazonia_logo_cores-positivo-sem-margem-1536x875.png 1536w, https:\/\/humananimalstudies.net\/wp-content\/uploads\/2023\/05\/EcoAmazonia_logo_cores-positivo-sem-margem-2048x1166.png 2048w, https:\/\/humananimalstudies.net\/wp-content\/uploads\/2023\/05\/EcoAmazonia_logo_cores-positivo-sem-margem-18x10.png 18w\" sizes=\"(max-width: 3511px) 100vw, 3511px\" \/>\t\t\t\t\t\t\t\t\t\t\t\t\t<\/div>\n\t\t\t\t<\/div>\n\t\t\t\t\t<\/div>\n\t\t<\/div>\n\t\t\t\t<div class=\"elementor-column elementor-col-25 elementor-top-column elementor-element elementor-element-2d0dc1f\" data-id=\"2d0dc1f\" data-element_type=\"column\">\n\t\t\t<div class=\"elementor-widget-wrap\">\n\t\t\t\t\t\t\t<\/div>\n\t\t<\/div>\n\t\t\t\t\t<\/div>\n\t\t<\/section>\n\t\t\t\t<section class=\"elementor-section elementor-top-section elementor-element elementor-element-4dad79d elementor-section-boxed elementor-section-height-default elementor-section-height-default\" data-id=\"4dad79d\" data-element_type=\"section\">\n\t\t\t\t\t\t<div class=\"elementor-container elementor-column-gap-default\">\n\t\t\t\t\t<div class=\"elementor-column elementor-col-25 elementor-top-column elementor-element elementor-element-75238e2\" data-id=\"75238e2\" data-element_type=\"column\">\n\t\t\t<div class=\"elementor-widget-wrap elementor-element-populated\">\n\t\t\t\t\t\t<section class=\"elementor-section elementor-inner-section elementor-element elementor-element-da33db0 elementor-section-boxed elementor-section-height-default elementor-section-height-default\" data-id=\"da33db0\" data-element_type=\"section\">\n\t\t\t\t\t\t<div class=\"elementor-container elementor-column-gap-default\">\n\t\t\t\t\t<div class=\"elementor-column elementor-col-100 elementor-inner-column elementor-element elementor-element-4b06629\" data-id=\"4b06629\" data-element_type=\"column\">\n\t\t\t<div class=\"elementor-widget-wrap elementor-element-populated\">\n\t\t\t\t\t\t<div class=\"elementor-element elementor-element-ad74bab elementor-widget elementor-widget-text-editor\" data-id=\"ad74bab\" data-element_type=\"widget\" data-widget_type=\"text-editor.default\">\n\t\t\t\t<div class=\"elementor-widget-container\">\n\t\t\t\t\t\t\t<p><strong>GRUPO LOBO \u2013 Center for the Rehabilitation of the Iberian Wolf<\/strong> (<a href=\"http:\/\/www.grupolobo.pt\/\">http:\/\/www.grupolobo.pt\/<\/a>)<br \/><br \/>GRUPO LOBO is an NGO created in 1985 for the protection and conservation of the wolf and its ecosystem in Portugal. Its mission is to provide accurate and updated information about the wolf, support the development of scientific studies about the species, educate and raise awareness of the public to the importance of this predator and promote practical conservation measures that increase tolerance towards wolves.<\/p>\t\t\t\t\t\t<\/div>\n\t\t\t\t<\/div>\n\t\t\t\t\t<\/div>\n\t\t<\/div>\n\t\t\t\t\t<\/div>\n\t\t<\/section>\n\t\t\t\t\t<\/div>\n\t\t<\/div>\n\t\t\t\t<div class=\"elementor-column elementor-col-25 elementor-top-column elementor-element elementor-element-975241f\" data-id=\"975241f\" data-element_type=\"column\">\n\t\t\t<div class=\"elementor-widget-wrap elementor-element-populated\">\n\t\t\t\t\t\t<section class=\"elementor-section elementor-inner-section elementor-element elementor-element-62227e5 elementor-section-boxed elementor-section-height-default elementor-section-height-default\" data-id=\"62227e5\" data-element_type=\"section\">\n\t\t\t\t\t\t<div class=\"elementor-container elementor-column-gap-default\">\n\t\t\t\t\t<div class=\"elementor-column elementor-col-100 elementor-inner-column elementor-element elementor-element-882a78a\" data-id=\"882a78a\" data-element_type=\"column\">\n\t\t\t<div class=\"elementor-widget-wrap elementor-element-populated\">\n\t\t\t\t\t\t<div class=\"elementor-element elementor-element-bb1072a elementor-widget elementor-widget-text-editor\" data-id=\"bb1072a\" data-element_type=\"widget\" data-widget_type=\"text-editor.default\">\n\t\t\t\t<div class=\"elementor-widget-container\">\n\t\t\t\t\t\t\t<p><strong>ALDEIA<\/strong><\/p>\n<p>(<a href=\"http:\/\/www.aldeia.org\/\">http:\/\/www.aldeia.org<\/a>)<br \/>ALDEIA is an NGO that aims to contribute to sustainable development, based on the conservation of nature and the preservation of the culture and traditions that survive in rural areas. The Association was incorporated in the Planalto Mirand\u00eas in July 2003. The current official headquarter is located in Vimioso, where one can still find some of the best preserved natural and cultural heritage of Portugal. The landscape, the biodiversity and the ways of life of its people make the Nordeste Transmontano one of the most privileged regions of the country, especially for those who seek close and genuine contact with Nature and the Rural World.<\/p>\t\t\t\t\t\t<\/div>\n\t\t\t\t<\/div>\n\t\t\t\t<div class=\"elementor-element elementor-element-932a173 elementor-widget elementor-widget-spacer\" data-id=\"932a173\" data-element_type=\"widget\" data-widget_type=\"spacer.default\">\n\t\t\t\t<div class=\"elementor-widget-container\">\n\t\t\t\t\t<div class=\"elementor-spacer\">\n\t\t\t<div class=\"elementor-spacer-inner\"><\/div>\n\t\t<\/div>\n\t\t\t\t<\/div>\n\t\t\t\t<\/div>\n\t\t\t\t\t<\/div>\n\t\t<\/div>\n\t\t\t\t\t<\/div>\n\t\t<\/section>\n\t\t\t\t\t<\/div>\n\t\t<\/div>\n\t\t\t\t<div class=\"elementor-column elementor-col-25 elementor-top-column elementor-element elementor-element-390fdd4\" data-id=\"390fdd4\" data-element_type=\"column\">\n\t\t\t<div class=\"elementor-widget-wrap elementor-element-populated\">\n\t\t\t\t\t\t<section class=\"elementor-section elementor-inner-section elementor-element elementor-element-239b8e8 elementor-section-boxed elementor-section-height-default elementor-section-height-default\" data-id=\"239b8e8\" data-element_type=\"section\">\n\t\t\t\t\t\t<div class=\"elementor-container elementor-column-gap-default\">\n\t\t\t\t\t<div class=\"elementor-column elementor-col-100 elementor-inner-column elementor-element elementor-element-453e1a7\" data-id=\"453e1a7\" data-element_type=\"column\">\n\t\t\t<div class=\"elementor-widget-wrap elementor-element-populated\">\n\t\t\t\t\t\t<div class=\"elementor-element elementor-element-5486006 elementor-widget elementor-widget-text-editor\" data-id=\"5486006\" data-element_type=\"widget\" data-widget_type=\"text-editor.default\">\n\t\t\t\t<div class=\"elementor-widget-container\">\n\t\t\t\t\t\t\t<p><strong>ECO <\/strong><br \/><strong>Animais e Plantas em Produ\u00e7\u00f5es Culturais sobre a Bacia Amaz\u00f3nica<\/strong><br \/>(ERC Consolidator Grant n\u00ba 101002359)<\/p>\n<p>PI: Patr\u00edcia Vieira<\/p>\n<p>Link: <a href=\"https:\/\/eco.ces.uc.pt\/\">https:\/\/eco.ces.uc.pt\/<\/a><\/p>\t\t\t\t\t\t<\/div>\n\t\t\t\t<\/div>\n\t\t\t\t\t<\/div>\n\t\t<\/div>\n\t\t\t\t\t<\/div>\n\t\t<\/section>\n\t\t\t\t\t<\/div>\n\t\t<\/div>\n\t\t\t\t<div class=\"elementor-column elementor-col-25 elementor-top-column elementor-element elementor-element-f54f6fc\" data-id=\"f54f6fc\" data-element_type=\"column\">\n\t\t\t<div class=\"elementor-widget-wrap\">\n\t\t\t\t\t\t\t<\/div>\n\t\t<\/div>\n\t\t\t\t\t<\/div>\n\t\t<\/section>\n\t\t\t\t<section class=\"elementor-section elementor-top-section elementor-element elementor-element-b19856e elementor-section-boxed elementor-section-height-default elementor-section-height-default\" data-id=\"b19856e\" data-element_type=\"section\">\n\t\t\t\t\t\t<div class=\"elementor-container elementor-column-gap-default\">\n\t\t\t\t\t<div class=\"elementor-column elementor-col-100 elementor-top-column elementor-element elementor-element-66ee6da\" data-id=\"66ee6da\" data-element_type=\"column\">\n\t\t\t<div class=\"elementor-widget-wrap elementor-element-populated\">\n\t\t\t\t\t\t<div class=\"elementor-element elementor-element-952584b elementor-widget elementor-widget-spacer\" data-id=\"952584b\" data-element_type=\"widget\" data-widget_type=\"spacer.default\">\n\t\t\t\t<div class=\"elementor-widget-container\">\n\t\t\t\t\t<div class=\"elementor-spacer\">\n\t\t\t<div class=\"elementor-spacer-inner\"><\/div>\n\t\t<\/div>\n\t\t\t\t<\/div>\n\t\t\t\t<\/div>\n\t\t\t\t\t<\/div>\n\t\t<\/div>\n\t\t\t\t\t<\/div>\n\t\t<\/section>\n\t\t\t\t<\/div>","protected":false},"excerpt":{"rendered":"<p>PARCERIAS GRUPO LOBO \u2013 Center for the Rehabilitation of the Iberian Wolf (http:\/\/www.grupolobo.pt\/) GRUPO LOBO is an NGO created in 1985 for the protection and conservation of the wolf and its ecosystem in Portugal. Its mission is to provide accurate and updated information about the wolf, support the development of scientific studies about the species, [&hellip;]<\/p>","protected":false},"author":1,"featured_media":0,"parent":0,"menu_order":0,"comment_status":"closed","ping_status":"closed","template":"","meta":{"_links_to":"","_links_to_target":""},"_links":{"self":[{"href":"https:\/\/humananimalstudies.net\/en\/wp-json\/wp\/v2\/pages\/88"}],"collection":[{"href":"https:\/\/humananimalstudies.net\/en\/wp-json\/wp\/v2\/pages"}],"about":[{"href":"https:\/\/humananimalstudies.net\/en\/wp-json\/wp\/v2\/types\/page"}],"author":[{"embeddable":true,"href":"https:\/\/humananimalstudies.net\/en\/wp-json\/wp\/v2\/users\/1"}],"replies":[{"embeddable":true,"href":"https:\/\/humananimalstudies.net\/en\/wp-json\/wp\/v2\/comments?post=88"}],"version-history":[{"count":35,"href":"https:\/\/humananimalstudies.net\/en\/wp-json\/wp\/v2\/pages\/88\/revisions"}],"predecessor-version":[{"id":4079,"href":"https:\/\/humananimalstudies.net\/en\/wp-json\/wp\/v2\/pages\/88\/revisions\/4079"}],"wp:attachment":[{"href":"https:\/\/humananimalstudies.net\/en\/wp-json\/wp\/v2\/media?parent=88"}],"curies":[{"name":"wp","href":"https:\/\/api.w.org\/{rel}","templated":true}]}}