{"id":1033,"date":"2019-10-29T11:33:23","date_gmt":"2019-10-29T11:33:23","guid":{"rendered":"http:\/\/humananimalstudies.net\/?page_id=1033"},"modified":"2021-10-15T21:38:55","modified_gmt":"2021-10-15T21:38:55","slug":"extensao-cientifica-clan","status":"publish","type":"page","link":"https:\/\/humananimalstudies.net\/pt\/clan\/extensao-cientifica-clan\/","title":{"rendered":"Extens\u00e3o Cient\u00edfica CLAN"},"content":{"rendered":"\t\t<div data-elementor-type=\"wp-post\" data-elementor-id=\"1033\" class=\"elementor elementor-1033\">\n\t\t\t\t\t\t<section class=\"elementor-section elementor-top-section elementor-element elementor-element-dba2fb2 elementor-section-boxed elementor-section-height-default elementor-section-height-default\" data-id=\"dba2fb2\" data-element_type=\"section\">\n\t\t\t\t\t\t<div class=\"elementor-container elementor-column-gap-default\">\n\t\t\t\t\t<div class=\"elementor-column elementor-col-50 elementor-top-column elementor-element elementor-element-1ae0ec8\" data-id=\"1ae0ec8\" data-element_type=\"column\">\n\t\t\t<div class=\"elementor-widget-wrap elementor-element-populated\">\n\t\t\t\t\t\t<div class=\"elementor-element elementor-element-ff9af45 elementor-widget elementor-widget-image\" data-id=\"ff9af45\" data-element_type=\"widget\" data-widget_type=\"image.default\">\n\t\t\t\t<div class=\"elementor-widget-container\">\n\t\t\t\t\t\t\t\t\t\t\t\t\t<img fetchpriority=\"high\" decoding=\"async\" width=\"812\" height=\"457\" src=\"https:\/\/humananimalstudies.net\/wp-content\/uploads\/2019\/10\/Policarpo_Crian\u00e7as-na-cidade_SeminarioCriCity_25.10.2019-1024x576.png\" class=\"attachment-large size-large wp-image-1024\" alt=\"\" srcset=\"https:\/\/humananimalstudies.net\/wp-content\/uploads\/2019\/10\/Policarpo_Crian\u00e7as-na-cidade_SeminarioCriCity_25.10.2019-1024x576.png 1024w, https:\/\/humananimalstudies.net\/wp-content\/uploads\/2019\/10\/Policarpo_Crian\u00e7as-na-cidade_SeminarioCriCity_25.10.2019-300x169.png 300w, https:\/\/humananimalstudies.net\/wp-content\/uploads\/2019\/10\/Policarpo_Crian\u00e7as-na-cidade_SeminarioCriCity_25.10.2019-768x432.png 768w, https:\/\/humananimalstudies.net\/wp-content\/uploads\/2019\/10\/Policarpo_Crian\u00e7as-na-cidade_SeminarioCriCity_25.10.2019.png 1280w\" sizes=\"(max-width: 812px) 100vw, 812px\" \/>\t\t\t\t\t\t\t\t\t\t\t\t\t<\/div>\n\t\t\t\t<\/div>\n\t\t\t\t\t<\/div>\n\t\t<\/div>\n\t\t\t\t<div class=\"elementor-column elementor-col-50 elementor-top-column elementor-element elementor-element-3776872\" data-id=\"3776872\" data-element_type=\"column\">\n\t\t\t<div class=\"elementor-widget-wrap elementor-element-populated\">\n\t\t\t\t\t\t<div class=\"elementor-element elementor-element-56de00c elementor-widget elementor-widget-text-editor\" data-id=\"56de00c\" data-element_type=\"widget\" data-widget_type=\"text-editor.default\">\n\t\t\t\t<div class=\"elementor-widget-container\">\n\t\t\t\t\t\t\t<h3 class=\"elementor-image-box-title elementor-inline-editing\" style=\"text-align: center;\" data-elementor-setting-key=\"title_text\" data-elementor-inline-editing-toolbar=\"none\"><span style=\"color: #ff6600;\">\u201cDaisy, vamos ao parque? Crian\u00e7as e animais na cidade\u201d<\/span>\u00a0<br \/><a href=\"https:\/\/csg.rc.iseg.ulisboa.pt\/2019\/10\/14\/workshop-espacos-publico-infantis-ilhas-de-liberdade-na-cidade-org-projecto-cricity\/\" target=\"_blank\" rel=\"noopener\">Workshop CriCity<\/a><\/h3><p class=\"elementor-image-box-description elementor-inline-editing\" data-elementor-setting-key=\"description_text\">\u00a0No dia 25 de Outubro de 2019, o CLAN participou no Workshop CriCity \u201cEspa\u00e7os P\u00fablicos Infantis: Ilhas de Liberdade na Cidade?\u201d. O tema apresentado por Ver\u00f3nica Policarpo, teve como t\u00edtulo \u201cDaisy, vamos ao parque? Crian\u00e7as e animais na cidade\u201d. Esta apresenta\u00e7\u00e3o procurou explorar a rela\u00e7\u00e3o das crian\u00e7as com os diversos animais que possam encontrar na cidade, desde dos seus animais de companhia, a ratos, insectos, pombos e animais errantes.<\/p>\t\t\t\t\t\t<\/div>\n\t\t\t\t<\/div>\n\t\t\t\t\t<\/div>\n\t\t<\/div>\n\t\t\t\t\t<\/div>\n\t\t<\/section>\n\t\t\t\t<section class=\"elementor-section elementor-top-section elementor-element elementor-element-2a2f4c9 elementor-section-boxed elementor-section-height-default elementor-section-height-default\" data-id=\"2a2f4c9\" data-element_type=\"section\">\n\t\t\t\t\t\t<div class=\"elementor-container elementor-column-gap-default\">\n\t\t\t\t\t<div class=\"elementor-column elementor-col-100 elementor-top-column elementor-element elementor-element-b1bd9d8\" data-id=\"b1bd9d8\" data-element_type=\"column\">\n\t\t\t<div class=\"elementor-widget-wrap elementor-element-populated\">\n\t\t\t\t\t\t<div class=\"elementor-element elementor-element-47ae768 elementor-widget elementor-widget-spacer\" data-id=\"47ae768\" data-element_type=\"widget\" data-widget_type=\"spacer.default\">\n\t\t\t\t<div class=\"elementor-widget-container\">\n\t\t\t\t\t<div class=\"elementor-spacer\">\n\t\t\t<div class=\"elementor-spacer-inner\"><\/div>\n\t\t<\/div>\n\t\t\t\t<\/div>\n\t\t\t\t<\/div>\n\t\t\t\t\t<\/div>\n\t\t<\/div>\n\t\t\t\t\t<\/div>\n\t\t<\/section>\n\t\t\t\t<section class=\"elementor-section elementor-top-section elementor-element elementor-element-35b6a28 elementor-section-boxed elementor-section-height-default elementor-section-height-default\" data-id=\"35b6a28\" data-element_type=\"section\">\n\t\t\t\t\t\t<div class=\"elementor-container elementor-column-gap-default\">\n\t\t\t\t\t<div class=\"elementor-column elementor-col-50 elementor-top-column elementor-element elementor-element-f78e867\" data-id=\"f78e867\" data-element_type=\"column\">\n\t\t\t<div class=\"elementor-widget-wrap elementor-element-populated\">\n\t\t\t\t\t\t<div class=\"elementor-element elementor-element-56ef592 elementor-widget elementor-widget-image\" data-id=\"56ef592\" data-element_type=\"widget\" data-widget_type=\"image.default\">\n\t\t\t\t<div class=\"elementor-widget-container\">\n\t\t\t\t\t\t\t\t\t\t\t\t\t<img decoding=\"async\" width=\"812\" height=\"457\" src=\"https:\/\/humananimalstudies.net\/wp-content\/uploads\/2019\/11\/Almeida-et-al-ESAConference2019ChildrenAnimals-1024x576.jpg\" class=\"attachment-large size-large wp-image-1072\" alt=\"\" srcset=\"https:\/\/humananimalstudies.net\/wp-content\/uploads\/2019\/11\/Almeida-et-al-ESAConference2019ChildrenAnimals-1024x576.jpg 1024w, https:\/\/humananimalstudies.net\/wp-content\/uploads\/2019\/11\/Almeida-et-al-ESAConference2019ChildrenAnimals-300x169.jpg 300w, https:\/\/humananimalstudies.net\/wp-content\/uploads\/2019\/11\/Almeida-et-al-ESAConference2019ChildrenAnimals-768x432.jpg 768w, https:\/\/humananimalstudies.net\/wp-content\/uploads\/2019\/11\/Almeida-et-al-ESAConference2019ChildrenAnimals.jpg 1280w\" sizes=\"(max-width: 812px) 100vw, 812px\" \/>\t\t\t\t\t\t\t\t\t\t\t\t\t<\/div>\n\t\t\t\t<\/div>\n\t\t\t\t\t<\/div>\n\t\t<\/div>\n\t\t\t\t<div class=\"elementor-column elementor-col-50 elementor-top-column elementor-element elementor-element-dcc4fcf\" data-id=\"dcc4fcf\" data-element_type=\"column\">\n\t\t\t<div class=\"elementor-widget-wrap elementor-element-populated\">\n\t\t\t\t\t\t<div class=\"elementor-element elementor-element-c517ec9 elementor-widget elementor-widget-text-editor\" data-id=\"c517ec9\" data-element_type=\"widget\" data-widget_type=\"text-editor.default\">\n\t\t\t\t<div class=\"elementor-widget-container\">\n\t\t\t\t\t\t\t<h3 class=\"elementor-image-box-title elementor-inline-editing\" style=\"text-align: center;\" data-elementor-setting-key=\"title_text\" data-elementor-inline-editing-toolbar=\"none\"><span style=\"color: #ff6600;\">&#8220;Children and animals: objects of study of the Sociology of Childhood\u201c<\/span><\/h3><p class=\"elementor-image-box-description elementor-inline-editing\" data-elementor-setting-key=\"description_text\">Apresenta\u00e7\u00e3o do projeto CLAN na 14\u00aa confer\u00eancia da European Sociological Association. \u200b<\/p>\t\t\t\t\t\t<\/div>\n\t\t\t\t<\/div>\n\t\t\t\t\t<\/div>\n\t\t<\/div>\n\t\t\t\t\t<\/div>\n\t\t<\/section>\n\t\t\t\t<section class=\"elementor-section elementor-top-section elementor-element elementor-element-201a8d5 elementor-section-boxed elementor-section-height-default elementor-section-height-default\" data-id=\"201a8d5\" data-element_type=\"section\">\n\t\t\t\t\t\t<div class=\"elementor-container elementor-column-gap-default\">\n\t\t\t\t\t<div class=\"elementor-column elementor-col-100 elementor-top-column elementor-element elementor-element-9301c99\" data-id=\"9301c99\" data-element_type=\"column\">\n\t\t\t<div class=\"elementor-widget-wrap elementor-element-populated\">\n\t\t\t\t\t\t<div class=\"elementor-element elementor-element-91cd012 elementor-widget elementor-widget-spacer\" data-id=\"91cd012\" data-element_type=\"widget\" data-widget_type=\"spacer.default\">\n\t\t\t\t<div class=\"elementor-widget-container\">\n\t\t\t\t\t<div class=\"elementor-spacer\">\n\t\t\t<div class=\"elementor-spacer-inner\"><\/div>\n\t\t<\/div>\n\t\t\t\t<\/div>\n\t\t\t\t<\/div>\n\t\t\t\t\t<\/div>\n\t\t<\/div>\n\t\t\t\t\t<\/div>\n\t\t<\/section>\n\t\t\t\t<section class=\"elementor-section elementor-top-section elementor-element elementor-element-e330293 elementor-section-boxed elementor-section-height-default elementor-section-height-default\" data-id=\"e330293\" data-element_type=\"section\">\n\t\t\t\t\t\t<div class=\"elementor-container elementor-column-gap-default\">\n\t\t\t\t\t<div class=\"elementor-column elementor-col-50 elementor-top-column elementor-element elementor-element-182e6d7\" data-id=\"182e6d7\" data-element_type=\"column\">\n\t\t\t<div class=\"elementor-widget-wrap elementor-element-populated\">\n\t\t\t\t\t\t<div class=\"elementor-element elementor-element-c19cb87 elementor-widget elementor-widget-image\" data-id=\"c19cb87\" data-element_type=\"widget\" data-widget_type=\"image.default\">\n\t\t\t\t<div class=\"elementor-widget-container\">\n\t\t\t\t\t\t\t\t\t\t\t\t\t<img decoding=\"async\" width=\"812\" height=\"457\" src=\"https:\/\/humananimalstudies.net\/wp-content\/uploads\/2019\/11\/Policarpo_Luto-por-um-animal-de-companhia_HUB-1024x576.png\" class=\"attachment-large size-large wp-image-1074\" alt=\"\" srcset=\"https:\/\/humananimalstudies.net\/wp-content\/uploads\/2019\/11\/Policarpo_Luto-por-um-animal-de-companhia_HUB-1024x576.png 1024w, https:\/\/humananimalstudies.net\/wp-content\/uploads\/2019\/11\/Policarpo_Luto-por-um-animal-de-companhia_HUB-300x169.png 300w, https:\/\/humananimalstudies.net\/wp-content\/uploads\/2019\/11\/Policarpo_Luto-por-um-animal-de-companhia_HUB-768x432.png 768w, https:\/\/humananimalstudies.net\/wp-content\/uploads\/2019\/11\/Policarpo_Luto-por-um-animal-de-companhia_HUB.png 1280w\" sizes=\"(max-width: 812px) 100vw, 812px\" \/>\t\t\t\t\t\t\t\t\t\t\t\t\t<\/div>\n\t\t\t\t<\/div>\n\t\t\t\t\t<\/div>\n\t\t<\/div>\n\t\t\t\t<div class=\"elementor-column elementor-col-50 elementor-top-column elementor-element elementor-element-0b7a6da\" data-id=\"0b7a6da\" data-element_type=\"column\">\n\t\t\t<div class=\"elementor-widget-wrap elementor-element-populated\">\n\t\t\t\t\t\t<div class=\"elementor-element elementor-element-00ed913 elementor-widget elementor-widget-text-editor\" data-id=\"00ed913\" data-element_type=\"widget\" data-widget_type=\"text-editor.default\">\n\t\t\t\t<div class=\"elementor-widget-container\">\n\t\t\t\t\t\t\t<h3 class=\"elementor-image-box-title elementor-inline-editing\" style=\"text-align: center;\" data-elementor-setting-key=\"title_text\" data-elementor-inline-editing-toolbar=\"none\"><span style=\"color: #ff6600;\">&#8220;Luto por um animal de companhia&#8221;\u00a0<\/span><\/h3><p class=\"elementor-image-box-description elementor-inline-editing\" data-elementor-setting-key=\"description_text\">Esta apresenta\u00e7\u00e3o teve como objetivo estudar o luto dos animais de companhia. Entre os temas abordados procurou-se explorar que animais s\u00e3o &#8220;dignos&#8221; de luto e que animais n\u00e3o s\u00e3o, a rela\u00e7\u00e3o entre humanos e os seus animais de companhia e o estatuto liminal que estes animais det\u00eam.<\/p>\t\t\t\t\t\t<\/div>\n\t\t\t\t<\/div>\n\t\t\t\t\t<\/div>\n\t\t<\/div>\n\t\t\t\t\t<\/div>\n\t\t<\/section>\n\t\t\t\t<section class=\"elementor-section elementor-top-section elementor-element elementor-element-ada1830 elementor-section-boxed elementor-section-height-default elementor-section-height-default\" data-id=\"ada1830\" data-element_type=\"section\">\n\t\t\t\t\t\t<div class=\"elementor-container elementor-column-gap-default\">\n\t\t\t\t\t<div class=\"elementor-column elementor-col-100 elementor-top-column elementor-element elementor-element-dffba99\" data-id=\"dffba99\" data-element_type=\"column\">\n\t\t\t<div class=\"elementor-widget-wrap elementor-element-populated\">\n\t\t\t\t\t\t<div class=\"elementor-element elementor-element-c11cf33 elementor-widget elementor-widget-spacer\" data-id=\"c11cf33\" data-element_type=\"widget\" data-widget_type=\"spacer.default\">\n\t\t\t\t<div class=\"elementor-widget-container\">\n\t\t\t\t\t<div class=\"elementor-spacer\">\n\t\t\t<div class=\"elementor-spacer-inner\"><\/div>\n\t\t<\/div>\n\t\t\t\t<\/div>\n\t\t\t\t<\/div>\n\t\t\t\t\t<\/div>\n\t\t<\/div>\n\t\t\t\t\t<\/div>\n\t\t<\/section>\n\t\t\t\t<section class=\"elementor-section elementor-top-section elementor-element elementor-element-37c5ab8 elementor-section-boxed elementor-section-height-default elementor-section-height-default\" data-id=\"37c5ab8\" data-element_type=\"section\">\n\t\t\t\t\t\t<div class=\"elementor-container elementor-column-gap-default\">\n\t\t\t\t\t<div class=\"elementor-column elementor-col-50 elementor-top-column elementor-element elementor-element-922214d\" data-id=\"922214d\" data-element_type=\"column\">\n\t\t\t<div class=\"elementor-widget-wrap elementor-element-populated\">\n\t\t\t\t\t\t<div class=\"elementor-element elementor-element-a183de0 elementor-widget elementor-widget-image\" data-id=\"a183de0\" data-element_type=\"widget\" data-widget_type=\"image.default\">\n\t\t\t\t<div class=\"elementor-widget-container\">\n\t\t\t\t\t\t\t\t\t\t\t\t\t<img loading=\"lazy\" decoding=\"async\" width=\"812\" height=\"543\" src=\"https:\/\/humananimalstudies.net\/wp-content\/uploads\/2019\/12\/four-assorted-color-puppies-2827238-1024x685.jpg\" class=\"attachment-large size-large wp-image-1097\" alt=\"\" srcset=\"https:\/\/humananimalstudies.net\/wp-content\/uploads\/2019\/12\/four-assorted-color-puppies-2827238-1024x685.jpg 1024w, https:\/\/humananimalstudies.net\/wp-content\/uploads\/2019\/12\/four-assorted-color-puppies-2827238-300x201.jpg 300w, https:\/\/humananimalstudies.net\/wp-content\/uploads\/2019\/12\/four-assorted-color-puppies-2827238-768x514.jpg 768w\" sizes=\"(max-width: 812px) 100vw, 812px\" \/>\t\t\t\t\t\t\t\t\t\t\t\t\t<\/div>\n\t\t\t\t<\/div>\n\t\t\t\t\t<\/div>\n\t\t<\/div>\n\t\t\t\t<div class=\"elementor-column elementor-col-50 elementor-top-column elementor-element elementor-element-f7ee6d8\" data-id=\"f7ee6d8\" data-element_type=\"column\">\n\t\t\t<div class=\"elementor-widget-wrap elementor-element-populated\">\n\t\t\t\t\t\t<div class=\"elementor-element elementor-element-34b2fac elementor-widget elementor-widget-text-editor\" data-id=\"34b2fac\" data-element_type=\"widget\" data-widget_type=\"text-editor.default\">\n\t\t\t\t<div class=\"elementor-widget-container\">\n\t\t\t\t\t\t\t<h3 class=\"elementor-image-box-title elementor-inline-editing\" style=\"text-align: center;\" data-elementor-setting-key=\"title_text\" data-elementor-inline-editing-toolbar=\"none\"><span style=\"color: #ff6600;\">Fronteiras XXI: &#8220;N\u00f3s e os Animais&#8221;\u00a0<\/span><\/h3><p class=\"elementor-image-box-description elementor-inline-editing\" data-elementor-setting-key=\"description_text\">A coordenadora do projeto CLAN, Ver\u00f3nica Policarpo, esteve presente no programa da RTP 3 \u201cFronteiras XXI\u201d para uma sess\u00e3o intitulada \u201cN\u00f3s e os Animais\u201d. Neste programa foram debatidos diversos t\u00f3picos desde a hierarquiza\u00e7\u00e3o dos animais, a import\u00e2ncia de institui\u00e7\u00f5es como zoos e aqu\u00e1rios para a conserva\u00e7\u00e3o da natureza, a rela\u00e7\u00e3o entre humanos e animais n\u00e3o-humanos, o lugar dos animais dentro da fam\u00edlia, a legisla\u00e7\u00e3o referente aos animais, o cuidar dos animais e a crescente ind\u00fastria dedicada aos animais de companhia.<\/p><p class=\"elementor-image-box-description elementor-inline-editing\" data-elementor-setting-key=\"description_text\">Clique no bot\u00e3o em baixo para ver o programa completo!<\/p>\t\t\t\t\t\t<\/div>\n\t\t\t\t<\/div>\n\t\t\t\t<div class=\"elementor-element elementor-element-1616934 elementor-button-success elementor-align-center elementor-widget elementor-widget-button\" data-id=\"1616934\" data-element_type=\"widget\" data-widget_type=\"button.default\">\n\t\t\t\t<div class=\"elementor-widget-container\">\n\t\t\t\t\t<div class=\"elementor-button-wrapper\">\n\t\t\t<a class=\"elementor-button elementor-button-link elementor-size-sm elementor-animation-pulse-grow\" href=\"https:\/\/fronteirasxxi.pt\/animais\/\">\n\t\t\t\t\t\t<span class=\"elementor-button-content-wrapper\">\n\t\t\t\t\t\t\t\t\t<span class=\"elementor-button-text\">Clique aqui<\/span>\n\t\t\t\t\t<\/span>\n\t\t\t\t\t<\/a>\n\t\t<\/div>\n\t\t\t\t<\/div>\n\t\t\t\t<\/div>\n\t\t\t\t\t<\/div>\n\t\t<\/div>\n\t\t\t\t\t<\/div>\n\t\t<\/section>\n\t\t\t\t<section class=\"elementor-section elementor-top-section elementor-element elementor-element-f6ed759 elementor-section-boxed elementor-section-height-default elementor-section-height-default\" data-id=\"f6ed759\" data-element_type=\"section\">\n\t\t\t\t\t\t<div class=\"elementor-container elementor-column-gap-default\">\n\t\t\t\t\t<div class=\"elementor-column elementor-col-100 elementor-top-column elementor-element elementor-element-1dbba01\" data-id=\"1dbba01\" data-element_type=\"column\">\n\t\t\t<div class=\"elementor-widget-wrap elementor-element-populated\">\n\t\t\t\t\t\t<div class=\"elementor-element elementor-element-86b34ba elementor-widget elementor-widget-spacer\" data-id=\"86b34ba\" data-element_type=\"widget\" data-widget_type=\"spacer.default\">\n\t\t\t\t<div class=\"elementor-widget-container\">\n\t\t\t\t\t<div class=\"elementor-spacer\">\n\t\t\t<div class=\"elementor-spacer-inner\"><\/div>\n\t\t<\/div>\n\t\t\t\t<\/div>\n\t\t\t\t<\/div>\n\t\t\t\t\t<\/div>\n\t\t<\/div>\n\t\t\t\t\t<\/div>\n\t\t<\/section>\n\t\t\t\t<section class=\"elementor-section elementor-top-section elementor-element elementor-element-61e96e7 elementor-section-boxed elementor-section-height-default elementor-section-height-default\" data-id=\"61e96e7\" data-element_type=\"section\">\n\t\t\t\t\t\t<div class=\"elementor-container elementor-column-gap-default\">\n\t\t\t\t\t<div class=\"elementor-column elementor-col-50 elementor-top-column elementor-element elementor-element-6300a01\" data-id=\"6300a01\" data-element_type=\"column\">\n\t\t\t<div class=\"elementor-widget-wrap elementor-element-populated\">\n\t\t\t\t\t\t<div class=\"elementor-element elementor-element-52a04ca elementor-widget elementor-widget-image\" data-id=\"52a04ca\" data-element_type=\"widget\" data-widget_type=\"image.default\">\n\t\t\t\t<div class=\"elementor-widget-container\">\n\t\t\t\t\t\t\t\t\t\t\t\t\t<img loading=\"lazy\" decoding=\"async\" width=\"812\" height=\"556\" src=\"https:\/\/humananimalstudies.net\/wp-content\/uploads\/2020\/07\/shutterstock_206166310-1024x701.jpg\" class=\"attachment-large size-large wp-image-1368\" alt=\"\" srcset=\"https:\/\/humananimalstudies.net\/wp-content\/uploads\/2020\/07\/shutterstock_206166310-1024x701.jpg 1024w, https:\/\/humananimalstudies.net\/wp-content\/uploads\/2020\/07\/shutterstock_206166310-300x205.jpg 300w, https:\/\/humananimalstudies.net\/wp-content\/uploads\/2020\/07\/shutterstock_206166310-768x526.jpg 768w\" sizes=\"(max-width: 812px) 100vw, 812px\" \/>\t\t\t\t\t\t\t\t\t\t\t\t\t<\/div>\n\t\t\t\t<\/div>\n\t\t\t\t\t<\/div>\n\t\t<\/div>\n\t\t\t\t<div class=\"elementor-column elementor-col-50 elementor-top-column elementor-element elementor-element-48836ef\" data-id=\"48836ef\" data-element_type=\"column\">\n\t\t\t<div class=\"elementor-widget-wrap elementor-element-populated\">\n\t\t\t\t\t\t<div class=\"elementor-element elementor-element-e4fa8ff elementor-widget elementor-widget-text-editor\" data-id=\"e4fa8ff\" data-element_type=\"widget\" data-widget_type=\"text-editor.default\">\n\t\t\t\t<div class=\"elementor-widget-container\">\n\t\t\t\t\t\t\t<h3 class=\"elementor-image-box-title elementor-inline-editing\" style=\"text-align: center;\" data-elementor-setting-key=\"title_text\" data-elementor-inline-editing-toolbar=\"none\"><span style=\"color: #ff6600;\">90 Segundos de Ci\u00eancia<\/span><\/h3><p class=\"elementor-image-box-description elementor-inline-editing\" data-elementor-setting-key=\"description_text\">No dia 31 de janeiro de 2019, a coordenadora do projeto CLAN, Ver\u00f3nica Policarpo, esteve presente no programa 90\u00a0 segundos de ci\u00eancia, epis\u00f3dio 549, onde deu a conhecer o projeto CLAN e em que \u00e9 que este consiste.\u00a0<\/p><p class=\"elementor-image-box-description elementor-inline-editing\" data-elementor-setting-key=\"description_text\">Clique no bot\u00e3o em baixo para ouvir o programa completo!<\/p>\t\t\t\t\t\t<\/div>\n\t\t\t\t<\/div>\n\t\t\t\t<div class=\"elementor-element elementor-element-87b4de5 elementor-button-success elementor-align-center elementor-widget elementor-widget-button\" data-id=\"87b4de5\" data-element_type=\"widget\" data-widget_type=\"button.default\">\n\t\t\t\t<div class=\"elementor-widget-container\">\n\t\t\t\t\t<div class=\"elementor-button-wrapper\">\n\t\t\t<a class=\"elementor-button elementor-button-link elementor-size-sm elementor-animation-pulse-grow\" href=\"https:\/\/www.90segundosdeciencia.pt\/episodes\/ep-549-veronica-policarpo\/\">\n\t\t\t\t\t\t<span class=\"elementor-button-content-wrapper\">\n\t\t\t\t\t\t\t\t\t<span class=\"elementor-button-text\">Clique aqui<\/span>\n\t\t\t\t\t<\/span>\n\t\t\t\t\t<\/a>\n\t\t<\/div>\n\t\t\t\t<\/div>\n\t\t\t\t<\/div>\n\t\t\t\t\t<\/div>\n\t\t<\/div>\n\t\t\t\t\t<\/div>\n\t\t<\/section>\n\t\t\t\t<\/div>\n\t\t","protected":false},"excerpt":{"rendered":"<p>\u201cDaisy, vamos ao parque? Crian\u00e7as e animais na cidade\u201d\u00a0Workshop CriCity \u00a0No dia 25 de Outubro de 2019, o CLAN participou no Workshop CriCity \u201cEspa\u00e7os P\u00fablicos Infantis: Ilhas de Liberdade na Cidade?\u201d. O tema apresentado por Ver\u00f3nica Policarpo, teve como t\u00edtulo \u201cDaisy, vamos ao parque? Crian\u00e7as e animais na cidade\u201d. Esta apresenta\u00e7\u00e3o procurou explorar a rela\u00e7\u00e3o [&hellip;]<\/p>\n","protected":false},"author":1,"featured_media":0,"parent":631,"menu_order":1,"comment_status":"closed","ping_status":"closed","template":"","meta":{"_links_to":"","_links_to_target":""},"_links":{"self":[{"href":"https:\/\/humananimalstudies.net\/pt\/wp-json\/wp\/v2\/pages\/1033"}],"collection":[{"href":"https:\/\/humananimalstudies.net\/pt\/wp-json\/wp\/v2\/pages"}],"about":[{"href":"https:\/\/humananimalstudies.net\/pt\/wp-json\/wp\/v2\/types\/page"}],"author":[{"embeddable":true,"href":"https:\/\/humananimalstudies.net\/pt\/wp-json\/wp\/v2\/users\/1"}],"replies":[{"embeddable":true,"href":"https:\/\/humananimalstudies.net\/pt\/wp-json\/wp\/v2\/comments?post=1033"}],"version-history":[{"count":32,"href":"https:\/\/humananimalstudies.net\/pt\/wp-json\/wp\/v2\/pages\/1033\/revisions"}],"predecessor-version":[{"id":2205,"href":"https:\/\/humananimalstudies.net\/pt\/wp-json\/wp\/v2\/pages\/1033\/revisions\/2205"}],"up":[{"embeddable":true,"href":"https:\/\/humananimalstudies.net\/pt\/wp-json\/wp\/v2\/pages\/631"}],"wp:attachment":[{"href":"https:\/\/humananimalstudies.net\/pt\/wp-json\/wp\/v2\/media?parent=1033"}],"curies":[{"name":"wp","href":"https:\/\/api.w.org\/{rel}","templated":true}]}}