{"id":1284,"date":"2020-05-29T13:44:03","date_gmt":"2020-05-29T13:44:03","guid":{"rendered":"http:\/\/humananimalstudies.net\/?page_id=1284"},"modified":"2021-10-15T19:37:28","modified_gmt":"2021-10-15T19:37:28","slug":"extensao-cientifica-animais-e-catastrofes","status":"publish","type":"page","link":"https:\/\/humananimalstudies.net\/pt\/extensao-cientifica-animais-e-catastrofes\/","title":{"rendered":"Extens\u00e3o cient\u00edfica Animais e Cat\u00e1strofes"},"content":{"rendered":"\t\t<div data-elementor-type=\"wp-post\" data-elementor-id=\"1284\" class=\"elementor elementor-1284\">\n\t\t\t\t\t\t<section class=\"elementor-section elementor-top-section elementor-element elementor-element-33f652d elementor-section-boxed elementor-section-height-default elementor-section-height-default\" data-id=\"33f652d\" data-element_type=\"section\">\n\t\t\t\t\t\t<div class=\"elementor-container elementor-column-gap-default\">\n\t\t\t\t\t<div class=\"elementor-column elementor-col-100 elementor-top-column elementor-element elementor-element-dd801ab\" data-id=\"dd801ab\" data-element_type=\"column\">\n\t\t\t<div class=\"elementor-widget-wrap elementor-element-populated\">\n\t\t\t\t\t\t<div class=\"elementor-element elementor-element-3fe25fa elementor-widget elementor-widget-heading\" data-id=\"3fe25fa\" data-element_type=\"widget\" data-widget_type=\"heading.default\">\n\t\t\t\t<div class=\"elementor-widget-container\">\n\t\t\t<h2 class=\"elementor-heading-title elementor-size-default\">DIA 2 DE JUNHO: Semin\u00e1rio LIFE sobre Animais e Cat\u00e1strofes Naturais<\/h2>\t\t<\/div>\n\t\t\t\t<\/div>\n\t\t\t\t\t<\/div>\n\t\t<\/div>\n\t\t\t\t\t<\/div>\n\t\t<\/section>\n\t\t\t\t<section class=\"elementor-section elementor-top-section elementor-element elementor-element-a94c9de elementor-section-boxed elementor-section-height-default elementor-section-height-default\" data-id=\"a94c9de\" data-element_type=\"section\">\n\t\t\t\t\t\t<div class=\"elementor-container elementor-column-gap-default\">\n\t\t\t\t\t<div class=\"elementor-column elementor-col-50 elementor-top-column elementor-element elementor-element-b8d17fb\" data-id=\"b8d17fb\" data-element_type=\"column\">\n\t\t\t<div class=\"elementor-widget-wrap elementor-element-populated\">\n\t\t\t\t\t\t<div class=\"elementor-element elementor-element-b0c5eff elementor-widget elementor-widget-text-editor\" data-id=\"b0c5eff\" data-element_type=\"widget\" data-widget_type=\"text-editor.default\">\n\t\t\t\t<div class=\"elementor-widget-container\">\n\t\t\t\t\t\t\t<h6><span style=\"color: #808080;\">O que acontece aos animais n\u00e3o-humanos numa cat\u00e1strofe natural? de que forma as suas vidas s\u00e3o impactadas pelo modo como os humanos os v\u00eaem, e os categorizam? de que modos s\u00e3o integrados nos planos de preven\u00e7\u00e3o, emerg\u00eancia e reconstru\u00e7\u00e3o p\u00f3s-cat\u00e1strofe?<\/span><\/h6><h6><span style=\"color: #808080;\">Dia 2 de Junho o LIFE Webinars contar\u00e1 com a participa\u00e7\u00e3o da coordenadora do HAS-Hub@ICS-ULisboa, Ver\u00f3nica Policarpo, para falar sobre o seu projeto \u201cLiminal Becomings: reframing human-animal relations in natural disasters\u201d [CEECIND\/02719\/2017].<\/span><\/h6>\t\t\t\t\t\t<\/div>\n\t\t\t\t<\/div>\n\t\t\t\t<div class=\"elementor-element elementor-element-3f310e1 elementor-view-framed elementor-shape-circle elementor-widget elementor-widget-icon\" data-id=\"3f310e1\" data-element_type=\"widget\" data-widget_type=\"icon.default\">\n\t\t\t\t<div class=\"elementor-widget-container\">\n\t\t\t\t\t<div class=\"elementor-icon-wrapper\">\n\t\t\t<a class=\"elementor-icon\" href=\"https:\/\/www.facebook.com\/1247352055326920\/photos\/a.1266177640111028\/3216708385057934\/?type=1&#038;theater\">\n\t\t\t<i aria-hidden=\"true\" class=\"fab fa-facebook\"><\/i>\t\t\t<\/a>\n\t\t<\/div>\n\t\t\t\t<\/div>\n\t\t\t\t<\/div>\n\t\t\t\t\t<\/div>\n\t\t<\/div>\n\t\t\t\t<div class=\"elementor-column elementor-col-50 elementor-top-column elementor-element elementor-element-e03152a\" data-id=\"e03152a\" data-element_type=\"column\">\n\t\t\t<div class=\"elementor-widget-wrap elementor-element-populated\">\n\t\t\t\t\t\t<div class=\"elementor-element elementor-element-c110e5b elementor-widget elementor-widget-image\" data-id=\"c110e5b\" data-element_type=\"widget\" data-widget_type=\"image.default\">\n\t\t\t\t<div class=\"elementor-widget-container\">\n\t\t\t\t\t\t\t\t\t\t\t\t\t<img fetchpriority=\"high\" decoding=\"async\" width=\"595\" height=\"842\" src=\"https:\/\/humananimalstudies.net\/wp-content\/uploads\/2020\/05\/99359021_3216708388391267_6392840575627821056_n.png\" class=\"attachment-large size-large wp-image-1281\" alt=\"\" srcset=\"https:\/\/humananimalstudies.net\/wp-content\/uploads\/2020\/05\/99359021_3216708388391267_6392840575627821056_n.png 595w, https:\/\/humananimalstudies.net\/wp-content\/uploads\/2020\/05\/99359021_3216708388391267_6392840575627821056_n-212x300.png 212w\" sizes=\"(max-width: 595px) 100vw, 595px\" \/>\t\t\t\t\t\t\t\t\t\t\t\t\t<\/div>\n\t\t\t\t<\/div>\n\t\t\t\t\t<\/div>\n\t\t<\/div>\n\t\t\t\t\t<\/div>\n\t\t<\/section>\n\t\t\t\t<\/div>\n\t\t","protected":false},"excerpt":{"rendered":"<p>DIA 2 DE JUNHO: Semin\u00e1rio LIFE sobre Animais e Cat\u00e1strofes Naturais O que acontece aos animais n\u00e3o-humanos numa cat\u00e1strofe natural? de que forma as suas vidas s\u00e3o impactadas pelo modo como os humanos os v\u00eaem, e os categorizam? de que modos s\u00e3o integrados nos planos de preven\u00e7\u00e3o, emerg\u00eancia e reconstru\u00e7\u00e3o p\u00f3s-cat\u00e1strofe? Dia 2 de Junho [&hellip;]<\/p>\n","protected":false},"author":1,"featured_media":0,"parent":0,"menu_order":0,"comment_status":"closed","ping_status":"closed","template":"","meta":{"_links_to":"","_links_to_target":""},"_links":{"self":[{"href":"https:\/\/humananimalstudies.net\/pt\/wp-json\/wp\/v2\/pages\/1284"}],"collection":[{"href":"https:\/\/humananimalstudies.net\/pt\/wp-json\/wp\/v2\/pages"}],"about":[{"href":"https:\/\/humananimalstudies.net\/pt\/wp-json\/wp\/v2\/types\/page"}],"author":[{"embeddable":true,"href":"https:\/\/humananimalstudies.net\/pt\/wp-json\/wp\/v2\/users\/1"}],"replies":[{"embeddable":true,"href":"https:\/\/humananimalstudies.net\/pt\/wp-json\/wp\/v2\/comments?post=1284"}],"version-history":[{"count":5,"href":"https:\/\/humananimalstudies.net\/pt\/wp-json\/wp\/v2\/pages\/1284\/revisions"}],"predecessor-version":[{"id":2167,"href":"https:\/\/humananimalstudies.net\/pt\/wp-json\/wp\/v2\/pages\/1284\/revisions\/2167"}],"wp:attachment":[{"href":"https:\/\/humananimalstudies.net\/pt\/wp-json\/wp\/v2\/media?parent=1284"}],"curies":[{"name":"wp","href":"https:\/\/api.w.org\/{rel}","templated":true}]}}