{"id":3599,"date":"2023-05-05T16:13:32","date_gmt":"2023-05-05T16:13:32","guid":{"rendered":"http:\/\/humananimalstudies.net\/?page_id=3599"},"modified":"2023-09-06T12:02:29","modified_gmt":"2023-09-06T12:02:29","slug":"multispecies-climate-change-education","status":"publish","type":"page","link":"https:\/\/humananimalstudies.net\/pt\/multispecies-climate-change-education\/","title":{"rendered":"Multispecies Climate Change Education"},"content":{"rendered":"\t\t<div data-elementor-type=\"wp-post\" data-elementor-id=\"3599\" class=\"elementor elementor-3599\">\n\t\t\t\t\t\t<section class=\"elementor-section elementor-top-section elementor-element elementor-element-d23b776 elementor-hidden-desktop elementor-hidden-tablet elementor-hidden-mobile elementor-section-boxed elementor-section-height-default elementor-section-height-default\" data-id=\"d23b776\" data-element_type=\"section\" data-settings=\"{&quot;background_background&quot;:&quot;classic&quot;}\">\n\t\t\t\t\t\t\t<div class=\"elementor-background-overlay\"><\/div>\n\t\t\t\t\t\t\t<div class=\"elementor-container elementor-column-gap-default\">\n\t\t\t\t\t<div class=\"elementor-column elementor-col-100 elementor-top-column elementor-element elementor-element-a471fad\" data-id=\"a471fad\" data-element_type=\"column\">\n\t\t\t<div class=\"elementor-widget-wrap\">\n\t\t\t\t\t\t\t<\/div>\n\t\t<\/div>\n\t\t\t\t\t<\/div>\n\t\t<\/section>\n\t\t\t\t<section class=\"elementor-section elementor-top-section elementor-element elementor-element-255ebc1 elementor-section-boxed elementor-section-height-default elementor-section-height-default\" data-id=\"255ebc1\" data-element_type=\"section\">\n\t\t\t\t\t\t<div class=\"elementor-container elementor-column-gap-default\">\n\t\t\t\t\t<div class=\"elementor-column elementor-col-100 elementor-top-column elementor-element elementor-element-515582e\" data-id=\"515582e\" data-element_type=\"column\">\n\t\t\t<div class=\"elementor-widget-wrap elementor-element-populated\">\n\t\t\t\t\t\t<div class=\"elementor-element elementor-element-08fa611 elementor-widget elementor-widget-image\" data-id=\"08fa611\" data-element_type=\"widget\" data-widget_type=\"image.default\">\n\t\t\t\t<div class=\"elementor-widget-container\">\n\t\t\t\t\t\t\t\t\t\t\t\t\t<img fetchpriority=\"high\" decoding=\"async\" width=\"812\" height=\"542\" src=\"https:\/\/humananimalstudies.net\/wp-content\/uploads\/2023\/05\/jo-anne-mcarthur-Q2S0bd8cmjI-unsplash-1-1024x683.jpg\" class=\"attachment-large size-large wp-image-3602\" alt=\"\" srcset=\"https:\/\/humananimalstudies.net\/wp-content\/uploads\/2023\/05\/jo-anne-mcarthur-Q2S0bd8cmjI-unsplash-1-1024x683.jpg 1024w, https:\/\/humananimalstudies.net\/wp-content\/uploads\/2023\/05\/jo-anne-mcarthur-Q2S0bd8cmjI-unsplash-1-300x200.jpg 300w, https:\/\/humananimalstudies.net\/wp-content\/uploads\/2023\/05\/jo-anne-mcarthur-Q2S0bd8cmjI-unsplash-1-768x512.jpg 768w, https:\/\/humananimalstudies.net\/wp-content\/uploads\/2023\/05\/jo-anne-mcarthur-Q2S0bd8cmjI-unsplash-1-1536x1024.jpg 1536w, https:\/\/humananimalstudies.net\/wp-content\/uploads\/2023\/05\/jo-anne-mcarthur-Q2S0bd8cmjI-unsplash-1-2048x1365.jpg 2048w, https:\/\/humananimalstudies.net\/wp-content\/uploads\/2023\/05\/jo-anne-mcarthur-Q2S0bd8cmjI-unsplash-1-18x12.jpg 18w\" sizes=\"(max-width: 812px) 100vw, 812px\" \/>\t\t\t\t\t\t\t\t\t\t\t\t\t<\/div>\n\t\t\t\t<\/div>\n\t\t\t\t\t<\/div>\n\t\t<\/div>\n\t\t\t\t\t<\/div>\n\t\t<\/section>\n\t\t\t\t<section class=\"elementor-section elementor-top-section elementor-element elementor-element-2eb6831e elementor-section-boxed elementor-section-height-default elementor-section-height-default\" data-id=\"2eb6831e\" data-element_type=\"section\">\n\t\t\t\t\t\t<div class=\"elementor-container elementor-column-gap-default\">\n\t\t\t\t\t<div class=\"elementor-column elementor-col-100 elementor-top-column elementor-element elementor-element-8fd77\" data-id=\"8fd77\" data-element_type=\"column\">\n\t\t\t<div class=\"elementor-widget-wrap elementor-element-populated\">\n\t\t\t\t\t\t<div class=\"elementor-element elementor-element-1cdddfb elementor-widget elementor-widget-heading\" data-id=\"1cdddfb\" data-element_type=\"widget\" data-widget_type=\"heading.default\">\n\t\t\t\t<div class=\"elementor-widget-container\">\n\t\t\t<h2 class=\"elementor-heading-title elementor-size-default\">Photo by Jo-Anne McArthur on Unsplash<\/h2>\t\t<\/div>\n\t\t\t\t<\/div>\n\t\t\t\t<div class=\"elementor-element elementor-element-aaf8380 elementor-widget elementor-widget-heading\" data-id=\"aaf8380\" data-element_type=\"widget\" data-widget_type=\"heading.default\">\n\t\t\t\t<div class=\"elementor-widget-container\">\n\t\t\t<h2 class=\"elementor-heading-title elementor-size-default\">Multispecies Climate Change Education<\/h2>\t\t<\/div>\n\t\t\t\t<\/div>\n\t\t\t\t<div class=\"elementor-element elementor-element-13d29341 elementor-widget elementor-widget-text-editor\" data-id=\"13d29341\" data-element_type=\"widget\" data-widget_type=\"text-editor.default\">\n\t\t\t\t<div class=\"elementor-widget-container\">\n\t\t\t\t\t\t\t<p><!-- wp:paragraph --><\/p>\n<p>PI: Maria Helena Saari<\/p>\n<p><strong>Multispecies Climate Change Education<\/strong> \u00e9 um projeto de investiga\u00e7\u00e3o interdisciplinar que explora a forma como as perspetivas multiesp\u00e9cies podem ser melhor integradas em diferentes facetas da educa\u00e7\u00e3o ambiental, incluindo a redu\u00e7\u00e3o do risco de cat\u00e1strofes e a educa\u00e7\u00e3o para as altera\u00e7\u00f5es clim\u00e1ticas. Atrav\u00e9s de uma abordagem multidimensional que inclui o mapeamento de pol\u00edticas e o desenvolvimento de pedagogias que incluam os animais, o projeto explora a forma como a educa\u00e7\u00e3o pode melhor atender \u00e0 inclus\u00e3o de perspetivas multiesp\u00e9cies na nossa compreens\u00e3o e an\u00e1lise das altera\u00e7\u00f5es clim\u00e1ticas e da sustentabilidade. O projeto trabalha em colabora\u00e7\u00e3o com o projeto <a href=\"https:\/\/humananimalstudies.net\/en\/liminal-becomings\/\">Liminal Becomings: reframing human-animal relations in natural disasters<\/a> e \u00e9 poss\u00edvel gra\u00e7as ao financiamento de mobilidade concedido pelo <a href=\"https:\/\/www.oulu.fi\/en\/research\/arctic-interactions-resilience-and-global-change\/biodiverse-anthropocenes\">Biodiverse Anthropocenes Research Program da Universidade de Oulu<\/a>.<\/p>\n<p>Como parte do projeto, \u00e9 realizado um workshop piloto de educa\u00e7\u00e3o sobre altera\u00e7\u00f5es clim\u00e1ticas multiesp\u00e9cies em colabora\u00e7\u00e3o com uma escola p\u00fablica em Lisboa, onde os alunos exploram diversos eventos de altera\u00e7\u00f5es clim\u00e1ticas em Portugal a partir de perspetivas multiesp\u00e9cies, ou seja, tendo em considera\u00e7\u00e3o os interesses dos seres humanos, dos animais e da natureza. Os animais est\u00e3o entre as popula\u00e7\u00f5es mais vulner\u00e1veis afetadas pelos eventos, mas s\u00e3o frequentemente ignorados na cobertura medi\u00e1tica, no debate p\u00fablico, nas pol\u00edticas e nas respostas de emerg\u00eancia. Utilizando uma abordagem pedag\u00f3gica inspirada na educa\u00e7\u00e3o humana, o workshop tem como objetivo explorar as causas e os efeitos das cat\u00e1strofes naturais e de eventos ambientais espec\u00edficos em Portugal e explorar poss\u00edveis formas de coexist\u00eancia sustent\u00e1vel entre humanos e animais no rescaldo das cat\u00e1strofes. Outras atividades educativas do projeto incluem a explora\u00e7\u00e3o das rela\u00e7\u00f5es humano-animal a partir de diversas perspetivas, incluindo em rela\u00e7\u00e3o a pr\u00e1ticas culturais e sistemas alimentares.<\/p>\n<p><!-- \/wp:paragraph --><\/p>\n<p><!-- wp:paragraph --><\/p>\n<p><!-- \/wp:paragraph --><\/p>\t\t\t\t\t\t<\/div>\n\t\t\t\t<\/div>\n\t\t\t\t\t<\/div>\n\t\t<\/div>\n\t\t\t\t\t<\/div>\n\t\t<\/section>\n\t\t\t\t<section class=\"elementor-section elementor-top-section elementor-element elementor-element-e840c27 elementor-section-boxed elementor-section-height-default elementor-section-height-default\" data-id=\"e840c27\" data-element_type=\"section\">\n\t\t\t\t\t\t<div class=\"elementor-container elementor-column-gap-default\">\n\t\t\t\t\t<div class=\"elementor-column elementor-col-100 elementor-top-column elementor-element elementor-element-9fa6d58\" data-id=\"9fa6d58\" data-element_type=\"column\" data-settings=\"{&quot;background_background&quot;:&quot;classic&quot;}\">\n\t\t\t<div class=\"elementor-widget-wrap elementor-element-populated\">\n\t\t\t\t\t\t<div class=\"elementor-element elementor-element-40dda5b elementor-widget__width-initial elementor-widget elementor-widget-image\" data-id=\"40dda5b\" data-element_type=\"widget\" data-widget_type=\"image.default\">\n\t\t\t\t<div class=\"elementor-widget-container\">\n\t\t\t\t\t\t\t\t\t\t\t\t\t<img decoding=\"async\" src=\"https:\/\/humananimalstudies.net\/wp-content\/uploads\/elementor\/thumbs\/Maria_ICS-1-psmvldob5famfo5n6q2xiihhdtm7ucvyp9z43us5zw.jpg\" title=\"Maria_ICS (1)\" alt=\"Maria_ICS (1)\" loading=\"lazy\" \/>\t\t\t\t\t\t\t\t\t\t\t\t\t<\/div>\n\t\t\t\t<\/div>\n\t\t\t\t<div class=\"elementor-element elementor-element-824facb elementor-widget elementor-widget-spacer\" data-id=\"824facb\" data-element_type=\"widget\" data-widget_type=\"spacer.default\">\n\t\t\t\t<div class=\"elementor-widget-container\">\n\t\t\t\t\t<div class=\"elementor-spacer\">\n\t\t\t<div class=\"elementor-spacer-inner\"><\/div>\n\t\t<\/div>\n\t\t\t\t<\/div>\n\t\t\t\t<\/div>\n\t\t\t\t<div class=\"elementor-element elementor-element-6bd6c15 elementor-widget elementor-widget-heading\" data-id=\"6bd6c15\" data-element_type=\"widget\" data-widget_type=\"heading.default\">\n\t\t\t\t<div class=\"elementor-widget-container\">\n\t\t\t<h2 class=\"elementor-heading-title elementor-size-large\">Maria Saari<\/h2>\t\t<\/div>\n\t\t\t\t<\/div>\n\t\t\t\t<div class=\"elementor-element elementor-element-bb32d4a elementor-widget elementor-widget-heading\" data-id=\"bb32d4a\" data-element_type=\"widget\" data-widget_type=\"heading.default\">\n\t\t\t\t<div class=\"elementor-widget-container\">\n\t\t\t<h2 class=\"elementor-heading-title elementor-size-xl\">Investigadora de P\u00f3s-Doutoramento, Universidade de Oulu \n\n<\/h2>\t\t<\/div>\n\t\t\t\t<\/div>\n\t\t\t\t<div class=\"elementor-element elementor-element-7c2d695 elementor-widget elementor-widget-toggle\" data-id=\"7c2d695\" data-element_type=\"widget\" data-widget_type=\"toggle.default\">\n\t\t\t\t<div class=\"elementor-widget-container\">\n\t\t\t\t\t<div class=\"elementor-toggle\">\n\t\t\t\t\t\t\t<div class=\"elementor-toggle-item\">\n\t\t\t\t\t<div id=\"elementor-tab-title-1301\" class=\"elementor-tab-title\" data-tab=\"1\" role=\"button\" aria-controls=\"elementor-tab-content-1301\" aria-expanded=\"false\">\n\t\t\t\t\t\t\t\t\t\t\t\t<span class=\"elementor-toggle-icon elementor-toggle-icon-left\" aria-hidden=\"true\">\n\t\t\t\t\t\t\t\t\t\t\t\t\t\t\t<span class=\"elementor-toggle-icon-closed\"><i class=\"fas fa-angle-down\"><\/i><\/span>\n\t\t\t\t\t\t\t\t<span class=\"elementor-toggle-icon-opened\"><i class=\"elementor-toggle-icon-opened fas fa-angle-up\"><\/i><\/span>\n\t\t\t\t\t\t\t\t\t\t\t\t\t<\/span>\n\t\t\t\t\t\t\t\t\t\t\t\t<a class=\"elementor-toggle-title\" tabindex=\"0\">Bio<\/a>\n\t\t\t\t\t<\/div>\n\n\t\t\t\t\t<div id=\"elementor-tab-content-1301\" class=\"elementor-tab-content elementor-clearfix\" data-tab=\"1\" role=\"region\" aria-labelledby=\"elementor-tab-title-1301\"><p><span lang=\"EN-GB\">Maria Helena Saari<\/span> \u00e9 investigadora de P\u00f3s-Doutoramento na Faculdade de Educa\u00e7\u00e3o da Universidade de Oulu (Finl\u00e2ndia) e Co-L\u00edder do Envisioning Sustainability Research Hub do Biodiverse Anthropocenes Research Program. Coordena e ensina tamb\u00e9m os cursos de educa\u00e7\u00e3o ambiental e estudos de inf\u00e2ncias multiesp\u00e9cies. Maria \u00e9 actualmente a coordenadora da Rede de Estudos Cr\u00edticos dos Animais na Finl\u00e2ndia (CASFinland) e Investigadora Visitante no Human-Animal Studies Hub, no ICS-ULisboa. Foi recentemente agraciada com o pr\u00e9mio\u00a0<em>Senior Animal Law Researcher Award<\/em>\u00a0pelo International Centre for Animal Law &amp; Policy da Universidade Autonoma de Barcelona pela sua tese de doutoramento \u2018Animals as stakeholders in education: Towards an educational reform for interspecies sustainability\u2019. A sua pesquisa interdisciplinary foca-se nos animais na educa\u00e7\u00e3o (pol\u00edticas e pedagogia), na sustentabilidade e justi\u00e7a interesp\u00e9cies, na educa\u00e7\u00e3o ambiental e no direito animal.\u00a0Anteriormente, Maria trabalhou no campo da educa\u00e7\u00e3o, tendo desempenhado fun\u00e7\u00f5es no ensino e lideran\u00e7a. No HAS-Hub, Maria est\u00e1 a investigar a educa\u00e7\u00e3o ambiental a partir de persepctivas multiesp\u00e9cie, concentrando-se na pol\u00edtica e pedagogia com enfoque nas rela\u00e7\u00f5es humano-animal no dom\u00ednio da crise clim\u00e1tica e das cat\u00e1strofes. Desenvolve tamb\u00e9m actividades educacionais sobre uma variedade de t\u00f3picos relacionados com as rela\u00e7\u00f5es humano-animal e a sustentabilidade.<\/p><\/div>\n\t\t\t\t<\/div>\n\t\t\t\t\t\t\t\t<\/div>\n\t\t\t\t<\/div>\n\t\t\t\t<\/div>\n\t\t\t\t\t<\/div>\n\t\t<\/div>\n\t\t\t\t\t<\/div>\n\t\t<\/section>\n\t\t\t\t<\/div>\n\t\t","protected":false},"excerpt":{"rendered":"<p>Photo by Jo-Anne McArthur on Unsplash Multispecies Climate Change Education PI: Maria Helena Saari Multispecies Climate Change Education \u00e9 um projeto de investiga\u00e7\u00e3o interdisciplinar que explora a forma como as perspetivas multiesp\u00e9cies podem ser melhor integradas em diferentes facetas da educa\u00e7\u00e3o ambiental, incluindo a redu\u00e7\u00e3o do risco de cat\u00e1strofes e a educa\u00e7\u00e3o para as altera\u00e7\u00f5es [&hellip;]<\/p>\n","protected":false},"author":1,"featured_media":0,"parent":0,"menu_order":0,"comment_status":"closed","ping_status":"closed","template":"elementor_header_footer","meta":{"_links_to":"","_links_to_target":""},"_links":{"self":[{"href":"https:\/\/humananimalstudies.net\/pt\/wp-json\/wp\/v2\/pages\/3599"}],"collection":[{"href":"https:\/\/humananimalstudies.net\/pt\/wp-json\/wp\/v2\/pages"}],"about":[{"href":"https:\/\/humananimalstudies.net\/pt\/wp-json\/wp\/v2\/types\/page"}],"author":[{"embeddable":true,"href":"https:\/\/humananimalstudies.net\/pt\/wp-json\/wp\/v2\/users\/1"}],"replies":[{"embeddable":true,"href":"https:\/\/humananimalstudies.net\/pt\/wp-json\/wp\/v2\/comments?post=3599"}],"version-history":[{"count":41,"href":"https:\/\/humananimalstudies.net\/pt\/wp-json\/wp\/v2\/pages\/3599\/revisions"}],"predecessor-version":[{"id":3882,"href":"https:\/\/humananimalstudies.net\/pt\/wp-json\/wp\/v2\/pages\/3599\/revisions\/3882"}],"wp:attachment":[{"href":"https:\/\/humananimalstudies.net\/pt\/wp-json\/wp\/v2\/media?parent=3599"}],"curies":[{"name":"wp","href":"https:\/\/api.w.org\/{rel}","templated":true}]}}