{"id":3846,"date":"2023-06-20T14:56:04","date_gmt":"2023-06-20T14:56:04","guid":{"rendered":"http:\/\/humananimalstudies.net\/?page_id=3846"},"modified":"2023-06-20T15:13:15","modified_gmt":"2023-06-20T15:13:15","slug":"animais-e-organizacoes","status":"publish","type":"page","link":"https:\/\/humananimalstudies.net\/pt\/animais-e-organizacoes\/","title":{"rendered":"Animais e Organiza\u00e7\u00f5es"},"content":{"rendered":"\t\t<div data-elementor-type=\"wp-post\" data-elementor-id=\"3846\" class=\"elementor elementor-3846\">\n\t\t\t\t\t\t<section class=\"elementor-section elementor-top-section elementor-element elementor-element-d23b776 elementor-hidden-mobile elementor-section-height-full elementor-section-stretched elementor-section-boxed elementor-section-height-default elementor-section-items-middle\" data-id=\"d23b776\" data-element_type=\"section\" data-settings=\"{&quot;background_background&quot;:&quot;classic&quot;,&quot;stretch_section&quot;:&quot;section-stretched&quot;}\">\n\t\t\t\t\t\t\t<div class=\"elementor-background-overlay\"><\/div>\n\t\t\t\t\t\t\t<div class=\"elementor-container elementor-column-gap-default\">\n\t\t\t\t\t<div class=\"elementor-column elementor-col-100 elementor-top-column elementor-element elementor-element-a471fad\" data-id=\"a471fad\" data-element_type=\"column\">\n\t\t\t<div class=\"elementor-widget-wrap\">\n\t\t\t\t\t\t\t<\/div>\n\t\t<\/div>\n\t\t\t\t\t<\/div>\n\t\t<\/section>\n\t\t\t\t<section class=\"elementor-section elementor-top-section elementor-element elementor-element-255ebc1 elementor-section-boxed elementor-section-height-default elementor-section-height-default\" data-id=\"255ebc1\" data-element_type=\"section\">\n\t\t\t\t\t\t<div class=\"elementor-container elementor-column-gap-default\">\n\t\t\t\t\t<div class=\"elementor-column elementor-col-100 elementor-top-column elementor-element elementor-element-515582e\" data-id=\"515582e\" data-element_type=\"column\">\n\t\t\t<div class=\"elementor-widget-wrap\">\n\t\t\t\t\t\t\t<\/div>\n\t\t<\/div>\n\t\t\t\t\t<\/div>\n\t\t<\/section>\n\t\t\t\t<section class=\"elementor-section elementor-top-section elementor-element elementor-element-2eb6831e elementor-section-boxed elementor-section-height-default elementor-section-height-default\" data-id=\"2eb6831e\" data-element_type=\"section\">\n\t\t\t\t\t\t<div class=\"elementor-container elementor-column-gap-default\">\n\t\t\t\t\t<div class=\"elementor-column elementor-col-100 elementor-top-column elementor-element elementor-element-8fd77\" data-id=\"8fd77\" data-element_type=\"column\">\n\t\t\t<div class=\"elementor-widget-wrap elementor-element-populated\">\n\t\t\t\t\t\t<div class=\"elementor-element elementor-element-08fa611 elementor-hidden-desktop elementor-hidden-tablet elementor-widget elementor-widget-image\" data-id=\"08fa611\" data-element_type=\"widget\" data-widget_type=\"image.default\">\n\t\t\t\t<div class=\"elementor-widget-container\">\n\t\t\t\t\t\t\t\t\t\t\t\t\t<img fetchpriority=\"high\" decoding=\"async\" width=\"812\" height=\"542\" src=\"https:\/\/humananimalstudies.net\/wp-content\/uploads\/2023\/06\/pexels-jeff-vinluan-8640437-1024x683.jpg\" class=\"attachment-large size-large wp-image-3849\" alt=\"\" srcset=\"https:\/\/humananimalstudies.net\/wp-content\/uploads\/2023\/06\/pexels-jeff-vinluan-8640437-1024x683.jpg 1024w, https:\/\/humananimalstudies.net\/wp-content\/uploads\/2023\/06\/pexels-jeff-vinluan-8640437-300x200.jpg 300w, https:\/\/humananimalstudies.net\/wp-content\/uploads\/2023\/06\/pexels-jeff-vinluan-8640437-768x512.jpg 768w, https:\/\/humananimalstudies.net\/wp-content\/uploads\/2023\/06\/pexels-jeff-vinluan-8640437-1536x1024.jpg 1536w, https:\/\/humananimalstudies.net\/wp-content\/uploads\/2023\/06\/pexels-jeff-vinluan-8640437-2048x1365.jpg 2048w, https:\/\/humananimalstudies.net\/wp-content\/uploads\/2023\/06\/pexels-jeff-vinluan-8640437-18x12.jpg 18w\" sizes=\"(max-width: 812px) 100vw, 812px\" \/>\t\t\t\t\t\t\t\t\t\t\t\t\t<\/div>\n\t\t\t\t<\/div>\n\t\t\t\t<div class=\"elementor-element elementor-element-aaf8380 elementor-widget elementor-widget-heading\" data-id=\"aaf8380\" data-element_type=\"widget\" data-widget_type=\"heading.default\">\n\t\t\t\t<div class=\"elementor-widget-container\">\n\t\t\t<h2 class=\"elementor-heading-title elementor-size-default\">Animais e Organiza\u00e7\u00f5es<\/h2>\t\t<\/div>\n\t\t\t\t<\/div>\n\t\t\t\t<div class=\"elementor-element elementor-element-13d29341 elementor-widget elementor-widget-text-editor\" data-id=\"13d29341\" data-element_type=\"widget\" data-widget_type=\"text-editor.default\">\n\t\t\t\t<div class=\"elementor-widget-container\">\n\t\t\t\t\t\t\t<p><!-- wp:paragraph --><\/p>\n<p>PI: Leticia Fantinel<\/p>\n<p><!-- \/wp:paragraph --><\/p>\n<p><!-- wp:paragraph --><\/p>\n<p>Esta linha de investiga\u00e7\u00e3o tem por objetivo estudar as rela\u00e7\u00f5es entre humanos e outros animais, mediadas por pr\u00e1ticas ou formas\/estruturas organizativas, quer sejam privadas, p\u00fablicas ou da\/na sociedade civil. Na busca por desenvolver e explorar conex\u00f5es entre os <em>Human-Animal Studies<\/em> e os Estudos em Organiza\u00e7\u00f5es e Gest\u00e3o, a linha visa ainda a aglutinar perspetivas te\u00f3ricas e metodol\u00f3gicas nas interse\u00e7\u00f5es entre os campos de estudo, bem como desafiar a instrumentaliza\u00e7\u00e3o e a objetifica\u00e7\u00e3o animal tanto nas teorias como nos contextos organizacionais. Seu prop\u00f3sito \u00e9 agregar investigadores e projetos que se debru\u00e7am sobre os m\u00faltiplos modos pelos quais animais e organiza\u00e7\u00f5es se relacionam, contribuindo assim para a compreens\u00e3o e transforma\u00e7\u00e3o das rela\u00e7\u00f5es humano-animal.<\/p>\n<p><!-- \/wp:paragraph --><\/p>\t\t\t\t\t\t<\/div>\n\t\t\t\t<\/div>\n\t\t\t\t\t<\/div>\n\t\t<\/div>\n\t\t\t\t\t<\/div>\n\t\t<\/section>\n\t\t\t\t<section class=\"elementor-section elementor-top-section elementor-element elementor-element-e840c27 elementor-section-boxed elementor-section-height-default elementor-section-height-default\" data-id=\"e840c27\" data-element_type=\"section\">\n\t\t\t\t\t\t<div class=\"elementor-container elementor-column-gap-default\">\n\t\t\t\t\t<div class=\"elementor-column elementor-col-100 elementor-top-column elementor-element elementor-element-9fa6d58\" data-id=\"9fa6d58\" data-element_type=\"column\" data-settings=\"{&quot;background_background&quot;:&quot;classic&quot;}\">\n\t\t\t<div class=\"elementor-widget-wrap elementor-element-populated\">\n\t\t\t\t\t\t<div class=\"elementor-element elementor-element-40dda5b elementor-widget__width-initial elementor-widget elementor-widget-image\" data-id=\"40dda5b\" data-element_type=\"widget\" data-widget_type=\"image.default\">\n\t\t\t\t<div class=\"elementor-widget-container\">\n\t\t\t\t\t\t\t\t\t\t\t\t\t<img decoding=\"async\" src=\"https:\/\/humananimalstudies.net\/wp-content\/uploads\/elementor\/thumbs\/foto-leticia-po7xmi86izbgmne67jasb3cf86evtaecl44s0di53w.jpeg\" title=\"foto leticia\" alt=\"foto leticia\" loading=\"lazy\" \/>\t\t\t\t\t\t\t\t\t\t\t\t\t<\/div>\n\t\t\t\t<\/div>\n\t\t\t\t<div class=\"elementor-element elementor-element-824facb elementor-widget elementor-widget-spacer\" data-id=\"824facb\" data-element_type=\"widget\" data-widget_type=\"spacer.default\">\n\t\t\t\t<div class=\"elementor-widget-container\">\n\t\t\t\t\t<div class=\"elementor-spacer\">\n\t\t\t<div class=\"elementor-spacer-inner\"><\/div>\n\t\t<\/div>\n\t\t\t\t<\/div>\n\t\t\t\t<\/div>\n\t\t\t\t<div class=\"elementor-element elementor-element-6bd6c15 elementor-widget elementor-widget-heading\" data-id=\"6bd6c15\" data-element_type=\"widget\" data-widget_type=\"heading.default\">\n\t\t\t\t<div class=\"elementor-widget-container\">\n\t\t\t<h2 class=\"elementor-heading-title elementor-size-large\">Leticia Fantinel<\/h2>\t\t<\/div>\n\t\t\t\t<\/div>\n\t\t\t\t<div class=\"elementor-element elementor-element-bb32d4a elementor-widget elementor-widget-heading\" data-id=\"bb32d4a\" data-element_type=\"widget\" data-widget_type=\"heading.default\">\n\t\t\t\t<div class=\"elementor-widget-container\">\n\t\t\t<h2 class=\"elementor-heading-title elementor-size-xl\">Professora, Universidade Federal do Esp\u00edrito Santo\n<\/h2>\t\t<\/div>\n\t\t\t\t<\/div>\n\t\t\t\t<div class=\"elementor-element elementor-element-7c2d695 elementor-widget elementor-widget-toggle\" data-id=\"7c2d695\" data-element_type=\"widget\" data-widget_type=\"toggle.default\">\n\t\t\t\t<div class=\"elementor-widget-container\">\n\t\t\t\t\t<div class=\"elementor-toggle\">\n\t\t\t\t\t\t\t<div class=\"elementor-toggle-item\">\n\t\t\t\t\t<div id=\"elementor-tab-title-1301\" class=\"elementor-tab-title\" data-tab=\"1\" role=\"button\" aria-controls=\"elementor-tab-content-1301\" aria-expanded=\"false\">\n\t\t\t\t\t\t\t\t\t\t\t\t<span class=\"elementor-toggle-icon elementor-toggle-icon-left\" aria-hidden=\"true\">\n\t\t\t\t\t\t\t\t\t\t\t\t\t\t\t<span class=\"elementor-toggle-icon-closed\"><i class=\"fas fa-angle-down\"><\/i><\/span>\n\t\t\t\t\t\t\t\t<span class=\"elementor-toggle-icon-opened\"><i class=\"elementor-toggle-icon-opened fas fa-angle-up\"><\/i><\/span>\n\t\t\t\t\t\t\t\t\t\t\t\t\t<\/span>\n\t\t\t\t\t\t\t\t\t\t\t\t<a class=\"elementor-toggle-title\" tabindex=\"0\">Bio<\/a>\n\t\t\t\t\t<\/div>\n\n\t\t\t\t\t<div id=\"elementor-tab-content-1301\" class=\"elementor-tab-content elementor-clearfix\" data-tab=\"1\" role=\"region\" aria-labelledby=\"elementor-tab-title-1301\"><p>Leticia Fantinel \u00e9 professora no Departamento de Administra\u00e7\u00e3o e no Programa de P\u00f3s-gradua\u00e7\u00e3o em Administra\u00e7\u00e3o da Universidade Federal do Esp\u00edrito Santo, Brasil. \u00c9 doutora em Administra\u00e7\u00e3o (Universidade Federal da Bahia, Brasil, com est\u00e1gio-sandu\u00edche na Universidade Paris IX, Fran\u00e7a), mestre e bacharel em Administra\u00e7\u00e3o (Universidade Federal do Rio Grande do Sul, Brasil). Coordena o Grupo de Estudos em Simbolismos e Pr\u00e1ticas Cotidianas em Organiza\u00e7\u00f5es \u2013 GESIP\/UFES e o Grupo de Trabalho \u201cDin\u00e2micas organizativas e socioambientais no Antropoceno\u201d na Associa\u00e7\u00e3o de Pesquisa em Administra\u00e7\u00e3o no Brasil (Anpad). Seus interesses de pesquisa incluem: rela\u00e7\u00f5es entre animais e organiza\u00e7\u00f5es, pr\u00e1ticas organizativas que envolvam seres n\u00e3o-humanos, estudos multiesp\u00e9cies. Entre abril de 2022 e abril de 2023, a Let\u00edcia \u00e9 Investigadora Visitante no HAS-Hub e no ICS-ULisboa, onde desenvolve um projeto de investiga\u00e7\u00e3o p\u00f3s-doutoral como colaboradora no projeto\u00a0<em>Liminal Becomings: reframing human-animal relations in natural disasters\u00a0<\/em>[CEECIND\/02719\/2017].<\/p><\/div>\n\t\t\t\t<\/div>\n\t\t\t\t\t\t\t\t<\/div>\n\t\t\t\t<\/div>\n\t\t\t\t<\/div>\n\t\t\t\t\t<\/div>\n\t\t<\/div>\n\t\t\t\t\t<\/div>\n\t\t<\/section>\n\t\t\t\t<\/div>\n\t\t","protected":false},"excerpt":{"rendered":"<p>Animais e Organiza\u00e7\u00f5es PI: Leticia Fantinel Esta linha de investiga\u00e7\u00e3o tem por objetivo estudar as rela\u00e7\u00f5es entre humanos e outros animais, mediadas por pr\u00e1ticas ou formas\/estruturas organizativas, quer sejam privadas, p\u00fablicas ou da\/na sociedade civil. Na busca por desenvolver e explorar conex\u00f5es entre os Human-Animal Studies e os Estudos em Organiza\u00e7\u00f5es e Gest\u00e3o, a linha [&hellip;]<\/p>\n","protected":false},"author":1,"featured_media":0,"parent":0,"menu_order":0,"comment_status":"closed","ping_status":"closed","template":"elementor_header_footer","meta":{"_links_to":"","_links_to_target":""},"_links":{"self":[{"href":"https:\/\/humananimalstudies.net\/pt\/wp-json\/wp\/v2\/pages\/3846"}],"collection":[{"href":"https:\/\/humananimalstudies.net\/pt\/wp-json\/wp\/v2\/pages"}],"about":[{"href":"https:\/\/humananimalstudies.net\/pt\/wp-json\/wp\/v2\/types\/page"}],"author":[{"embeddable":true,"href":"https:\/\/humananimalstudies.net\/pt\/wp-json\/wp\/v2\/users\/1"}],"replies":[{"embeddable":true,"href":"https:\/\/humananimalstudies.net\/pt\/wp-json\/wp\/v2\/comments?post=3846"}],"version-history":[{"count":5,"href":"https:\/\/humananimalstudies.net\/pt\/wp-json\/wp\/v2\/pages\/3846\/revisions"}],"predecessor-version":[{"id":3852,"href":"https:\/\/humananimalstudies.net\/pt\/wp-json\/wp\/v2\/pages\/3846\/revisions\/3852"}],"wp:attachment":[{"href":"https:\/\/humananimalstudies.net\/pt\/wp-json\/wp\/v2\/media?parent=3846"}],"curies":[{"name":"wp","href":"https:\/\/api.w.org\/{rel}","templated":true}]}}