{"id":4116,"date":"2024-01-24T19:54:43","date_gmt":"2024-01-24T19:54:43","guid":{"rendered":"https:\/\/humananimalstudies.net\/?page_id=4116"},"modified":"2024-03-25T17:01:37","modified_gmt":"2024-03-25T17:01:37","slug":"1-o-projeto-clan","status":"publish","type":"page","link":"https:\/\/humananimalstudies.net\/pt\/1-o-projeto-clan\/","title":{"rendered":"1. O Projeto CLAN"},"content":{"rendered":"\t\t<div data-elementor-type=\"wp-post\" data-elementor-id=\"4116\" class=\"elementor elementor-4116\">\n\t\t\t\t\t\t<section class=\"elementor-section elementor-top-section elementor-element elementor-element-67eab3d elementor-section-boxed elementor-section-height-default elementor-section-height-default\" data-id=\"67eab3d\" data-element_type=\"section\" data-settings=\"{&quot;background_background&quot;:&quot;classic&quot;}\">\n\t\t\t\t\t\t\t<div class=\"elementor-background-overlay\"><\/div>\n\t\t\t\t\t\t\t<div class=\"elementor-container elementor-column-gap-default\">\n\t\t\t\t\t<div class=\"elementor-column elementor-col-100 elementor-top-column elementor-element elementor-element-019f49e\" data-id=\"019f49e\" data-element_type=\"column\">\n\t\t\t<div class=\"elementor-widget-wrap elementor-element-populated\">\n\t\t\t\t\t\t<div class=\"elementor-element elementor-element-92ecc5e elementor-widget elementor-widget-heading\" data-id=\"92ecc5e\" data-element_type=\"widget\" data-widget_type=\"heading.default\">\n\t\t\t\t<div class=\"elementor-widget-container\">\n\t\t\t<h2 class=\"elementor-heading-title elementor-size-default\">1. O Projeto CLAN \n<\/h2>\t\t<\/div>\n\t\t\t\t<\/div>\n\t\t\t\t\t<\/div>\n\t\t<\/div>\n\t\t\t\t\t<\/div>\n\t\t<\/section>\n\t\t\t\t<section class=\"elementor-section elementor-top-section elementor-element elementor-element-3b4c161 elementor-section-boxed elementor-section-height-default elementor-section-height-default\" data-id=\"3b4c161\" data-element_type=\"section\" data-settings=\"{&quot;background_background&quot;:&quot;classic&quot;}\">\n\t\t\t\t\t\t\t<div class=\"elementor-background-overlay\"><\/div>\n\t\t\t\t\t\t\t<div class=\"elementor-container elementor-column-gap-default\">\n\t\t\t\t\t<div class=\"elementor-column elementor-col-100 elementor-top-column elementor-element elementor-element-8e55da3\" data-id=\"8e55da3\" data-element_type=\"column\" data-settings=\"{&quot;background_background&quot;:&quot;classic&quot;}\">\n\t\t\t<div class=\"elementor-widget-wrap elementor-element-populated\">\n\t\t\t\t\t\t<div class=\"elementor-element elementor-element-c4ee702 elementor-widget elementor-widget-text-editor\" data-id=\"c4ee702\" data-element_type=\"widget\" data-widget_type=\"text-editor.default\">\n\t\t\t\t<div class=\"elementor-widget-container\">\n\t\t\t\t\t\t\t<p><!-- wp:paragraph --><\/p>\n<p><b>RESUMO<\/b><\/p>\n<p>De que forma crian\u00e7as e animais de companhia constroem rela\u00e7\u00f5es quotidianas que contribuem para desafiar, ou reproduzir, categorias dominantes e fronteiras estabelecidas entre mundos humanos e n\u00e3o humanos?<\/p>\n<p>Este projeto explora esta quest\u00e3o, a partir de alguns factos que t\u00eam estimulado a curiosidade cient\u00edfica em torno do t\u00f3pico: o contraste entre mudan\u00e7as normativas relativas aos direitos e prote\u00e7\u00e3o dos animais, e o n\u00famero massivo de c\u00e3es e gatos errantes ou institucionalizados, devido a diferentes formas de abuso e neglig\u00eancia; a queda dram\u00e1tica das taxas de fertilidade e o menor n\u00famero de crian\u00e7as, a par da crescente centralidade destas na fam\u00edlia, e do investimento parental na sua educa\u00e7\u00e3o; lares que se tornaram &#8216;recreios tecnol\u00f3gicos&#8217;, onde as crian\u00e7as aprendem e brincam, e ter um animal de companhia se torna uma op\u00e7\u00e3o para os que advogam uma &#8216;pedagogia experiencial&#8217;, percebida como um modo de recuperar a rela\u00e7\u00e3o com a natureza e todo &#8216;um mundo que se perdeu&#8217;. Para al\u00e9m disso, desde a modernidade que crian\u00e7as e animais partilham processos similares, embora desfasados, de reconhecimento enquanto sujeitos de direitos fundamentais.<\/p>\n<p>Inspirado pela &#8216;teoria da pr\u00e1tica&#8217;, e partindo de literatura interdisciplinar (estudos sobre a inf\u00e2ncia, afetos, amizade e sobre o humano\/n\u00e3o- humano), o projeto tem como objetivo estudar as rela\u00e7\u00f5es entre crian\u00e7as e animais de companhia. Presta especial aten\u00e7\u00e3o \u00e0s suas pr\u00e1ticas afetivas, enquanto formas de constru\u00e7\u00e3o de sentido corporificadas (embodied). Sugere-se que crian\u00e7as e animais co-produzem os mundos nos quais est\u00e3o inseridos, atrav\u00e9s de pr\u00e1ticas que podem reproduzir, ou desafiar, a barreira inter-esp\u00e9cies. Avan\u00e7a-se a hip\u00f3tese de que, quando estas rela\u00e7\u00f5es s\u00e3o constru\u00eddas como la\u00e7os de fam\u00edlia ou de amizade, essa barreira \u00e9 questionada.<\/p>\n<p>Outras quest\u00f5es mais espec\u00edficas s\u00e3o: quais s\u00e3o as dimens\u00f5es (educacionais, l\u00fadicas, instrumentais) das pr\u00e1ticas entre crian\u00e7as e animais? De que modo estas pr\u00e1ticas influenciam a crian\u00e7a e o animal, no desenvolvimento da empatia m\u00fatua? Como contribuem para desenhar as fronteiras do que \u00e9 um &#8216;animal&#8217;, um &#8216;animal de companhia, ou um &#8216;amigo&#8217;? Como se entrela\u00e7am com pr\u00e1ticas parentais, educativas e do cuidar, da crian\u00e7a e do animal, bem como com o cen\u00e1rio material da casa?<\/p>\n<p>Metodologicamente, o projeto segue um desenho qualitativo. A unidade de an\u00e1lise \u00e9 a rela\u00e7\u00e3o entre a crian\u00e7a e os animais de estima\u00e7\u00e3o (c\u00e3es e gatos); \u00e0s crian\u00e7as ser\u00e1 dada voz, e a sua rela\u00e7\u00e3o com os animais ser\u00e1 observada em contexto dom\u00e9stico. A aproxima\u00e7\u00e3o multi-m\u00e9todo incluir\u00e1 dados visuais e verbais, recolhidos atrav\u00e9s de observa\u00e7\u00e3o direta, m\u00e9todos visuais e participativos, e entrevistas com o apoio de fotografias.<\/p>\n<p>O projeto desenvolve uma perspetiva sociol\u00f3gica que permaneceu pouco explorada: a relev\u00e2ncia da rela\u00e7\u00e3o crian\u00e7a-animal de estima\u00e7\u00e3o para ambas as partes; e como ela se constr\u00f3i atrav\u00e9s de pr\u00e1ticas afetivas. \u00c9 o primeiro trabalho sobre o tema nas ci\u00eancias sociais portuguesas.<\/p>\n<p>\u00a0<\/p>\n<p><!-- \/wp:paragraph --><\/p>\t\t\t\t\t\t<\/div>\n\t\t\t\t<\/div>\n\t\t\t\t\t<\/div>\n\t\t<\/div>\n\t\t\t\t\t<\/div>\n\t\t<\/section>\n\t\t\t\t<section class=\"elementor-section elementor-top-section elementor-element elementor-element-8669a01 elementor-section-boxed elementor-section-height-default elementor-section-height-default\" data-id=\"8669a01\" data-element_type=\"section\" data-settings=\"{&quot;background_background&quot;:&quot;classic&quot;}\">\n\t\t\t\t\t\t\t<div class=\"elementor-background-overlay\"><\/div>\n\t\t\t\t\t\t\t<div class=\"elementor-container elementor-column-gap-default\">\n\t\t\t\t\t<div class=\"elementor-column elementor-col-100 elementor-top-column elementor-element elementor-element-5f333a1\" data-id=\"5f333a1\" data-element_type=\"column\" data-settings=\"{&quot;background_background&quot;:&quot;classic&quot;}\">\n\t\t\t<div class=\"elementor-widget-wrap elementor-element-populated\">\n\t\t\t\t\t\t<div class=\"elementor-element elementor-element-dd5a600 elementor-widget elementor-widget-text-editor\" data-id=\"dd5a600\" data-element_type=\"widget\" data-widget_type=\"text-editor.default\">\n\t\t\t\t<div class=\"elementor-widget-container\">\n\t\t\t\t\t\t\t<p><!-- wp:paragraph --><\/p>\n<p><b>QUADRO TE\u00d3RICO <\/b><\/p>\n<p><span style=\"font-weight: 400;\">Projeto situa-se no cruzamento dos Estudos da Inf\u00e2ncia, dos Estudos da Fam\u00edlia e Estudos Humano-Animal. Partindo de uma perspectiva cr\u00edtica das perspectivas desenvolvimentistas sobre as rela\u00e7\u00f5es entre crian\u00e7as e animais (Lewinson, 1969; Melson, 2001; Fine 2010), o projeto estuda tr\u00eas grandes eixos:<\/span><\/p>\n<ol>\n<li><b>Perspectivas geneal\u00f3gicas de inspira\u00e7\u00e3o foucaldiana<\/b><span>: foco no poder (ou na falta dele) como relacional, decorrente de aparatos discursivos m\u00faltiplos e interseccionais; co-constru\u00e7\u00e3o das categorias de crian\u00e7a\/animal, inf\u00e2ncia\/petdade, ao longo do tempo (Feuerstein et al., 2017; Flegel, 2017)<\/span><\/li>\n<li><b>estudos cr\u00edticos sobre crian\u00e7as-animais.<\/b><span style=\"font-weight: 400;\"> viol\u00eancia e domin\u00e2ncia; socializa\u00e7\u00e3o antroparcial, subjectifica\u00e7\u00e3o\/objectifica\u00e7\u00e3o (Stewart e Cole 2014; 2009)<\/span><\/li>\n<li><b>perspetiva sociol\u00f3gica e construtivista:<\/b><span style=\"font-weight: 400;\"> rela\u00e7\u00f5es e din\u00e2micas familiares, sendo as rela\u00e7\u00f5es entre crian\u00e7as e animais compreendidas no contexto social e relacional da vida das fam\u00edlias (Charles e Davies, 2008; Muldoon et al., 2014; Tipper, 2011a; Charles, 2016; Fox, 2006; Irvine e Cilia, 2017; Power, 2008; Shir-Vertesh, 2008).\u00a0<\/span><\/li>\n<\/ol>\n<p><span style=\"font-weight: 400;\">A partir da observa\u00e7\u00e3o das pr\u00e1ticas crian\u00e7a-animal, e dos registos fotogr\u00e1ficos das crian\u00e7as dessas intera\u00e7\u00f5es e suas aplica\u00e7\u00f5es afetivas, o projeto dialogou tamb\u00e9m com as <\/span><b>perspectivas p\u00f3s-humanistas da inf\u00e2ncia e das rela\u00e7\u00f5es crian\u00e7a-animal<\/b><span style=\"font-weight: 400;\">, prestando aten\u00e7\u00e3o \u00e0s dimens\u00f5es multisensoriais das rela\u00e7\u00f5es multiesp\u00e9cies (Young e Rautio, 2018; Latimer e Miele, 2013; Cutter-Mackenzie-Knowles et al., 2020; Malone, 2015; Taylor e Pacini-Ketchabaw, 2018; Hohti e Tammi, 2019).<\/span><\/p>\n<p><!-- \/wp:paragraph --><\/p>\t\t\t\t\t\t<\/div>\n\t\t\t\t<\/div>\n\t\t\t\t\t<\/div>\n\t\t<\/div>\n\t\t\t\t\t<\/div>\n\t\t<\/section>\n\t\t\t\t<section class=\"elementor-section elementor-top-section elementor-element elementor-element-90ceb19 elementor-section-boxed elementor-section-height-default elementor-section-height-default\" data-id=\"90ceb19\" data-element_type=\"section\" data-settings=\"{&quot;background_background&quot;:&quot;classic&quot;}\">\n\t\t\t\t\t\t\t<div class=\"elementor-background-overlay\"><\/div>\n\t\t\t\t\t\t\t<div class=\"elementor-container elementor-column-gap-default\">\n\t\t\t\t\t<div class=\"elementor-column elementor-col-100 elementor-top-column elementor-element elementor-element-1a0d290\" data-id=\"1a0d290\" data-element_type=\"column\" data-settings=\"{&quot;background_background&quot;:&quot;classic&quot;}\">\n\t\t\t<div class=\"elementor-widget-wrap elementor-element-populated\">\n\t\t\t\t\t\t<div class=\"elementor-element elementor-element-3479ad7 elementor-widget elementor-widget-text-editor\" data-id=\"3479ad7\" data-element_type=\"widget\" data-widget_type=\"text-editor.default\">\n\t\t\t\t<div class=\"elementor-widget-container\">\n\t\t\t\t\t\t\t<p><!-- wp:paragraph --><\/p>\n<p><strong>METODOLOGIA<br \/><\/strong><span style=\"font-weight: 400;\">Observa\u00e7\u00e3o direta, entrevistas aprofundadas no domic\u00edlio; entrevistas de foto-elicita\u00e7\u00e3o; m\u00e9todos visuais (fotografias)<\/span><\/p>\n<p><b>FASE 1 &#8211; Observa\u00e7\u00e3o direta, entrevistas em profundidade no domic\u00edlio \u00e0s 24 fam\u00edlias selecionadas.<br \/><\/b><span style=\"font-weight: 400;\">24 fam\u00edlias; 2 entrevistas (crian\u00e7a+m\u00e3e\/pai); primeira observa\u00e7\u00e3o do animal e da casa; primeiro contacto com os animais e as suas rotinas<\/span><\/p>\n<p><b>FASE 2 -Entrevistas de foto-elicita\u00e7\u00e3o\u00a0 a 12 das 24 fam\u00edlias<\/b><\/p>\n<ul>\n<li>1\u00aa visita \u00e0s 12 fam\u00edlias (escolhidas entre as 24 anteriores): distribui\u00e7\u00e3o de c\u00e2maras fotogr\u00e1ficas e aplicada a t\u00e9cnica de photovoice para recolha de fotografias sobre a perspetiva das crian\u00e7as sobre a vida dos seus animais de companhia;<\/li>\n<li style=\"font-weight: 400;\" aria-level=\"1\"><span style=\"font-weight: 400;\">2\u00aa visita \u00e0s 12 fam\u00edlias: entrevistas de foto-elicita\u00e7\u00e3o com base no portf\u00f3lio fotogr\u00e1fico das crian\u00e7as (crian\u00e7as); observa\u00e7\u00e3o direta (animais).<\/span><\/li>\n<\/ul>\n<p><b>FASE 3 <\/b><b>&#8211; Workshops com as fam\u00edlias e stakeholders<br \/><\/b><span style=\"font-weight: 400;\">Esta atividade tinha dois objetivos principais:\u00a0<\/span><\/p>\n<ul>\n<li><span style=\"font-weight: 400;\">Devolver \u00e0s fam\u00edlias (crian\u00e7as e pais) alguns dos resultados produzidos pela equipa de investiga\u00e7\u00e3o do CLAN a partir dos dados recolhidos durante o trabalho de campo e ao longo da dura\u00e7\u00e3o do projeto;<\/span><\/li>\n<li><span style=\"font-weight: 400;\">Reunir atores e profissionais relevantes (veterin\u00e1rios, psic\u00f3logos, advogados, assistentes sociais e pol\u00edticos), discutindo com eles alguns dos eixos relevantes dos resultados do projeto.<\/span><\/li>\n<\/ul>\n<p><!-- \/wp:paragraph --><\/p>\t\t\t\t\t\t<\/div>\n\t\t\t\t<\/div>\n\t\t\t\t\t<\/div>\n\t\t<\/div>\n\t\t\t\t\t<\/div>\n\t\t<\/section>\n\t\t\t\t<section class=\"elementor-section elementor-top-section elementor-element elementor-element-df2feca elementor-section-boxed elementor-section-height-default elementor-section-height-default\" data-id=\"df2feca\" data-element_type=\"section\" data-settings=\"{&quot;background_background&quot;:&quot;classic&quot;}\">\n\t\t\t\t\t\t\t<div class=\"elementor-background-overlay\"><\/div>\n\t\t\t\t\t\t\t<div class=\"elementor-container elementor-column-gap-default\">\n\t\t\t\t\t<div class=\"elementor-column elementor-col-100 elementor-top-column elementor-element elementor-element-198a6fe\" data-id=\"198a6fe\" data-element_type=\"column\" data-settings=\"{&quot;background_background&quot;:&quot;classic&quot;}\">\n\t\t\t<div class=\"elementor-widget-wrap elementor-element-populated\">\n\t\t\t\t\t\t<div class=\"elementor-element elementor-element-e7c7c5a elementor-widget elementor-widget-text-editor\" data-id=\"e7c7c5a\" data-element_type=\"widget\" data-widget_type=\"text-editor.default\">\n\t\t\t\t<div class=\"elementor-widget-container\">\n\t\t\t\t\t\t\t<p><!-- wp:paragraph --><\/p>\n<p><strong>SELE\u00c7\u00c3O DA AMOSTRA<\/strong><\/p>\n<p>24 fam\u00edlias da \u00c1rea Metropolitana de Lisboa<br \/>Com 1 ou mais animais de companhia (pelo menos 1 c\u00e3o e 1 gato), h\u00e1 pelo menos 6 meses<br \/>Com 1 ou mais filhos, com idades compreendidas entre os 8 e os 14 anos (equil\u00edbrio de g\u00e9nero)<br \/>Diferentes morfologias familiares (casal com filhos, fam\u00edlias monoparentais)<br \/>Diferentes contextos sociais<br \/>3 tipos diferentes de habita\u00e7\u00e3o.<br \/>Apartamento urbano; Casa na cidade, com jardim ou quintal; Pequena quinta.<\/p>\n<p><b>Animais do projeto CLAN<\/b><\/p>\n<p><!-- \/wp:paragraph --><\/p>\t\t\t\t\t\t<\/div>\n\t\t\t\t<\/div>\n\t\t\t\t<div class=\"elementor-element elementor-element-9d11810 elementor-widget__width-initial e-transform elementor-invisible elementor-widget elementor-widget-counter\" data-id=\"9d11810\" data-element_type=\"widget\" data-settings=\"{&quot;_animation&quot;:&quot;fadeIn&quot;,&quot;_transform_scale_effect&quot;:{&quot;unit&quot;:&quot;px&quot;,&quot;size&quot;:&quot;&quot;,&quot;sizes&quot;:[]},&quot;_transform_scale_effect_tablet&quot;:{&quot;unit&quot;:&quot;px&quot;,&quot;size&quot;:&quot;&quot;,&quot;sizes&quot;:[]},&quot;_transform_scale_effect_mobile&quot;:{&quot;unit&quot;:&quot;px&quot;,&quot;size&quot;:&quot;&quot;,&quot;sizes&quot;:[]}}\" data-widget_type=\"counter.default\">\n\t\t\t\t<div class=\"elementor-widget-container\">\n\t\t\t\t\t<div class=\"elementor-counter\">\n\t\t\t<div class=\"elementor-counter-title\">Gatos<\/div>\t\t\t<div class=\"elementor-counter-number-wrapper\">\n\t\t\t\t<span class=\"elementor-counter-number-prefix\"><\/span>\n\t\t\t\t<span class=\"elementor-counter-number\" data-duration=\"2000\" data-to-value=\"22\" data-from-value=\"0\" data-delimiter=\",\">0<\/span>\n\t\t\t\t<span class=\"elementor-counter-number-suffix\"><\/span>\n\t\t\t<\/div>\n\t\t<\/div>\n\t\t\t\t<\/div>\n\t\t\t\t<\/div>\n\t\t\t\t<div class=\"elementor-element elementor-element-de98606 elementor-widget__width-initial elementor-invisible elementor-widget elementor-widget-counter\" data-id=\"de98606\" data-element_type=\"widget\" data-settings=\"{&quot;_animation&quot;:&quot;fadeIn&quot;,&quot;_animation_delay&quot;:500}\" data-widget_type=\"counter.default\">\n\t\t\t\t<div class=\"elementor-widget-container\">\n\t\t\t\t\t<div class=\"elementor-counter\">\n\t\t\t<div class=\"elementor-counter-title\">C\u00e3es<\/div>\t\t\t<div class=\"elementor-counter-number-wrapper\">\n\t\t\t\t<span class=\"elementor-counter-number-prefix\"><\/span>\n\t\t\t\t<span class=\"elementor-counter-number\" data-duration=\"2000\" data-to-value=\"18\" data-from-value=\"0\" data-delimiter=\",\">0<\/span>\n\t\t\t\t<span class=\"elementor-counter-number-suffix\"><\/span>\n\t\t\t<\/div>\n\t\t<\/div>\n\t\t\t\t<\/div>\n\t\t\t\t<\/div>\n\t\t\t\t<div class=\"elementor-element elementor-element-e774141 elementor-widget__width-initial elementor-invisible elementor-widget elementor-widget-counter\" data-id=\"e774141\" data-element_type=\"widget\" data-settings=\"{&quot;_animation&quot;:&quot;fadeIn&quot;,&quot;_animation_delay&quot;:1000}\" data-widget_type=\"counter.default\">\n\t\t\t\t<div class=\"elementor-widget-container\">\n\t\t\t\t\t<div class=\"elementor-counter\">\n\t\t\t<div class=\"elementor-counter-title\">Peixes<\/div>\t\t\t<div class=\"elementor-counter-number-wrapper\">\n\t\t\t\t<span class=\"elementor-counter-number-prefix\"><\/span>\n\t\t\t\t<span class=\"elementor-counter-number\" data-duration=\"2000\" data-to-value=\"8\" data-from-value=\"0\" data-delimiter=\",\">0<\/span>\n\t\t\t\t<span class=\"elementor-counter-number-suffix\"><\/span>\n\t\t\t<\/div>\n\t\t<\/div>\n\t\t\t\t<\/div>\n\t\t\t\t<\/div>\n\t\t\t\t<div class=\"elementor-element elementor-element-648f556 elementor-widget__width-initial elementor-invisible elementor-widget elementor-widget-counter\" data-id=\"648f556\" data-element_type=\"widget\" data-settings=\"{&quot;_animation&quot;:&quot;fadeIn&quot;,&quot;_animation_delay&quot;:2000}\" data-widget_type=\"counter.default\">\n\t\t\t\t<div class=\"elementor-widget-container\">\n\t\t\t\t\t<div class=\"elementor-counter\">\n\t\t\t<div class=\"elementor-counter-title\">P\u00e1ssaros<\/div>\t\t\t<div class=\"elementor-counter-number-wrapper\">\n\t\t\t\t<span class=\"elementor-counter-number-prefix\"><\/span>\n\t\t\t\t<span class=\"elementor-counter-number\" data-duration=\"2000\" data-to-value=\"6\" data-from-value=\"0\" data-delimiter=\",\">0<\/span>\n\t\t\t\t<span class=\"elementor-counter-number-suffix\"><\/span>\n\t\t\t<\/div>\n\t\t<\/div>\n\t\t\t\t<\/div>\n\t\t\t\t<\/div>\n\t\t\t\t<div class=\"elementor-element elementor-element-ff0cf18 elementor-widget__width-initial elementor-invisible elementor-widget elementor-widget-counter\" data-id=\"ff0cf18\" data-element_type=\"widget\" data-settings=\"{&quot;_animation&quot;:&quot;fadeIn&quot;,&quot;_animation_delay&quot;:2500}\" data-widget_type=\"counter.default\">\n\t\t\t\t<div class=\"elementor-widget-container\">\n\t\t\t\t\t<div class=\"elementor-counter\">\n\t\t\t<div class=\"elementor-counter-title\">Tartarugas<\/div>\t\t\t<div class=\"elementor-counter-number-wrapper\">\n\t\t\t\t<span class=\"elementor-counter-number-prefix\"><\/span>\n\t\t\t\t<span class=\"elementor-counter-number\" data-duration=\"2000\" data-to-value=\"5\" data-from-value=\"0\" data-delimiter=\",\">0<\/span>\n\t\t\t\t<span class=\"elementor-counter-number-suffix\"><\/span>\n\t\t\t<\/div>\n\t\t<\/div>\n\t\t\t\t<\/div>\n\t\t\t\t<\/div>\n\t\t\t\t<div class=\"elementor-element elementor-element-e166be4 elementor-widget__width-initial elementor-invisible elementor-widget elementor-widget-counter\" data-id=\"e166be4\" data-element_type=\"widget\" data-settings=\"{&quot;_animation&quot;:&quot;fadeIn&quot;,&quot;_animation_delay&quot;:3000}\" data-widget_type=\"counter.default\">\n\t\t\t\t<div class=\"elementor-widget-container\">\n\t\t\t\t\t<div class=\"elementor-counter\">\n\t\t\t<div class=\"elementor-counter-title\">Porquinhos-da-\u00cdndia<\/div>\t\t\t<div class=\"elementor-counter-number-wrapper\">\n\t\t\t\t<span class=\"elementor-counter-number-prefix\"><\/span>\n\t\t\t\t<span class=\"elementor-counter-number\" data-duration=\"2000\" data-to-value=\"3\" data-from-value=\"0\" data-delimiter=\",\">0<\/span>\n\t\t\t\t<span class=\"elementor-counter-number-suffix\"><\/span>\n\t\t\t<\/div>\n\t\t<\/div>\n\t\t\t\t<\/div>\n\t\t\t\t<\/div>\n\t\t\t\t<div class=\"elementor-element elementor-element-219113c elementor-widget__width-initial elementor-invisible elementor-widget elementor-widget-counter\" data-id=\"219113c\" data-element_type=\"widget\" data-settings=\"{&quot;_animation&quot;:&quot;fadeIn&quot;,&quot;_animation_delay&quot;:3500}\" data-widget_type=\"counter.default\">\n\t\t\t\t<div class=\"elementor-widget-container\">\n\t\t\t\t\t<div class=\"elementor-counter\">\n\t\t\t<div class=\"elementor-counter-title\">Coelho<\/div>\t\t\t<div class=\"elementor-counter-number-wrapper\">\n\t\t\t\t<span class=\"elementor-counter-number-prefix\"><\/span>\n\t\t\t\t<span class=\"elementor-counter-number\" data-duration=\"2000\" data-to-value=\"1\" data-from-value=\"0\" data-delimiter=\",\">0<\/span>\n\t\t\t\t<span class=\"elementor-counter-number-suffix\"><\/span>\n\t\t\t<\/div>\n\t\t<\/div>\n\t\t\t\t<\/div>\n\t\t\t\t<\/div>\n\t\t\t\t\t<\/div>\n\t\t<\/div>\n\t\t\t\t\t<\/div>\n\t\t<\/section>\n\t\t\t\t<section class=\"elementor-section elementor-top-section elementor-element elementor-element-51025d6 elementor-section-boxed elementor-section-height-default elementor-section-height-default\" data-id=\"51025d6\" data-element_type=\"section\">\n\t\t\t\t\t\t<div class=\"elementor-container elementor-column-gap-default\">\n\t\t\t\t\t<div class=\"elementor-column elementor-col-100 elementor-top-column elementor-element elementor-element-acb392d\" data-id=\"acb392d\" data-element_type=\"column\">\n\t\t\t<div class=\"elementor-widget-wrap\">\n\t\t\t\t\t\t\t<\/div>\n\t\t<\/div>\n\t\t\t\t\t<\/div>\n\t\t<\/section>\n\t\t\t\t<\/div>\n\t\t","protected":false},"excerpt":{"rendered":"<p>1. O Projeto CLAN RESUMO De que forma crian\u00e7as e animais de companhia constroem rela\u00e7\u00f5es quotidianas que contribuem para desafiar, ou reproduzir, categorias dominantes e fronteiras estabelecidas entre mundos humanos e n\u00e3o humanos? Este projeto explora esta quest\u00e3o, a partir de alguns factos que t\u00eam estimulado a curiosidade cient\u00edfica em torno do t\u00f3pico: o contraste [&hellip;]<\/p>\n","protected":false},"author":1,"featured_media":0,"parent":0,"menu_order":0,"comment_status":"closed","ping_status":"closed","template":"elementor_header_footer","meta":{"_links_to":"","_links_to_target":""},"_links":{"self":[{"href":"https:\/\/humananimalstudies.net\/pt\/wp-json\/wp\/v2\/pages\/4116"}],"collection":[{"href":"https:\/\/humananimalstudies.net\/pt\/wp-json\/wp\/v2\/pages"}],"about":[{"href":"https:\/\/humananimalstudies.net\/pt\/wp-json\/wp\/v2\/types\/page"}],"author":[{"embeddable":true,"href":"https:\/\/humananimalstudies.net\/pt\/wp-json\/wp\/v2\/users\/1"}],"replies":[{"embeddable":true,"href":"https:\/\/humananimalstudies.net\/pt\/wp-json\/wp\/v2\/comments?post=4116"}],"version-history":[{"count":29,"href":"https:\/\/humananimalstudies.net\/pt\/wp-json\/wp\/v2\/pages\/4116\/revisions"}],"predecessor-version":[{"id":4453,"href":"https:\/\/humananimalstudies.net\/pt\/wp-json\/wp\/v2\/pages\/4116\/revisions\/4453"}],"wp:attachment":[{"href":"https:\/\/humananimalstudies.net\/pt\/wp-json\/wp\/v2\/media?parent=4116"}],"curies":[{"name":"wp","href":"https:\/\/api.w.org\/{rel}","templated":true}]}}