{"id":4143,"date":"2024-01-27T17:01:31","date_gmt":"2024-01-27T17:01:31","guid":{"rendered":"https:\/\/humananimalstudies.net\/?page_id=4143"},"modified":"2026-02-05T11:25:18","modified_gmt":"2026-02-05T11:25:18","slug":"2-resultados","status":"publish","type":"page","link":"https:\/\/humananimalstudies.net\/pt\/2-resultados\/","title":{"rendered":"2. Resultados"},"content":{"rendered":"\t\t<div data-elementor-type=\"wp-post\" data-elementor-id=\"4143\" class=\"elementor elementor-4143\">\n\t\t\t\t\t\t<section class=\"elementor-section elementor-top-section elementor-element elementor-element-9453124 elementor-section-boxed elementor-section-height-default elementor-section-height-default\" data-id=\"9453124\" data-element_type=\"section\" data-settings=\"{&quot;background_background&quot;:&quot;classic&quot;}\">\n\t\t\t\t\t\t\t<div class=\"elementor-background-overlay\"><\/div>\n\t\t\t\t\t\t\t<div class=\"elementor-container elementor-column-gap-default\">\n\t\t\t\t\t<div class=\"elementor-column elementor-col-100 elementor-top-column elementor-element elementor-element-5032983\" data-id=\"5032983\" data-element_type=\"column\">\n\t\t\t<div class=\"elementor-widget-wrap elementor-element-populated\">\n\t\t\t\t\t\t<div class=\"elementor-element elementor-element-cc7b281 elementor-widget elementor-widget-heading\" data-id=\"cc7b281\" data-element_type=\"widget\" data-widget_type=\"heading.default\">\n\t\t\t\t<div class=\"elementor-widget-container\">\n\t\t\t<h2 class=\"elementor-heading-title elementor-size-default\">2. Resultados<\/h2>\t\t<\/div>\n\t\t\t\t<\/div>\n\t\t\t\t\t<\/div>\n\t\t<\/div>\n\t\t\t\t\t<\/div>\n\t\t<\/section>\n\t\t\t\t<section class=\"elementor-section elementor-top-section elementor-element elementor-element-430b0c0 elementor-section-boxed elementor-section-height-default elementor-section-height-default\" data-id=\"430b0c0\" data-element_type=\"section\">\n\t\t\t\t\t\t<div class=\"elementor-container elementor-column-gap-default\">\n\t\t\t\t\t<div class=\"elementor-column elementor-col-100 elementor-top-column elementor-element elementor-element-e8efadc\" data-id=\"e8efadc\" data-element_type=\"column\">\n\t\t\t<div class=\"elementor-widget-wrap elementor-element-populated\">\n\t\t\t\t\t\t<div class=\"elementor-element elementor-element-c05a856 elementor-widget elementor-widget-spacer\" data-id=\"c05a856\" data-element_type=\"widget\" data-widget_type=\"spacer.default\">\n\t\t\t\t<div class=\"elementor-widget-container\">\n\t\t\t\t\t<div class=\"elementor-spacer\">\n\t\t\t<div class=\"elementor-spacer-inner\"><\/div>\n\t\t<\/div>\n\t\t\t\t<\/div>\n\t\t\t\t<\/div>\n\t\t\t\t\t<\/div>\n\t\t<\/div>\n\t\t\t\t\t<\/div>\n\t\t<\/section>\n\t\t\t\t<section class=\"elementor-section elementor-top-section elementor-element elementor-element-221b226 elementor-section-boxed elementor-section-height-default elementor-section-height-default\" data-id=\"221b226\" data-element_type=\"section\" data-settings=\"{&quot;background_background&quot;:&quot;classic&quot;}\">\n\t\t\t\t\t\t\t<div class=\"elementor-background-overlay\"><\/div>\n\t\t\t\t\t\t\t<div class=\"elementor-container elementor-column-gap-default\">\n\t\t\t\t\t<div class=\"elementor-column elementor-col-100 elementor-top-column elementor-element elementor-element-63480f8\" data-id=\"63480f8\" data-element_type=\"column\" data-settings=\"{&quot;background_background&quot;:&quot;classic&quot;}\">\n\t\t\t<div class=\"elementor-widget-wrap elementor-element-populated\">\n\t\t\t\t\t\t<div class=\"elementor-element elementor-element-a10a99c elementor-widget elementor-widget-text-editor\" data-id=\"a10a99c\" data-element_type=\"widget\" data-widget_type=\"text-editor.default\">\n\t\t\t\t<div class=\"elementor-widget-container\">\n\t\t\t\t\t\t\t<p><!-- wp:paragraph --><\/p>\n<p><b>MENSAGENS IMPORTANTES DO CLAN<\/b><\/p>\n<ol>\n<li><span style=\"font-weight: 400;\">Os animais contribuem ativamente para a constru\u00e7\u00e3o das fam\u00edlias contempor\u00e2neas: relacional + afetiva<\/span><\/li>\n<li><span style=\"font-weight: 400;\">O animal est\u00e1 a contribuir para a constru\u00e7\u00e3o da crian\u00e7a, como um indiv\u00edduo singular, dentro da din\u00e2mica familiar; o mesmo tamb\u00e9m se aplica a outros membros da fam\u00edlia<br><\/span><\/li>\n<li><span style=\"font-weight: 400;\">Responsabilidade como objetivo educativo versus o que acontece na pr\u00e1tica (participa\u00e7\u00e3o reduzida ou inexistente das crian\u00e7as em tarefas relacionadas com os animais; a participa\u00e7\u00e3o \u00e9 muito limitada por um hor\u00e1rio sobrecarregado<\/span><\/li>\n<li><span style=\"font-weight: 400;\">Os animais educam (indiretamente) as crian\u00e7as como &#8220;adultos (respons\u00e1veis) em constru\u00e7\u00e3o&#8221;, uma vez que as rela\u00e7\u00f5es crian\u00e7a-animal criam um universo que parece n\u00e3o estar imediatamente, nem diretamente, ligado \u00e0 escola e \u00e0 &#8220;escolaridade&#8221;. E os valores e objectivos pedag\u00f3gicos dos pais em rela\u00e7\u00e3o aos animais n\u00e3o se traduzem em compet\u00eancias diretamente orientadas para a escola<\/span><\/li>\n<li><span style=\"font-weight: 400;\">A experi\u00eancia vivida pelas crian\u00e7as nem sempre coincide com o imagin\u00e1rio (familiar) em torno dos animais de companhia: esp\u00e9cies, ra\u00e7as, indiv\u00edduos<\/span><\/li>\n<li><span style=\"font-weight: 400;\">Tal como as &#8220;fam\u00edlias com que vivemos&#8221; s\u00e3o diferentes das &#8220;fam\u00edlias em que vivemos&#8221;, tamb\u00e9m os animais com que as crian\u00e7as vivem s\u00e3o diferentes daqueles com os quais viveram (ou vivem) (imaginaram). Isto pode trazer conflitos e desafios<\/span>\n<ul>\n<li><span style=\"font-weight: 400;\">significa que a dimens\u00e3o do imagin\u00e1rio tem que ser abordada , uma vez que este \u00e9 fundamental para enquadrar e moldar pr\u00e1ticas quotidianas com animais<\/span><\/li>\n<li><span style=\"font-weight: 400;\">significa tamb\u00e9m que a mem\u00f3ria familiar e as experi\u00eancias familiares passadas com animais devem ser analisadas,&nbsp; uma vez que moldam o imagin\u00e1rio e as escolhas da fam\u00edlia<br><\/span><\/li>\n<\/ul>\n<\/li>\n<li><span style=\"font-weight: 400;\">Fotografar o animal foi uma forma de levar as crian\u00e7as a prestar aten\u00e7\u00e3o aos animais de companhia e a refletir sobre as suas rela\u00e7\u00f5es com ele<\/span>\n<ul>\n<li>\n<p><span style=\"font-weight: 400;\">Isto estende-se \u00e0s rela\u00e7\u00f5es da fam\u00edlia com os animais: os relatos das crian\u00e7as s\u00e3o inclusivos, pois englobam muitos tipos diferentes de la\u00e7os pessoais: fam\u00edlia alargada, amigos, colegas de escola, vizinhos<br><\/span><span style=\"font-style: inherit; color: var( --e-global-color-text ); font-family: var( --e-global-typography-text-font-family ), Sans-serif;\">As narrativas visuais das crian\u00e7as sobre a vida dos animais mostram que a partilha do espa\u00e7o \u00e9 crucial, pois a din\u00e2mica familiar \u00e9 marcada por espa\u00e7os e atividades comuns (cozinha, mesa de jantar, quarto e cama, sala e sof\u00e1, etc.)<\/span><\/p>\n<\/li>\n<\/ul>\n<\/li>\n<\/ol>\n<ul>\n<li style=\"list-style-type: none;\">&nbsp;<\/li>\n<\/ul>\n<p><!-- \/wp:paragraph --><\/p>\t\t\t\t\t\t<\/div>\n\t\t\t\t<\/div>\n\t\t\t\t\t<\/div>\n\t\t<\/div>\n\t\t\t\t\t<\/div>\n\t\t<\/section>\n\t\t\t\t<section class=\"elementor-section elementor-top-section elementor-element elementor-element-e416c1a elementor-section-content-middle elementor-section-boxed elementor-section-height-default elementor-section-height-default\" data-id=\"e416c1a\" data-element_type=\"section\" data-settings=\"{&quot;background_background&quot;:&quot;classic&quot;}\">\n\t\t\t\t\t\t<div class=\"elementor-container elementor-column-gap-no\">\n\t\t\t\t\t<div class=\"elementor-column elementor-col-100 elementor-top-column elementor-element elementor-element-bb76428\" data-id=\"bb76428\" data-element_type=\"column\">\n\t\t\t<div class=\"elementor-widget-wrap elementor-element-populated\">\n\t\t\t\t\t\t<div class=\"elementor-element elementor-element-5c34fc0 elementor-widget elementor-widget-image\" data-id=\"5c34fc0\" data-element_type=\"widget\" data-widget_type=\"image.default\">\n\t\t\t\t<div class=\"elementor-widget-container\">\n\t\t\t\t\t\t\t\t\t\t\t\t\t<img fetchpriority=\"high\" decoding=\"async\" width=\"2560\" height=\"1161\" src=\"https:\/\/humananimalstudies.net\/wp-content\/uploads\/2022\/08\/Banner_site_Gaivota_11_v11_twitter3-01-scaled.jpg\" class=\"attachment-full size-full wp-image-3292\" alt=\"\" srcset=\"https:\/\/humananimalstudies.net\/wp-content\/uploads\/2022\/08\/Banner_site_Gaivota_11_v11_twitter3-01-scaled.jpg 2560w, https:\/\/humananimalstudies.net\/wp-content\/uploads\/2022\/08\/Banner_site_Gaivota_11_v11_twitter3-01-300x136.jpg 300w, https:\/\/humananimalstudies.net\/wp-content\/uploads\/2022\/08\/Banner_site_Gaivota_11_v11_twitter3-01-1024x464.jpg 1024w, https:\/\/humananimalstudies.net\/wp-content\/uploads\/2022\/08\/Banner_site_Gaivota_11_v11_twitter3-01-768x348.jpg 768w, https:\/\/humananimalstudies.net\/wp-content\/uploads\/2022\/08\/Banner_site_Gaivota_11_v11_twitter3-01-1536x696.jpg 1536w, https:\/\/humananimalstudies.net\/wp-content\/uploads\/2022\/08\/Banner_site_Gaivota_11_v11_twitter3-01-2048x929.jpg 2048w, https:\/\/humananimalstudies.net\/wp-content\/uploads\/2022\/08\/Banner_site_Gaivota_11_v11_twitter3-01-18x8.jpg 18w\" sizes=\"(max-width: 2560px) 100vw, 2560px\" \/>\t\t\t\t\t\t\t\t\t\t\t\t\t<\/div>\n\t\t\t\t<\/div>\n\t\t\t\t<div class=\"elementor-element elementor-element-e596a60 elementor-widget elementor-widget-heading\" data-id=\"e596a60\" data-element_type=\"widget\" data-widget_type=\"heading.default\">\n\t\t\t\t<div class=\"elementor-widget-container\">\n\t\t\t<h3 class=\"elementor-heading-title elementor-size-default\">Confer\u00eancia CLAN <\/h3>\t\t<\/div>\n\t\t\t\t<\/div>\n\t\t\t\t<div class=\"elementor-element elementor-element-06ed137 elementor-widget elementor-widget-text-editor\" data-id=\"06ed137\" data-element_type=\"widget\" data-widget_type=\"text-editor.default\">\n\t\t\t\t<div class=\"elementor-widget-container\">\n\t\t\t\t\t\t\t<p>Amizades entre crian\u00e7as e animais<\/p>\t\t\t\t\t\t<\/div>\n\t\t\t\t<\/div>\n\t\t\t\t<section class=\"elementor-section elementor-inner-section elementor-element elementor-element-0cc569d elementor-section-boxed elementor-section-height-default elementor-section-height-default\" data-id=\"0cc569d\" data-element_type=\"section\">\n\t\t\t\t\t\t<div class=\"elementor-container elementor-column-gap-default\">\n\t\t\t\t\t<div class=\"elementor-column elementor-col-50 elementor-inner-column elementor-element elementor-element-d7e247b\" data-id=\"d7e247b\" data-element_type=\"column\">\n\t\t\t<div class=\"elementor-widget-wrap elementor-element-populated\">\n\t\t\t\t\t\t<div class=\"elementor-element elementor-element-9d78ee8 elementor-widget elementor-widget-text-editor\" data-id=\"9d78ee8\" data-element_type=\"widget\" data-widget_type=\"text-editor.default\">\n\t\t\t\t<div class=\"elementor-widget-container\">\n\t\t\t\t\t\t\t<p>A Confer\u00eancia Internacional CLAN teve lugar nos dias 22 e 23 de setembro de 2022. Esta confer\u00eancia reuniu especialistas convidados na \u00e1rea e os investigadores envolvidos no projeto para discutir o tema. No primeiro dia, mergulh\u00e1mos no racioc\u00ednio te\u00f3rico em torno das especificidades das rela\u00e7\u00f5es crian\u00e7a-animal e do seu estatuto no terreno. Apresent\u00e1mos tamb\u00e9m alguns dos nossos resultados, colocando-os em perspetiva com o estado da arte.<\/p>\t\t\t\t\t\t<\/div>\n\t\t\t\t<\/div>\n\t\t\t\t\t<\/div>\n\t\t<\/div>\n\t\t\t\t<div class=\"elementor-column elementor-col-50 elementor-inner-column elementor-element elementor-element-8b14538\" data-id=\"8b14538\" data-element_type=\"column\">\n\t\t\t<div class=\"elementor-widget-wrap elementor-element-populated\">\n\t\t\t\t\t\t<div class=\"elementor-element elementor-element-0c4c483 elementor-widget elementor-widget-text-editor\" data-id=\"0c4c483\" data-element_type=\"widget\" data-widget_type=\"text-editor.default\">\n\t\t\t\t<div class=\"elementor-widget-container\">\n\t\t\t\t\t\t\t<p>No segundo dia, abord\u00e1mos uma das dimens\u00f5es mais importantes do projeto: como ir al\u00e9m do meio acad\u00e9mico e chegar a p\u00fablicos mais vastos, de todas as idades e origens. Discutimos a forma de envolver e retribuir aos participantes. E como a arte e a ci\u00eancia podem trabalhar em conjunto para comunicar uma abordagem multiesp\u00e9cies, mais-do-que-humana, que pode ter um impacto no bem-estar das crian\u00e7as, dos animais e das fam\u00edlias.<\/p>\t\t\t\t\t\t<\/div>\n\t\t\t\t<\/div>\n\t\t\t\t\t<\/div>\n\t\t<\/div>\n\t\t\t\t\t<\/div>\n\t\t<\/section>\n\t\t\t\t<div class=\"elementor-element elementor-element-fcefb6f elementor-align-left elementor-widget elementor-widget-button\" data-id=\"fcefb6f\" data-element_type=\"widget\" data-widget_type=\"button.default\">\n\t\t\t\t<div class=\"elementor-widget-container\">\n\t\t\t\t\t<div class=\"elementor-button-wrapper\">\n\t\t\t<a class=\"elementor-button elementor-button-link elementor-size-xs\" href=\"https:\/\/humananimalstudies.net\/pt\/clan-final-conference\/\">\n\t\t\t\t\t\t<span class=\"elementor-button-content-wrapper\">\n\t\t\t\t\t\t<span class=\"elementor-button-icon\">\n\t\t\t\t<i aria-hidden=\"true\" class=\"fas fa-angle-double-right\"><\/i>\t\t\t<\/span>\n\t\t\t\t\t\t\t\t\t<span class=\"elementor-button-text\">p\u00e1gina da Confer\u00eancia CLAN<\/span>\n\t\t\t\t\t<\/span>\n\t\t\t\t\t<\/a>\n\t\t<\/div>\n\t\t\t\t<\/div>\n\t\t\t\t<\/div>\n\t\t\t\t<div class=\"elementor-element elementor-element-13d58bc elementor-align-left elementor-widget elementor-widget-button\" data-id=\"13d58bc\" data-element_type=\"widget\" data-widget_type=\"button.default\">\n\t\t\t\t<div class=\"elementor-widget-container\">\n\t\t\t\t\t<div class=\"elementor-button-wrapper\">\n\t\t\t<a class=\"elementor-button elementor-button-link elementor-size-xs\" href=\"https:\/\/www.youtube.com\/watch?v=7eI-estcF9Y\">\n\t\t\t\t\t\t<span class=\"elementor-button-content-wrapper\">\n\t\t\t\t\t\t<span class=\"elementor-button-icon\">\n\t\t\t\t<i aria-hidden=\"true\" class=\"fas fa-angle-double-right\"><\/i>\t\t\t<\/span>\n\t\t\t\t\t\t\t\t\t<span class=\"elementor-button-text\">grava\u00e7\u00e3o - dia 1<\/span>\n\t\t\t\t\t<\/span>\n\t\t\t\t\t<\/a>\n\t\t<\/div>\n\t\t\t\t<\/div>\n\t\t\t\t<\/div>\n\t\t\t\t<div class=\"elementor-element elementor-element-cf18724 elementor-align-left elementor-widget elementor-widget-button\" data-id=\"cf18724\" data-element_type=\"widget\" data-widget_type=\"button.default\">\n\t\t\t\t<div class=\"elementor-widget-container\">\n\t\t\t\t\t<div class=\"elementor-button-wrapper\">\n\t\t\t<a class=\"elementor-button elementor-button-link elementor-size-xs\" href=\"https:\/\/www.youtube.com\/watch?v=xrp_iG8RUo8\">\n\t\t\t\t\t\t<span class=\"elementor-button-content-wrapper\">\n\t\t\t\t\t\t<span class=\"elementor-button-icon\">\n\t\t\t\t<i aria-hidden=\"true\" class=\"fas fa-angle-double-right\"><\/i>\t\t\t<\/span>\n\t\t\t\t\t\t\t\t\t<span class=\"elementor-button-text\">grava\u00e7\u00e3o - dia 2<\/span>\n\t\t\t\t\t<\/span>\n\t\t\t\t\t<\/a>\n\t\t<\/div>\n\t\t\t\t<\/div>\n\t\t\t\t<\/div>\n\t\t\t\t\t<\/div>\n\t\t<\/div>\n\t\t\t\t\t<\/div>\n\t\t<\/section>\n\t\t\t\t<section class=\"elementor-section elementor-top-section elementor-element elementor-element-62ad789 elementor-section-boxed elementor-section-height-default elementor-section-height-default\" data-id=\"62ad789\" data-element_type=\"section\">\n\t\t\t\t\t\t<div class=\"elementor-container elementor-column-gap-default\">\n\t\t\t\t\t<div class=\"elementor-column elementor-col-100 elementor-top-column elementor-element elementor-element-d2a08f9\" data-id=\"d2a08f9\" data-element_type=\"column\">\n\t\t\t<div class=\"elementor-widget-wrap elementor-element-populated\">\n\t\t\t\t\t\t<div class=\"elementor-element elementor-element-23e2581 elementor-widget elementor-widget-spacer\" data-id=\"23e2581\" data-element_type=\"widget\" data-widget_type=\"spacer.default\">\n\t\t\t\t<div class=\"elementor-widget-container\">\n\t\t\t\t\t<div class=\"elementor-spacer\">\n\t\t\t<div class=\"elementor-spacer-inner\"><\/div>\n\t\t<\/div>\n\t\t\t\t<\/div>\n\t\t\t\t<\/div>\n\t\t\t\t\t<\/div>\n\t\t<\/div>\n\t\t\t\t\t<\/div>\n\t\t<\/section>\n\t\t\t\t<section class=\"elementor-section elementor-top-section elementor-element elementor-element-9df629d elementor-section-stretched elementor-hidden-desktop elementor-hidden-tablet elementor-hidden-mobile elementor-section-boxed elementor-section-height-default elementor-section-height-default elementor-invisible\" data-id=\"9df629d\" data-element_type=\"section\" data-settings=\"{&quot;background_background&quot;:&quot;classic&quot;,&quot;stretch_section&quot;:&quot;section-stretched&quot;,&quot;animation&quot;:&quot;fadeIn&quot;}\">\n\t\t\t\t\t\t<div class=\"elementor-container elementor-column-gap-default\">\n\t\t\t\t\t<div class=\"elementor-column elementor-col-100 elementor-top-column elementor-element elementor-element-99eb534\" data-id=\"99eb534\" data-element_type=\"column\">\n\t\t\t<div class=\"elementor-widget-wrap elementor-element-populated\">\n\t\t\t\t\t\t<div class=\"elementor-element elementor-element-e709c87 elementor-widget elementor-widget-heading\" data-id=\"e709c87\" data-element_type=\"widget\" data-widget_type=\"heading.default\">\n\t\t\t\t<div class=\"elementor-widget-container\">\n\t\t\t<h4 class=\"elementor-heading-title elementor-size-default\">Teses | Projetos de Doutoramento<\/h4>\t\t<\/div>\n\t\t\t\t<\/div>\n\t\t\t\t<div class=\"elementor-element elementor-element-0ccadee elementor-widget__width-initial elementor-widget elementor-widget-accordion\" data-id=\"0ccadee\" data-element_type=\"widget\" data-widget_type=\"accordion.default\">\n\t\t\t\t<div class=\"elementor-widget-container\">\n\t\t\t\t\t<div class=\"elementor-accordion\">\n\t\t\t\t\t\t\t<div class=\"elementor-accordion-item\">\n\t\t\t\t\t<div id=\"elementor-tab-title-1341\" class=\"elementor-tab-title\" data-tab=\"1\" role=\"button\" aria-controls=\"elementor-tab-content-1341\" aria-expanded=\"false\">\n\t\t\t\t\t\t\t\t\t\t\t\t\t<span class=\"elementor-accordion-icon elementor-accordion-icon-left\" aria-hidden=\"true\">\n\t\t\t\t\t\t\t\t\t\t\t\t\t\t\t<span class=\"elementor-accordion-icon-closed\"><i class=\"fas fa-angle-down\"><\/i><\/span>\n\t\t\t\t\t\t\t\t<span class=\"elementor-accordion-icon-opened\"><i class=\"fas fa-angle-up\"><\/i><\/span>\n\t\t\t\t\t\t\t\t\t\t\t\t\t\t<\/span>\n\t\t\t\t\t\t\t\t\t\t\t\t<a class=\"elementor-accordion-title\" tabindex=\"0\">Building the Animal: Processes of categorization of nonhuman animals in children<\/a>\n\t\t\t\t\t<\/div>\n\t\t\t\t\t<div id=\"elementor-tab-content-1341\" class=\"elementor-tab-content elementor-clearfix\" data-tab=\"1\" role=\"region\" aria-labelledby=\"elementor-tab-title-1341\"><h6><span style=\"color: #808080;\">Autor: Henrique Tereno<\/span><\/h6>\n<p><strong><b>Programa Doutoral:<\/b> <\/strong><span style=\"font-weight: 400;\">Sociologia (OPENSOC)<\/span><\/p>\n<p><strong><b>Institui\u00e7\u00e3o:<\/b> <\/strong><span style=\"font-weight: 400;\">Instituto de Ci\u00eancias Sociais, Universidade de Lisboa<\/span><\/p>\n<p><strong><b>Orientadora:<\/b> <\/strong><span style=\"font-weight: 400;\">Ver\u00f3nica Policarpo<\/span><\/p>\n<h6><span style=\"color: #808080;\"><strong>T\u00edtulo:<\/strong> Building the Animal: Processes of categorization of nonhuman animals in children<\/span><\/h6>\n<p><strong>Resumo: <\/strong><\/p>\n<p>V<\/p>\n<p>\u00a0<\/p><\/div>\n\t\t\t\t<\/div>\n\t\t\t\t\t\t\t<div class=\"elementor-accordion-item\">\n\t\t\t\t\t<div id=\"elementor-tab-title-1342\" class=\"elementor-tab-title\" data-tab=\"2\" role=\"button\" aria-controls=\"elementor-tab-content-1342\" aria-expanded=\"false\">\n\t\t\t\t\t\t\t\t\t\t\t\t\t<span class=\"elementor-accordion-icon elementor-accordion-icon-left\" aria-hidden=\"true\">\n\t\t\t\t\t\t\t\t\t\t\t\t\t\t\t<span class=\"elementor-accordion-icon-closed\"><i class=\"fas fa-angle-down\"><\/i><\/span>\n\t\t\t\t\t\t\t\t<span class=\"elementor-accordion-icon-opened\"><i class=\"fas fa-angle-up\"><\/i><\/span>\n\t\t\t\t\t\t\t\t\t\t\t\t\t\t<\/span>\n\t\t\t\t\t\t\t\t\t\t\t\t<a class=\"elementor-accordion-title\" tabindex=\"0\">ALIVE | Human-Animal Living: Designing with families for more-than-human cohabitation<\/a>\n\t\t\t\t\t<\/div>\n\t\t\t\t\t<div id=\"elementor-tab-content-1342\" class=\"elementor-tab-content elementor-clearfix\" data-tab=\"2\" role=\"region\" aria-labelledby=\"elementor-tab-title-1342\"><h6><span style=\"color: #808080;\">Autor: Clara Ven\u00e2ncio<\/span><\/h6>\n<p><strong><b>Programa Doutoral:<\/b> <\/strong><span style=\"font-weight: 400;\">Design\u00a0<\/span><\/p>\n<p><strong><b>Institui\u00e7\u00e3o:<\/b> <\/strong><span style=\"font-weight: 400;\">Faculdade de Belas Artes, Universidade do Porto<\/span><\/p>\n<p><strong><b>Equipa de Orienta\u00e7\u00e3o:<\/b> <\/strong><span style=\"font-weight: 400;\">Ver\u00f3nica Policarpo<\/span><\/p>\n<h6><span style=\"color: #808080;\"><strong>T\u00edtulo:<\/strong> ALIVE | Human-Animal Living: Designing with families for more-than-human cohabitation<\/span><\/h6>\n<p><strong>Resumo: <\/strong><\/p>\n<p>X<\/p><\/div>\n\t\t\t\t<\/div>\n\t\t\t\t\t\t\t\t<\/div>\n\t\t\t\t<\/div>\n\t\t\t\t<\/div>\n\t\t\t\t\t<\/div>\n\t\t<\/div>\n\t\t\t\t\t<\/div>\n\t\t<\/section>\n\t\t\t\t<section class=\"elementor-section elementor-top-section elementor-element elementor-element-4a66672 elementor-section-boxed elementor-section-height-default elementor-section-height-default\" data-id=\"4a66672\" data-element_type=\"section\">\n\t\t\t\t\t\t<div class=\"elementor-container elementor-column-gap-default\">\n\t\t\t\t\t<div class=\"elementor-column elementor-col-100 elementor-top-column elementor-element elementor-element-12ae2b4\" data-id=\"12ae2b4\" data-element_type=\"column\">\n\t\t\t<div class=\"elementor-widget-wrap elementor-element-populated\">\n\t\t\t\t\t\t<div class=\"elementor-element elementor-element-70c2625 elementor-widget elementor-widget-spacer\" data-id=\"70c2625\" data-element_type=\"widget\" data-widget_type=\"spacer.default\">\n\t\t\t\t<div class=\"elementor-widget-container\">\n\t\t\t\t\t<div class=\"elementor-spacer\">\n\t\t\t<div class=\"elementor-spacer-inner\"><\/div>\n\t\t<\/div>\n\t\t\t\t<\/div>\n\t\t\t\t<\/div>\n\t\t\t\t\t<\/div>\n\t\t<\/div>\n\t\t\t\t\t<\/div>\n\t\t<\/section>\n\t\t\t\t<\/div>\n\t\t","protected":false},"excerpt":{"rendered":"<p>2. Resultados MENSAGENS IMPORTANTES DO CLAN Os animais contribuem ativamente para a constru\u00e7\u00e3o das fam\u00edlias contempor\u00e2neas: relacional + afetiva O animal est\u00e1 a contribuir para a constru\u00e7\u00e3o da crian\u00e7a, como um indiv\u00edduo singular, dentro da din\u00e2mica familiar; o mesmo tamb\u00e9m se aplica a outros membros da fam\u00edlia Responsabilidade como objetivo educativo versus o que acontece [&hellip;]<\/p>\n","protected":false},"author":1,"featured_media":0,"parent":0,"menu_order":0,"comment_status":"closed","ping_status":"closed","template":"elementor_header_footer","meta":{"_links_to":"","_links_to_target":""},"_links":{"self":[{"href":"https:\/\/humananimalstudies.net\/pt\/wp-json\/wp\/v2\/pages\/4143"}],"collection":[{"href":"https:\/\/humananimalstudies.net\/pt\/wp-json\/wp\/v2\/pages"}],"about":[{"href":"https:\/\/humananimalstudies.net\/pt\/wp-json\/wp\/v2\/types\/page"}],"author":[{"embeddable":true,"href":"https:\/\/humananimalstudies.net\/pt\/wp-json\/wp\/v2\/users\/1"}],"replies":[{"embeddable":true,"href":"https:\/\/humananimalstudies.net\/pt\/wp-json\/wp\/v2\/comments?post=4143"}],"version-history":[{"count":25,"href":"https:\/\/humananimalstudies.net\/pt\/wp-json\/wp\/v2\/pages\/4143\/revisions"}],"predecessor-version":[{"id":5045,"href":"https:\/\/humananimalstudies.net\/pt\/wp-json\/wp\/v2\/pages\/4143\/revisions\/5045"}],"wp:attachment":[{"href":"https:\/\/humananimalstudies.net\/pt\/wp-json\/wp\/v2\/media?parent=4143"}],"curies":[{"name":"wp","href":"https:\/\/api.w.org\/{rel}","templated":true}]}}