{"id":633,"date":"2019-04-05T09:45:56","date_gmt":"2019-04-05T09:45:56","guid":{"rendered":"http:\/\/humananimalstudies.net\/?page_id=633"},"modified":"2023-05-12T13:26:41","modified_gmt":"2023-05-12T13:26:41","slug":"liminal-becomings","status":"publish","type":"page","link":"https:\/\/humananimalstudies.net\/pt\/liminal-becomings\/","title":{"rendered":"Liminal Becomings"},"content":{"rendered":"\t\t<div data-elementor-type=\"wp-post\" data-elementor-id=\"633\" class=\"elementor elementor-633\">\n\t\t\t\t\t\t<section class=\"elementor-section elementor-top-section elementor-element elementor-element-3204b2b6 elementor-section-boxed elementor-section-height-default elementor-section-height-default\" data-id=\"3204b2b6\" data-element_type=\"section\" data-settings=\"{&quot;background_background&quot;:&quot;video&quot;,&quot;background_video_link&quot;:&quot;https:\\\/\\\/www.pexels.com\\\/video\\\/drone-footage-of-an-overflowing-river-causing-flood-3574631\\\/&quot;,&quot;background_video_start&quot;:0,&quot;background_video_end&quot;:11}\">\n\t\t\t\t\t\t\t\t<div class=\"elementor-background-video-container elementor-hidden-phone\">\n\t\t\t\t\t\t\t\t\t\t\t\t\t<video class=\"elementor-background-video-hosted elementor-html5-video\" autoplay muted playsinline loop><\/video>\n\t\t\t\t\t\t\t\t\t\t\t<\/div>\n\t\t\t\t\t\t\t\t<div class=\"elementor-container elementor-column-gap-default\">\n\t\t\t\t\t<div class=\"elementor-column elementor-col-100 elementor-top-column elementor-element elementor-element-47870df3\" data-id=\"47870df3\" data-element_type=\"column\">\n\t\t\t<div class=\"elementor-widget-wrap elementor-element-populated\">\n\t\t\t\t\t\t<div class=\"elementor-element elementor-element-3fa4566 elementor-widget elementor-widget-image\" data-id=\"3fa4566\" data-element_type=\"widget\" data-widget_type=\"image.default\">\n\t\t\t\t<div class=\"elementor-widget-container\">\n\t\t\t\t\t\t\t\t\t\t\t\t\t<img fetchpriority=\"high\" decoding=\"async\" width=\"768\" height=\"512\" src=\"https:\/\/humananimalstudies.net\/wp-content\/uploads\/2020\/04\/shutterstock_689925772-768x512.jpg\" class=\"attachment-medium_large size-medium_large wp-image-1247\" alt=\"\" srcset=\"https:\/\/humananimalstudies.net\/wp-content\/uploads\/2020\/04\/shutterstock_689925772-768x512.jpg 768w, https:\/\/humananimalstudies.net\/wp-content\/uploads\/2020\/04\/shutterstock_689925772-300x200.jpg 300w, https:\/\/humananimalstudies.net\/wp-content\/uploads\/2020\/04\/shutterstock_689925772-1024x683.jpg 1024w\" sizes=\"(max-width: 768px) 100vw, 768px\" \/>\t\t\t\t\t\t\t\t\t\t\t\t\t<\/div>\n\t\t\t\t<\/div>\n\t\t\t\t<div class=\"elementor-element elementor-element-3cd965cc elementor-widget elementor-widget-text-editor\" data-id=\"3cd965cc\" data-element_type=\"widget\" data-widget_type=\"text-editor.default\">\n\t\t\t\t<div class=\"elementor-widget-container\">\n\t\t\t\t\t\t\t<p><!-- wp:paragraph --><\/p>\n<h2><span style=\"color: #993300;\">Liminal<strong> Becomings: reframing human-animal relations in natural disasters<\/strong>. [CEECIND\/02719\/2017]<\/span><\/h2>\n<p><!-- \/wp:paragraph --><!-- wp:paragraph --><\/p>\n<p>\u00a0<\/p>\n<p><!-- \/wp:paragraph --><\/p>\t\t\t\t\t\t<\/div>\n\t\t\t\t<\/div>\n\t\t\t\t\t<\/div>\n\t\t<\/div>\n\t\t\t\t\t<\/div>\n\t\t<\/section>\n\t\t\t\t<section class=\"elementor-section elementor-top-section elementor-element elementor-element-7bc45f0 elementor-section-boxed elementor-section-height-default elementor-section-height-default\" data-id=\"7bc45f0\" data-element_type=\"section\">\n\t\t\t\t\t\t<div class=\"elementor-container elementor-column-gap-default\">\n\t\t\t\t\t<div class=\"elementor-column elementor-col-66 elementor-top-column elementor-element elementor-element-118be02\" data-id=\"118be02\" data-element_type=\"column\">\n\t\t\t<div class=\"elementor-widget-wrap elementor-element-populated\">\n\t\t\t\t\t\t<div class=\"elementor-element elementor-element-44adc0d elementor-widget-divider--view-line elementor-widget elementor-widget-divider\" data-id=\"44adc0d\" data-element_type=\"widget\" data-widget_type=\"divider.default\">\n\t\t\t\t<div class=\"elementor-widget-container\">\n\t\t\t\t\t<div class=\"elementor-divider\">\n\t\t\t<span class=\"elementor-divider-separator\">\n\t\t\t\t\t\t<\/span>\n\t\t<\/div>\n\t\t\t\t<\/div>\n\t\t\t\t<\/div>\n\t\t\t\t<div class=\"elementor-element elementor-element-08a6d33 elementor-widget elementor-widget-text-editor\" data-id=\"08a6d33\" data-element_type=\"widget\" data-widget_type=\"text-editor.default\">\n\t\t\t\t<div class=\"elementor-widget-container\">\n\t\t\t\t\t\t\t<h6><span style=\"color: #333333;\">Este projeto explora o continuum relacional entre animais humanos e n\u00e3o-humanos na experi\u00eancia de sobreviv\u00eancia a cat\u00e1strofes. como s\u00e3o os animais considerados nas estrat\u00e9gias de gest\u00e3o do risco? De que modos as suas vidas s\u00e3o afetadas pelas cat\u00e1strofes, e depois reconstru\u00eddas, a par das dos humanos? Para al\u00e9m dos riscos para as esp\u00e9cies amea\u00e7adas e seus ecossistemas, esta pesquisa sublinha a necessidade de considerar a diversidade dos la\u00e7os entre humanos e animais na resposta de emerg\u00eancia \u00e0s cat\u00e1strofes, na medida em que os animais n\u00e3o-humanos, entre os quais os de companhia, se incluem entre os seres vivos mais vulner\u00e1veis numa cat\u00e1strofe.<\/span><\/h6>\t\t\t\t\t\t<\/div>\n\t\t\t\t<\/div>\n\t\t\t\t\t<\/div>\n\t\t<\/div>\n\t\t\t\t<div class=\"elementor-column elementor-col-33 elementor-top-column elementor-element elementor-element-ed559b6\" data-id=\"ed559b6\" data-element_type=\"column\">\n\t\t\t<div class=\"elementor-widget-wrap elementor-element-populated\">\n\t\t\t\t\t\t<div class=\"elementor-element elementor-element-9ea94a4 elementor-widget-divider--view-line elementor-widget elementor-widget-divider\" data-id=\"9ea94a4\" data-element_type=\"widget\" data-widget_type=\"divider.default\">\n\t\t\t\t<div class=\"elementor-widget-container\">\n\t\t\t\t\t<div class=\"elementor-divider\">\n\t\t\t<span class=\"elementor-divider-separator\">\n\t\t\t\t\t\t<\/span>\n\t\t<\/div>\n\t\t\t\t<\/div>\n\t\t\t\t<\/div>\n\t\t\t\t<div class=\"elementor-element elementor-element-ae9c09b elementor-widget elementor-widget-image\" data-id=\"ae9c09b\" data-element_type=\"widget\" data-widget_type=\"image.default\">\n\t\t\t\t<div class=\"elementor-widget-container\">\n\t\t\t\t\t\t\t\t\t\t<figure class=\"wp-caption\">\n\t\t\t\t\t\t\t\t\t\t<img decoding=\"async\" width=\"812\" height=\"540\" src=\"https:\/\/humananimalstudies.net\/wp-content\/uploads\/2020\/03\/Ver\u00f3nica-Policarpo-1024x681.jpg\" class=\"attachment-large size-large wp-image-1191\" alt=\"\" srcset=\"https:\/\/humananimalstudies.net\/wp-content\/uploads\/2020\/03\/Ver\u00f3nica-Policarpo-1024x681.jpg 1024w, https:\/\/humananimalstudies.net\/wp-content\/uploads\/2020\/03\/Ver\u00f3nica-Policarpo-300x199.jpg 300w, https:\/\/humananimalstudies.net\/wp-content\/uploads\/2020\/03\/Ver\u00f3nica-Policarpo-768x511.jpg 768w\" sizes=\"(max-width: 812px) 100vw, 812px\" \/>\t\t\t\t\t\t\t\t\t\t\t<figcaption class=\"widget-image-caption wp-caption-text\">PI: Ver\u00f3nica Policarpo<\/figcaption>\n\t\t\t\t\t\t\t\t\t\t<\/figure>\n\t\t\t\t\t\t\t<\/div>\n\t\t\t\t<\/div>\n\t\t\t\t\t<\/div>\n\t\t<\/div>\n\t\t\t\t\t<\/div>\n\t\t<\/section>\n\t\t\t\t<\/div>\n\t\t","protected":false},"excerpt":{"rendered":"<p>Liminal Becomings: reframing human-animal relations in natural disasters. [CEECIND\/02719\/2017] \u00a0 Este projeto explora o continuum relacional entre animais humanos e n\u00e3o-humanos na experi\u00eancia de sobreviv\u00eancia a cat\u00e1strofes. como s\u00e3o os animais considerados nas estrat\u00e9gias de gest\u00e3o do risco? De que modos as suas vidas s\u00e3o afetadas pelas cat\u00e1strofes, e depois reconstru\u00eddas, a par das dos [&hellip;]<\/p>\n","protected":false},"author":1,"featured_media":0,"parent":0,"menu_order":0,"comment_status":"closed","ping_status":"closed","template":"","meta":{"_links_to":"","_links_to_target":""},"_links":{"self":[{"href":"https:\/\/humananimalstudies.net\/pt\/wp-json\/wp\/v2\/pages\/633"}],"collection":[{"href":"https:\/\/humananimalstudies.net\/pt\/wp-json\/wp\/v2\/pages"}],"about":[{"href":"https:\/\/humananimalstudies.net\/pt\/wp-json\/wp\/v2\/types\/page"}],"author":[{"embeddable":true,"href":"https:\/\/humananimalstudies.net\/pt\/wp-json\/wp\/v2\/users\/1"}],"replies":[{"embeddable":true,"href":"https:\/\/humananimalstudies.net\/pt\/wp-json\/wp\/v2\/comments?post=633"}],"version-history":[{"count":9,"href":"https:\/\/humananimalstudies.net\/pt\/wp-json\/wp\/v2\/pages\/633\/revisions"}],"predecessor-version":[{"id":3740,"href":"https:\/\/humananimalstudies.net\/pt\/wp-json\/wp\/v2\/pages\/633\/revisions\/3740"}],"wp:attachment":[{"href":"https:\/\/humananimalstudies.net\/pt\/wp-json\/wp\/v2\/media?parent=633"}],"curies":[{"name":"wp","href":"https:\/\/api.w.org\/{rel}","templated":true}]}}