{"id":747,"date":"2019-04-08T12:08:48","date_gmt":"2019-04-08T12:08:48","guid":{"rendered":"http:\/\/humananimalstudies.net\/?page_id=747"},"modified":"2023-05-09T15:10:19","modified_gmt":"2023-05-09T15:10:19","slug":"valores","status":"publish","type":"page","link":"https:\/\/humananimalstudies.net\/pt\/valores\/","title":{"rendered":"Valores"},"content":{"rendered":"\t\t<div data-elementor-type=\"wp-page\" data-elementor-id=\"747\" class=\"elementor elementor-747\">\n\t\t\t\t\t\t<section class=\"elementor-section elementor-top-section elementor-element elementor-element-7556676 elementor-section-boxed elementor-section-height-default elementor-section-height-default\" data-id=\"7556676\" data-element_type=\"section\">\n\t\t\t\t\t\t<div class=\"elementor-container elementor-column-gap-default\">\n\t\t\t\t\t<div class=\"elementor-column elementor-col-100 elementor-top-column elementor-element elementor-element-2e9a003\" data-id=\"2e9a003\" data-element_type=\"column\">\n\t\t\t<div class=\"elementor-widget-wrap elementor-element-populated\">\n\t\t\t\t\t\t<div class=\"elementor-element elementor-element-063518d elementor-invisible elementor-widget elementor-widget-heading\" data-id=\"063518d\" data-element_type=\"widget\" data-settings=\"{&quot;_animation&quot;:&quot;fadeIn&quot;}\" data-widget_type=\"heading.default\">\n\t\t\t\t<div class=\"elementor-widget-container\">\n\t\t\t<h1 class=\"elementor-heading-title elementor-size-default\">VALORES<\/h1>\t\t<\/div>\n\t\t\t\t<\/div>\n\t\t\t\t\t<\/div>\n\t\t<\/div>\n\t\t\t\t\t<\/div>\n\t\t<\/section>\n\t\t\t\t<section class=\"elementor-section elementor-top-section elementor-element elementor-element-168c789a elementor-section-boxed elementor-section-height-default elementor-section-height-default\" data-id=\"168c789a\" data-element_type=\"section\">\n\t\t\t\t\t\t<div class=\"elementor-container elementor-column-gap-default\">\n\t\t\t\t\t<div class=\"elementor-column elementor-col-100 elementor-top-column elementor-element elementor-element-4c4ef67a\" data-id=\"4c4ef67a\" data-element_type=\"column\">\n\t\t\t<div class=\"elementor-widget-wrap elementor-element-populated\">\n\t\t\t\t\t\t<div class=\"elementor-element elementor-element-1dd236e6 elementor-widget elementor-widget-text-editor\" data-id=\"1dd236e6\" data-element_type=\"widget\" data-widget_type=\"text-editor.default\">\n\t\t\t\t<div class=\"elementor-widget-container\">\n\t\t\t\t\t\t\t<p><!-- wp:paragraph --><\/p>\n<p><em>Pensar livremente para colaborar com outras esp\u00e9cies na constru\u00e7\u00e3o de um mundo sustent\u00e1vel.<\/em><\/p>\n<p><!-- \/wp:paragraph --><\/p>\n<p><!-- wp:paragraph --><\/p>\n<p>Liberdade, independ\u00eancia e rigor no debate cient\u00edfico. Transpar\u00eancia na comunica\u00e7\u00e3o de ideias e conhecimento. Colabora\u00e7\u00e3o e parceria no processo e realiza\u00e7\u00e3o de objetivos.<\/p>\n<p><!-- \/wp:paragraph --><\/p>\t\t\t\t\t\t<\/div>\n\t\t\t\t<\/div>\n\t\t\t\t\t<\/div>\n\t\t<\/div>\n\t\t\t\t\t<\/div>\n\t\t<\/section>\n\t\t\t\t<\/div>\n\t\t","protected":false},"excerpt":{"rendered":"<p>VALORES Pensar livremente para colaborar com outras esp\u00e9cies na constru\u00e7\u00e3o de um mundo sustent\u00e1vel. Liberdade, independ\u00eancia e rigor no debate cient\u00edfico. Transpar\u00eancia na comunica\u00e7\u00e3o de ideias e conhecimento. Colabora\u00e7\u00e3o e parceria no processo e realiza\u00e7\u00e3o de objetivos.<\/p>\n","protected":false},"author":1,"featured_media":0,"parent":0,"menu_order":0,"comment_status":"closed","ping_status":"closed","template":"","meta":{"_links_to":"","_links_to_target":""},"_links":{"self":[{"href":"https:\/\/humananimalstudies.net\/pt\/wp-json\/wp\/v2\/pages\/747"}],"collection":[{"href":"https:\/\/humananimalstudies.net\/pt\/wp-json\/wp\/v2\/pages"}],"about":[{"href":"https:\/\/humananimalstudies.net\/pt\/wp-json\/wp\/v2\/types\/page"}],"author":[{"embeddable":true,"href":"https:\/\/humananimalstudies.net\/pt\/wp-json\/wp\/v2\/users\/1"}],"replies":[{"embeddable":true,"href":"https:\/\/humananimalstudies.net\/pt\/wp-json\/wp\/v2\/comments?post=747"}],"version-history":[{"count":13,"href":"https:\/\/humananimalstudies.net\/pt\/wp-json\/wp\/v2\/pages\/747\/revisions"}],"predecessor-version":[{"id":3656,"href":"https:\/\/humananimalstudies.net\/pt\/wp-json\/wp\/v2\/pages\/747\/revisions\/3656"}],"wp:attachment":[{"href":"https:\/\/humananimalstudies.net\/pt\/wp-json\/wp\/v2\/media?parent=747"}],"curies":[{"name":"wp","href":"https:\/\/api.w.org\/{rel}","templated":true}]}}