{"id":749,"date":"2019-04-08T12:09:40","date_gmt":"2019-04-08T12:09:40","guid":{"rendered":"http:\/\/humananimalstudies.net\/?page_id=749"},"modified":"2023-05-09T14:56:41","modified_gmt":"2023-05-09T14:56:41","slug":"missao","status":"publish","type":"page","link":"https:\/\/humananimalstudies.net\/pt\/missao\/","title":{"rendered":"Miss\u00e3o"},"content":{"rendered":"\t\t<div data-elementor-type=\"wp-page\" data-elementor-id=\"749\" class=\"elementor elementor-749\">\n\t\t\t\t\t\t<section class=\"elementor-section elementor-top-section elementor-element elementor-element-296e1ed elementor-section-boxed elementor-section-height-default elementor-section-height-default\" data-id=\"296e1ed\" data-element_type=\"section\">\n\t\t\t\t\t\t<div class=\"elementor-container elementor-column-gap-default\">\n\t\t\t\t\t<div class=\"elementor-column elementor-col-100 elementor-top-column elementor-element elementor-element-6a7f613\" data-id=\"6a7f613\" data-element_type=\"column\">\n\t\t\t<div class=\"elementor-widget-wrap elementor-element-populated\">\n\t\t\t\t\t\t<div class=\"elementor-element elementor-element-44a8406 elementor-invisible elementor-widget elementor-widget-heading\" data-id=\"44a8406\" data-element_type=\"widget\" data-settings=\"{&quot;_animation&quot;:&quot;fadeIn&quot;}\" data-widget_type=\"heading.default\">\n\t\t\t\t<div class=\"elementor-widget-container\">\n\t\t\t<h1 class=\"elementor-heading-title elementor-size-default\">MISS\u00c3O<\/h1>\t\t<\/div>\n\t\t\t\t<\/div>\n\t\t\t\t\t<\/div>\n\t\t<\/div>\n\t\t\t\t\t<\/div>\n\t\t<\/section>\n\t\t\t\t<section class=\"elementor-section elementor-top-section elementor-element elementor-element-41c26e41 elementor-section-boxed elementor-section-height-default elementor-section-height-default\" data-id=\"41c26e41\" data-element_type=\"section\">\n\t\t\t\t\t\t<div class=\"elementor-container elementor-column-gap-default\">\n\t\t\t\t\t<div class=\"elementor-column elementor-col-100 elementor-top-column elementor-element elementor-element-6a9d9a47\" data-id=\"6a9d9a47\" data-element_type=\"column\">\n\t\t\t<div class=\"elementor-widget-wrap elementor-element-populated\">\n\t\t\t\t\t\t<div class=\"elementor-element elementor-element-65514529 elementor-widget elementor-widget-text-editor\" data-id=\"65514529\" data-element_type=\"widget\" data-widget_type=\"text-editor.default\">\n\t\t\t\t<div class=\"elementor-widget-container\">\n\t\t\t\t\t\t\t<!-- wp:paragraph -->\n<p>O Human-Animal Studies Hub@ICS-ULisboa (HAS Hub@ICS-ULisboa) \u00e9 uma plataforma cient\u00edfica horizontal, flex\u00edvel e interdisciplinar de pensamento livre e cr\u00edtico sobre as rela\u00e7\u00f5es entre animais humanos e n\u00e3o-humanos, e suas implica\u00e7\u00f5es societais e \u00e9ticas. Tem como miss\u00e3o inovar nas formas de pensar a rela\u00e7\u00e3o entre o humano e o n\u00e3o-humano a partir do di\u00e1logo interdisciplinar, trazendo-as para a agenda cient\u00edfica portuguesa. <br><br>Sedeada no Instituto de Ci\u00eancias Sociais da Universidade de Lisboa, esta plataforma \u00e9 constitu\u00edda por investigadores de v\u00e1rias escolas nacionais e internacionais, e de v\u00e1rias \u00e1reas disciplinares: Ci\u00eancias Sociais e Humanidades (Sociologia, Antropologia, Hist\u00f3ria, Filosofia, Direito, Psicologia Social, Psicologia, etc.), Veterin\u00e1ria, Biologia, entre outras. <br><br>O HAS Hub@ICS-ULisboa promove a sua miss\u00e3o em tr\u00eas eixos: investiga\u00e7\u00e3o cient\u00edfica; forma\u00e7\u00e3o; e publica\u00e7\u00e3o, divulga\u00e7\u00e3o e extens\u00e3o de conhecimento \u00e0 sociedade. Tem parcerias com diversos atores da sociedade civil, incluindo associa\u00e7\u00f5es de prote\u00e7\u00e3o e conserva\u00e7\u00e3o da vida animal.<\/p>\n<!-- \/wp:paragraph -->\t\t\t\t\t\t<\/div>\n\t\t\t\t<\/div>\n\t\t\t\t\t<\/div>\n\t\t<\/div>\n\t\t\t\t\t<\/div>\n\t\t<\/section>\n\t\t\t\t<\/div>\n\t\t","protected":false},"excerpt":{"rendered":"<p>MISS\u00c3O O Human-Animal Studies Hub@ICS-ULisboa (HAS Hub@ICS-ULisboa) \u00e9 uma plataforma cient\u00edfica horizontal, flex\u00edvel e interdisciplinar de pensamento livre e cr\u00edtico sobre as rela\u00e7\u00f5es entre animais humanos e n\u00e3o-humanos, e suas implica\u00e7\u00f5es societais e \u00e9ticas. Tem como miss\u00e3o inovar nas formas de pensar a rela\u00e7\u00e3o entre o humano e o n\u00e3o-humano a partir do di\u00e1logo interdisciplinar, [&hellip;]<\/p>\n","protected":false},"author":1,"featured_media":0,"parent":0,"menu_order":0,"comment_status":"closed","ping_status":"closed","template":"","meta":{"_links_to":"","_links_to_target":""},"_links":{"self":[{"href":"https:\/\/humananimalstudies.net\/pt\/wp-json\/wp\/v2\/pages\/749"}],"collection":[{"href":"https:\/\/humananimalstudies.net\/pt\/wp-json\/wp\/v2\/pages"}],"about":[{"href":"https:\/\/humananimalstudies.net\/pt\/wp-json\/wp\/v2\/types\/page"}],"author":[{"embeddable":true,"href":"https:\/\/humananimalstudies.net\/pt\/wp-json\/wp\/v2\/users\/1"}],"replies":[{"embeddable":true,"href":"https:\/\/humananimalstudies.net\/pt\/wp-json\/wp\/v2\/comments?post=749"}],"version-history":[{"count":14,"href":"https:\/\/humananimalstudies.net\/pt\/wp-json\/wp\/v2\/pages\/749\/revisions"}],"predecessor-version":[{"id":3650,"href":"https:\/\/humananimalstudies.net\/pt\/wp-json\/wp\/v2\/pages\/749\/revisions\/3650"}],"wp:attachment":[{"href":"https:\/\/humananimalstudies.net\/pt\/wp-json\/wp\/v2\/media?parent=749"}],"curies":[{"name":"wp","href":"https:\/\/api.w.org\/{rel}","templated":true}]}}